{"id":2076,"date":"2020-04-17T08:13:08","date_gmt":"2020-04-17T07:13:08","guid":{"rendered":"https:\/\/denisbarrett.com\/?page_id=2076"},"modified":"2021-01-04T10:50:34","modified_gmt":"2021-01-04T10:50:34","slug":"rural-professional-other-services","status":"publish","type":"page","link":"https:\/\/denisbarrett.com\/fr\/rural-professional-other-services\/","title":{"rendered":"Autres services RP"},"content":{"rendered":"<p>La gestion des terres est extr\u00eamement vari\u00e9e et nous croyons que parce que nous g\u00e9rons des terres dans cette r\u00e9gion depuis 2003, nous avons une bonne compr\u00e9hension de ce qui est n\u00e9cessaire pour aider nos clients. Notre \u00e9quipe de professionnels ruraux travaille avec des clients allant des propri\u00e9taires fonciers priv\u00e9s aux agriculteurs traditionnels. Nous traitons \u00e9galement r\u00e9guli\u00e8rement des probl\u00e8mes de propri\u00e9taires et de locataires pour les locations r\u00e9sidentielles et agricoles. Nous identifions les objectifs cl\u00e9s; maximiser le revenu annuel, les incidences fiscales et les flux de tr\u00e9sorerie.<\/p>\n\n\n\n<figure class=\"wp-block-image size-large\"><img loading=\"lazy\" decoding=\"async\" width=\"1024\" height=\"228\" src=\"https:\/\/denisbarrett.com\/wp-content\/uploads\/2020\/04\/agri-1-1024x228-1.jpg\" alt=\"\" class=\"wp-image-2083\" srcset=\"https:\/\/denisbarrett.com\/wp-content\/uploads\/2020\/04\/agri-1-1024x228-1.jpg 1024w, https:\/\/denisbarrett.com\/wp-content\/uploads\/2020\/04\/agri-1-1024x228-1-300x67.jpg 300w, https:\/\/denisbarrett.com\/wp-content\/uploads\/2020\/04\/agri-1-1024x228-1-768x171.jpg 768w\" sizes=\"(max-width: 1024px) 100vw, 1024px\" \/><\/figure>\n\n\n\n<p>Quel que soit l&#039;aspect de la gestion des terres pour lequel vous avez besoin d&#039;aide, l&#039;\u00e9quipe de professionnels ruraux de Denis A. Barrett est l\u00e0 pour vous aider \u00e0 rendre la gestion de votre propri\u00e9t\u00e9 plus facile et plus rentable.<\/p>\n\n\n\n<p>Nous offrons r\u00e9guli\u00e8rement nos conseils sp\u00e9cialis\u00e9s aux clients sur des questions telles que:<\/p>\n\n\n\n<ul class=\"wp-block-list\"><li>Renouvellements de location<\/li><li>Lettres fonci\u00e8res<\/li><li>Bon de commande obligatoire (CPO<\/li><li>Soumissions de plans de d\u00e9veloppement du comt\u00e9 pour le zonage des terres<\/li><li>Syndicats de propri\u00e9t\u00e9 pour acheter des terres, des fermes et des propri\u00e9t\u00e9s<\/li><li>Droits au paiement unique par exploitation<\/li><li>Agro-entreprises<\/li><li>Parcs \u00e9oliens<\/li><li>Avis de location, y compris les arbitrages<\/li><li>Gestion et administration immobili\u00e8re au jour le jour<\/li><li>Liaison avec les locataires et r\u00e8glement des diff\u00e9rends<\/li><li>Loyer et perception ou paiement des frais de service<\/li><li>Gestion des arri\u00e9r\u00e9s, pr\u00e9vision des flux de tr\u00e9sorerie et comptabilit\u00e9<\/li><li>Appel d&#039;offres et supervision des travaux d&#039;entretien<\/li><\/ul>\n\n\n\n<p>Pourquoi nous?<\/p>\n\n\n\n<p>Denis A. Barrett Property Solutions &amp; Auction Marketing Group traite des probl\u00e8mes li\u00e9s \u00e0 la gestion des terres depuis plus de 20 ans et notre \u00e9quipe de professionnels ruraux poss\u00e8de des d\u00e9cennies d&#039;exp\u00e9rience dans la recherche de r\u00e9sultats favorables pour nos clients. Nous travaillons en \u00e9troite collaboration avec une gamme de professionnels, y compris des avocats et des comptables, ce qui signifie que quel que soit le soutien dont vous avez besoin, nous pouvons vous aider.<\/p>\n\n\n\n<p class=\"has-text-align-center has-background\" style=\"background-color:#d2b766\"><strong><a href=\"https:\/\/denisbarrett.com\/fr\/contact-us\/\">Demander une consultation<\/a><\/strong><\/p>\n\n\n\n<p>Denis A. Barrett Property Solutions &amp; Auction Marketing Group est d\u00e9di\u00e9 \u00e0 la communaut\u00e9 rurale. Gr\u00e2ce \u00e0 nos diff\u00e9rentes divisions, nous offrons une gamme compl\u00e8te de services pour servir notre large \u00e9ventail de clients.<\/p>\n\n\n\n<figure class=\"wp-block-image size-large\"><img loading=\"lazy\" decoding=\"async\" width=\"1024\" height=\"120\" src=\"https:\/\/denisbarrett.com\/wp-content\/uploads\/2020\/04\/DAB_GENERAL_LOGO-1-1024x120.png\" alt=\"\" class=\"wp-image-2062\" srcset=\"https:\/\/denisbarrett.com\/wp-content\/uploads\/2020\/04\/DAB_GENERAL_LOGO-1-1024x120.png 1024w, https:\/\/denisbarrett.com\/wp-content\/uploads\/2020\/04\/DAB_GENERAL_LOGO-1-300x35.png 300w, https:\/\/denisbarrett.com\/wp-content\/uploads\/2020\/04\/DAB_GENERAL_LOGO-1-768x90.png 768w, https:\/\/denisbarrett.com\/wp-content\/uploads\/2020\/04\/DAB_GENERAL_LOGO-1-1536x179.png 1536w, https:\/\/denisbarrett.com\/wp-content\/uploads\/2020\/04\/DAB_GENERAL_LOGO-1-2048x239.png 2048w\" sizes=\"(max-width: 1024px) 100vw, 1024px\" \/><\/figure>\n\n\n\n<p class=\"has-text-align-center\"><strong>Nous contacter:<\/strong><\/p>\n\n\n\n<p class=\"has-text-align-center\">Appel: +353 (0) 86410 9848<\/p>\n\n\n\n<p class=\"has-text-align-center\">Email:&nbsp;<a href=\"mailto:info@denisbarrett.com\">info@denisbarrett.com<\/a><\/p>\n\n\n\n<p class=\"has-text-align-center\">Vous pouvez \u00e9galement rester en contact via&nbsp;<a rel=\"noreferrer noopener\" href=\"https:\/\/ie.linkedin.com\/in\/denis-barrett-05675213\" target=\"_blank\">LinkedIn<\/a>,&nbsp;<a rel=\"noreferrer noopener\" href=\"https:\/\/www.facebook.com\/denis.barrett\" target=\"_blank\">Facebook<\/a>&nbsp;et&nbsp;<a rel=\"noreferrer noopener\" href=\"https:\/\/twitter.com\/DenisABarrett\" target=\"_blank\">Twitter.<\/a><\/p>","protected":false},"excerpt":{"rendered":"<p>Land management is extremely varied and we believe that because we have been managing land in this region since 2003 we have a good understanding of what is needed to help our clients. Our Rural Professional team work with clients ranging from private landowners and farmers to traditional. We also regularly deal with landlord and [&hellip;]<\/p>\n","protected":false},"author":1,"featured_media":2100,"parent":0,"menu_order":0,"comment_status":"closed","ping_status":"closed","template":"","meta":{"_et_pb_use_builder":"off","_et_pb_old_content":"<!-- wp:paragraph -->\n<p>Land management is extremely varied and we believe that because we have been managing land in this region since 2003 we have a good understanding of what is needed to help our clients. Our Rural Professional team work with clients ranging from private landowners and farmers to traditional. We also regularly deal with landlord and tenant issues for both residential and agricultural tenancies. We identify key objectives; maximising annual income, tax implications and cash flow.<\/p>\n<!-- \/wp:paragraph -->\n\n<!-- wp:image {\"id\":2083,\"sizeSlug\":\"large\"} -->\n<figure class=\"wp-block-image size-large\"><img src=\"https:\/\/denisbarrett.com\/wp-content\/uploads\/2020\/04\/agri-1-1024x228-1.jpg\" alt=\"\" class=\"wp-image-2083\"\/><\/figure>\n<!-- \/wp:image -->\n\n<!-- wp:paragraph -->\n<p>Whatever aspect of land management you require assistance with, Denis A. Barrett Rural Professional team are on hand to help make managing your property easier and more profitable.<\/p>\n<!-- \/wp:paragraph -->\n\n<!-- wp:paragraph -->\n<p>We regularly offer our specialist advice to clients on issues such as:<\/p>\n<!-- \/wp:paragraph -->\n\n<!-- wp:list -->\n<ul><li>Tenancy renewals<\/li><li>Land Lettings<\/li><li>Compulsory Purchase Order (CPO<\/li><li>County Development Plan Submissions for Land Zoning<\/li><li>Property Syndicates to purchase land, farms and property<\/li><li>Single Farm Payment Entitlements<\/li><li>Agri-Businesses<\/li><li>Wind Farms<\/li><li>Rent reviews including Arbitrations<\/li><li>Management and day-to-day property administration<\/li><li>Tenant liaison and dispute resolution<\/li><li>Rent and service charge collection or payment<\/li><li>Arrears management, cash flow forecasting and accounting<\/li><li>Tender and supervision of maintenance works<\/li><\/ul>\n<!-- \/wp:list -->\n\n<!-- wp:paragraph -->\n<p>Why Us?<\/p>\n<!-- \/wp:paragraph -->\n\n<!-- wp:paragraph -->\n<p>Denis A. Barrett Property Solutions &amp; Auction Marketing Group has been dealing with issues surrounding land management for over 20 years and our Rural Professional team has decades of experience in finding favourable outcomes for our clients. We work closely with a range of professionals including solicitors and accountants meaning whatever support you need, we can help.<\/p>\n<!-- \/wp:paragraph -->\n\n<!-- wp:paragraph {\"align\":\"center\",\"style\":{\"color\":{\"background\":\"#d2b766\"}}} -->\n<p class=\"has-text-align-center has-background\" style=\"background-color:#d2b766\"><strong><a href=\"https:\/\/denisbarrett.com\/contact-us\/\">Request a Consultation<\/a><\/strong><\/p>\n<!-- \/wp:paragraph -->\n\n<!-- wp:paragraph -->\n<p>Denis A. Barrett Property Solutions &amp; Auction Marketing Group is dedicated to the Rural Community. We through our different&nbsp;divisions&nbsp;offer a full spectrum of services to&nbsp;serve&nbsp;our wide array of clients.<\/p>\n<!-- \/wp:paragraph -->\n\n<!-- wp:image {\"id\":2062,\"sizeSlug\":\"large\"} -->\n<figure class=\"wp-block-image size-large\"><img src=\"https:\/\/denisbarrett.com\/wp-content\/uploads\/2020\/04\/DAB_GENERAL_LOGO-1-1024x120.png\" alt=\"\" class=\"wp-image-2062\"\/><\/figure>\n<!-- \/wp:image -->\n\n<!-- wp:paragraph {\"align\":\"center\"} -->\n<p class=\"has-text-align-center\"><strong>Contact Us:<\/strong><\/p>\n<!-- \/wp:paragraph -->\n\n<!-- wp:paragraph {\"align\":\"center\"} -->\n<p class=\"has-text-align-center\">Call:&nbsp;&nbsp;&nbsp; +353 (0) 86 410 9848<\/p>\n<!-- \/wp:paragraph -->\n\n<!-- wp:paragraph {\"align\":\"center\"} -->\n<p class=\"has-text-align-center\">Email:&nbsp;<a href=\"mailto:info@denisbarrett.com\">info@denisbarrett.com<\/a><\/p>\n<!-- \/wp:paragraph -->\n\n<!-- wp:paragraph {\"align\":\"center\"} -->\n<p class=\"has-text-align-center\">You can also stay in touch via&nbsp;<a rel=\"noreferrer noopener\" href=\"https:\/\/ie.linkedin.com\/in\/denis-barrett-05675213\" target=\"_blank\">LinkedIn<\/a>,&nbsp;<a rel=\"noreferrer noopener\" href=\"https:\/\/www.facebook.com\/denis.barrett\" target=\"_blank\">Facebook<\/a>&nbsp;and&nbsp;<a rel=\"noreferrer noopener\" href=\"https:\/\/twitter.com\/DenisABarrett\" target=\"_blank\">Twitter.<\/a><\/p>\n<!-- \/wp:paragraph -->","_et_gb_content_width":"1080","footnotes":""},"class_list":["post-2076","page","type-page","status-publish","has-post-thumbnail","hentry"],"brizy_media":[],"_links":{"self":[{"href":"https:\/\/denisbarrett.com\/fr\/wp-json\/wp\/v2\/pages\/2076","targetHints":{"allow":["GET"]}}],"collection":[{"href":"https:\/\/denisbarrett.com\/fr\/wp-json\/wp\/v2\/pages"}],"about":[{"href":"https:\/\/denisbarrett.com\/fr\/wp-json\/wp\/v2\/types\/page"}],"author":[{"embeddable":true,"href":"https:\/\/denisbarrett.com\/fr\/wp-json\/wp\/v2\/users\/1"}],"replies":[{"embeddable":true,"href":"https:\/\/denisbarrett.com\/fr\/wp-json\/wp\/v2\/comments?post=2076"}],"version-history":[{"count":8,"href":"https:\/\/denisbarrett.com\/fr\/wp-json\/wp\/v2\/pages\/2076\/revisions"}],"predecessor-version":[{"id":3688,"href":"https:\/\/denisbarrett.com\/fr\/wp-json\/wp\/v2\/pages\/2076\/revisions\/3688"}],"wp:featuredmedia":[{"embeddable":true,"href":"https:\/\/denisbarrett.com\/fr\/wp-json\/wp\/v2\/media\/2100"}],"wp:attachment":[{"href":"https:\/\/denisbarrett.com\/fr\/wp-json\/wp\/v2\/media?parent=2076"}],"curies":[{"name":"wp","href":"https:\/\/api.w.org\/{rel}","templated":true}]}}