{"id":2073,"date":"2020-04-17T08:09:34","date_gmt":"2020-04-17T07:09:34","guid":{"rendered":"https:\/\/denisbarrett.com\/?page_id=2073"},"modified":"2020-12-19T20:09:30","modified_gmt":"2020-12-19T20:09:30","slug":"rural-professional-services-valautions","status":"publish","type":"page","link":"https:\/\/denisbarrett.com\/fr\/rural-professional-services-valautions\/","title":{"rendered":"\u00c9valuations"},"content":{"rendered":"<p>Denis A. Barrett Rural Professional est une \u00e9quipe d&#039;experts agr\u00e9\u00e9s IPAV avec une couverture d&#039;assurance professionnelle valide. Nous fournissons des conseils en \u00e9valuation et en \u00e9valuation \u00e0 un large \u00e9ventail de clients en Irlande, en Europe et au Royaume-Uni, notamment des particuliers, des \u00e9tablissements de cr\u00e9dit, des sp\u00e9cialistes du redressement et de la restructuration d&#039;entreprises, des PME, des soci\u00e9t\u00e9s multinationales et des cabinets d&#039;avocats internationaux.<\/p>\n\n\n\n<figure class=\"wp-block-image size-large\"><img loading=\"lazy\" decoding=\"async\" width=\"800\" height=\"550\" src=\"https:\/\/denisbarrett.com\/wp-content\/uploads\/2020\/04\/IMG_3862.jpg\" alt=\"\" class=\"wp-image-2228\" srcset=\"https:\/\/denisbarrett.com\/wp-content\/uploads\/2020\/04\/IMG_3862.jpg 800w, https:\/\/denisbarrett.com\/wp-content\/uploads\/2020\/04\/IMG_3862-300x206.jpg 300w, https:\/\/denisbarrett.com\/wp-content\/uploads\/2020\/04\/IMG_3862-768x528.jpg 768w\" sizes=\"(max-width: 800px) 100vw, 800px\" \/><\/figure>\n\n\n\n<p>Notre \u00e9quipe exp\u00e9riment\u00e9e d&#039;\u00e9valuateurs enregistr\u00e9s op\u00e8re conform\u00e9ment aux normes d&#039;\u00e9valuation IPAV (Livre bleu), aux normes internationales d&#039;information financi\u00e8re (IFRS), ainsi qu&#039;aux nombreuses d\u00e9cennies d&#039;exp\u00e9rience de notre \u00e9quipe de professionnels ruraux, nos \u00e9valuations sont soutenues par les derniers logiciels d&#039;\u00e9valuation et d&#039;\u00e9valuation. Nous effectuons des \u00e9valuations formelles pour;<\/p>\n\n\n\n<p>Nous fournissons des \u00e9valuations \u00e0 diverses fins, notamment:<\/p>\n\n\n\n<ul class=\"wp-block-list\"><li>La vente et l&#039;achat<\/li><li>Transfert de terrain<\/li><li>Bon de commande obligatoire (CPO)<\/li><li>T\u00e9moin expert\/Contentieux\/Matrimonial<\/li><li>Imposition<\/li><li>Matrimonial<\/li><li>Assurance<\/li><li>Fusions et acquisitions<\/li><li>Pr\u00eats garantis<\/li><li>Privatisation\/d\u00e9nationalisation<\/li><li>Droits et taxes d&#039;importation \/ exportation<\/li><li>Transfert intersoci\u00e9t\u00e9s<\/li><li>Vente et cession-bail<\/li><li>Reprise d&#039;entreprise \/ insolvabilit\u00e9<\/li><\/ul>\n\n\n\n<p class=\"has-text-align-center has-background\" style=\"background-color:#d2b766\"><strong>Demander une \u00e9valuation aujourd&#039;hui <\/strong><\/p>\n\n\n\n<p>Denis A. Barrett Property Solutions &amp; Auction Marketing Group est d\u00e9di\u00e9 \u00e0 la communaut\u00e9 rurale. Gr\u00e2ce \u00e0 nos diff\u00e9rentes divisions, nous offrons une gamme compl\u00e8te de services pour servir notre large \u00e9ventail de clients.<\/p>\n\n\n\n<div class=\"wp-block-image\"><figure class=\"aligncenter size-large\"><img decoding=\"async\" src=\"https:\/\/denisbarrett.com\/wp-content\/uploads\/2020\/04\/Small-DAB_GENERAL_LOGO-copy.png\" alt=\"\" class=\"wp-image-2107\"\/><\/figure><\/div>\n\n\n\n<p class=\"has-text-align-center\"><strong>Nous contacter:<\/strong><\/p>\n\n\n\n<p class=\"has-text-align-center\">Appel: +353 (0) 86410 9848<\/p>\n\n\n\n<p class=\"has-text-align-center\">Email:&nbsp;<a href=\"mailto:info@denisbarrett.com\">info@denisbarrett.com<\/a><\/p>\n\n\n\n<p class=\"has-text-align-center\">Vous pouvez \u00e9galement rester en contact via&nbsp;<a rel=\"noreferrer noopener\" href=\"https:\/\/ie.linkedin.com\/in\/denis-barrett-05675213\" target=\"_blank\">LinkedIn<\/a>,&nbsp;<a rel=\"noreferrer noopener\" href=\"https:\/\/www.facebook.com\/denis.barrett\" target=\"_blank\">Facebook<\/a>&nbsp;et&nbsp;<a rel=\"noreferrer noopener\" href=\"https:\/\/twitter.com\/DenisABarrett\" target=\"_blank\">Twitter.<\/a><\/p>","protected":false},"excerpt":{"rendered":"<p>Denis A. Barrett Rural Professional are a team of &nbsp;IPAV Registered Valuers with professional valid indemnity insurance cover. We provide valuation and appraisal advice to a wide range of clients across Ireland, Europe and the UK, to include private individuals, lending institutions, corporate recovery and restructuring specialists, SMEs, multi-national companies and International Law firms. Our [&hellip;]<\/p>\n","protected":false},"author":1,"featured_media":2084,"parent":0,"menu_order":0,"comment_status":"closed","ping_status":"closed","template":"","meta":{"_et_pb_use_builder":"","_et_pb_old_content":"","_et_gb_content_width":"1080","footnotes":""},"class_list":["post-2073","page","type-page","status-publish","has-post-thumbnail","hentry"],"brizy_media":[],"_links":{"self":[{"href":"https:\/\/denisbarrett.com\/fr\/wp-json\/wp\/v2\/pages\/2073","targetHints":{"allow":["GET"]}}],"collection":[{"href":"https:\/\/denisbarrett.com\/fr\/wp-json\/wp\/v2\/pages"}],"about":[{"href":"https:\/\/denisbarrett.com\/fr\/wp-json\/wp\/v2\/types\/page"}],"author":[{"embeddable":true,"href":"https:\/\/denisbarrett.com\/fr\/wp-json\/wp\/v2\/users\/1"}],"replies":[{"embeddable":true,"href":"https:\/\/denisbarrett.com\/fr\/wp-json\/wp\/v2\/comments?post=2073"}],"version-history":[{"count":5,"href":"https:\/\/denisbarrett.com\/fr\/wp-json\/wp\/v2\/pages\/2073\/revisions"}],"predecessor-version":[{"id":2956,"href":"https:\/\/denisbarrett.com\/fr\/wp-json\/wp\/v2\/pages\/2073\/revisions\/2956"}],"wp:featuredmedia":[{"embeddable":true,"href":"https:\/\/denisbarrett.com\/fr\/wp-json\/wp\/v2\/media\/2084"}],"wp:attachment":[{"href":"https:\/\/denisbarrett.com\/fr\/wp-json\/wp\/v2\/media?parent=2073"}],"curies":[{"name":"wp","href":"https:\/\/api.w.org\/{rel}","templated":true}]}}