{"id":2071,"date":"2020-04-17T08:07:29","date_gmt":"2020-04-17T07:07:29","guid":{"rendered":"https:\/\/denisbarrett.com\/?page_id=2071"},"modified":"2021-09-21T15:02:15","modified_gmt":"2021-09-21T14:02:15","slug":"rural-professional-services-sales","status":"publish","type":"page","link":"https:\/\/denisbarrett.com\/fr\/rural-professional-services-sales\/","title":{"rendered":"Ventes de terrains"},"content":{"rendered":"<p>L&#039;\u00e9quipe de Denis A. Barrett Rural Professional vend et ach\u00e8te avec succ\u00e8s tous types de domaines, fermes, terres et propri\u00e9t\u00e9s rurales depuis 2003.<\/p>\n\n\n\n<div class=\"wp-block-image\"><figure class=\"aligncenter size-large\"><img loading=\"lazy\" decoding=\"async\" width=\"500\" height=\"332\" src=\"https:\/\/denisbarrett.com\/wp-content\/uploads\/2020\/04\/EQUINE-.jpg\" alt=\"\" class=\"wp-image-2098\" srcset=\"https:\/\/denisbarrett.com\/wp-content\/uploads\/2020\/04\/EQUINE-.jpg 500w, https:\/\/denisbarrett.com\/wp-content\/uploads\/2020\/04\/EQUINE--300x199.jpg 300w\" sizes=\"(max-width: 500px) 100vw, 500px\" \/><\/figure><\/div>\n\n\n\n<p><\/p>\n\n\n\n<p>Notre \u00e9quipe d&#039;experts de professionnels de l&#039;immobilier vous propose des conseils personnalis\u00e9s sur les meilleures fa\u00e7ons de vendre votre propri\u00e9t\u00e9, quels que soient vos objectifs. Nous offrons une gamme d&#039;options, y compris la vente par trait\u00e9 priv\u00e9, aux ench\u00e8res ou par appel d&#039;offres, le tout soutenu par des \u00e9valuations professionnelles accr\u00e9dit\u00e9es.<\/p>\n\n\n\n<p>Nous assurons la liaison directe avec les avocats en votre nom tout au long du processus, ce qui rend le processus aussi simple que possible pour vous et vous assure une transaction sans heurts.<\/p>\n\n\n\n<div class=\"wp-block-columns is-layout-flex wp-container-core-columns-is-layout-9d6595d7 wp-block-columns-is-layout-flex\">\n<div class=\"wp-block-column is-layout-flow wp-block-column-is-layout-flow\">\n<p class=\"has-text-align-center has-background\" style=\"background-color:#d2b766\"><strong><a href=\"https:\/\/denisbarrett.com\/fr\/property-auctions\/\">Ventes aux ench\u00e8res immobili\u00e8res<\/a><\/strong><\/p>\n<\/div>\n\n\n\n<div class=\"wp-block-column is-layout-flow wp-block-column-is-layout-flow\">\n<p class=\"has-text-align-center has-background\" style=\"background-color:#d2b766\"><strong><a href=\"https:\/\/denisbarrett.com\/fr\/properties-for-sale-by-private-treaty\/\">Trait\u00e9 priv\u00e9<\/a><\/strong><\/p>\n<\/div>\n\n\n\n<div class=\"wp-block-column is-layout-flow wp-block-column-is-layout-flow\">\n<p class=\"has-text-align-center has-background\" style=\"background-color:#d2b766\"><strong>Propri\u00e9t\u00e9s<\/strong><\/p>\n<\/div>\n<\/div>\n\n\n\n<p><strong>Vendre et acheter une propri\u00e9t\u00e9 rurale<\/strong><\/p>\n\n\n\n<p>Avec plus de 20 ans d&#039;exp\u00e9rience dans l&#039;achat et la vente de propri\u00e9t\u00e9s rurales, Denis A. Barrett Auctions a une excellente feuille de route pour aider les propri\u00e9taires \u00e0 trouver les moyens les plus efficaces de commercialiser et de vendre leur propri\u00e9t\u00e9.<\/p>\n\n\n\n<p>Nous organisons r\u00e9guli\u00e8rement des ventes aux ench\u00e8res de propri\u00e9t\u00e9s collectives et avons une exp\u00e9rience r\u00e9ussie pour la vente aux ench\u00e8res. Gr\u00e2ce \u00e0 une liste de diffusion \u00e9tendue et \u00e0 l&#039;utilisation des meilleures m\u00e9thodes de marketing, nous nous assurons que les terres ou les propri\u00e9t\u00e9s de nos clients atteindront un large public d&#039;acheteurs potentiels appropri\u00e9s.<\/p>\n\n\n\n<p>Nos ann\u00e9es d&#039;exp\u00e9rience nous rendent tr\u00e8s aptes \u00e0 trouver des terrains et des propri\u00e9t\u00e9s, \u00e0 n\u00e9gocier un achat au nom de nos clients et \u00e0 agir dans leur meilleur int\u00e9r\u00eat.<\/p>\n\n\n\n<p><strong>Pourquoi Denis A. Barrett Auctions?<\/strong><\/p>\n\n\n\n<p>Nous avons une gamme de professionnels hautement exp\u00e9riment\u00e9s au sein de notre \u00e9quipe de professionnels ruraux. Notre connaissance sup\u00e9rieure des conditions du march\u00e9 local signifie que nous pouvons offrir les \u00e9valuations les plus pr\u00e9cises, s\u00e9lectionner les moyens les plus efficaces de commercialiser votre terrain ou votre propri\u00e9t\u00e9 et aider \u00e0 pr\u00e9senter vos actifs de la meilleure fa\u00e7on possible pour maximiser le prix de vente final.<\/p>\n\n\n\n<p>Denis A. Barrett Auction Group est d\u00e9di\u00e9 \u00e0 la communaut\u00e9 rurale. Gr\u00e2ce \u00e0 nos diff\u00e9rentes divisions, nous offrons une gamme compl\u00e8te de services pour servir notre large \u00e9ventail de clients.<\/p>\n\n\n\n<p class=\"has-text-align-center has-background\" style=\"background-color:#d2b766\"><a href=\"https:\/\/denisbarrett.com\/fr\/property-sales-2\/\"><strong>Rendez-vous dans notre service immobilier<\/strong><\/a><\/p>\n\n\n\n<p><\/p>\n\n\n\n<figure class=\"wp-block-image size-large\"><img loading=\"lazy\" decoding=\"async\" width=\"1024\" height=\"120\" src=\"https:\/\/denisbarrett.com\/wp-content\/uploads\/2020\/04\/DAB_GENERAL_LOGO-1-1024x120.png\" alt=\"\" class=\"wp-image-2062\" srcset=\"https:\/\/denisbarrett.com\/wp-content\/uploads\/2020\/04\/DAB_GENERAL_LOGO-1-1024x120.png 1024w, https:\/\/denisbarrett.com\/wp-content\/uploads\/2020\/04\/DAB_GENERAL_LOGO-1-300x35.png 300w, https:\/\/denisbarrett.com\/wp-content\/uploads\/2020\/04\/DAB_GENERAL_LOGO-1-768x90.png 768w, https:\/\/denisbarrett.com\/wp-content\/uploads\/2020\/04\/DAB_GENERAL_LOGO-1-1536x179.png 1536w, https:\/\/denisbarrett.com\/wp-content\/uploads\/2020\/04\/DAB_GENERAL_LOGO-1-2048x239.png 2048w\" sizes=\"(max-width: 1024px) 100vw, 1024px\" \/><\/figure>\n\n\n\n<p class=\"has-text-align-center\"><strong>Nous contacter:<\/strong><\/p>\n\n\n\n<p class=\"has-text-align-center\">Appel: +353 (0) 86410 9848<\/p>\n\n\n\n<p class=\"has-text-align-center\">Email:&nbsp;<a href=\"mailto:info@denisbarrett.com\">info@denisbarrett.com<\/a><\/p>\n\n\n\n<p class=\"has-text-align-center\">Vous pouvez \u00e9galement rester en contact via&nbsp;<a rel=\"noreferrer noopener\" href=\"https:\/\/ie.linkedin.com\/in\/denis-barrett-05675213\" target=\"_blank\">LinkedIn<\/a>,&nbsp;<a rel=\"noreferrer noopener\" href=\"https:\/\/www.facebook.com\/denis.barrett\" target=\"_blank\">Facebook<\/a>&nbsp;et&nbsp;<a rel=\"noreferrer noopener\" href=\"https:\/\/twitter.com\/DenisABarrett\" target=\"_blank\">Twitter.<\/a><\/p>","protected":false},"excerpt":{"rendered":"<p>The Denis A. Barrett Rural Professional team has been successfully selling and purchasing all types of estates, farms, land and rural properties since 2003. Our expert team of property professionals offer personalised advice on the best ways to sell your property, whatever your objectives. We offer a range of options, including sale by private treaty, [&hellip;]<\/p>\n","protected":false},"author":1,"featured_media":2083,"parent":0,"menu_order":0,"comment_status":"closed","ping_status":"closed","template":"","meta":{"_et_pb_use_builder":"off","_et_pb_old_content":"<!-- wp:paragraph -->\n<p>The Denis A. Barrett Rural Professional team has been successfully selling and purchasing all types of estates, farms, land and rural properties since 2003.<\/p>\n<!-- \/wp:paragraph -->\n\n<!-- wp:image {\"align\":\"center\",\"id\":2098,\"sizeSlug\":\"large\"} -->\n<div class=\"wp-block-image\"><figure class=\"aligncenter size-large\"><img src=\"https:\/\/denisbarrett.com\/wp-content\/uploads\/2020\/04\/EQUINE-.jpg\" alt=\"\" class=\"wp-image-2098\"\/><\/figure><\/div>\n<!-- \/wp:image -->\n\n<!-- wp:paragraph -->\n<p><\/p>\n<!-- \/wp:paragraph -->\n\n<!-- wp:paragraph -->\n<p>Our expert team of property professionals offer personalised advice on the best ways to sell your property, whatever your objectives. We offer a range of options, including sale by private treaty, auction or tender, all supported by accredited, professional valuations.<\/p>\n<!-- \/wp:paragraph -->\n\n<!-- wp:paragraph -->\n<p>We liaise directly with solicitors on your behalf all the way through to completion making the process as easy as possible for you and ensuring a smooth transaction.<\/p>\n<!-- \/wp:paragraph -->\n\n<!-- wp:columns -->\n<div class=\"wp-block-columns\"><!-- wp:column -->\n<div class=\"wp-block-column\"><!-- wp:paragraph {\"align\":\"center\",\"style\":{\"color\":{\"background\":\"#d2b766\"}}} -->\n<p class=\"has-text-align-center has-background\" style=\"background-color:#d2b766\"><strong><a href=\"https:\/\/denisbarrett.com\/property-auctions\/\">Property Auctions<\/a><\/strong><\/p>\n<!-- \/wp:paragraph --><\/div>\n<!-- \/wp:column -->\n\n<!-- wp:column -->\n<div class=\"wp-block-column\"><!-- wp:paragraph {\"align\":\"center\",\"style\":{\"color\":{\"background\":\"#d2b766\"}}} -->\n<p class=\"has-text-align-center has-background\" style=\"background-color:#d2b766\"><strong><a href=\"https:\/\/denisbarrett.com\/properties-for-sale-by-private-treaty\/\">Private Treaty<\/a><\/strong><\/p>\n<!-- \/wp:paragraph --><\/div>\n<!-- \/wp:column -->\n\n<!-- wp:column -->\n<div class=\"wp-block-column\"><!-- wp:paragraph {\"align\":\"center\",\"style\":{\"color\":{\"background\":\"#d2b766\"}}} -->\n<p class=\"has-text-align-center has-background\" style=\"background-color:#d2b766\"><strong><a href=\"https:\/\/denisbarrett.com\/properties-on-the-market\/\">Search Properties<\/a><\/strong><\/p>\n<!-- \/wp:paragraph --><\/div>\n<!-- \/wp:column --><\/div>\n<!-- \/wp:columns -->\n\n<!-- wp:paragraph -->\n<p><strong>Selling &amp; Buying Rural Property<\/strong><\/p>\n<!-- \/wp:paragraph -->\n\n<!-- wp:paragraph -->\n<p>With over 20 years\u2019 experience buying and selling rural property, Denis A. Barrett Auctions has an excellent track record in helping property owners find the most effective ways to market and sell their property.<\/p>\n<!-- \/wp:paragraph -->\n\n<!-- wp:paragraph -->\n<p>We regularly hold collective property auctions and have a successful track record for sale by auction. With an extensive mailing list and use of the very best marketing methods, we ensure our clients\u2019 land or property will reach a wide audience of appropriate potential buyers.<\/p>\n<!-- \/wp:paragraph -->\n\n<!-- wp:paragraph -->\n<p>Our years of experience make us highly adept at finding land and properties and negotiating a purchase on behalf of our clients and acting in their best interests.<\/p>\n<!-- \/wp:paragraph -->\n\n<!-- wp:paragraph -->\n<p><strong>Why Denis A. Barrett Auctions?<\/strong><\/p>\n<!-- \/wp:paragraph -->\n\n<!-- wp:paragraph -->\n<p>We have a range of highly experienced professionals within our Rural Professional team. Our superior knowledge of local market conditions means we can offer the most accurate valuations, select the most effective ways to market your land or property and help present your assets in the best possible way to maximise the final sale price.<\/p>\n<!-- \/wp:paragraph -->\n\n<!-- wp:paragraph -->\n<p>Denis A. Barrett Auction Group is dedicated to the Rural Community. We through our different&nbsp;divisions&nbsp;offer a full spectrum of services to&nbsp;serve&nbsp;our wide array of clients.<\/p>\n<!-- \/wp:paragraph -->\n\n<!-- wp:paragraph {\"align\":\"center\",\"style\":{\"color\":{\"background\":\"#d2b766\"}}} -->\n<p class=\"has-text-align-center has-background\" style=\"background-color:#d2b766\"><a href=\"https:\/\/denisbarrett.com\/property-sales-2\/\"><strong>Go to our Property Department<\/strong><\/a><\/p>\n<!-- \/wp:paragraph -->\n\n<!-- wp:paragraph -->\n<p><\/p>\n<!-- \/wp:paragraph -->\n\n<!-- wp:image {\"id\":2062,\"sizeSlug\":\"large\"} -->\n<figure class=\"wp-block-image size-large\"><img src=\"https:\/\/denisbarrett.com\/wp-content\/uploads\/2020\/04\/DAB_GENERAL_LOGO-1-1024x120.png\" alt=\"\" class=\"wp-image-2062\"\/><\/figure>\n<!-- \/wp:image -->\n\n<!-- wp:paragraph {\"align\":\"center\"} -->\n<p class=\"has-text-align-center\"><strong>Contact Us:<\/strong><\/p>\n<!-- \/wp:paragraph -->\n\n<!-- wp:paragraph {\"align\":\"center\"} -->\n<p class=\"has-text-align-center\">Call:&nbsp;&nbsp;&nbsp; +353 (0) 86 410 9848<\/p>\n<!-- \/wp:paragraph -->\n\n<!-- wp:paragraph {\"align\":\"center\"} -->\n<p class=\"has-text-align-center\">Email:&nbsp;<a href=\"mailto:info@denisbarrett.com\">info@denisbarrett.com<\/a><\/p>\n<!-- \/wp:paragraph -->\n\n<!-- wp:paragraph {\"align\":\"center\"} -->\n<p class=\"has-text-align-center\">You can also stay in touch via&nbsp;<a rel=\"noreferrer noopener\" href=\"https:\/\/ie.linkedin.com\/in\/denis-barrett-05675213\" target=\"_blank\">LinkedIn<\/a>,&nbsp;<a rel=\"noreferrer noopener\" href=\"https:\/\/www.facebook.com\/denis.barrett\" target=\"_blank\">Facebook<\/a>&nbsp;and&nbsp;<a rel=\"noreferrer noopener\" href=\"https:\/\/twitter.com\/DenisABarrett\" target=\"_blank\">Twitter.<\/a><\/p>\n<!-- \/wp:paragraph -->","_et_gb_content_width":"1080","footnotes":""},"class_list":["post-2071","page","type-page","status-publish","has-post-thumbnail","hentry"],"brizy_media":[],"_links":{"self":[{"href":"https:\/\/denisbarrett.com\/fr\/wp-json\/wp\/v2\/pages\/2071","targetHints":{"allow":["GET"]}}],"collection":[{"href":"https:\/\/denisbarrett.com\/fr\/wp-json\/wp\/v2\/pages"}],"about":[{"href":"https:\/\/denisbarrett.com\/fr\/wp-json\/wp\/v2\/types\/page"}],"author":[{"embeddable":true,"href":"https:\/\/denisbarrett.com\/fr\/wp-json\/wp\/v2\/users\/1"}],"replies":[{"embeddable":true,"href":"https:\/\/denisbarrett.com\/fr\/wp-json\/wp\/v2\/comments?post=2071"}],"version-history":[{"count":10,"href":"https:\/\/denisbarrett.com\/fr\/wp-json\/wp\/v2\/pages\/2071\/revisions"}],"predecessor-version":[{"id":4609,"href":"https:\/\/denisbarrett.com\/fr\/wp-json\/wp\/v2\/pages\/2071\/revisions\/4609"}],"wp:featuredmedia":[{"embeddable":true,"href":"https:\/\/denisbarrett.com\/fr\/wp-json\/wp\/v2\/media\/2083"}],"wp:attachment":[{"href":"https:\/\/denisbarrett.com\/fr\/wp-json\/wp\/v2\/media?parent=2071"}],"curies":[{"name":"wp","href":"https:\/\/api.w.org\/{rel}","templated":true}]}}