{"id":2035,"date":"2020-04-18T12:05:37","date_gmt":"2020-04-18T11:05:37","guid":{"rendered":"https:\/\/denisbarrett.com\/?page_id=2035"},"modified":"2021-01-04T10:56:00","modified_gmt":"2021-01-04T10:56:00","slug":"special-sales-surplus-stock-auctions","status":"publish","type":"page","link":"https:\/\/denisbarrett.com\/fr\/special-sales-surplus-stock-auctions\/","title":{"rendered":"Stock sp\u00e9cial \/ exc\u00e9dentaire"},"content":{"rendered":"<p>Denis A. Barrett Auctions est un commissaire-priseur sp\u00e9cialis\u00e9 avec une riche histoire dans la conduite d&#039;ench\u00e8res. Pendant pr\u00e8s de deux d\u00e9cennies, nous avons travaill\u00e9 avec les gens du monde entier pour les aider \u00e0 obtenir le meilleur prix pour tout, de leur b\u00e9tail \u00e0 leur maison.<\/p>\n\n\n\n<div class=\"wp-block-image\"><figure class=\"aligncenter size-large\"><img loading=\"lazy\" decoding=\"async\" width=\"230\" height=\"174\" src=\"https:\/\/denisbarrett.com\/wp-content\/uploads\/2020\/04\/Dabbid.jpg\" alt=\"\" class=\"wp-image-1703\"\/><\/figure><\/div>\n\n\n\n<p>Denis Barrett, le fondateur de la soci\u00e9t\u00e9, est reconnu dans le monde entier et est engag\u00e9 pour mener des ench\u00e8res publiques, avec Euro Auctions, \u00e0 travers l&#039;Europe et le Moyen-Orient, \u00e9galement avec UAI Auctioneers Inc. \u00e0 Subic Bay aux Philippines et est le commissaire-priseur principal pour KCA Auctions au Kowe\u00eft . Denis est un encanteur principal prim\u00e9, constamment appel\u00e9 \u00abma\u00eetre encanteur dynamique\u00bb.&nbsp;<\/p>\n\n\n\n<div class=\"wp-block-image\"><figure class=\"aligncenter size-large\"><img loading=\"lazy\" decoding=\"async\" width=\"302\" height=\"202\" src=\"https:\/\/denisbarrett.com\/wp-content\/uploads\/2020\/04\/Sur-Picture1.jpg\" alt=\"\" class=\"wp-image-2047\" srcset=\"https:\/\/denisbarrett.com\/wp-content\/uploads\/2020\/04\/Sur-Picture1.jpg 302w, https:\/\/denisbarrett.com\/wp-content\/uploads\/2020\/04\/Sur-Picture1-300x201.jpg 300w\" sizes=\"(max-width: 302px) 100vw, 302px\" \/><\/figure><\/div>\n\n\n\n<p>En raison de notre r\u00e9seau mondial et de notre r\u00e9putation, nous sommes devenus l&#039;\u00e9quipe de r\u00e9f\u00e9rence en tant que services d&#039;entreprise fournis pour aider les entreprises \u00e0 cr\u00e9er des liquidit\u00e9s \u00e0 partir d&#039;actifs exc\u00e9dentaires. A travers ce d\u00e9partement, nous r\u00e9alisons chaque ann\u00e9e une grande vari\u00e9t\u00e9 de stocks exc\u00e9dentaires et d&#039;ench\u00e8res collectives d&#039;actifs sp\u00e9cialis\u00e9s.<\/p>\n\n\n\n<p>Si vous avez besoin d&#039;aide pour comprendre la valeur d&#039;un actif, nous disposons d&#039;un r\u00e9seau mondial de partenaires pour vous aider \u00e0 \u00e9valuer n&#039;importe quelle classe d&#039;actifs. <\/p>\n\n\n\n<p class=\"has-text-align-center has-background\" style=\"background-color:#d2b766\"><strong><a href=\"https:\/\/denisbarrett.com\/fr\/strategic-restructuring\/\">Pour en savoir plus, rendez-vous sur notre Division des services corporatifs<\/a><\/strong>:<\/p>\n\n\n\n<p>Denis A. Barrett Auction Group est d\u00e9di\u00e9 au service \u00e0 la client\u00e8le et \u00e0 la satisfaction du client. Gr\u00e2ce \u00e0 nos diff\u00e9rentes divisions, nous offrons une gamme compl\u00e8te de services pour servir notre large \u00e9ventail de clients.<\/p>\n\n\n\n<figure class=\"wp-block-image size-large\"><img decoding=\"async\" src=\"https:\/\/denisbarrett.com\/wp-content\/uploads\/2020\/04\/Small-DAB_GENERAL_LOGO-copy.png\" alt=\"\" class=\"wp-image-2107\"\/><\/figure>\n\n\n\n<p class=\"has-text-align-center\"><strong>Nous contacter:<\/strong><\/p>\n\n\n\n<p class=\"has-text-align-center\">Appel: +353 (0) 86410 9848<\/p>\n\n\n\n<p class=\"has-text-align-center\">Email:&nbsp;<a href=\"mailto:info@denisbarrett.com\">info@denisbarrett.com<\/a><\/p>\n\n\n\n<p class=\"has-text-align-center\">Vous pouvez \u00e9galement rester en contact via&nbsp;<a rel=\"noreferrer noopener\" href=\"https:\/\/ie.linkedin.com\/in\/denis-barrett-05675213\" target=\"_blank\">LinkedIn<\/a>,&nbsp;<a rel=\"noreferrer noopener\" href=\"https:\/\/www.facebook.com\/denis.barrett\" target=\"_blank\">Facebook<\/a>&nbsp;et&nbsp;<a rel=\"noreferrer noopener\" href=\"https:\/\/twitter.com\/DenisABarrett\" target=\"_blank\">Twitter.<\/a><\/p>","protected":false},"excerpt":{"rendered":"<p>Denis A. Barrett Auctions are specialist auctioneers with a rich history of conducting auctions. Over almost two decades we have worked with the people all over the world to help them realize the best price for everything from their livestock to their home. Denis Barrett the company\u2019s founder is recognized as around the world and [&hellip;]<\/p>\n","protected":false},"author":1,"featured_media":2047,"parent":0,"menu_order":0,"comment_status":"closed","ping_status":"closed","template":"","meta":{"_et_pb_use_builder":"","_et_pb_old_content":"","_et_gb_content_width":"1080","footnotes":""},"class_list":["post-2035","page","type-page","status-publish","has-post-thumbnail","hentry"],"brizy_media":[],"_links":{"self":[{"href":"https:\/\/denisbarrett.com\/fr\/wp-json\/wp\/v2\/pages\/2035","targetHints":{"allow":["GET"]}}],"collection":[{"href":"https:\/\/denisbarrett.com\/fr\/wp-json\/wp\/v2\/pages"}],"about":[{"href":"https:\/\/denisbarrett.com\/fr\/wp-json\/wp\/v2\/types\/page"}],"author":[{"embeddable":true,"href":"https:\/\/denisbarrett.com\/fr\/wp-json\/wp\/v2\/users\/1"}],"replies":[{"embeddable":true,"href":"https:\/\/denisbarrett.com\/fr\/wp-json\/wp\/v2\/comments?post=2035"}],"version-history":[{"count":5,"href":"https:\/\/denisbarrett.com\/fr\/wp-json\/wp\/v2\/pages\/2035\/revisions"}],"predecessor-version":[{"id":3695,"href":"https:\/\/denisbarrett.com\/fr\/wp-json\/wp\/v2\/pages\/2035\/revisions\/3695"}],"wp:featuredmedia":[{"embeddable":true,"href":"https:\/\/denisbarrett.com\/fr\/wp-json\/wp\/v2\/media\/2047"}],"wp:attachment":[{"href":"https:\/\/denisbarrett.com\/fr\/wp-json\/wp\/v2\/media?parent=2035"}],"curies":[{"name":"wp","href":"https:\/\/api.w.org\/{rel}","templated":true}]}}