{"id":2026,"date":"2020-04-16T21:37:12","date_gmt":"2020-04-16T20:37:12","guid":{"rendered":"https:\/\/denisbarrett.com\/?page_id=2026"},"modified":"2021-01-04T10:54:48","modified_gmt":"2021-01-04T10:54:48","slug":"about-our-auction-department","status":"publish","type":"page","link":"https:\/\/denisbarrett.com\/fr\/about-our-auction-department\/","title":{"rendered":"\u00c0 propos des ench\u00e8res DAB"},"content":{"rendered":"<p>La vente aux ench\u00e8res est au c\u0153ur m\u00eame de Denis A. Barrett Auctions. L&#039;entreprise a une passion in\u00e9branlable pour la m\u00e9thode de marketing des ench\u00e8res publiques. Notre \u00e9quipe g\u00e8re une grande vari\u00e9t\u00e9 d&#039;ench\u00e8res dans tous les secteurs de notre entreprise. Cela comprend les ventes aux ench\u00e8res de b\u00e9tail, les ventes collectives de machines, les ventes de dispersion sur place, les ventes aux ench\u00e8res de stocks exc\u00e9dentaires et les ventes aux ench\u00e8res collectives de biens et de terres, tant au niveau national qu&#039;international.&nbsp;<\/p>\n\n\n\n<figure class=\"wp-block-image size-full is-resized\"><img loading=\"lazy\" decoding=\"async\" src=\"https:\/\/denisbarrett.com\/wp-content\/uploads\/2020\/04\/auctions.jpg\" alt=\"\" class=\"wp-image-2028\" width=\"676\" height=\"475\"\/><\/figure>\n\n\n\n<p>L&#039;entreprise est convaincue que les ench\u00e8res publiques sont la m\u00e9thode de marketing par excellence pour d\u00e9terminer la v\u00e9ritable valeur marchande d&#039;un actif \u00e0 un jour donn\u00e9 lorsqu&#039;elle est align\u00e9e sur des strat\u00e9gies de marketing soigneusement planifi\u00e9es.<\/p>\n\n\n\n<div class=\"wp-block-group\"><div class=\"wp-block-group__inner-container is-layout-flow wp-block-group-is-layout-flow\">\n<div class=\"wp-block-columns is-layout-flex wp-container-core-columns-is-layout-9d6595d7 wp-block-columns-is-layout-flex\">\n<div class=\"wp-block-column is-layout-flow wp-block-column-is-layout-flow\">\n<div class=\"wp-block-image\"><figure class=\"aligncenter size-large is-resized\"><img loading=\"lazy\" decoding=\"async\" src=\"https:\/\/denisbarrett.com\/wp-content\/uploads\/2020\/04\/auction-calendar.jpg\" alt=\"\" class=\"wp-image-2029\" width=\"375\" height=\"225\" srcset=\"https:\/\/denisbarrett.com\/wp-content\/uploads\/2020\/04\/auction-calendar.jpg 375w, https:\/\/denisbarrett.com\/wp-content\/uploads\/2020\/04\/auction-calendar-300x180.jpg 300w\" sizes=\"(max-width: 375px) 100vw, 375px\" \/><\/figure><\/div>\n\n\n\n<p class=\"has-text-align-center\"><strong>Calendrier des ench\u00e8res<\/strong> <\/p>\n<\/div>\n\n\n\n<div class=\"wp-block-column is-layout-flow wp-block-column-is-layout-flow\">\n<div class=\"wp-block-image\"><figure class=\"aligncenter size-large is-resized\"><img loading=\"lazy\" decoding=\"async\" src=\"https:\/\/denisbarrett.com\/wp-content\/uploads\/2020\/04\/Val-1-images.jpeg\" alt=\"\" class=\"wp-image-2030\" width=\"375\" height=\"225\"\/><\/figure><\/div>\n\n\n\n<p class=\"has-text-align-center\"><strong>Demander une \u00e9valuation<\/strong><\/p>\n<\/div>\n<\/div>\n<\/div><\/div>\n\n\n\n<p>Nous organisons r\u00e9guli\u00e8rement les types d&#039;ench\u00e8res suivants :<\/p>\n\n\n\n<p><a href=\"https:\/\/denisbarrett.com\/fr\/divisions\/dab-agri-com\/\">B\u00e9tail<\/a><\/p>\n\n\n\n<p><a href=\"https:\/\/denisbarrett.com\/fr\/machinery-auctions\/\">Machinerie<\/a><\/p>\n\n\n\n<p><a href=\"https:\/\/denisbarrett.com\/fr\/strategic-restructuring\/\">Stock exc\u00e9dentaire<\/a><\/p>\n\n\n\n<p><a href=\"https:\/\/denisbarrett.com\/fr\/property-auctions\/\">Terrain, Propri\u00e9t\u00e9 commerciale et r\u00e9sidentielle<\/a><\/p>\n\n\n\n<p>Dans chacun de ces types d&#039;ench\u00e8res, il existe un certain nombre de sous-cat\u00e9gories diff\u00e9rentes, chacune faisant l&#039;objet d&#039;ench\u00e8res individuelles tout au long de l&#039;ann\u00e9e.<\/p>\n\n\n\n<figure class=\"wp-block-image size-large\"><img loading=\"lazy\" decoding=\"async\" width=\"1024\" height=\"681\" src=\"https:\/\/denisbarrett.com\/wp-content\/uploads\/2020\/04\/delicia-benefits-1024x681-1.jpg\" alt=\"Text Box: Picture 18\" class=\"wp-image-2041\" srcset=\"https:\/\/denisbarrett.com\/wp-content\/uploads\/2020\/04\/delicia-benefits-1024x681-1.jpg 1024w, https:\/\/denisbarrett.com\/wp-content\/uploads\/2020\/04\/delicia-benefits-1024x681-1-300x200.jpg 300w, https:\/\/denisbarrett.com\/wp-content\/uploads\/2020\/04\/delicia-benefits-1024x681-1-768x511.jpg 768w\" sizes=\"(max-width: 1024px) 100vw, 1024px\" \/><\/figure>\n\n\n\n<p>Notre \u00e9quipe d&#039;experts poss\u00e8de les connaissances et l&#039;exp\u00e9rience n\u00e9cessaires pour placer vos articles devant les acheteurs potentiels les plus appropri\u00e9s, vous aidant ainsi \u00e0 obtenir le meilleur prix de vente possible.<\/p>\n\n\n\n<p>L&#039;\u00e9quipe Denis A. Barrett Auctions est compos\u00e9e d&#039;experts de l&#039;industrie ayant une solide r\u00e9putation de professionnalisme. Chaque membre de notre \u00e9quipe a une v\u00e9ritable passion pour obtenir les meilleurs r\u00e9sultats pour nos clients. Notre \u00e9quipe est parfaitement positionn\u00e9e pour comprendre et r\u00e9pondre \u00e0 vos besoins sp\u00e9cifiques et vous offrir un service enti\u00e8rement sur mesure et personnalis\u00e9.<\/p>\n\n\n\n<p>Nous travaillons en \u00e9troite collaboration avec des sp\u00e9cialistes du marketing qui con\u00e7oivent nos strat\u00e9gies marketing et nos plans tactiques pour chaque vente aux ench\u00e8res, nous assurant ainsi de capturer et de cibler tous les clients concern\u00e9s.<\/p>\n\n\n\n<p>Nous disposons d&#039;un r\u00e9seau mondial de partenaires coupl\u00e9 \u00e0 une base de donn\u00e9es internationale d&#039;acheteurs pr\u00eats \u00e0 encaisser liquide pour tous les types de biens ou d&#039;actifs.<\/p>\n\n\n\n<div class=\"wp-block-group\"><div class=\"wp-block-group__inner-container is-layout-flow wp-block-group-is-layout-flow\">\n<div class=\"wp-block-group has-background\" style=\"background-color:#d2b766\"><div class=\"wp-block-group__inner-container is-layout-flow wp-block-group-is-layout-flow\">\n<p class=\"has-text-align-center has-very-dark-gray-color has-text-color\"><strong>Faire voyager Gavel <\/strong><\/p>\n\n\n\n<div class=\"wp-block-columns is-layout-flex wp-container-core-columns-is-layout-9d6595d7 wp-block-columns-is-layout-flex\">\n<div class=\"wp-block-column is-layout-flow wp-block-column-is-layout-flow\">\n<p class=\"has-text-align-left\">Denis est un ma\u00eetre-encanteur prim\u00e9, avec une vingtaine d&#039;ann\u00e9es d&#039;exp\u00e9rience dans la vente de tous types d&#039;actifs. Denis est de plus en plus connu comme le commissaire-priseur international `` incontournable &#039;&#039; dans le monde entier pour tous les types d&#039;ench\u00e8res, y compris les ench\u00e8res de prestations, les ench\u00e8res de voitures classiques, les ench\u00e8res d&#039;usines lourdes et de machines, les ench\u00e8res Elite Bloodstock &amp; Livestock, et a men\u00e9 des ench\u00e8res au Kowe\u00eft, \u00e0 Duba\u00ef. , Royaume-Uni, Allemagne, Espagne et Philippines.<\/p>\n<\/div>\n\n\n\n<div class=\"wp-block-column is-layout-flow wp-block-column-is-layout-flow\">\n<div class=\"wp-block-image\"><figure class=\"aligncenter size-medium\"><img loading=\"lazy\" decoding=\"async\" width=\"300\" height=\"300\" src=\"https:\/\/denisbarrett.com\/wp-content\/uploads\/2019\/11\/denis_barrett-300x300.png\" alt=\"\" class=\"wp-image-1313\" srcset=\"https:\/\/denisbarrett.com\/wp-content\/uploads\/2019\/11\/denis_barrett-300x300.png 300w, https:\/\/denisbarrett.com\/wp-content\/uploads\/2019\/11\/denis_barrett-150x150.png 150w, https:\/\/denisbarrett.com\/wp-content\/uploads\/2019\/11\/denis_barrett.png 600w\" sizes=\"(max-width: 300px) 100vw, 300px\" \/><\/figure><\/div>\n\n\n\n<p><\/p>\n<\/div>\n<\/div>\n<\/div><\/div>\n<\/div><\/div>\n\n\n\n<p><\/p>\n\n\n\n<p><strong>Nous&nbsp;<\/strong>ont produit des r\u00e9sultats depuis notre ouverture en 2003. Notre objectif est de fournir \u00e0 la fois une exp\u00e9rience sup\u00e9rieure compil\u00e9e avec une valeur \u00e9norme pour nos clients<\/p>\n\n\n\n<p><strong>Denis Barrett le fondateur de l&#039;entreprise <\/strong>a plus de 22 ans d&#039;exp\u00e9rience dans le&nbsp;<strong>Industrie des ench\u00e8res&nbsp;<\/strong>et a men\u00e9<strong>&nbsp;plus de 1 100 ench\u00e8res dans le monde.<\/strong><\/p>\n\n\n\n<p>Pour mieux comprendre la vari\u00e9t\u00e9 des ventes aux ench\u00e8res Denis A. Barrett Auctions, veuillez consulter notre calendrier des ventes qui d\u00e9taille les noms et dates de toutes nos ventes et vous conseillera sur la fa\u00e7on dont vous pouvez demander ou t\u00e9l\u00e9charger un catalogue.<\/p>\n\n\n\n<figure class=\"wp-block-image size-large\"><img loading=\"lazy\" decoding=\"async\" width=\"1024\" height=\"134\" src=\"https:\/\/denisbarrett.com\/wp-content\/uploads\/2019\/09\/Logo-Jpeg-1024x134.jpg\" alt=\"\" class=\"wp-image-1229\"\/><\/figure>\n\n\n\n<h3 class=\"has-text-align-center wp-block-heading\"><strong>Nous contacter<\/strong>:<\/h3>\n\n\n\n<p class=\"has-text-align-center\">Appel: +353 (0) 86410 9848<\/p>\n\n\n\n<p class=\"has-text-align-center\">Email:&nbsp;<a href=\"mailto:info@denisbarrett.com\">info@denisbarrett.com<\/a>&nbsp;<\/p>\n\n\n\n<p class=\"has-text-align-center\">Vous pouvez \u00e9galement rester en contact via&nbsp;<a href=\"https:\/\/ie.linkedin.com\/in\/denis-barrett-05675213\">LinkedIn<\/a>,&nbsp;<a href=\"https:\/\/www.facebook.com\/DenisBarrettAuctioneers\/?ref=bookmarks\">Facebook<\/a>&nbsp;et&nbsp;<a href=\"https:\/\/twitter.com\/DenisABarrett\">Twitter<\/a>.<\/p>","protected":false},"excerpt":{"rendered":"<p>Auctioneering is at the very heart of Denis A. Barrett Auctions. The firm has an unwavering passion for the Public Auction Method of Marketing. Our team handle a wide variety of auctions across every sector of our business. This includes livestock auctions, collective machinery sales, on-site dispersal sales, surplus stock auctions and collective property and [&hellip;]<\/p>\n","protected":false},"author":1,"featured_media":0,"parent":0,"menu_order":0,"comment_status":"closed","ping_status":"closed","template":"","meta":{"_et_pb_use_builder":"","_et_pb_old_content":"","_et_gb_content_width":"1080","footnotes":""},"class_list":["post-2026","page","type-page","status-publish","hentry"],"brizy_media":[],"_links":{"self":[{"href":"https:\/\/denisbarrett.com\/fr\/wp-json\/wp\/v2\/pages\/2026","targetHints":{"allow":["GET"]}}],"collection":[{"href":"https:\/\/denisbarrett.com\/fr\/wp-json\/wp\/v2\/pages"}],"about":[{"href":"https:\/\/denisbarrett.com\/fr\/wp-json\/wp\/v2\/types\/page"}],"author":[{"embeddable":true,"href":"https:\/\/denisbarrett.com\/fr\/wp-json\/wp\/v2\/users\/1"}],"replies":[{"embeddable":true,"href":"https:\/\/denisbarrett.com\/fr\/wp-json\/wp\/v2\/comments?post=2026"}],"version-history":[{"count":4,"href":"https:\/\/denisbarrett.com\/fr\/wp-json\/wp\/v2\/pages\/2026\/revisions"}],"predecessor-version":[{"id":3693,"href":"https:\/\/denisbarrett.com\/fr\/wp-json\/wp\/v2\/pages\/2026\/revisions\/3693"}],"wp:attachment":[{"href":"https:\/\/denisbarrett.com\/fr\/wp-json\/wp\/v2\/media?parent=2026"}],"curies":[{"name":"wp","href":"https:\/\/api.w.org\/{rel}","templated":true}]}}