{"id":1711,"date":"2020-04-07T18:39:59","date_gmt":"2020-04-07T17:39:59","guid":{"rendered":"https:\/\/denisbarrett.com\/?page_id=1711"},"modified":"2020-12-19T20:15:05","modified_gmt":"2020-12-19T20:15:05","slug":"a-sustainable-method-of-clearance","status":"publish","type":"page","link":"https:\/\/denisbarrett.com\/fr\/a-sustainable-method-of-clearance\/","title":{"rendered":"Une m\u00e9thode de d\u00e9douanement durable:"},"content":{"rendered":"<p>La cession et le red\u00e9ploiement des actifs co\u00fbtent aux organisations des revenus, du temps et des ressources consid\u00e9rables. Souvent, les processus de gestion de ces actifs exc\u00e9dentaires sont fragment\u00e9s, non transparents et ex\u00e9cut\u00e9s avec plus ou moins de succ\u00e8s. Chez Denis A. Barrett Auctions &amp; Dabbid.com, nous pouvons r\u00e9soudre l&#039;int\u00e9gralit\u00e9 du probl\u00e8me des exc\u00e9dents d&#039;actifs en vendant en votre nom en g\u00e9n\u00e9rant un revenu maximum pour chaque actif afin de fournir une remise sur les revenus g\u00e9n\u00e9r\u00e9s. mais plus important encore, nous travaillons de mani\u00e8re holistique pour offrir des \u00e9conomies de co\u00fbts significatives et avec l&#039;avantage suppl\u00e9mentaire d&#039;aider les organisations \u00e0 atteindre leurs objectifs de responsabilit\u00e9 sociale d&#039;entreprise et de d\u00e9veloppement durable.<\/p>\n\n\n\n<p>CESSION D&#039;ACTIFS PAR VENTE AUX ENCHERES PUBLIQUES<\/p>\n\n\n\n<p>Les actifs deviennent exc\u00e9dentaires pour un certain nombre de raisons au sein des organisations, pas n\u00e9cessairement parce qu&#039;ils ne peuvent plus \u00eatre utilis\u00e9s. Vendre vos actifs aux ench\u00e8res leur offre une nouvelle vie, permettant leur r\u00e9utilisation plut\u00f4t que de devenir des d\u00e9chets, soutenant les objectifs de durabilit\u00e9.<\/p>\n\n\n\n<p>VOUS AIDER \u00c0 FAIRE LE BIEN<\/p>\n\n\n\n<p>Ce qui vient imm\u00e9diatement \u00e0 l&#039;esprit lorsque l&#039;on envisage de vendre des actifs aux ench\u00e8res, ce sont les revenus g\u00e9n\u00e9r\u00e9s. Mais en r\u00e9alit\u00e9, vendre avec Denis A. Barrett Auctions et Dabbid.com via des ench\u00e8res offre bien plus qu&#039;une simple augmentation financi\u00e8re rapide.<\/p>\n\n\n\n<p>En travaillant avec de nombreuses grandes organisations, nous reconnaissons l&#039;importance d&#039;ajouter de la valeur \u00e0 chaque partenariat. Travailler avec nous comme moyen de disposer de vos actifs exc\u00e9dentaires compl\u00e8te vos objectifs de d\u00e9veloppement durable.<\/p>\n\n\n\n<p>Denis A. Barrett Auctions &amp; Dabbid.com privil\u00e9gient l&#039;efficacit\u00e9 et la durabilit\u00e9 et nous nous effor\u00e7ons de minimiser notre impact environnemental, en gardant \u00e0 l&#039;esprit notre empreinte carbone et en garantissant l&#039;efficacit\u00e9 du stockage et du transport des actifs. Nous pouvons vous aider \u00e0 g\u00e9rer de mani\u00e8re responsable l&#039;impact social, environnemental et \u00e9conomique du processus de cession d&#039;actifs en\u00a0:<\/p>\n\n\n\n<p>Offrant une m\u00e9thode \u00e9prouv\u00e9e pour d\u00e9tourner les d\u00e9chets de la mise en d\u00e9charge, tout en alimentant une gamme de cha\u00eenes d&#039;approvisionnement en aval<\/p>\n\n\n\n<p>Aider \u00e0 d\u00e9velopper les communaut\u00e9s d&#039;affaires locales et mondiales<\/p>\n\n\n\n<p>Accompagner la cr\u00e9ation d&#039;entreprise<\/p>\n\n\n\n<p>Soutenir les groupes communautaires, les entreprises sociales et les organismes de bienfaisance<\/p>\n\n\n\n<p>Le tout en vous restituant le capital non r\u00e9alis\u00e9 d\u00e9tenu au sein de votre patrimoine.<\/p>\n\n\n\n<p>Tout en aidant les organisations \u00e0 atteindre leurs objectifs de responsabilit\u00e9 sociale d&#039;entreprise et de d\u00e9veloppement durable.<\/p>\n\n\n\n<p>Vous ne trouvez pas ce que vous voulez? Contactez directement notre&nbsp;<a href=\"https:\/\/denisbarrett.com\/fr\/contact-us\/\">Nous contacter<\/a>&nbsp;ou Contactez-nous en toute confidentialit\u00e9 pour discuter de vos besoins en mati\u00e8re de restructuration strat\u00e9gique et de redressement d&#039;entreprise.<\/p>\n\n\n\n<p>Pour planifier une consultation avec nous, alors&nbsp;<a href=\"https:\/\/denisbarrett.com\/fr\/contact-us\/\">\u00e9crivez-nous<\/a>! ou pourquoi ne pas appeler le +353 (0) 86 410 9848<\/p>\n\n\n\n<p>Vous pouvez \u00e9galement rester en contact via&nbsp;<a href=\"https:\/\/ie.linkedin.com\/in\/denis-barrett-05675213\">LinkedIn<\/a>,&nbsp;<a href=\"https:\/\/www.facebook.com\/DabbidOnlineAuctions\/\">Facebook<\/a>&nbsp;et&nbsp;<a href=\"https:\/\/twitter.com\/dabbidauction\">Twitter<\/a>.<\/p>\n\n\n\n<p class=\"has-text-align-center\"><a href=\"https:\/\/denisbarrett.com\/fr\/further-information\/\">Retour \u00e0 la page d&#039;informations compl\u00e9mentaires\u00a0:<\/a><\/p>","protected":false},"excerpt":{"rendered":"<p>Asset disposal and redeployment costs organisations significant revenue, time, and resource. Often the processes for dealing with these surplus assets are fragmented, non-transparent and are executed with varying degrees of success. Here at Denis A. Barrett Auctions &amp; Dabbid.com, we can resolve the entire surplus asset problem by selling on your behalf driving maximum revenue [&hellip;]<\/p>\n","protected":false},"author":1,"featured_media":0,"parent":0,"menu_order":0,"comment_status":"closed","ping_status":"closed","template":"","meta":{"_et_pb_use_builder":"","_et_pb_old_content":"","_et_gb_content_width":"1080","footnotes":""},"class_list":["post-1711","page","type-page","status-publish","hentry"],"brizy_media":[],"_links":{"self":[{"href":"https:\/\/denisbarrett.com\/fr\/wp-json\/wp\/v2\/pages\/1711","targetHints":{"allow":["GET"]}}],"collection":[{"href":"https:\/\/denisbarrett.com\/fr\/wp-json\/wp\/v2\/pages"}],"about":[{"href":"https:\/\/denisbarrett.com\/fr\/wp-json\/wp\/v2\/types\/page"}],"author":[{"embeddable":true,"href":"https:\/\/denisbarrett.com\/fr\/wp-json\/wp\/v2\/users\/1"}],"replies":[{"embeddable":true,"href":"https:\/\/denisbarrett.com\/fr\/wp-json\/wp\/v2\/comments?post=1711"}],"version-history":[{"count":4,"href":"https:\/\/denisbarrett.com\/fr\/wp-json\/wp\/v2\/pages\/1711\/revisions"}],"predecessor-version":[{"id":1802,"href":"https:\/\/denisbarrett.com\/fr\/wp-json\/wp\/v2\/pages\/1711\/revisions\/1802"}],"wp:attachment":[{"href":"https:\/\/denisbarrett.com\/fr\/wp-json\/wp\/v2\/media?parent=1711"}],"curies":[{"name":"wp","href":"https:\/\/api.w.org\/{rel}","templated":true}]}}