{"id":1342,"date":"2019-11-17T15:57:27","date_gmt":"2019-11-17T15:57:27","guid":{"rendered":"https:\/\/denisbarrett.com\/?page_id=1342"},"modified":"2020-12-19T20:20:19","modified_gmt":"2020-12-19T20:20:19","slug":"the-barrett-advantage","status":"publish","type":"page","link":"https:\/\/denisbarrett.com\/fr\/the-barrett-advantage\/","title":{"rendered":"L&#039;avantage Barrett"},"content":{"rendered":"<p><strong>&quot;ENCH\u00c8RES&quot;<\/strong>&nbsp;est un mot stimulant. Aucun mot n&#039;\u00e9gale son pouvoir de produire instantan\u00e9ment des acheteurs s\u00e9rieux avec de l&#039;argent en main.<\/p>\n\n\n\n<ul class=\"wp-block-list\"><li><strong>Les ench\u00e8res ne sont pas des ventes en difficult\u00e9.<\/strong>&nbsp;Les ench\u00e8res sont une technique \u00e9prouv\u00e9e pour vendre une propri\u00e9t\u00e9 dans un laps de temps r\u00e9duit \u00e0 la vraie valeur marchande.&nbsp;<\/li><li><strong>Les ench\u00e8res ont une riche histoire de succ\u00e8s qui s&#039;\u00e9tend sur plus de 3 si\u00e8cles.<\/strong>&nbsp;Plus de 150 milliards d&#039;euros de biens immobiliers sont vendus dans le monde chaque ann\u00e9e via la m\u00e9thode de vente aux ench\u00e8res.<\/li><\/ul>\n\n\n\n<p>Denis A. Barrett Auctions &amp; Property Marketing Group, avec plus de 2 d\u00e9cennies de sup\u00e9riorit\u00e9 aux ench\u00e8res et une exp\u00e9rience de plus de 1200 ench\u00e8res publiques, est synonyme d&#039;excellence et de succ\u00e8s dans le marketing et la vente aux ench\u00e8res de tous les types d&#039;actifs. <\/p>\n\n\n\n<p><strong>Les vendeurs progressistes nous recherchent parce que <\/strong>Denis A. Barrett Groupe des ventes aux ench\u00e8res et du marketing immobilier<strong>Les ench\u00e8res de WORK !! Pourquoi?<\/strong><\/p>\n\n\n\n<ol class=\"wp-block-list\"><li>Service, expertise et soins in\u00e9gal\u00e9s<\/li><li>Service avec classe, dignit\u00e9, int\u00e9grit\u00e9 et professionnalisme<\/li><li>Les prouesses marketing prim\u00e9es de notre entreprise (plus de 5000 acheteurs visitent notre site Web chaque mois!) Garantissent des programmes publicitaires enti\u00e8rement individualis\u00e9s et tr\u00e8s structur\u00e9s qui saturent le march\u00e9 (campagnes de m\u00e9dias sociaux cibl\u00e9es au laser, campagnes de mots publicitaires Google hautement productives et cibl\u00e9es, communiqu\u00e9s de presse , marketing num\u00e9rique, presse \u00e9crite, signal\u00e9tique, t\u00e9l\u00e9vision, envois d&#039;e-mails cibl\u00e9s, etc.).<\/li><li>Contrats \u00e9troitement con\u00e7us qui sont orient\u00e9s vers la cl\u00f4ture, ce qui \u00e9quivaut \u00e0 un taux de cl\u00f4ture proche de 100%.<\/li><li>Notre structure vous permet, en tant que vendeur, un contr\u00f4le complet de l&#039;ensemble de la transaction.<\/li><\/ol>\n\n\n\n<p>Tout simplement, Denis A. Barrett Auctions &amp; Property Marketing Group a des normes irr\u00e9prochables et une r\u00e9putation d&#039;excellence. Nous produisons des \u00e9v\u00e9nements passionnants o\u00f9 les ench\u00e9risseurs soumissionnent pour acheter votre propri\u00e9t\u00e9.<\/p>\n\n\n\n<p>DES CLIENTS SATISFAITS sont le r\u00e9sultat direct de notre ENGAGEMENT pour L&#039;EXCELLENCE.<\/p>\n\n\n\n<p>C&#039;est notre promesse.<\/p>\n\n\n\n<p>Denis A. Barrett<\/p>\n\n\n\n<p>Propri\u00e9taire \/ Directeur g\u00e9n\u00e9ral <br><\/p>","protected":false},"excerpt":{"rendered":"<p>\u201cAUCTION\u201d&nbsp;is a stimulating word. No word equals its power to instantly produce serious buyers with money in hand. Auctions are not distress sales.&nbsp;Auctions are a proven technique for selling property in a&nbsp;compressed time frame&nbsp;at&nbsp;true market value.&nbsp; Auctions have a rich history of success that spans over 3 centuries.&nbsp;Over \u20ac150 billion of real estate is sold [&hellip;]<\/p>\n","protected":false},"author":1,"featured_media":0,"parent":0,"menu_order":0,"comment_status":"closed","ping_status":"closed","template":"","meta":{"_et_pb_use_builder":"","_et_pb_old_content":"","_et_gb_content_width":"1080","footnotes":""},"class_list":["post-1342","page","type-page","status-publish","hentry"],"brizy_media":[],"_links":{"self":[{"href":"https:\/\/denisbarrett.com\/fr\/wp-json\/wp\/v2\/pages\/1342","targetHints":{"allow":["GET"]}}],"collection":[{"href":"https:\/\/denisbarrett.com\/fr\/wp-json\/wp\/v2\/pages"}],"about":[{"href":"https:\/\/denisbarrett.com\/fr\/wp-json\/wp\/v2\/types\/page"}],"author":[{"embeddable":true,"href":"https:\/\/denisbarrett.com\/fr\/wp-json\/wp\/v2\/users\/1"}],"replies":[{"embeddable":true,"href":"https:\/\/denisbarrett.com\/fr\/wp-json\/wp\/v2\/comments?post=1342"}],"version-history":[{"count":2,"href":"https:\/\/denisbarrett.com\/fr\/wp-json\/wp\/v2\/pages\/1342\/revisions"}],"predecessor-version":[{"id":1424,"href":"https:\/\/denisbarrett.com\/fr\/wp-json\/wp\/v2\/pages\/1342\/revisions\/1424"}],"wp:attachment":[{"href":"https:\/\/denisbarrett.com\/fr\/wp-json\/wp\/v2\/media?parent=1342"}],"curies":[{"name":"wp","href":"https:\/\/api.w.org\/{rel}","templated":true}]}}