{"id":929,"date":"2019-04-13T19:06:18","date_gmt":"2019-04-13T18:06:18","guid":{"rendered":"https:\/\/denisbarrett.com\/?page_id=929"},"modified":"2020-12-19T20:16:25","modified_gmt":"2020-12-19T20:16:25","slug":"further-information","status":"publish","type":"page","link":"https:\/\/denisbarrett.com\/es\/further-information\/","title":{"rendered":"M\u00e1s informaci\u00f3n:"},"content":{"rendered":"<p>Hemos descrito m\u00e1s a fondo los Servicios de subasta que ofrecemos y por qu\u00e9 deber\u00eda considerar el uso de DABAuctions para todos sus requisitos privados, comerciales o corporativos para la maximizaci\u00f3n de activos.  <\/p>\n\n\n\n<p><a href=\"https:\/\/denisbarrett.com\/es\/a-sustainable-method-of-clearance\/\">Un m\u00e9todo de liquidaci\u00f3n sostenible:<\/a><\/p>\n\n\n\n<p><a href=\"https:\/\/denisbarrett.com\/es\/questions-answered\/\">Hechos poco conocidos<\/a>:<\/p>\n\n\n\n<p><a href=\"https:\/\/denisbarrett.com\/es\/what-we-do\/\">Que hacemos<\/a>:<\/p>\n\n\n\n<p><a href=\"https:\/\/denisbarrett.com\/es\/off-site-auction\/\">Subastas fuera del sitio<\/a>:<\/p>\n\n\n\n<p><a href=\"https:\/\/denisbarrett.com\/es\/benefits-of-using-dabauction\/\">Beneficios de usar las subastas DAB<\/a>:<\/p>\n\n\n\n<p><a href=\"https:\/\/denisbarrett.com\/es\/selling-process\/\">Proceso de venta<\/a>:<\/p>\n\n\n\n<p><a href=\"https:\/\/denisbarrett.com\/es\/selling-with-dabauction-is-a-simple-and-straightforward-process\/\">Vender con subastas DAB<\/a>:<\/p>\n\n\n\n<p><a href=\"https:\/\/denisbarrett.com\/es\/whats-the-best-way-to-sell-stock-10-questions-to-help-you-decide\/\">\u00bfLa mejor forma de vender acciones? 10 preguntas respondidas<\/a>:<\/p>\n\n\n\n<div class=\"wp-block-image\"><figure class=\"aligncenter\"><img loading=\"lazy\" decoding=\"async\" width=\"1024\" height=\"134\" src=\"https:\/\/denisbarrett.com\/wp-content\/uploads\/2019\/09\/Logo-Jpeg-1024x134.jpg\" alt=\"\" class=\"wp-image-1229\"\/><\/figure><\/div>\n\n\n\n<p class=\"has-text-align-left\">Denis A. Barrett Auctioneers se dedica al servicio al cliente y la satisfacci\u00f3n del cliente. A trav\u00e9s de nuestras diferentes divisiones ofrecemos una gama completa de servicios para atender a nuestra amplia gama de clientes. Si tiene alguna pregunta o comentario o si desea discutir m\u00e1s detalles sobre alguno de nuestros servicios o c\u00f3mo podemos beneficiarlo, no dude en contactarnos utilizando los detalles a continuaci\u00f3n.<\/p>\n\n\n\n<h6 class=\"wp-block-heading\">Cont\u00e1ctenos:<\/h6>\n\n\n\n<p><strong>\u00a1Ponte en contacto con nosotros hoy!<\/strong><\/p>\n\n\n\n<p>Para programar a Denis para su pr\u00f3xima subasta o evento, escr\u00edbale a info@denisbarrett.com o, por qu\u00e9 no, llame al +353 (0) 21427 8455.<\/p>\n\n\n\n<p>Tambi\u00e9n puede mantenerse en contacto a trav\u00e9s de&nbsp;<a href=\"https:\/\/ie.linkedin.com\/in\/denis-barrett-05675213\">LinkedIn<\/a>,&nbsp;<a href=\"https:\/\/www.facebook.com\/DenisBarrettAuctioneers\/?ref=bookmarks\">Facebook<\/a>&nbsp;y&nbsp;<a href=\"https:\/\/twitter.com\/DenisABarrett\">Gorjeo<\/a>.<\/p>","protected":false},"excerpt":{"rendered":"<p>We have outlined further on the Auction Services we provide and why you should consider using DABAuctions for all your Private, Commercial or Corporate Requirements for Asset Maximisation. A Sustainable Method of Clearance: Little Known Facts: What We Do: OffSite Auctions: Benefits of using DAB Auctions: Selling Process: Selling With DAB Auctions: Best Way To [&hellip;]<\/p>\n","protected":false},"author":1,"featured_media":0,"parent":0,"menu_order":0,"comment_status":"closed","ping_status":"closed","template":"","meta":{"_et_pb_use_builder":"","_et_pb_old_content":"","_et_gb_content_width":"1080","footnotes":""},"class_list":["post-929","page","type-page","status-publish","hentry"],"brizy_media":[],"_links":{"self":[{"href":"https:\/\/denisbarrett.com\/es\/wp-json\/wp\/v2\/pages\/929","targetHints":{"allow":["GET"]}}],"collection":[{"href":"https:\/\/denisbarrett.com\/es\/wp-json\/wp\/v2\/pages"}],"about":[{"href":"https:\/\/denisbarrett.com\/es\/wp-json\/wp\/v2\/types\/page"}],"author":[{"embeddable":true,"href":"https:\/\/denisbarrett.com\/es\/wp-json\/wp\/v2\/users\/1"}],"replies":[{"embeddable":true,"href":"https:\/\/denisbarrett.com\/es\/wp-json\/wp\/v2\/comments?post=929"}],"version-history":[{"count":5,"href":"https:\/\/denisbarrett.com\/es\/wp-json\/wp\/v2\/pages\/929\/revisions"}],"predecessor-version":[{"id":1713,"href":"https:\/\/denisbarrett.com\/es\/wp-json\/wp\/v2\/pages\/929\/revisions\/1713"}],"wp:attachment":[{"href":"https:\/\/denisbarrett.com\/es\/wp-json\/wp\/v2\/media?parent=929"}],"curies":[{"name":"gracias","href":"https:\/\/api.w.org\/{rel}","templated":true}]}}