{"id":820,"date":"2019-04-12T11:00:39","date_gmt":"2019-04-12T10:00:39","guid":{"rendered":"https:\/\/denisbarrett.com\/?page_id=820"},"modified":"2019-07-22T14:27:28","modified_gmt":"2019-07-22T13:27:28","slug":"agri-experience","status":"publish","type":"page","link":"https:\/\/denisbarrett.com\/es\/agri-experience\/","title":{"rendered":"Nuestra experiencia:"},"content":{"rendered":"<ul class=\"wp-block-list\"><li>Denis Barrett es un subastador y tasador profesionalmente calificado de unos 20 a\u00f1os, conocido por su trabajo como subastador profesional en todo el mundo. Ha realizado ventas de ganado de \u00e9lite en Irlanda y Alemania. Est\u00e1 oficialmente reconocido como subastador de la &quot;Asociaci\u00f3n Irlandesa Holstein Friesian&quot;, la &quot;Sociedad Irlandesa Limousin&quot;, la &quot;Sociedad Irlandesa de Ganado Charolais&quot; y la &quot;Sociedad Irlandesa Simmental&quot;. Denis tambi\u00e9n ha llevado a cabo subastas en nombre de la \u201cSociedad irlandesa de ganado azul belga\u201d.<\/li><li>Usamos &quot;Subastas de transmisi\u00f3n web en vivo&quot; y &quot;Subastas solo en l\u00ednea&quot; para maximizar la exposici\u00f3n del ganado o la planta y el equipo agr\u00edcola o la maquinaria y la planta pesada que estamos comercializando a trav\u00e9s de\u00a0<a href=\"http:\/\/www.dabbid.com\/\">www.dabbid.com<\/a> que es nuestro medio de subasta en l\u00ednea.<\/li><li>Denis ha sido un tasador aprobado por el Departamento de Agricultura desde que se introdujo el &quot;Esquema de valoraci\u00f3n del mercado en la granja&quot; en 2001. Es asesor de la &quot;Divisi\u00f3n de reclamaciones de ganado&quot; de FBD Insurance. Ha ganado numerosos concursos All-Ireland Showmanship y Stock Judging y ha representado a Irlanda en concursos internacionales para los dos anteriores.<\/li><li>Denis es un vibrante profesional de subastas que se nutre de los clientes que lo retienen. Su inter\u00e9s por el m\u00e9todo de marketing de subastas comenz\u00f3 a una edad temprana y ha continuado floreciendo a lo largo de su carrera profesional.<\/li><li>Graduado del World Wide College of Auctioneering, Denis ha hecho de su amor por hablar sobre cualquier tema una profesi\u00f3n plenamente realizada. Apasionado por cada cliente con el que trabaja, brindar\u00e1 un servicio y conocimiento insuperables de los art\u00edculos y las organizaciones.<\/li><li>Denis, constantemente referido como &quot;vibrante&quot; y un &quot;maestro subastador&quot;, ilumina a la multitud con su energ\u00eda positiva, precisi\u00f3n y su capacidad para mantener a la audiencia, ya sea grande o peque\u00f1a, completamente comprometida.<\/li><\/ul>\n\n\n\n<div class=\"wp-block-image\"><figure class=\"aligncenter\"><img loading=\"lazy\" decoding=\"async\" width=\"300\" height=\"169\" src=\"https:\/\/denisbarrett.com\/wp-content\/uploads\/2016\/11\/dabagri2-300x169.png\" alt=\"dabagri2\" class=\"wp-image-355\" srcset=\"https:\/\/denisbarrett.com\/wp-content\/uploads\/2016\/11\/dabagri2-300x169.png 300w, https:\/\/denisbarrett.com\/wp-content\/uploads\/2016\/11\/dabagri2.png 525w\" sizes=\"(max-width: 300px) 100vw, 300px\" \/><\/figure><\/div>\n\n\n\n<p>\u00c9l adaptar\u00e1 sus servicios para satisfacer sus necesidades, asegur\u00e1ndose de que su subasta sea todo lo que usted quer\u00eda que fuera. \u00bfEst\u00e1 interesado en agregar a Denis a su equipo de subastas? P\u00f3ngase en contacto con \u00e9l ahora.<\/p>\n\n\n\n<div class=\"wp-block-image\"><figure class=\"aligncenter\"><img loading=\"lazy\" decoding=\"async\" width=\"300\" height=\"200\" src=\"https:\/\/denisbarrett.com\/wp-content\/uploads\/2016\/11\/IMG_2148-300x200.jpg\" alt=\"img_2148\" class=\"wp-image-356\" srcset=\"https:\/\/denisbarrett.com\/wp-content\/uploads\/2016\/11\/IMG_2148-300x200.jpg 300w, https:\/\/denisbarrett.com\/wp-content\/uploads\/2016\/11\/IMG_2148-768x512.jpg 768w, https:\/\/denisbarrett.com\/wp-content\/uploads\/2016\/11\/IMG_2148-1024x683.jpg 1024w, https:\/\/denisbarrett.com\/wp-content\/uploads\/2016\/11\/IMG_2148.jpg 1800w\" sizes=\"(max-width: 300px) 100vw, 300px\" \/><\/figure><\/div>\n\n\n\n<p><strong><em>CONTACTAR:<\/em><\/strong><\/p>\n\n\n\n<p>Para programar a Denis para su pr\u00f3xima subasta o evento, escr\u00edbale a info@denisbarrett.com o, por qu\u00e9 no, llame al +353 (0)86 4109848.<\/p>\n\n\n\n<p>Tambi\u00e9n puede mantenerse en contacto a trav\u00e9s de&nbsp;<a href=\"https:\/\/ie.linkedin.com\/in\/denis-barrett-05675213\">LinkedIn<\/a>,&nbsp;<a href=\"https:\/\/www.facebook.com\/DenisBarrettAuctioneers\/?ref=bookmarks\">Facebook<\/a>&nbsp;y&nbsp;<a href=\"https:\/\/twitter.com\/DenisABarrett\">Gorjeo<\/a>.<\/p>","protected":false},"excerpt":{"rendered":"<p>Denis Barrett is a professionally qualified Auctioneer and Valuer of some 20 years standing well-known for his work as a professional Auctioneer throughout the world. He has conducted Elite Livestock Sales in Ireland and Germany. He is officially recognized as an Auctioneer for the \u201cIrish Holstein Friesian Association\u201d, \u00a0\u201cIrish Limousin Society\u201d, \u00a0\u201cIrish Charolais Cattle Society\u201d [&hellip;]<\/p>\n","protected":false},"author":1,"featured_media":0,"parent":0,"menu_order":0,"comment_status":"closed","ping_status":"closed","template":"","meta":{"_et_pb_use_builder":"","_et_pb_old_content":"","_et_gb_content_width":"","footnotes":""},"class_list":["post-820","page","type-page","status-publish","hentry"],"brizy_media":[],"_links":{"self":[{"href":"https:\/\/denisbarrett.com\/es\/wp-json\/wp\/v2\/pages\/820","targetHints":{"allow":["GET"]}}],"collection":[{"href":"https:\/\/denisbarrett.com\/es\/wp-json\/wp\/v2\/pages"}],"about":[{"href":"https:\/\/denisbarrett.com\/es\/wp-json\/wp\/v2\/types\/page"}],"author":[{"embeddable":true,"href":"https:\/\/denisbarrett.com\/es\/wp-json\/wp\/v2\/users\/1"}],"replies":[{"embeddable":true,"href":"https:\/\/denisbarrett.com\/es\/wp-json\/wp\/v2\/comments?post=820"}],"version-history":[{"count":4,"href":"https:\/\/denisbarrett.com\/es\/wp-json\/wp\/v2\/pages\/820\/revisions"}],"predecessor-version":[{"id":1062,"href":"https:\/\/denisbarrett.com\/es\/wp-json\/wp\/v2\/pages\/820\/revisions\/1062"}],"wp:attachment":[{"href":"https:\/\/denisbarrett.com\/es\/wp-json\/wp\/v2\/media?parent=820"}],"curies":[{"name":"gracias","href":"https:\/\/api.w.org\/{rel}","templated":true}]}}