{"id":590,"date":"2018-11-17T18:48:14","date_gmt":"2018-11-17T18:48:14","guid":{"rendered":"https:\/\/denisbarrett.com\/?page_id=590"},"modified":"2020-04-18T14:05:09","modified_gmt":"2020-04-18T13:05:09","slug":"property-management-maintenance-2","status":"publish","type":"page","link":"https:\/\/denisbarrett.com\/es\/property-management-maintenance-2\/","title":{"rendered":"Gesti\u00f3n y mantenimiento de propiedades"},"content":{"rendered":"<p>Limitamos nuestros servicios de administraci\u00f3n y mantenimiento de propiedades a estructuras REIT (fideicomisos de inversiones inmobiliarias), instituciones crediticias y especialistas en reestructuraci\u00f3n de propiedades.<\/p>\n\n\n\n<p>Cont\u00e1ctenos hoy para discutir sus requisitos de administraci\u00f3n de propiedades: Operamos a nivel nacional e internacional utilizando nuestros socios y contactos en otros sectores para asegurarnos de que solo tendr\u00e1 que tratar con un punto de contacto y as\u00ed garantizar la continuidad a trav\u00e9s de diferentes jurisdicciones e incluso sectores.<\/p>\n\n\n\n<figure class=\"wp-block-image size-large\"><img decoding=\"async\" src=\"https:\/\/denisbarrett.com\/wp-content\/uploads\/2020\/04\/Small-DAB_GENERAL_LOGO-copy.png\" alt=\"\" class=\"wp-image-2107\"\/><\/figure>\n\n\n\n<p class=\"has-text-align-center\"><strong>Cont\u00e1ctenos:<\/strong><\/p>\n\n\n\n<p class=\"has-text-align-center\">Llame: +353 (0) 86 4109848<\/p>\n\n\n\n<p class=\"has-text-align-center\">Email:&nbsp;<a href=\"mailto:info@denisbarrett.com\">info@denisbarrett.com<\/a><\/p>\n\n\n\n<p class=\"has-text-align-center\">Tambi\u00e9n puede mantenerse en contacto a trav\u00e9s de\u00a0<a rel=\"noreferrer noopener\" href=\"https:\/\/ie.linkedin.com\/in\/denis-barrett-05675213\" target=\"_blank\">LinkedIn<\/a>,\u00a0<a rel=\"noreferrer noopener\" href=\"https:\/\/www.facebook.com\/denis.barrett\" target=\"_blank\">Facebook<\/a>\u00a0y\u00a0<a rel=\"noreferrer noopener\" href=\"https:\/\/twitter.com\/DenisABarrett\" target=\"_blank\">Gorjeo<\/a><\/p>","protected":false},"excerpt":{"rendered":"<p>We limit our property management &amp; maintenance services to REIT Structures (Real Estate Investments Trusts), Lending Institutions &amp; Property Restructuring Specialists. Contact us today to discuss your property management requirements: We operate on a national and international level utilising our partners and contacts in other sectors to ensure you will only have to deal with [&hellip;]<\/p>\n","protected":false},"author":1,"featured_media":0,"parent":0,"menu_order":0,"comment_status":"closed","ping_status":"closed","template":"","meta":{"_et_pb_use_builder":"","_et_pb_old_content":"","_et_gb_content_width":"","footnotes":""},"class_list":["post-590","page","type-page","status-publish","hentry"],"brizy_media":[],"_links":{"self":[{"href":"https:\/\/denisbarrett.com\/es\/wp-json\/wp\/v2\/pages\/590","targetHints":{"allow":["GET"]}}],"collection":[{"href":"https:\/\/denisbarrett.com\/es\/wp-json\/wp\/v2\/pages"}],"about":[{"href":"https:\/\/denisbarrett.com\/es\/wp-json\/wp\/v2\/types\/page"}],"author":[{"embeddable":true,"href":"https:\/\/denisbarrett.com\/es\/wp-json\/wp\/v2\/users\/1"}],"replies":[{"embeddable":true,"href":"https:\/\/denisbarrett.com\/es\/wp-json\/wp\/v2\/comments?post=590"}],"version-history":[{"count":3,"href":"https:\/\/denisbarrett.com\/es\/wp-json\/wp\/v2\/pages\/590\/revisions"}],"predecessor-version":[{"id":2285,"href":"https:\/\/denisbarrett.com\/es\/wp-json\/wp\/v2\/pages\/590\/revisions\/2285"}],"wp:attachment":[{"href":"https:\/\/denisbarrett.com\/es\/wp-json\/wp\/v2\/media?parent=590"}],"curies":[{"name":"gracias","href":"https:\/\/api.w.org\/{rel}","templated":true}]}}