{"id":577,"date":"2018-11-17T18:28:08","date_gmt":"2018-11-17T18:28:08","guid":{"rendered":"https:\/\/denisbarrett.com\/?page_id=577"},"modified":"2020-12-19T20:19:11","modified_gmt":"2020-12-19T20:19:11","slug":"selling-with-dabauction-is-a-simple-and-straightforward-process","status":"publish","type":"page","link":"https:\/\/denisbarrett.com\/es\/selling-with-dabauction-is-a-simple-and-straightforward-process\/","title":{"rendered":"Vender con DABauction es un proceso simple y directo"},"content":{"rendered":"<p>Un representante de ventas de Dabbid.com realizar\u00e1 una inspecci\u00f3n y tasaci\u00f3n de sus existencias.<\/p>\n<ul>\n<li>Tras la firma de su contrato, Dabbid.com se encargar\u00e1 de todo, incluido el transporte, la renovaci\u00f3n y la reparaci\u00f3n del stock.<\/li>\n<li>Anunciamos sus acciones en todo el mundo en sitios web comerciales especializados, folletos de subastas y en nuestro sitio web.<\/li>\n<li>Una subasta promedio atrae a compradores de toda Irlanda y Europa continental, lo que garantiza que sus acciones obtengan un valor real de mercado.<\/li>\n<\/ul>\n<p>Recaudamos los ingresos de la subasta y le pagamos en un plazo de 14 d\u00edas.<\/p>\n<p>Si tiene una cantidad considerable de acciones para vender, Dabbid.com ofrece un servicio de subasta fuera del sitio por razones como el cese de negociaci\u00f3n o las subastas de jubilaci\u00f3n.<\/p>\n<p>Vender sus acciones con Dabbid.com le asegura llegar a una audiencia global.<\/p>\n<p>\u00bfNo encuentras lo que buscas? Comun\u00edquese directamente a trav\u00e9s de nuestra p\u00e1gina Cont\u00e1ctenos o Cont\u00e1ctenos de manera confidencial para discutir cualquiera de sus requisitos de reestructuraci\u00f3n estrat\u00e9gica y recuperaci\u00f3n corporativa. Para programar una consulta con nosotros, entonces&nbsp;<a href=\"http:\/\/www.dabbid.com\/contact\/\">escr\u00edbanos<\/a>! a info@denisbarrett.com o por qu\u00e9 no llamar al +353 (0) 86410 9848.<\/p>\n<p>Tambi\u00e9n puede mantenerse en contacto a trav\u00e9s de&nbsp;<a href=\"https:\/\/ie.linkedin.com\/in\/denis-barrett-05675213\">LinkedIn<\/a>,&nbsp;<a href=\"http:\/\/dabbid%20auction%20specialists\/\">Facebook<\/a>&nbsp;y&nbsp;<a href=\"https:\/\/twitter.com\/dabbidauction\">Gorjeo<\/a>.<\/p>","protected":false},"excerpt":{"rendered":"<p>A Dabbid.com Sales Representative will conduct an inspection and appraisal of your stock. Upon signature of your contract, Dabbid.com will take care of everything including transportation, refurbishment and repair of stock. We advertise your stock around the world in specialised trade websites, auction brochures and on our website. An average auction attracts Buyers from over [&hellip;]<\/p>\n","protected":false},"author":1,"featured_media":0,"parent":0,"menu_order":0,"comment_status":"closed","ping_status":"closed","template":"","meta":{"_et_pb_use_builder":"","_et_pb_old_content":"","_et_gb_content_width":"1080","footnotes":""},"class_list":["post-577","page","type-page","status-publish","hentry"],"brizy_media":[],"_links":{"self":[{"href":"https:\/\/denisbarrett.com\/es\/wp-json\/wp\/v2\/pages\/577","targetHints":{"allow":["GET"]}}],"collection":[{"href":"https:\/\/denisbarrett.com\/es\/wp-json\/wp\/v2\/pages"}],"about":[{"href":"https:\/\/denisbarrett.com\/es\/wp-json\/wp\/v2\/types\/page"}],"author":[{"embeddable":true,"href":"https:\/\/denisbarrett.com\/es\/wp-json\/wp\/v2\/users\/1"}],"replies":[{"embeddable":true,"href":"https:\/\/denisbarrett.com\/es\/wp-json\/wp\/v2\/comments?post=577"}],"version-history":[{"count":5,"href":"https:\/\/denisbarrett.com\/es\/wp-json\/wp\/v2\/pages\/577\/revisions"}],"predecessor-version":[{"id":2966,"href":"https:\/\/denisbarrett.com\/es\/wp-json\/wp\/v2\/pages\/577\/revisions\/2966"}],"wp:attachment":[{"href":"https:\/\/denisbarrett.com\/es\/wp-json\/wp\/v2\/media?parent=577"}],"curies":[{"name":"gracias","href":"https:\/\/api.w.org\/{rel}","templated":true}]}}