{"id":575,"date":"2018-11-17T18:26:42","date_gmt":"2018-11-17T18:26:42","guid":{"rendered":"https:\/\/denisbarrett.com\/?page_id=575"},"modified":"2020-12-19T20:19:47","modified_gmt":"2020-12-19T20:19:47","slug":"whats-the-best-way-to-sell-stock-10-questions-to-help-you-decide","status":"publish","type":"page","link":"https:\/\/denisbarrett.com\/es\/whats-the-best-way-to-sell-stock-10-questions-to-help-you-decide\/","title":{"rendered":"\u00bfCu\u00e1l es la mejor forma de vender acciones? 10 preguntas para ayudarte a decidir."},"content":{"rendered":"<p>Si necesita vender acciones, existen muchas opciones para su eliminaci\u00f3n:<\/p>\n<p>subastas, servicios de listado en l\u00ednea, venta privada, distribuidores, corredores y m\u00e1s. Puede hacer que decidir c\u00f3mo vender sea una tarea abrumadora. Hacer estas preguntas lo ayudar\u00e1 a decidir qu\u00e9 opci\u00f3n le facilitar\u00e1 las cosas y obtendr\u00e1 los mejores resultados posibles:<\/p>\n<ol>\n<li><strong>\u00bfCu\u00e1l es la principal raz\u00f3n por la que deber\u00eda utilizar este m\u00e9todo de venta?&nbsp;&nbsp;<\/strong>Los diferentes m\u00e9todos de venta tienen diferentes beneficios: r\u00e1pido, f\u00e1cil, bajos costos iniciales, m\u00e1xima rentabilidad. Haga esta pregunta para asegurarse de encontrar un m\u00e9todo que se adapte a sus objetivos comerciales y una empresa que lo ayude a elaborar un plan para lograrlos.<\/li>\n<li><strong>\u00bfQu\u00e9 se incluye en su tarifa o comisi\u00f3n?&nbsp;<\/strong>El costo y el tiempo involucrados en la venta pueden sumarse r\u00e1pidamente y reducir sus ganancias netas: almacenamiento, existencias. inspecciones, fotos, publicidad, cobranza de pagos y m\u00e1s. Descubra exactamente lo que obtiene por su dinero y si hay costos ocultos o adicionales involucrados. Una soluci\u00f3n de servicio completo puede ahorrarle tiempo y dinero. Si est\u00e1 dispuesto a invertir el tiempo y desea controlar el proceso de venta, una plataforma de autoservicio solo en l\u00ednea tambi\u00e9n puede funcionar bien, o una combinaci\u00f3n de ambas.<\/li>\n<li><strong>\u00bfMe pueden ayudar con cosas como env\u00edo de existencias, seguros, reparaciones, etc.?&nbsp;<\/strong>Descubra qu\u00e9 otros servicios se ofrecen que le ayudar\u00e1n a facilitar el proceso y a obtener mejores rendimientos de sus existencias.<\/li>\n<li><strong>\u00bfC\u00f3mo me conseguir\u00e1 el mejor precio posible por mis acciones?<\/strong>El marketing es clave para una venta exitosa. Si desea obtener el mejor rendimiento por sus valiosos activos, aseg\u00farese de que sus acciones est\u00e9n expuestas a las personas adecuadas en los sectores industriales adecuados a trav\u00e9s de un plan de publicidad y marketing bien pensado y dirigido. O si est\u00e1 vendiendo de forma privada, aseg\u00farese de utilizar una plataforma de servicio que est\u00e9 dirigida y se adapte a su industria, en lugar de solo anuncios generales de tipo clasificado.<\/li>\n<li><strong>\u00bfPodr\u00e1n los compradores potenciales inspeccionar y probar mis existencias?<\/strong>Los compradores que puedan tocar, sentir, inspeccionar y probar sus acciones a su conveniencia tendr\u00e1n m\u00e1s confianza en lo que vende y es m\u00e1s probable que compren m\u00e1s cerca del precio que est\u00e1 buscando. Si decide vender de forma privada, intente estar disponible y aseg\u00farese de publicar descripciones detalladas junto con muchas fotos de alta resoluci\u00f3n para compradores potenciales. Todas nuestras subastas tienen 3 d\u00edas de visualizaciones abiertas, pero tambi\u00e9n hacemos citas afterhours y fines de semana para facilitar a la gente.<\/li>\n<li><strong>\u00bfCu\u00e1ntos compradores suele atraer?<\/strong>Un comprador m\u00e1s interesado significa un mejor rendimiento de su stock. Nos complace mostrarle nuestras cifras y nuestros resultados de venta reales y n\u00fameros espec\u00edficos de compradores activos y \/ o visitantes \u00fanicos del sitio web, etc.<\/li>\n<li><strong>\u00bfEs f\u00e1cil para la gente comprar mis acciones?&nbsp;<\/strong>Llegar\u00e1 a m\u00e1s compradores vendiendo sus acciones a una audiencia global y ofreciendo una opci\u00f3n de m\u00e9todos de compra f\u00e1ciles (incluida la compra en una ubicaci\u00f3n f\u00edsica o en l\u00ednea, as\u00ed como tambi\u00e9n ofreciendo opciones de pago f\u00e1ciles, como efectivo, tarjetas de d\u00e9bito \/ cr\u00e9dito o cheque certificado). as\u00ed como otros servicios como env\u00edo). Darle a la gente diferentes opciones crea m\u00e1s demanda y permite a los compradores de diferentes regiones comprar sus acciones.<\/li>\n<li><strong>\u00bfPuedes decirme cuando mi stock. se vender\u00e1 y cu\u00e1ndo me pagar\u00e1n?<\/strong><br \/>\nLas existencias inactivas no le est\u00e1n generando dinero, y tambi\u00e9n pueden costarle dinero en almacenamiento, seguros e incluso depreciaci\u00f3n. Averig\u00fce si sus acciones se vender\u00e1n en una fecha fija acordada y si obtendr\u00e1 los ingresos en un plazo razonable. Si el tiempo no es un problema para usted, el uso de nuestra plataforma en l\u00ednea de autoservicio significa que est\u00e1 protegido si un comprador incumple el pago cuando se venden sus acciones.<\/li>\n<li><strong>\u00bfPuede mostrarme qu\u00e9 tipo de resultados ha tenido en el pasado?<\/strong>El \u00e9xito se mide por n\u00fameros, as\u00ed que pida verlos. Pero la reputaci\u00f3n tambi\u00e9n cuenta, por lo que las referencias y los nombres de clientes anteriores deber\u00edan estar disponibles para usted. Consulte tambi\u00e9n nuestra secci\u00f3n de estudios de casos.<\/li>\n<li><strong>\u00bfCu\u00e1nta experiencia tiene con la industria en la que trabajo?&nbsp;<\/strong>si desea una empresa con experiencia y conocimientos, que comprenda su negocio, venda mucho de su tipo de acciones y tenga buenas relaciones con la industria, marcar\u00e1 la diferencia cuando se trata de obtener las devoluciones que desea y necesita, as\u00ed que no dude en entrevistarlos. extensamente.<\/li>\n<\/ol>\n<p>\u00bfNo encuentras lo que buscas? Comun\u00edquese directamente a trav\u00e9s de nuestro&nbsp;<a title=\"Cont\u00e1ctenos\" href=\"http:\/\/www.dabbid.com\/contact\/\">Cont\u00e1ctenos <\/a>o Comun\u00edquese con nosotros de manera confidencial para discutir sus requisitos de reestructuraci\u00f3n estrat\u00e9gica y recuperaci\u00f3n corporativa. Para programar una consulta con nosotros, entonces&nbsp;<a href=\"http:\/\/www.dabbid.com\/contact\/\">escr\u00edbanos<\/a>! a info @ denisbarrettcom o por qu\u00e9 no llamar al +353 (0) 86410 9848.<\/p>\n<p>Tambi\u00e9n puede mantenerse en contacto a trav\u00e9s de&nbsp;<a href=\"https:\/\/ie.linkedin.com\/in\/denis-barrett-05675213\">LinkedIn<\/a>,&nbsp;<a href=\"http:\/\/dabbid%20auction%20specialists\/\">Facebook<\/a>&nbsp;y&nbsp;<a href=\"https:\/\/twitter.com\/dabbidauction\">Gorjeo<\/a>.<\/p>","protected":false},"excerpt":{"rendered":"<p>If you need to sell stock, there are a lot of options out there for disposal: auctions, online listing services, private sale, dealers, brokers and more. It can make deciding how to sell an overwhelming task. Asking these questions will help you decide which option will make it easiest for you, and get you the [&hellip;]<\/p>\n","protected":false},"author":1,"featured_media":0,"parent":0,"menu_order":0,"comment_status":"closed","ping_status":"closed","template":"","meta":{"_et_pb_use_builder":"","_et_pb_old_content":"","_et_gb_content_width":"1080","footnotes":""},"class_list":["post-575","page","type-page","status-publish","hentry"],"brizy_media":[],"_links":{"self":[{"href":"https:\/\/denisbarrett.com\/es\/wp-json\/wp\/v2\/pages\/575","targetHints":{"allow":["GET"]}}],"collection":[{"href":"https:\/\/denisbarrett.com\/es\/wp-json\/wp\/v2\/pages"}],"about":[{"href":"https:\/\/denisbarrett.com\/es\/wp-json\/wp\/v2\/types\/page"}],"author":[{"embeddable":true,"href":"https:\/\/denisbarrett.com\/es\/wp-json\/wp\/v2\/users\/1"}],"replies":[{"embeddable":true,"href":"https:\/\/denisbarrett.com\/es\/wp-json\/wp\/v2\/comments?post=575"}],"version-history":[{"count":3,"href":"https:\/\/denisbarrett.com\/es\/wp-json\/wp\/v2\/pages\/575\/revisions"}],"predecessor-version":[{"id":1433,"href":"https:\/\/denisbarrett.com\/es\/wp-json\/wp\/v2\/pages\/575\/revisions\/1433"}],"wp:attachment":[{"href":"https:\/\/denisbarrett.com\/es\/wp-json\/wp\/v2\/media?parent=575"}],"curies":[{"name":"gracias","href":"https:\/\/api.w.org\/{rel}","templated":true}]}}