{"id":573,"date":"2018-11-17T18:24:52","date_gmt":"2018-11-17T18:24:52","guid":{"rendered":"https:\/\/denisbarrett.com\/?page_id=573"},"modified":"2020-12-19T20:18:43","modified_gmt":"2020-12-19T20:18:43","slug":"selling-process","status":"publish","type":"page","link":"https:\/\/denisbarrett.com\/es\/selling-process\/","title":{"rendered":"Proceso de venta"},"content":{"rendered":"<p>Proceso: c\u00f3mo vendemos y pasos:<\/p>\n<p>\u00a1Desde el lugar de trabajo hasta la subasta y el lugar de trabajo! C\u00f3mo vende acciones Dabbid.com.<\/p>\n<p>Cada pieza de stock que vendemos tiene una historia detr\u00e1s, y probablemente muchas m\u00e1s por delante. Pasar por nuestras subastas sin reservas es solo un breve cap\u00edtulo en la vida de una pieza de stock. Si alguna vez se ha preguntado qu\u00e9 sucede en ese cap\u00edtulo, aqu\u00ed hay un vistazo al stock de ruta. toma de ser consignado por un vendedor a ser puesto a trabajar por un nuevo propietario.<\/p>\n<p>Es hora de vender<\/p>\n<p>En alg\u00fan momento, toma la decisi\u00f3n de vender acciones en lugar de dejarlas inactivas sin generar dinero. Tal vez haya terminado un gran trabajo, haya comenzado un tipo diferente de proyecto o tal vez est\u00e9 planeando jubilarse y cerrar su negocio. Cualesquiera que sean sus razones, despu\u00e9s de sopesar sus opciones para vender acciones, decide que una subasta sin reservas de Dabbid.com de servicio completo es la mejor soluci\u00f3n.<\/p>\n<p>Analice sus opciones de venta.<\/p>\n<p>Su representante de Dabbid.com se reunir\u00e1 con usted para discutir qu\u00e9 est\u00e1 vendiendo y cu\u00e1ndo quiere venderlo. Son personas con experiencia que tienen un conocimiento y una perspectiva \u00fanicos tanto de su negocio como del mercado global. Ellos evaluar\u00e1n el valor de sus activos, discutir\u00e1n sus diversas opciones y har\u00e1n recomendaciones que satisfagan sus necesidades y situaciones espec\u00edficas. Una vez que tenga un acuerdo en su lugar, estar\u00e1 listo para las carreras.<\/p>\n<p>Comercializaci\u00f3n al mundo.<\/p>\n<p>Somos una empresa de subastas de servicio completo, lo que significa que nos ocupamos de todo por usted: almacenar sus existencias, comercializar, gestionar todas las consultas e inspecciones de los compradores, vender sus acciones el d\u00eda de la subasta y cobrar las ganancias por usted.<\/p>\n<p>El marketing comienza de inmediato y r\u00e1pidamente se acelera. Las acciones que se venden se publican en nuestro sitio web en varios idiomas. Los anuncios impresos, el correo directo, el correo electr\u00f3nico y otros medios exponen sus acciones a compradores potenciales de todo el mundo y se centran en los lugares donde sus acciones tienen demanda.<\/p>\n<p>Preparar sus acciones para venderlas.<\/p>\n<p>Cuanto antes lleve sus acciones a nuestros sitios de subastas seguros, antes tendr\u00e1 mucho menos de qu\u00e9 preocuparse. Las existencias se registran en la oficina del patio. Si ha decidido realizar alg\u00fan trabajo de limpieza, reparaci\u00f3n o pintura antes del d\u00eda de la subasta, no hay problema, nosotros nos encargaremos de ello.<\/p>\n<p>Luego, recopilamos fotos de alta resoluci\u00f3n e informaci\u00f3n detallada de las existencias, cualquier detalle que ayude a los compradores potenciales, y cargamos esa informaci\u00f3n en nuestro sitio web (generalmente dentro de las 24-48 horas). Saber que las acciones vienen con un t\u00edtulo claro es importante para la mayor\u00eda de los compradores, por lo que tambi\u00e9n revisamos esto, donde podemos.<\/p>\n<p>Comienzan las inspecciones de stock.<\/p>\n<p>Luego, las acciones se mueven a la &quot;l\u00ednea lista&quot; en la sala principal de subastas, donde ver\u00e1 acciones similares ordenadamente alineadas y agrupadas por categor\u00eda. Eso facilita a los compradores potenciales probar, inspeccionar y comparar art\u00edculos similares en una ubicaci\u00f3n conveniente.<\/p>\n<p>La mayor\u00eda de las personas optan por probar las existencias antes de ofertar, especialmente en art\u00edculos de alto valor. Permitir ese tipo de acceso abierto y transparente beneficia a ambas partes: les da a los compradores confianza en lo que est\u00e1n haciendo y los vendedores se benefician de un mayor inter\u00e9s y demanda por sus art\u00edculos.<\/p>\n<p>D\u00eda de la subasta.<\/p>\n<p>Nuestras subastas son eventos grandes y emocionantes que atraen a cientos de personas de todo el pa\u00eds. Tenemos las acciones que la gente necesita, y las vendemos todas mediante subasta p\u00fablica sin reservas, sin ofertas m\u00ednimas ni precios de reserva. Ese compromiso marca la diferencia el d\u00eda de la subasta, como puede ver en este video:<\/p>\n<p>Videoclip de John Berry y tal vez algunas entrevistas:<\/p>\n<p>Nuestras subastas tambi\u00e9n se llevan a cabo en vivo, tanto en el sitio como en l\u00ednea. Es una operaci\u00f3n altamente organizada, y nuestro dedicado equipo de personal de servicio al cliente, subastadores, captadores de ofertas, servicios de Internet y personal de soporte tiene un objetivo en mente: ayudar a las personas a comprar y vender el equipo que necesitan de la manera m\u00e1s f\u00e1cil y eficiente posible.<\/p>\n<p>Las existencias estacionarias se venden en la sala principal utilizando pantallas para mostrar fotos adicionales y la licitaci\u00f3n en l\u00ednea en vivo. El objetivo es asegurarse de que los compradores se sientan c\u00f3modos y puedan ver exactamente por qu\u00e9 est\u00e1n pujando, ya sea en el sitio o en l\u00ednea.<\/p>\n<p>\u00a1Vendido!<\/p>\n<p>Los postores compiten ofreciendo ofertas cada vez m\u00e1s altas para cada art\u00edculo. Cuando se ha realizado la oferta m\u00e1s alta, el subastador anuncia &quot;\u00a1Vendido!&quot; y sus acciones tienen oficialmente un nuevo propietario. El n\u00famero de postor del comprador y el precio de venta se registran y se comparan con el n\u00famero de lote para que las cuentas se puedan liquidar despu\u00e9s de la subasta y pasar al siguiente art\u00edculo.<\/p>\n<p>En un nuevo cap\u00edtulo.<\/p>\n<p>Despu\u00e9s de la subasta, los compradores pagan sus compras y hacen arreglos para recolectar o enviar sus nuevas existencias fuera de nuestras instalaciones y hacia donde las necesiten, y los vendedores reciben los ingresos de la venta dentro de las tres semanas posteriores a la subasta.<\/p>\n<p>Si necesita vender acciones, comun\u00edquese con su representante local de Dabbid.com y descubra c\u00f3mo podemos ayudarlo.<\/p>\n<p>\u00bfNo encuentras lo que buscas? Comun\u00edquese directamente a trav\u00e9s de nuestro&nbsp;<a title=\"Cont\u00e1ctenos\" href=\"http:\/\/www.dabbid.com\/contact\/\">Cont\u00e1ctenos <\/a>o Comun\u00edquese con nosotros de manera confidencial para discutir sus requisitos de reestructuraci\u00f3n estrat\u00e9gica y recuperaci\u00f3n corporativa. Para programar una consulta con nosotros, entonces&nbsp;<a href=\"http:\/\/www.dabbid.com\/contact\/\">escr\u00edbanos<\/a>! a info@denisbarrett.com o por qu\u00e9 no llamar al +353 (0) 86410 9848<\/p>\n<p>Tambi\u00e9n puede mantenerse en contacto a trav\u00e9s de&nbsp;<a href=\"https:\/\/ie.linkedin.com\/in\/denis-barrett-05675213\">LinkedIn<\/a>,&nbsp;<a href=\"http:\/\/dabbid%20auction%20specialists\/\">Facebook<\/a>&nbsp;y&nbsp;<a href=\"https:\/\/twitter.com\/dabbidauction\">Gorjeo<\/a>.<\/p>","protected":false},"excerpt":{"rendered":"<p>Process \u2013 How we sell &amp; The Steps: From job site to auction to job site! How Dabbid.com sells stock. Every piece of stock that we sell has a story behind it, and probably plenty more ahead of it. Passing through our unreserved auctions is just one short chapter in the life of a piece [&hellip;]<\/p>\n","protected":false},"author":1,"featured_media":0,"parent":0,"menu_order":0,"comment_status":"closed","ping_status":"closed","template":"","meta":{"_et_pb_use_builder":"","_et_pb_old_content":"","_et_gb_content_width":"1080","footnotes":""},"class_list":["post-573","page","type-page","status-publish","hentry"],"brizy_media":[],"_links":{"self":[{"href":"https:\/\/denisbarrett.com\/es\/wp-json\/wp\/v2\/pages\/573","targetHints":{"allow":["GET"]}}],"collection":[{"href":"https:\/\/denisbarrett.com\/es\/wp-json\/wp\/v2\/pages"}],"about":[{"href":"https:\/\/denisbarrett.com\/es\/wp-json\/wp\/v2\/types\/page"}],"author":[{"embeddable":true,"href":"https:\/\/denisbarrett.com\/es\/wp-json\/wp\/v2\/users\/1"}],"replies":[{"embeddable":true,"href":"https:\/\/denisbarrett.com\/es\/wp-json\/wp\/v2\/comments?post=573"}],"version-history":[{"count":3,"href":"https:\/\/denisbarrett.com\/es\/wp-json\/wp\/v2\/pages\/573\/revisions"}],"predecessor-version":[{"id":1431,"href":"https:\/\/denisbarrett.com\/es\/wp-json\/wp\/v2\/pages\/573\/revisions\/1431"}],"wp:attachment":[{"href":"https:\/\/denisbarrett.com\/es\/wp-json\/wp\/v2\/media?parent=573"}],"curies":[{"name":"gracias","href":"https:\/\/api.w.org\/{rel}","templated":true}]}}