{"id":569,"date":"2018-11-17T18:22:01","date_gmt":"2018-11-17T18:22:01","guid":{"rendered":"https:\/\/denisbarrett.com\/?page_id=569"},"modified":"2020-12-19T20:17:50","modified_gmt":"2020-12-19T20:17:50","slug":"off-site-auction","status":"publish","type":"page","link":"https:\/\/denisbarrett.com\/es\/off-site-auction\/","title":{"rendered":"Subasta fuera del sitio"},"content":{"rendered":"<p>Perm\u00edtanos traerle la subasta ...<\/p>\n<p>Esta es una de nuestras especialidades.<\/p>\n<p>Si no est\u00e1 contento de realizar la subasta en sus instalaciones, cualquiera que no quiera poner en nuestro sitio de subastas permanente, no hay problema, podemos arrendar una propiedad adecuada para el tipo de stock. Nada es un problema y somos expertos en encontrar soluciones viables para usted.<\/p>\n<p>Lo manejamos todo de principio a fin. Ya sea que tenga una subasta de jubilaci\u00f3n, insolvencia o cese de cotizaci\u00f3n, podemos adaptar una soluci\u00f3n adecuada a sus necesidades.<\/p>\n<p>Beneficios del servicio de subastas fuera del sitio de Dabbid.com:<\/p>\n<ul>\n<li>Publicidad mundial de su stock. en una variedad de medios que incluyen publicaciones comerciales, revistas, peri\u00f3dicos, portales web, sitios web comerciales, as\u00ed como folletos de subastas enviados a nuestra extensa lista de correo de clientes en todo el mundo.<\/li>\n<li>Un servicio de subastas profesional que incluye subastadores, recolectores de ofertas, personal de administraci\u00f3n de Dabbid.com, cat\u00e1logo de subastas y ofertas gratuitas por Internet.<\/li>\n<li>Todas sus acciones vendidas en un corto per\u00edodo de tiempo.<\/li>\n<li>Ahorro de costos de transporte, ya que sus m\u00e1quinas no tienen que ser transportadas al dep\u00f3sito de Dabbid.com.<\/li>\n<\/ul>\n<p>Si est\u00e1 interesado en vender sus acciones utilizando el servicio externo de Dabbid.com<br \/>\nllamar al +353 (0) 86410 9848.<\/p>\n<p>Tambi\u00e9n puede mantenerse en contacto a trav\u00e9s de&nbsp;<a href=\"https:\/\/ie.linkedin.com\/in\/denis-barrett-05675213\">LinkedIn<\/a>,&nbsp;<a href=\"http:\/\/dabbid%20auction%20specialists\/\">Facebook<\/a>&nbsp;y&nbsp;<a href=\"https:\/\/twitter.com\/dabbidauction\">Gorjeo<\/a>.<\/p>\n<p><strong>&nbsp;<\/strong><strong>Ning\u00fan evento grande o peque\u00f1o<\/strong><\/p>","protected":false},"excerpt":{"rendered":"<p>Let us bring the auction to you\u2026 This is one of our specialities. If you\u2019re not happy to hold the auction on your premises, any don\u2019t want to put into our permanent auction site, no problem, we can lease a property suitable for type off stock. Nothing is a problem and we are experts at [&hellip;]<\/p>\n","protected":false},"author":1,"featured_media":0,"parent":0,"menu_order":0,"comment_status":"closed","ping_status":"closed","template":"","meta":{"_et_pb_use_builder":"","_et_pb_old_content":"","_et_gb_content_width":"1080","footnotes":""},"class_list":["post-569","page","type-page","status-publish","hentry"],"brizy_media":[],"_links":{"self":[{"href":"https:\/\/denisbarrett.com\/es\/wp-json\/wp\/v2\/pages\/569","targetHints":{"allow":["GET"]}}],"collection":[{"href":"https:\/\/denisbarrett.com\/es\/wp-json\/wp\/v2\/pages"}],"about":[{"href":"https:\/\/denisbarrett.com\/es\/wp-json\/wp\/v2\/types\/page"}],"author":[{"embeddable":true,"href":"https:\/\/denisbarrett.com\/es\/wp-json\/wp\/v2\/users\/1"}],"replies":[{"embeddable":true,"href":"https:\/\/denisbarrett.com\/es\/wp-json\/wp\/v2\/comments?post=569"}],"version-history":[{"count":4,"href":"https:\/\/denisbarrett.com\/es\/wp-json\/wp\/v2\/pages\/569\/revisions"}],"predecessor-version":[{"id":2965,"href":"https:\/\/denisbarrett.com\/es\/wp-json\/wp\/v2\/pages\/569\/revisions\/2965"}],"wp:attachment":[{"href":"https:\/\/denisbarrett.com\/es\/wp-json\/wp\/v2\/media?parent=569"}],"curies":[{"name":"gracias","href":"https:\/\/api.w.org\/{rel}","templated":true}]}}