{"id":565,"date":"2018-11-17T18:20:26","date_gmt":"2018-11-17T18:20:26","guid":{"rendered":"https:\/\/denisbarrett.com\/?page_id=565"},"modified":"2020-12-19T20:16:59","modified_gmt":"2020-12-19T20:16:59","slug":"questions-answered","status":"publish","type":"page","link":"https:\/\/denisbarrett.com\/es\/questions-answered\/","title":{"rendered":"Preguntas respondidas"},"content":{"rendered":"<p>Ya sea que su empresa sea grande o peque\u00f1a, o que tenga una topadora de una flota de camiones, puede vender con Dabbid.com. Hemos realizado subastas p\u00fablicas en vivo sin reservas desde 1998 y somos reconocidos en todo el mundo como una planta industrial pesada l\u00edder y subastador de maquinaria, propiedades y ganado, que ayuda a miles de vendedores en todo el mundo cada a\u00f1o.<\/p>\n<p>6 hechos sobre nuestras subastas<\/p>\n<p>1. Vendemos acciones para todas las industrias.<\/p>\n<p>Vendemos m\u00e1s material usado que cualquier otra empresa, y gran parte de \u00e9l es maquinaria agr\u00edcola tradicional y material. Pero tambi\u00e9n vendemos miles de art\u00edculos que se utilizan en otros sectores, adem\u00e1s de tierras agr\u00edcolas, terrenos urbanizados, forestales, dom\u00e9sticos y ganaderos.<\/p>\n<p>Si puede verlo, podemos vend\u00e9rselo.<\/p>\n<p>2. Realizamos subastas p\u00fablicas reservadas y no reservadas en vivo y solo en l\u00ednea.<\/p>\n<p>Llevamos a cabo subastas p\u00fablicas reservadas y sin reservas en vivo con ofertas en el sitio y en l\u00ednea. Cada subasta de Denis A. Barrett Auctions &amp; Dabbid.com se trata estrictamente por separado.<\/p>\n<p>La mayor\u00eda de las subastas manejadas a trav\u00e9s de Denis A. Barrett Auctions son subastas &quot;en el mercado&quot;, lo que significa que el art\u00edculo solo se vende al mejor postor, pero el vendedor tiene la \u00faltima palabra s\u00ed \/ no sobre el &quot;precio alcanzado&quot; en el oto\u00f1o. del Martillo.&nbsp;<\/p>\n<p>Pero la mayor\u00eda de las subastas se gestionan a trav\u00e9s de las subastas de Dabbid.com sin reservas. Eso significa que no hay ofertas m\u00ednimas ni precios de reserva, y cada art\u00edculo se vende al mejor postor el d\u00eda de la subasta.<\/p>\n<p><strong>Las subastas sin reserva son mejores para compradores y vendedores:<\/strong><\/p>\n<ul>\n<li>Atrae a m\u00e1s postores<\/li>\n<li>Crea valor justo de mercado global<\/li>\n<li>Da confianza a los compradores interesados<\/li>\n<li>Crea m\u00e1s competencia por las acciones.<\/li>\n<li>Resultados en mejores rendimientos<\/li>\n<li>Ofrece certeza de venta<\/li>\n<\/ul>\n<p>3. Usamos la tecnolog\u00eda antes que nadie.<\/p>\n<p>Denis A. Barrett Auctions y Dabbid.com han estado utilizando tecnolog\u00eda de licitaci\u00f3n en l\u00ednea desde 2004 y han estado utilizando licitaciones en l\u00ednea para todas nuestras ventas de ganado de raza pura desde 2013. - tradicional, en l\u00ednea o lo mejor de ambas.<\/p>\n<p>4. Ayudamos a empresas de todos los tama\u00f1os.<\/p>\n<p>Denis A. Barrett Auctions y Dabbid.com pueden ayudarlo a vender una o 100 piezas de stock. Ayudamos a empresas de todos los tama\u00f1os y tratamos a todos los clientes por igual, desde propietarios-operadores unipersonales hasta grandes multinacionales.<\/p>\n<p>5. Las subastas son la primera opci\u00f3n para muchos vendedores.<\/p>\n<p>La mayor\u00eda de los clientes de Denis A. Barrett Auctions y Dabbid.com representan negocios en curso y pr\u00f3speros: venden en nuestras subastas cuando necesitan renovar sus existencias o flotas o cuando cambian el enfoque de su negocio.<\/p>\n<p>6. Hemos operado en todo el mundo.<\/p>\n<p>Denis A. Barrett Auctions y Dabbid.com Auctions, a trav\u00e9s de su fundador, Denis Barrett, ha llevado a cabo subastas en todo el mundo, incluidos Irlanda y el Reino Unido, Europa continental, Oriente Medio, China, Philphinesndia y Kuwait. Tambi\u00e9n realizamos subastas en granjas, in situ, o alquilamos una propiedad para su subasta.<\/p>\n<p>\u00bfNo encuentras lo que buscas? Comun\u00edquese directamente a trav\u00e9s de nuestro&nbsp;<a href=\"https:\/\/denisbarrett.com\/es\/contact-us\/\">Cont\u00e1ctenos<\/a>&nbsp;o Comun\u00edquese con nosotros de manera confidencial para discutir cualquiera de sus requisitos de reestructuraci\u00f3n estrat\u00e9gica y recuperaci\u00f3n corporativa.<\/p>\n<p>Para programar una consulta con nosotros, entonces&nbsp;<a href=\"https:\/\/denisbarrett.com\/es\/contact-us\/\">escr\u00edbanos<\/a>! o por qu\u00e9 no llamar, +353 (0) 86410 9848<\/p>\n<p>Tambi\u00e9n puede mantenerse en contacto a trav\u00e9s de&nbsp;<a href=\"https:\/\/ie.linkedin.com\/in\/denis-barrett-05675213\">LinkedIn<\/a>,&nbsp;<a href=\"https:\/\/www.facebook.com\/DabbidOnlineAuctions\/\">Facebook<\/a>&nbsp;y&nbsp;<a href=\"https:\/\/twitter.com\/dabbidauction\">Gorjeo<\/a>.<\/p>\n<p style=\"text-align: center;\"><a href=\"https:\/\/denisbarrett.com\/es\/further-information\/\">Volver a la p\u00e1gina de informaci\u00f3n adicional:<\/a><\/p>\n\n\n<p><\/p>","protected":false},"excerpt":{"rendered":"<p>Whether your company is big or small, or you have one dozer of a fleet of trucks \u2013 you can sell with Dabbid.com We\u2019ve been conducting live unreserved public auctions since 1998 and are recognised&nbsp;around the world as a leading industrial heavy plant &amp; machinery, property and livestock auctioneer \u2013 helping thousands of sellers around [&hellip;]<\/p>\n","protected":false},"author":1,"featured_media":0,"parent":0,"menu_order":0,"comment_status":"closed","ping_status":"closed","template":"","meta":{"_et_pb_use_builder":"","_et_pb_old_content":"","_et_gb_content_width":"1080","footnotes":""},"class_list":["post-565","page","type-page","status-publish","hentry"],"brizy_media":[],"_links":{"self":[{"href":"https:\/\/denisbarrett.com\/es\/wp-json\/wp\/v2\/pages\/565","targetHints":{"allow":["GET"]}}],"collection":[{"href":"https:\/\/denisbarrett.com\/es\/wp-json\/wp\/v2\/pages"}],"about":[{"href":"https:\/\/denisbarrett.com\/es\/wp-json\/wp\/v2\/types\/page"}],"author":[{"embeddable":true,"href":"https:\/\/denisbarrett.com\/es\/wp-json\/wp\/v2\/users\/1"}],"replies":[{"embeddable":true,"href":"https:\/\/denisbarrett.com\/es\/wp-json\/wp\/v2\/comments?post=565"}],"version-history":[{"count":5,"href":"https:\/\/denisbarrett.com\/es\/wp-json\/wp\/v2\/pages\/565\/revisions"}],"predecessor-version":[{"id":1714,"href":"https:\/\/denisbarrett.com\/es\/wp-json\/wp\/v2\/pages\/565\/revisions\/1714"}],"wp:attachment":[{"href":"https:\/\/denisbarrett.com\/es\/wp-json\/wp\/v2\/media?parent=565"}],"curies":[{"name":"gracias","href":"https:\/\/api.w.org\/{rel}","templated":true}]}}