{"id":558,"date":"2018-11-17T18:10:11","date_gmt":"2018-11-17T18:10:11","guid":{"rendered":"https:\/\/denisbarrett.com\/?page_id=558"},"modified":"2020-12-19T20:18:15","modified_gmt":"2020-12-19T20:18:15","slug":"benefits-of-using-dabauction","status":"publish","type":"page","link":"https:\/\/denisbarrett.com\/es\/benefits-of-using-dabauction\/","title":{"rendered":"Beneficios de usar DABauction:"},"content":{"rendered":"<p>Beneficios de vender con DABauction:<\/p>\n<p>Compradores de todo el mundo: las subastas atraen a compradores de todo el mundo.<\/p>\n<p>Ofertas en vivo por Internet:&nbsp;<a href=\"http:\/\/live.dabbid.com\/\" target=\"_blank\" rel=\"noopener noreferrer\">live.dabbid.com<\/a>&nbsp;proporciona acceso a una base de datos global de miles de clientes en l\u00ednea. Este servicio gratuito de pujas por Internet permite a los compradores pujar, en tiempo real, durante cualquier venta de Dabbid.com. En promedio, los compradores en l\u00ednea representan m\u00e1s de 15% de ventas en cada subasta. Con tantos clientes en l\u00ednea interesados, los vendedores pueden estar seguros de que sus acciones obtendr\u00e1n un verdadero valor de mercado global.<\/p>\n<p>Amplia publicidad: cada subasta se comercializa de manera experta y todos los lotes se anuncian a la audiencia relevante en revistas especializadas y tambi\u00e9n en varias 3<sup>rd<\/sup>&nbsp;sitios web de fiestas.<\/p>\n<p>Dabbid.com no se centra en compradores locales \/ nacionales. Nuestro amplio conocimiento de la industria garantiza que los art\u00edculos de los Vendedores se anuncien en los mercados globales donde la demanda es mayor. Las alertas por correo electr\u00f3nico se env\u00edan a miles de compradores y todos los inventarios aparecen en el sitio web Dabbid.com. Esto crea una demanda \u00f3ptima para todos los lotes a la venta.<\/p>\n<p>Representantes de ventas expertos: los representantes de ventas est\u00e1n disponibles para ofrecer asesoramiento sobre env\u00edos, ya que conocen de primera mano la demanda de los diferentes tipos de stock y pueden anticipar f\u00e1cilmente los mercados actuales.<\/p>\n<p>Excelentes Instalaciones: Instalaciones confortables, limpias y climatizadas.<\/p>\n<p>Exportaci\u00f3n de altas ventas: los compradores internacionales de Dabbid.com garantizan que se exportan m\u00e1s de 15% de lotes de cada sitio despu\u00e9s de cada subasta, lo que elimina las desventajas de vender solo en los mercados locales.<\/p>\n<p>Compradores, no navegadores: la Pol\u00edtica sin reservas de Dabbid.com atrae a Compradores genuinos en lugar de Subastas reservadas que disuaden a los Compradores que operan dentro de un presupuesto.<\/p>\n<p>Tarifas competitivas: Dabbid.com se esfuerza por tener las tarifas del vendedor m\u00e1s competitivas para que sea asequible para los vendedores consignar cualquier tipo de stock o stock. a la subasta una y otra vez.<\/p>\n<p>Servicio de log\u00edstica: El servicio de log\u00edstica de Dabbid.com puede organizar una recogida y transporte r\u00e1pidos y asequibles directamente al lugar de la subasta.<\/p>\n<p>Servicio de limpieza \/ reparaci\u00f3n: Dabbid.com ofrece un servicio de reparaci\u00f3n y restauraci\u00f3n en cada sitio de subastas. Muchos vendedores aprovechan este servicio, ya que las m\u00e1quinas de buena calidad pueden obtener precios de martillo m\u00e1s altos.<\/p>\n<p>Pago r\u00e1pido: Dabbid.com puede convertir la planta y el stock. en efectivo r\u00e1pidamente, con el m\u00ednimo esfuerzo por parte de los Vendedores.<\/p>\n<p>\u00bfNo encuentras lo que buscas? Comun\u00edquese directamente a trav\u00e9s de nuestro&nbsp;<a title=\"Cont\u00e1ctenos\" href=\"http:\/\/www.dabbid.com\/contact\/\">Cont\u00e1ctenos<\/a>o Comun\u00edquese con nosotros de manera confidencial para discutir sus requisitos de reestructuraci\u00f3n estrat\u00e9gica y recuperaci\u00f3n corporativa. Para programar una consulta con nosotros, entonces&nbsp;<a href=\"http:\/\/www.dabbid.com\/contact\/\">escr\u00edbanos<\/a>! o por qu\u00e9 no llamar, +353 (0) 86410 9848<\/p>\n<p>Con\u00e9ctese con nosotros a trav\u00e9s de&nbsp;<a href=\"https:\/\/ie.linkedin.com\/in\/denis-barrett-05675213\">LinkedIn<\/a>,&nbsp;<a href=\"https:\/\/www.facebook.com\/DabbidOnlineAuctions\/\">Facebook<\/a>&nbsp;y&nbsp;<a href=\"https:\/\/twitter.com\/dabbidauction\">Gorjeo<\/a>.<\/p>","protected":false},"excerpt":{"rendered":"<p>Benefits of Selling with DABauction: Worldwide Buyers: Auctions attracts Buyers from around the globe. Live Internet Bidding:&nbsp;live.dabbid.com&nbsp;provides access to a global database of thousands of online customers. This Free Internet Bidding Service allows buyers to bid, in real-time, during any Dabbid.com sale. On average, online buyers account for over 15% of sales at each Auction. [&hellip;]<\/p>\n","protected":false},"author":1,"featured_media":0,"parent":0,"menu_order":0,"comment_status":"closed","ping_status":"closed","template":"","meta":{"_et_pb_use_builder":"","_et_pb_old_content":"","_et_gb_content_width":"1080","footnotes":""},"class_list":["post-558","page","type-page","status-publish","hentry"],"brizy_media":[],"_links":{"self":[{"href":"https:\/\/denisbarrett.com\/es\/wp-json\/wp\/v2\/pages\/558","targetHints":{"allow":["GET"]}}],"collection":[{"href":"https:\/\/denisbarrett.com\/es\/wp-json\/wp\/v2\/pages"}],"about":[{"href":"https:\/\/denisbarrett.com\/es\/wp-json\/wp\/v2\/types\/page"}],"author":[{"embeddable":true,"href":"https:\/\/denisbarrett.com\/es\/wp-json\/wp\/v2\/users\/1"}],"replies":[{"embeddable":true,"href":"https:\/\/denisbarrett.com\/es\/wp-json\/wp\/v2\/comments?post=558"}],"version-history":[{"count":2,"href":"https:\/\/denisbarrett.com\/es\/wp-json\/wp\/v2\/pages\/558\/revisions"}],"predecessor-version":[{"id":1430,"href":"https:\/\/denisbarrett.com\/es\/wp-json\/wp\/v2\/pages\/558\/revisions\/1430"}],"wp:attachment":[{"href":"https:\/\/denisbarrett.com\/es\/wp-json\/wp\/v2\/media?parent=558"}],"curies":[{"name":"gracias","href":"https:\/\/api.w.org\/{rel}","templated":true}]}}