{"id":552,"date":"2018-11-17T18:02:59","date_gmt":"2018-11-17T18:02:59","guid":{"rendered":"https:\/\/denisbarrett.com\/?page_id=552"},"modified":"2020-12-19T20:17:25","modified_gmt":"2020-12-19T20:17:25","slug":"what-we-do","status":"publish","type":"page","link":"https:\/\/denisbarrett.com\/es\/what-we-do\/","title":{"rendered":"Que hacemos"},"content":{"rendered":"<p>Nuestro proceso de subasta:<\/p>\n<p>Denis A. Barrett Auctions &amp; Dabbid.com vende m\u00e1s acciones usadas que cualquier otra compa\u00f1\u00eda, incluidas acciones de construcci\u00f3n, agr\u00edcolas, maquinaria y mucho m\u00e1s. Realizamos cientos de subastas p\u00fablicas sin reservas cada a\u00f1o, vendiendo miles de millones de d\u00f3lares en acciones pesadas para particulares y empresas de todos los tama\u00f1os; tambi\u00e9n operamos un mercado en l\u00ednea seguro llamado Dabbid.com, para las personas que prefieren comprar y vender de forma privada.<\/p>\n<p><img loading=\"lazy\" decoding=\"async\" class=\"size-full wp-image-1703 aligncenter\" src=\"https:\/\/denisbarrett.com\/wp-content\/uploads\/2020\/04\/Dabbid.jpg\" alt=\"\" width=\"230\" height=\"174\"><\/p>\n<p><span style=\"font-size: inherit;\">Obtenga m\u00e1s informaci\u00f3n sobre c\u00f3mo vender su <a href=\"https:\/\/denisbarrett.com\/es\/selling-process\/\">Valores<\/a> a trav\u00e9s de las subastas Denis A. Barrett Auctions y Dabbid.com, o cont\u00e1ctenos para discutir sus opciones.<\/span><\/p>\n<div class=\"entry-content\">\n<p><em><span style=\"color: #ff0000;\">Solo una nota: <\/span><\/em><\/p>\n<p><em><span style=\"color: #ff0000;\"><span style=\"color: #000000;\">Si bien la compa\u00f1\u00eda se estableci\u00f3 en 2003, Denis Barrett, el fundador de la empresa, ha estado en el negocio de las subastas durante m\u00e1s de 22 a\u00f1os y ha realizado m\u00e1s de 1,100 subastas en todo el mundo y comprende su negocio. Tenemos experiencia en la venta de todo tipo de activos \/ acciones y tenemos relaciones industriales excepcionalmente buenas en todo el mundo que marcar\u00e1n la diferencia cuando se trata de obtener los rendimientos que desea y necesita.<\/span> As\u00ed que, por favor, entrev\u00edstenos extensamente.<\/span><\/em><\/p>\n<p><strong>Nosotros nos encargamos de todo.<\/strong><\/p>\n<p>Cuando necesite volver a cablear su casa o hacer sus impuestos, llame a un profesional, porque le ahorra tiempo y dinero a largo plazo y le brinda el mejor resultado.<\/p>\n<p>Lo mismo se aplica a la venta de acciones. Hemos estado haciendo esto durante m\u00e1s de 22 a\u00f1os. Somos conocidos como expertos y ofrecemos soluciones de servicio completo que ayudan a personas como usted.<\/p>\n<p style=\"text-align: center;\">Menos molestias, mejores rendimientos.<\/p>\n<p>Cuando vende sus acciones con <span style=\"font-size: inherit;\">Denis A. Barrett Auctions y Dabbid<\/span>.com, tiene todo un equipo de expertos trabajando para usted: ventas, marketing, servicios de Internet, servicio al cliente, contabilidad y m\u00e1s.<\/p>\n<p>Nuestro servicio todo incluido le ahorra tiempo y dinero, por lo que puede concentrarse en administrar su negocio mientras trabajamos para obtener el m\u00e1ximo rendimiento.<\/p>\n<p>El servicio sin complicaciones que ahorra tiempo y dinero incluye:<\/p>\n<ul>\n<li>Almacenamiento seguro gratuito<\/li>\n<li>Fotos de alta resoluci\u00f3n y listados detallados en l\u00ednea<\/li>\n<li>Marketing integral multicanal y multiling\u00fce<\/li>\n<li>Cuidado, custodia y control<\/li>\n<li>Consultas e inspecciones del comprador<\/li>\n<li>Organizaci\u00f3n y realizaci\u00f3n de la subasta<\/li>\n<li>Liquidaciones posventa<\/li>\n<\/ul>\n<p>Todos los clientes, ya sea que vendan un art\u00edculo o cien, reciben el mismo servicio cort\u00e9s y profesional de personas que comprenden su industria y el negocio.<\/p>\n<p><strong>C\u00f3mo comercializamos sus acciones.<\/strong><\/p>\n<p>Existe una gran diferencia entre un listado en l\u00ednea simple y un marketing activo. Cuando vendes con <span style=\"font-size: inherit;\">Denis A. Barrett Auctions y Dabbid<\/span>.com, llega a todos los compradores potenciales, locales e internacionales, expertos en Internet y m\u00e1s tradicionales, para obtener los mejores resultados.<\/p>\n<p>Tenemos una base de datos masiva de compradores calificados y los dirigimos con marketing multicanal y multiling\u00fce, que incluye:<\/p>\n<ul>\n<li>Listados detallados en dabbid.com, nuestro sitio web multiling\u00fce l\u00edder en la industria<\/li>\n<li>publicidad en Internet<\/li>\n<li>Correo electr\u00f3nico y correo directo<\/li>\n<li>Folletos de subastas a todo color<\/li>\n<li>Publicaciones publicitarias de la industria: impresas y en l\u00ednea<\/li>\n<li>Publicidad local: peri\u00f3dicos y radio<\/li>\n<li>Relaciones p\u00fablicas y redes sociales<\/li>\n<\/ul>\n<p><strong>Deje que Denis A. Barrett Auctions &amp; Dabbid.com le traiga a los compradores<\/strong><\/p>\n<p>Cuando vende con Denis A. Barrett Auctions y Dabbid.com, se beneficia de los servicios de uno de los departamentos de marketing m\u00e1s grandes y con m\u00e1s experiencia de la industria, lo que brinda exposici\u00f3n de sus acciones a compradores de todo el mundo.<\/p>\n<p>Tambi\u00e9n se beneficiar\u00e1 de todo lo dem\u00e1s que hacemos para atraer compradores:<\/p>\n<ul>\n<li>Subastas estrictamente sin reservas<\/li>\n<li>Motor de b\u00fasqueda optimizado, sitio web en varios idiomas, con informaci\u00f3n detallada sobre las acciones.<\/li>\n<li>Sitios de subastas de primer nivel, con stock. disponible para probar e inspeccionar<\/li>\n<li>L\u00edder en la industria, f\u00e1cil de usar en l\u00ednea <a href=\"https:\/\/dabbid.hibid.com\/auctions\/\" target=\"_blank\" rel=\"noopener noreferrer\">plataforma de licitaci\u00f3n<\/a><\/li>\n<li>Limpie el t\u00edtulo o le ofreceremos un reembolso al comprador.<\/li>\n<li>Financiamiento de subasta de hasta 100% disponible<\/li>\n<li>Financiamiento, env\u00edo, seguros y otros servicios<\/li>\n<\/ul>\n<p>\u00bfNo encuentras lo que buscas? Comun\u00edquese directamente a trav\u00e9s de nuestro&nbsp;<a href=\"https:\/\/denisbarrett.com\/es\/contact-us\/\">Cont\u00e1ctenos<\/a> o Comun\u00edquese con nosotros de manera confidencial para discutir cualquiera de sus requisitos de reestructuraci\u00f3n estrat\u00e9gica y recuperaci\u00f3n corporativa.<\/p>\n<p>Para programar una consulta con nosotros, entonces <a href=\"https:\/\/denisbarrett.com\/es\/contact-us\/\">escr\u00edbanos<\/a>! o por qu\u00e9 no llamar, +353 (0) 86410 9848<\/p>\n<p>Tambi\u00e9n puede mantenerse en contacto a trav\u00e9s de&nbsp;<a href=\"https:\/\/ie.linkedin.com\/in\/denis-barrett-05675213\">LinkedIn<\/a>,&nbsp;<a href=\"https:\/\/www.facebook.com\/DabbidOnlineAuctions\/\">Facebook<\/a>&nbsp;y&nbsp;<a href=\"https:\/\/twitter.com\/dabbidauction\">Gorjeo<\/a>.<\/p>\n<p style=\"text-align: center;\"><a href=\"https:\/\/denisbarrett.com\/es\/further-information\/\">Volver a la p\u00e1gina de informaci\u00f3n adicional:<\/a><\/p>\n<\/div>","protected":false},"excerpt":{"rendered":"<p>Our Auction Process: Denis A. Barrett Auctions &amp; Dabbid.com sells more used stock than any other company, including construction stock, farm stock, machinery and much more. We conduct hundreds of unreserved public auctions each year, selling billions of dollars of heavy stock for private individuals and companies of all sizes; we also operate a secure [&hellip;]<\/p>\n","protected":false},"author":1,"featured_media":0,"parent":0,"menu_order":0,"comment_status":"closed","ping_status":"closed","template":"","meta":{"_et_pb_use_builder":"","_et_pb_old_content":"","_et_gb_content_width":"1080","footnotes":""},"class_list":["post-552","page","type-page","status-publish","hentry"],"brizy_media":[],"_links":{"self":[{"href":"https:\/\/denisbarrett.com\/es\/wp-json\/wp\/v2\/pages\/552","targetHints":{"allow":["GET"]}}],"collection":[{"href":"https:\/\/denisbarrett.com\/es\/wp-json\/wp\/v2\/pages"}],"about":[{"href":"https:\/\/denisbarrett.com\/es\/wp-json\/wp\/v2\/types\/page"}],"author":[{"embeddable":true,"href":"https:\/\/denisbarrett.com\/es\/wp-json\/wp\/v2\/users\/1"}],"replies":[{"embeddable":true,"href":"https:\/\/denisbarrett.com\/es\/wp-json\/wp\/v2\/comments?post=552"}],"version-history":[{"count":9,"href":"https:\/\/denisbarrett.com\/es\/wp-json\/wp\/v2\/pages\/552\/revisions"}],"predecessor-version":[{"id":2964,"href":"https:\/\/denisbarrett.com\/es\/wp-json\/wp\/v2\/pages\/552\/revisions\/2964"}],"wp:attachment":[{"href":"https:\/\/denisbarrett.com\/es\/wp-json\/wp\/v2\/media?parent=552"}],"curies":[{"name":"gracias","href":"https:\/\/api.w.org\/{rel}","templated":true}]}}