{"id":477,"date":"2018-02-20T08:23:34","date_gmt":"2018-02-20T08:23:34","guid":{"rendered":"https:\/\/denisbarrett.com\/?page_id=477"},"modified":"2020-12-19T20:13:30","modified_gmt":"2020-12-19T20:13:30","slug":"delicia-philanthropic-auctions","status":"publish","type":"page","link":"https:\/\/denisbarrett.com\/es\/delicia-philanthropic-auctions\/","title":{"rendered":"Filantr\u00f3pico"},"content":{"rendered":"<p>Delicia Philanthropic es nuestra Divisi\u00f3n de Subastas y Consultor\u00eda de Beneficios<\/p>\n\n\n\n<p>Delicia Philanthropic es la Divisi\u00f3n de Subastas y Consultor\u00eda de Beneficios del Grupo de Subastas Denis A. Barrett. Aqu\u00ed es donde retribuimos al asegurarnos de que las organizaciones para las que trabajamos generen la mayor cantidad de ingresos posible para garantizar que financian sus necesidades y deseos.<\/p>\n\n\n\n<p>\u00bfEst\u00e1s listo para recaudar m\u00e1s para tu organizaci\u00f3n sin fines de lucro?&nbsp;<\/p>\n\n\n\n<p>\u00a1Vea c\u00f3mo Delicia Philanthropic Services puede ayudarlo!<\/p>\n\n\n\n<p>Podemos ofrecer asesoramiento y apoyo en cualquier etapa, pero descubrimos que cuanto antes nos involucremos, mayor ser\u00e1 el beneficio que obtendremos.<\/p>\n\n\n\n<p class=\"has-text-align-center has-background\" style=\"background-color:#d2b766\">Sobre:<\/p>\n\n\n\n<p>Al realizar un evento que requiere un subastador, a veces puede encontrar oro con la ayuda de personas bien intencionadas, pero recuerde, solo tiene una oportunidad, su reputaci\u00f3n est\u00e1 en juego y, para ser franco, `` a veces &#039;&#039; nunca vale la pena arriesgarse.<\/p>\n\n\n\n<p>Con m\u00e1s de 22 a\u00f1os de experiencia en este campo, perm\u00edtame tomar la incertidumbre y la preocupaci\u00f3n de sus hombros y dejar que disfrute de una subasta exitosa. Si necesita a alguien que se pare en una habitaci\u00f3n llena de gente y extraiga dinero (de la mejor manera posible) de la multitud reunida ... Denis Barrett es su hombre &quot;.<\/p>\n\n\n\n<p>Denis Barrett, un vibrante profesional de las subastas, se nutre de los clientes y las organizaciones ben\u00e9ficas que apoya, la audiencia y la emoci\u00f3n de la recaudaci\u00f3n de fondos. Denis es un hombre din\u00e1mico cuya pasi\u00f3n es vivir la vida al m\u00e1ximo y brindar positividad a todos los que conoce. Su inter\u00e9s en la recaudaci\u00f3n de fondos comenz\u00f3 a una edad temprana y ha continuado floreciendo a lo largo de su carrera profesional.<\/p>\n\n\n\n<p>Graduado del World Wide College of Auctioneering, Denis ha hecho de su amor por hablar de cualquier cosa y de todo, una profesi\u00f3n plenamente realizada. Apasionado por cada cliente y la organizaci\u00f3n ben\u00e9fica con la que trabaja, brindar\u00e1 un servicio y un conocimiento insuperables de los art\u00edculos y las organizaciones.<\/p>\n\n\n\n<p>Denis, siempre referido como &quot;vibrante&quot; y un verdadero animador, ilumina a la multitud con su energ\u00eda positiva, su precisi\u00f3n y su capacidad para mantener a la audiencia, ya sea grande o peque\u00f1a, completamente comprometida.&nbsp;&nbsp;<\/p>\n\n\n\n<div class=\"wp-block-group is-layout-flow wp-block-group-is-layout-flow\"><div class=\"wp-block-group__inner-container\"><\/div><\/div>\n\n\n\n<div class=\"wp-block-group\"><div class=\"wp-block-group__inner-container is-layout-flow wp-block-group-is-layout-flow\">\n<div class=\"wp-block-group\"><div class=\"wp-block-group__inner-container is-layout-flow wp-block-group-is-layout-flow\">\n<div class=\"wp-block-group\"><div class=\"wp-block-group__inner-container is-layout-flow wp-block-group-is-layout-flow\">\n<div class=\"wp-block-group has-background\" style=\"background-color:#d2b766\"><div class=\"wp-block-group__inner-container is-layout-flow wp-block-group-is-layout-flow\">\n<p class=\"has-text-align-center\">\u00bfPor qu\u00e9?<\/p>\n\n\n\n<ul class=\"wp-block-list\"><li>\u00a1En Delicia amamos lo que hacemos y lo hacemos bien!<\/li><li>Delicia realiza subastas de beneficios de todo tipo, incluso en l\u00ednea.<\/li><li>\u00a1Delicia hace que tus subastas sean divertidas!<\/li><li>Delicia cree en el valor de las subastas de recaudaci\u00f3n de fondos.<\/li><li>Delicia honra a su organizaci\u00f3n y la representa profesionalmente.<\/li><li>Delicia se comporta como una profesional.<\/li><li>Delicia participa en educaci\u00f3n continua.<\/li><\/ul>\n\n\n\n<p>Como subastador profesional de recaudaci\u00f3n de fondos, Denis genera m\u00e1s ingresos y hace que la velada sea agradable y memorable para sus invitados.<\/p>\n\n\n\n<p class=\"has-text-align-center\">\u00a1Deje que le ayude a hacer que su pr\u00f3xima subasta sea la m\u00e1s rentable!<\/p>\n<\/div><\/div>\n<\/div><\/div>\n<\/div><\/div>\n\n\n\n<div class=\"wp-block-group is-layout-flow wp-block-group-is-layout-flow\"><div class=\"wp-block-group__inner-container\"><\/div><\/div>\n<\/div><\/div>\n\n\n\n<p><\/p>\n\n\n\n<p>Consultor\u00eda de subasta de beneficios:<\/p>\n\n\n\n<p class=\"has-text-align-center\"><em>Su planificaci\u00f3n debe estar dedicada a su organizaci\u00f3n sin fines de lucro.<\/em> <em>Perm\u00edtanos mostrarle c\u00f3mo manejamos el resto.<\/em><\/p>\n\n\n\n<p>Proceso:<\/p>\n\n\n\n<p>Si se pregunta &quot;\u00bfPor d\u00f3nde empezamos?&quot;<\/p>\n\n\n\n<p>Est\u00e1 justo aqu\u00ed.<\/p>\n\n\n\n<p>Planear un beneficio de recaudaci\u00f3n de fondos o una subasta silenciosa de caridad puede ser abrumador, y es f\u00e1cil comenzar a organizarse antes de que sienta que est\u00e1 haciendo malabarismos con m\u00e1s de lo que un pulpo podr\u00eda manejar. \u00bfSuena familiar? \u00bfQuiz\u00e1s no la parte del pulpo, pero el resto?<\/p>\n\n\n\n<p>Afortunadamente, hay alguien que puede quitarle el estr\u00e9s de planificar una subasta de recaudaci\u00f3n de fondos y lo ha encontrado. Delicia es m\u00e1s que un subastador de recaudaci\u00f3n de fondos o un planificador de eventos ben\u00e9ficos, sino tambi\u00e9n un recurso. Combinamos lo mejor de las subastas en vivo y silenciosas y la planificaci\u00f3n de eventos de recaudaci\u00f3n de fondos para crear eventos de alto nivel y un entorno que deja a sus invitados emocionados de apoyar su causa todos los a\u00f1os.<\/p>\n\n\n\n<p>Noche de subasta de recaudaci\u00f3n de fondos<\/p>\n\n\n\n<p>Con el conocimiento de c\u00f3mo crear la lista de invitados de sus beneficios de caridad, capacite a sus voluntarios y con\u00e9ctese con los donantes m\u00e1s generosos. Delicia ofrece subastadores y asistentes de recaudaci\u00f3n de fondos galardonados para entretener a sus invitados durante todo el beneficio de caridad. Aqu\u00ed es donde podr\u00edamos decir algo como que ponemos la DIVERSI\u00d3N en la recaudaci\u00f3n de fondos, pero nos abstendremos, porque eso podr\u00eda ser cursi. En cambio, solo prometeremos encantar y entretener a sus invitados, utilizando nuestra habilidad estrat\u00e9gica para crear el ambiente para las donaciones m\u00e1s generosas.<\/p>\n\n\n\n<p>Contrata a Delicia para tu pr\u00f3xima subasta. Nos encantar\u00eda trabajar contigo.<\/p>\n\n\n\n<p>Consultante:<\/p>\n\n\n\n<p>Somos Delicia, tu consulta inicial es gratuita. La recaudaci\u00f3n de fondos a veces puede parecer confusa, incluso aterradora\u2026 pero no tiene por qu\u00e9 serlo. Comun\u00edquese con el equipo de Delicia para reunirse con usted y discutir su evento y necesidades espec\u00edficas. Aprender\u00e1 c\u00f3mo nuestros servicios lo ayudar\u00e1n a alcanzar sus objetivos.<\/p>\n\n\n\n<p>No lo haga solo, aproveche la experiencia y los conocimientos de Delicia. Har\u00e1n que su evento se desarrolle sin problemas y aumentar\u00e1n sus resultados.<\/p>\n\n\n\n<p>Cuando contrate a Delicia para realizar su subasta de recaudaci\u00f3n de fondos, recibir\u00e1 una amplia asesor\u00eda previa a la subasta. Ya sea que su evento sea un nuevo esfuerzo o una tradici\u00f3n de la comunidad, ellos trabajan con usted para maximizar el potencial de ingresos de su evento y, al mismo tiempo, garantizar un evento entretenido, divertido y emocionante.<\/p>\n\n\n\n<p>Puede esperar soluciones creativas a los desaf\u00edos que enfrenta su comit\u00e9 de planificaci\u00f3n. Su organizaci\u00f3n recibir\u00e1 orientaci\u00f3n desde la planificaci\u00f3n inicial hasta la conclusi\u00f3n posterior al evento. Trabajan exclusivamente con asociaciones, fundaciones, organizaciones ben\u00e9ficas y otras organizaciones sin fines de lucro. \u00a1Trabajan con usted para garantizar que su pr\u00f3xima subasta sea la m\u00e1s exitosa de la historia!<\/p>\n\n\n\n<p>Se necesitan entre 6 y 12 meses de arduo trabajo y planificaci\u00f3n para realizar una subasta de beneficios exitosa. \u00bfNo tiene sentido contratar un equipo profesional de subastas de beneficios para que lo ayude a planificar el evento y realizar la subasta en vivo?<\/p>\n\n\n\n<p>Muchas organizaciones trabajan todo un a\u00f1o para crear una noche m\u00e1gica. Obtienen art\u00edculos de subasta fant\u00e1sticos, persuaden a personas prominentes para que asistan a su evento y luego entregan la velada a alguien que no est\u00e1 calificado para llevar a cabo la subasta.<\/p>\n\n\n\n<p>\u00a1\u00a1No cometas este error !! Su organizaci\u00f3n, y los clientes a los que sirve, dependen del \u00e9xito de su subasta. \u00a1No espere hasta el \u00faltimo minuto para contactar al equipo de Delicia! El momento, la estructura y el flujo de su evento son extremadamente cruciales. Cada evento camina por la cuerda floja entre una &quot;fiesta&quot; y una &quot;recaudaci\u00f3n de fondos&quot;. Lograr el equilibrio adecuado asegura que sus invitados se diviertan mientras usted genera los euros que su organizaci\u00f3n necesita.<\/p>\n\n\n\n<p>\u00c1reas de consultor\u00eda:<\/p>\n\n\n\n<ul class=\"wp-block-list\"><li>Calendario de planificaci\u00f3n de subastas \/ cronogramas<\/li><li>Desarrollando tu tema<\/li><li>Lugar de la subasta y cu\u00e1nto espacio necesita para su evento<\/li><li>N\u00famero correcto de art\u00edculos de subasta en vivo y silenciosos<\/li><li>Juegos de subastas y otras ideas para mejorar los ingresos<\/li><li>Ideas de adquisici\u00f3n de art\u00edculos - qu\u00e9 se vende - fiesta de adquisici\u00f3n - art\u00edculos de factor sorpresa<\/li><li>Desarrollo de audiencia<\/li><li>Subasta silenciosa<\/li><li>Art\u00edculos<\/li><li>Mostrar<\/li><li>Espacio necesario<\/li><li>Hora y orden de cierre adecuados<\/li><li>Tablero grande<\/li><li>Disposici\u00f3n de la habitaci\u00f3n<\/li><\/ul>\n\n\n\n<p>Servicios adicionales:<\/p>\n\n\n\n<p class=\"has-text-align-center\">&quot;LAS SUBASTAS DE RECAUDACI\u00d3N DE FONDOS EN VIVO NO SON COMO CUALQUIER OTRO EVENTO DE CARIDAD&quot;<\/p>\n\n\n\n<p>Ofrecen desaf\u00edos \u00fanicos, ya que el objetivo no es simplemente vender art\u00edculos, sino tambi\u00e9n hacer que la audiencia se entusiasme con la misi\u00f3n de su organizaci\u00f3n. \u00a1Inspiramos a la audiencia para que hagan ofertas altas y con frecuencia!<\/p>\n\n\n\n<p>\u00a1Elegir el equipo adecuado para motivar a sus invitados a abrir sus talonarios de cheques se pagar\u00e1 solo! Como subastadores profesionales, generaremos m\u00e1s ingresos, comunicaremos su misi\u00f3n y haremos que la velada sea m\u00e1s agradable para sus invitados. Las organizaciones creen que ahorrar\u00e1n dinero si utilizan a un voluntario o una celebridad local para realizar la subasta. Si bien utilizar un subastador voluntario en lugar de un subastador pagado puede parecer una opci\u00f3n menos costosa, su organizaci\u00f3n perder\u00e1 ingresos. Los novatos dejan dinero sobre la mesa porque no pueden maximizar las ofertas.<\/p>\n\n\n\n<p>Del mismo modo, Delicia tambi\u00e9n proporciona hombres de anillo profesionales (asistentes de subasta) en lugar de depender de voluntarios. Los operarios profesionales est\u00e1n capacitados para ayudar y comunicarse adecuadamente con sus invitados durante la subasta en vivo. Son estimuladores de subastas y son miembros valiosos del equipo de subastas. Saben c\u00f3mo incitar al invitado a pujar unas cuantas veces m\u00e1s por un art\u00edculo, lo que aumenta enormemente el dinero recaudado durante la subasta en vivo. Por estas razones, las contribuciones hechas por los hombres de anillo profesionales en una subasta de beneficios son m\u00e1s valiosas para los esfuerzos de recaudaci\u00f3n de fondos que un equipo voluntario de observadores de ofertas en su evento.<\/p>\n\n\n\n<p>El personal de Delicia son subastadores y hombres de anillo eficaces. Entendemos el entorno de la recaudaci\u00f3n de fondos mejor que un voluntario o una celebridad. <\/p>\n\n\n\n<p>Si desea llevar su recaudaci\u00f3n de fondos a otro nivel, considere agregar una subasta en l\u00ednea al evento en vivo.<\/p>\n\n\n\n<p>Licitaci\u00f3n en l\u00ednea:<\/p>\n\n\n\n<p>\u00a1Beneficios de agregar una subasta en l\u00ednea a su evento!<\/p>\n\n\n\n<p>Cuando agrega una subasta en l\u00ednea a su evento en vivo, puede anunciar el evento, honrar a sus patrocinadores y aceptar ofertas en ausencia semanas antes de su gala, \u00a1aumentando as\u00ed el conocimiento de su organizaci\u00f3n y recaudando m\u00e1s dinero! La mayor\u00eda de los postores consideran sus compras en subastas en l\u00ednea fuera de sus donaciones anuales habituales.<\/p>\n\n\n\n<p>Las subastas de recaudaci\u00f3n de fondos en l\u00ednea benefician a organizaciones ben\u00e9ficas, licitadores y patrocinadores:<\/p>\n\n\n\n<p>\u2022 Las organizaciones ben\u00e9ficas y sin fines de lucro se benefician porque llegan a una audiencia m\u00e1s amplia, recaudando m\u00e1s dinero y concienciando a su causa.<\/p>\n\n\n\n<p>\u2022 Los postores se benefician al poder ofertar y comprar art\u00edculos a su conveniencia mientras, al mismo tiempo, apoyan sus causas favoritas. \u00a1La subasta en l\u00ednea los conecta con su subasta incluso si no pueden asistir a su fiesta!<\/p>\n\n\n\n<p>\u2022 Los patrocinadores se benefician de la publicidad en su sitio. Una subasta en l\u00ednea genera mucho tr\u00e1fico al sitio web y las empresas se benefician de la exposici\u00f3n positiva en l\u00ednea.<\/p>\n\n\n\n<p>Eventos solo en l\u00ednea<\/p>\n\n\n\n<p>Si su organizaci\u00f3n carece de los recursos que necesita para realizar un evento de gala, considere una subasta solo en l\u00ednea. Realizar una subasta en l\u00ednea con Delicia puede ser un mecanismo de recaudaci\u00f3n de fondos independiente que atrae a compradores de todo el mundo y educa a una amplia audiencia sobre su causa.<\/p>","protected":false},"excerpt":{"rendered":"<p>Delicia Philanthropic is our Benefits Consulting &amp; Auction Division Delicia Philanthropic is the Benefits Consulting &amp; Auction Division of the Denis A. Barrett Auction Group. This is where we give back through ensuring the organisations we work for generate as much Revenue as possible to ensure fund there needs and desires. Are you ready to [&hellip;]<\/p>\n","protected":false},"author":1,"featured_media":0,"parent":0,"menu_order":0,"comment_status":"closed","ping_status":"closed","template":"","meta":{"_et_pb_use_builder":"","_et_pb_old_content":"","_et_gb_content_width":"1080","footnotes":""},"class_list":["post-477","page","type-page","status-publish","hentry"],"brizy_media":[],"_links":{"self":[{"href":"https:\/\/denisbarrett.com\/es\/wp-json\/wp\/v2\/pages\/477","targetHints":{"allow":["GET"]}}],"collection":[{"href":"https:\/\/denisbarrett.com\/es\/wp-json\/wp\/v2\/pages"}],"about":[{"href":"https:\/\/denisbarrett.com\/es\/wp-json\/wp\/v2\/types\/page"}],"author":[{"embeddable":true,"href":"https:\/\/denisbarrett.com\/es\/wp-json\/wp\/v2\/users\/1"}],"replies":[{"embeddable":true,"href":"https:\/\/denisbarrett.com\/es\/wp-json\/wp\/v2\/comments?post=477"}],"version-history":[{"count":13,"href":"https:\/\/denisbarrett.com\/es\/wp-json\/wp\/v2\/pages\/477\/revisions"}],"predecessor-version":[{"id":2962,"href":"https:\/\/denisbarrett.com\/es\/wp-json\/wp\/v2\/pages\/477\/revisions\/2962"}],"wp:attachment":[{"href":"https:\/\/denisbarrett.com\/es\/wp-json\/wp\/v2\/media?parent=477"}],"curies":[{"name":"gracias","href":"https:\/\/api.w.org\/{rel}","templated":true}]}}