{"id":295,"date":"2016-11-07T10:50:31","date_gmt":"2016-11-07T10:50:31","guid":{"rendered":"https:\/\/denisbarrett.com\/?page_id=295"},"modified":"2020-12-19T20:20:55","modified_gmt":"2020-12-19T20:20:55","slug":"dabbid-com","status":"publish","type":"page","link":"https:\/\/denisbarrett.com\/es\/dabbid-com\/","title":{"rendered":"Dabbid.com"},"content":{"rendered":"<div class=\"wp-block-image\"><figure class=\"aligncenter size-large\"><img loading=\"lazy\" decoding=\"async\" width=\"1024\" height=\"224\" src=\"https:\/\/denisbarrett.com\/wp-content\/uploads\/2020\/04\/Dabbid-online-1-1024x224.png\" alt=\"new-dabbid-logo\" class=\"wp-image-1678\" srcset=\"https:\/\/denisbarrett.com\/wp-content\/uploads\/2020\/04\/Dabbid-online-1-1024x224.png 1024w, https:\/\/denisbarrett.com\/wp-content\/uploads\/2020\/04\/Dabbid-online-1-300x66.png 300w, https:\/\/denisbarrett.com\/wp-content\/uploads\/2020\/04\/Dabbid-online-1-768x168.png 768w, https:\/\/denisbarrett.com\/wp-content\/uploads\/2020\/04\/Dabbid-online-1-1536x336.png 1536w, https:\/\/denisbarrett.com\/wp-content\/uploads\/2020\/04\/Dabbid-online-1-2048x448.png 2048w, https:\/\/denisbarrett.com\/wp-content\/uploads\/2020\/04\/Dabbid-online-1-1600x350.png 1600w\" sizes=\"(max-width: 1024px) 100vw, 1024px\" \/><\/figure><\/div>\n\n\n\n<p><strong>Dabbid.com<\/strong> es un nombre comercial de Denis A. Barrett Property Solutions &amp; Auction Marketing Group. <strong>Dabbid.com <\/strong>ha estado dando resultados desde que abrimos en 2003. Nuestro objetivo es brindar una experiencia superior al cliente y un valor tremendo para nuestros clientes.<\/p>\n\n\n\n<p><strong>Dabbid.com&nbsp;<\/strong>es una casa de subastas que cree en hacer bien las subastas. Utilizamos una combinaci\u00f3n de herramientas de marketing para ofrecerle el mejor precio posible para sus art\u00edculos, incluidas subastas minoristas, en l\u00ednea y de transmisi\u00f3n simult\u00e1nea en vivo. <\/p>\n\n\n\n<p><strong>Dabbid.com<\/strong> El fundador Denis Barrett tiene m\u00e1s de 22 a\u00f1os de experiencia en <strong>La industria de las subastas <\/strong>y hab\u00eda realizado<strong> m\u00e1s de 1.100 subastas en todo el mundo <\/strong>y le apasiona superar sus expectativas.<\/p>\n\n\n\n<p>Estamos totalmente autorizados por la PSRA (Autoridad Reguladora de Servicios a la Propiedad) N\u00famero de licencia 004098. Cumplimos con los impuestos y estamos totalmente vinculados y asegurados.<\/p>\n\n\n\n<p class=\"has-text-align-center\"><strong><em>Retorno de ingresos por activos excedentes: Nuestra gama de servicios proporciona un m\u00e9todo profesional y eficaz de disposici\u00f3n de activos y realizaci\u00f3n de efectivo:<\/em><\/strong><\/p>\n\n\n\n<p>Amamos a nuestros clientes y agradecemos sus comentarios y sugerencias. Cont\u00e1ctenos de manera confidencial para discutir cualquiera de sus requisitos de reestructuraci\u00f3n estrat\u00e9gica y recuperaci\u00f3n corporativa. <\/p>\n\n\n\n<figure class=\"wp-block-image size-large\"><img loading=\"lazy\" decoding=\"async\" width=\"1024\" height=\"224\" src=\"https:\/\/denisbarrett.com\/wp-content\/uploads\/2020\/04\/Dabbid-online-1-1024x224.png\" alt=\"\" class=\"wp-image-1678\" srcset=\"https:\/\/denisbarrett.com\/wp-content\/uploads\/2020\/04\/Dabbid-online-1-1024x224.png 1024w, https:\/\/denisbarrett.com\/wp-content\/uploads\/2020\/04\/Dabbid-online-1-300x66.png 300w, https:\/\/denisbarrett.com\/wp-content\/uploads\/2020\/04\/Dabbid-online-1-768x168.png 768w, https:\/\/denisbarrett.com\/wp-content\/uploads\/2020\/04\/Dabbid-online-1-1536x336.png 1536w, https:\/\/denisbarrett.com\/wp-content\/uploads\/2020\/04\/Dabbid-online-1-2048x448.png 2048w, https:\/\/denisbarrett.com\/wp-content\/uploads\/2020\/04\/Dabbid-online-1-1600x350.png 1600w\" sizes=\"(max-width: 1024px) 100vw, 1024px\" \/><\/figure>\n\n\n\n<p class=\"has-text-align-center\"><strong>Cont\u00e1ctenos:<\/strong><\/p>\n\n\n\n<p class=\"has-text-align-center\">Llame: +353 (0) 86410 9848<\/p>\n\n\n\n<p class=\"has-text-align-center\">Email:&nbsp;<a href=\"mailto:info@dabbid.com\">info@dabbid.com<\/a><\/p>\n\n\n\n<p class=\"has-text-align-center\">Tambi\u00e9n puede mantenerse en contacto a trav\u00e9s de <a href=\"https:\/\/ie.linkedin.com\/in\/denis-barrett-05675213\">LinkedIn<\/a>, <a href=\"https:\/\/www.facebook.com\/DabbidOnlineAuctions\/\">Facebook<\/a> y <a href=\"https:\/\/twitter.com\/dabbidauction\">Gorjeo<\/a>.<\/p>\n\n\n\n<p>Aprender m\u00e1s acerca de <a href=\"\/es\/about-dabbid-com\/\">DABBID.com<\/a><\/p>","protected":false},"excerpt":{"rendered":"<p>Dabbid.com is a trading name of Denis A. Barrett Property Solutions &amp; Auction Marketing Group. Dabbid.com has been delivering results since we opened in 2003. Our goal is to provide both superior customer experience and tremendous value for our customers. Dabbid.com&nbsp;is an auction house that&nbsp;believes&nbsp;in doing auctions right. We use a combination of marketing tools, [&hellip;]<\/p>\n","protected":false},"author":1,"featured_media":0,"parent":0,"menu_order":3,"comment_status":"closed","ping_status":"closed","template":"","meta":{"_et_pb_use_builder":"","_et_pb_old_content":"","_et_gb_content_width":"1080","footnotes":""},"class_list":["post-295","page","type-page","status-publish","hentry"],"brizy_media":[],"_links":{"self":[{"href":"https:\/\/denisbarrett.com\/es\/wp-json\/wp\/v2\/pages\/295","targetHints":{"allow":["GET"]}}],"collection":[{"href":"https:\/\/denisbarrett.com\/es\/wp-json\/wp\/v2\/pages"}],"about":[{"href":"https:\/\/denisbarrett.com\/es\/wp-json\/wp\/v2\/types\/page"}],"author":[{"embeddable":true,"href":"https:\/\/denisbarrett.com\/es\/wp-json\/wp\/v2\/users\/1"}],"replies":[{"embeddable":true,"href":"https:\/\/denisbarrett.com\/es\/wp-json\/wp\/v2\/comments?post=295"}],"version-history":[{"count":19,"href":"https:\/\/denisbarrett.com\/es\/wp-json\/wp\/v2\/pages\/295\/revisions"}],"predecessor-version":[{"id":2967,"href":"https:\/\/denisbarrett.com\/es\/wp-json\/wp\/v2\/pages\/295\/revisions\/2967"}],"wp:attachment":[{"href":"https:\/\/denisbarrett.com\/es\/wp-json\/wp\/v2\/media?parent=295"}],"curies":[{"name":"gracias","href":"https:\/\/api.w.org\/{rel}","templated":true}]}}