{"id":2565,"date":"2020-05-28T18:10:06","date_gmt":"2020-05-28T17:10:06","guid":{"rendered":"https:\/\/denisbarrett.com\/?page_id=2565"},"modified":"2020-12-25T14:07:27","modified_gmt":"2020-12-25T14:07:27","slug":"seller-information","status":"publish","type":"page","link":"https:\/\/denisbarrett.com\/es\/seller-information\/","title":{"rendered":"Informaci\u00f3n del vendedor"},"content":{"rendered":"<p>C\u00f3mo vender &quot;al estilo del centro de subastas de ganado de DAB&quot;<\/p>\n\n\n\n<p>DAB Livestock Auction Hub ha creado un mercado ganadero nacional donde los precios se descubren mediante licitaciones competitivas, sin tener en cuenta las condiciones clim\u00e1ticas locales o la demanda. A trav\u00e9s de su red de marketing nacional, DAB Livestock Auction Hub puede servir a vendedores y compradores en todo Estados Unidos.<\/p>\n\n\n\n<p>El ganado se vende por contrato para entrega inmediata o futura, lo que se adapte a sus necesidades y expectativas del mercado. A diferencia de los m\u00e9todos de comercializaci\u00f3n convencionales, usted tiene la oportunidad de ofrecer su ganado, en una subasta, a m\u00e1s de 2500 compradores registrados mientras a\u00fan se encuentra en su granja o explotaci\u00f3n y se muestra en su entorno natural.<\/p>\n\n\n\n<p>Para comenzar el proceso, visite nuestro&nbsp;<a href=\"https:\/\/denisbarrett.com\/es\/find-a-representative\/\">Encontrar una p\u00e1gina de representante<\/a> y busque el representante o representantes m\u00e1s cercanos a usted. O puede llamarnos y lo ayudaremos a encontrar un representante cerca de usted.<\/p>\n\n\n\n<p>Tiene tres opciones en marketing a trav\u00e9s de Denis A. Barrett Auctions &amp; Pedigree Sales.<\/p>\n\n\n\n<ul class=\"wp-block-list\"><li>Nuestras subastas de producci\u00f3n de pedigr\u00ed:<ul><li>Esto es para ganado registrado, no registrado, tanto para ganado lechero como para ganado vacuno y de reemplazo.&nbsp;<\/li><\/ul><\/li><\/ul>\n\n\n\n<ul class=\"wp-block-list\"><li>Subastas de ganado online: (OLA)<\/li><\/ul>\n\n\n\n<ul class=\"wp-block-list\"><li>Esto es m\u00e1s adecuado para no criar ganado: destetes, almacenes, bueyes gordos, vacas de desecho, novillas de destete y carnicero.<\/li><\/ul>\n\n\n\n<ul class=\"wp-block-list\"><li>Se aceptan cargas individuales y grupales.<\/li><\/ul>\n\n\n\n<p>Toda la informaci\u00f3n est\u00e1 relacionada con fuentes confiables; consulte tambi\u00e9n las pautas que utilizan nuestros representantes en las inspecciones de animales.<\/p>\n\n\n\n<p>Importamos los datos de animales de Animal Identification and Movements (AIM), Irish Cattle Breeding Federation (ICBF) a la plataforma DAB Livestock Hub.<\/p>\n\n\n\n<p>Los videos se graban en la granja y se cargan en el sistema DAB Livestock Hub.<\/p>\n\n\n\n<p>Los pesos confirmados se ingresan utilizando las propias b\u00e1sculas de los vendedores, pero los pesos confirmados por un inspector de Livestock Hub, un veterinario, un asesor de Teagasc, etc. tambi\u00e9n podr\u00eda utilizarse.<\/p>\n\n\n\n<p>Se ingresan los pesos estimados, a menos que el vendedor tenga una balanza. Si solo se proporcionaran los pesos estimados, los pesos se determinar\u00edan mediante el sistema anterior o mediante las NIF o similar y el precio por kilo se modificar\u00eda en funci\u00f3n del peso real.<\/p>\n\n\n\n<p>Los compradores luego recolectar\u00edan los animales o se encargar\u00edan de que los animales recolectaran animales en la granja o explotaci\u00f3n. El centro de ganado estar\u00eda presente para la carga o el transportista de ganado de confianza. Los movimientos CMMS \/ AIM se tratar\u00e1n en este punto.<\/p>\n\n\n\n<p>El Centro de subastas de ganado de DAB lleva a cabo subastas de producci\u00f3n durante todo el a\u00f1o y ventas de la granja a la granja: mercado diario \/ Comprar ahora todos los d\u00edas. Las subastas de video se transmiten en vivo por Internet desde la oficina y el estudio de DAB Livestock Auction Hub.<\/p>\n\n\n\n<p>El ganado se ofrece a la venta en la p\u00e1gina Comprar ahora del mercado diario de la granja a la granja todos los d\u00edas de la semana y todas las semanas del a\u00f1o.<\/p>\n\n\n\n<p>Cuando consigne su ganado, un representante del Centro de subastas de ganado de DAB ir\u00e1 a su granja o explotaci\u00f3n para filmar su ganado y preparar un contrato de env\u00edo que describa el ganado y establezca los t\u00e9rminos y condiciones de la venta.<\/p>\n\n\n\n<p>Tambi\u00e9n firma un formulario de autorizaci\u00f3n para permitirnos importar los datos de los animales de Animal Identification and Movements (AIM), Irish Cattle Breeding Federation (ICBF) a la plataforma DAB Livestock Hub. Toda la informaci\u00f3n relevante est\u00e1 impresa en un cat\u00e1logo de venta que est\u00e1 disponible para que los compradores la vean en forma impresa o en l\u00ednea.&nbsp;<\/p>\n\n\n\n<p>Si elige vender en una Subasta Catalogada de Producci\u00f3n en Vivo y de Video, el cat\u00e1logo se env\u00eda por correo o por correo electr\u00f3nico a los compradores potenciales al menos una semana antes de la subasta. Tambi\u00e9n est\u00e1 disponible en Internet una semana antes de la subasta. La pel\u00edcula se edita para su transmisi\u00f3n el d\u00eda de la venta y tambi\u00e9n est\u00e1 disponible en Internet para que los compradores vean el ganado antes de la subasta.&nbsp;<\/p>\n\n\n\n<p>Si elige vender en nuestro <u><strong><a rel=\"noreferrer noopener\" href=\"https:\/\/livedenisbarrett.com\/\" target=\"_blank\">Plataforma de subasta de ganado<\/a><\/strong><\/u> el cat\u00e1logo y el video est\u00e1n disponibles en Internet o por correo electr\u00f3nico dos d\u00edas antes de la subasta.&nbsp;<\/p>\n\n\n\n<p>Si elige vender su ganado en la Granja a Granja - Mercado diario \/ P\u00e1gina Comprar ahora, el cat\u00e1logo y el video est\u00e1n disponibles en Internet para los compradores el d\u00eda en que los pone a la venta.<\/p>\n\n\n\n<p>Despu\u00e9s de la venta de su ganado, el representante del Centro de subastas de ganado de DAB coordinar\u00e1 los detalles de la entrega entre usted y el comprador. El representante del Centro de subastas de ganado de DAB estar\u00e1 en la entrega para supervisar la clasificaci\u00f3n y carga del ganado.<\/p>\n\n\n\n<p>Una vez que se recibe el pago, enviamos inmediatamente el dinero de ETF a la cuenta del vendedor.&nbsp;<\/p>\n\n\n\n<p>Ventajas de vender &quot;La forma de centro de subastas de ganado de DAB&quot;<\/p>\n\n\n\n<ul class=\"wp-block-list\"><li>El ganado se vende mientras a\u00fan se encuentra en la granja o en la explotaci\u00f3n.<\/li><li>El ganado se muestra a los compradores en su entorno natural.<\/li><li>No hay estr\u00e9s adicional en el ganado, por lo tanto, se encoge menos.<\/li><li>El ganado se presenta a m\u00e1s de 8.500 compradores registrados.<\/li><li>Los vendedores pueden establecer una reputaci\u00f3n para su ganado en el mercado nacional.<\/li><li>Los vendedores pueden aprovechar los programas de &quot;valor agregado&quot; que generan primas para su ganado.<\/li><li>Los vendedores no tienen los gastos de transporte por cami\u00f3n.<\/li><li>Los vendedores determinan las condiciones de pesaje.<\/li><li>Los vendedores pueden vender por contrato para entrega futura y aprovechar las condiciones actuales del mercado.<\/li><li>Los vendedores tratan directamente con el representante del centro de subastas de ganado de DAB.&nbsp;<\/li><li>DAB Livestock Auction Hub paga a los vendedores por su ganado a trav\u00e9s de una cuenta de clientes vinculados.<\/li><\/ul>\n\n\n\n<p>Combinamos un servicio tradicional y profesional con lo \u00faltimo en tecnolog\u00eda moderna y m\u00e9todos de comercializaci\u00f3n, por lo que, sean cuales sean sus necesidades de ganado, podemos ayudarlo.<\/p>\n\n\n\n<p>Denis A. Barrett Auctioneers se dedica al servicio al cliente y la satisfacci\u00f3n del cliente. A trav\u00e9s de nuestras diferentes divisiones ofrecemos una gama completa de servicios para atender a nuestra amplia gama de clientes. Si tiene alguna pregunta o comentario o si desea discutir m\u00e1s detalles sobre alguno de nuestros servicios o c\u00f3mo podemos beneficiarlo, no dude en contactarnos utilizando los detalles a continuaci\u00f3n.<\/p>\n\n\n\n<figure class=\"wp-block-image\"><img loading=\"lazy\" decoding=\"async\" width=\"1024\" height=\"134\" src=\"https:\/\/denisbarrett.com\/wp-content\/uploads\/2019\/09\/Logo-Jpeg-1024x134.jpg\" alt=\"\" class=\"wp-image-1229\"\/><\/figure>\n\n\n\n<p class=\"has-text-align-center\"><strong>Cont\u00e1ctenos:<\/strong><\/p>\n\n\n\n<p class=\"has-text-align-center\">Llame: +353 (0) 86410 9848<\/p>\n\n\n\n<p class=\"has-text-align-center\">Email:&nbsp;<a href=\"mailto:info@denisbarrett.com\">info@denisbarrett.com<\/a><\/p>\n\n\n\n<p class=\"has-text-align-center\">Tambi\u00e9n puede mantenerse en contacto a trav\u00e9s de&nbsp;<a rel=\"noreferrer noopener\" href=\"https:\/\/ie.linkedin.com\/in\/denis-barrett-05675213\" target=\"_blank\">LinkedIn<\/a>,&nbsp;<a rel=\"noreferrer noopener\" href=\"https:\/\/www.facebook.com\/denis.barrett\" target=\"_blank\">Facebook<\/a>&nbsp;y&nbsp;<a rel=\"noreferrer noopener\" href=\"https:\/\/twitter.com\/DenisABarrett\" target=\"_blank\">Gorjeo.<\/a><\/p>","protected":false},"excerpt":{"rendered":"<p>How To Sell\u2028\u201cThe DAB Livestock Auction Hub Way\u201d DAB Livestock Auction Hub has created a national livestock market where prices are discovered, through competitive bidding, without regard to local climate conditions or demand. Through its nationwide marketing network, DAB Livestock Auction Hub can serve sellers and buyers throughout the United States. Cattle are sold on [&hellip;]<\/p>\n","protected":false},"author":1,"featured_media":0,"parent":0,"menu_order":0,"comment_status":"closed","ping_status":"closed","template":"","meta":{"_et_pb_use_builder":"","_et_pb_old_content":"","_et_gb_content_width":"1080","footnotes":""},"class_list":["post-2565","page","type-page","status-publish","hentry"],"brizy_media":[],"_links":{"self":[{"href":"https:\/\/denisbarrett.com\/es\/wp-json\/wp\/v2\/pages\/2565","targetHints":{"allow":["GET"]}}],"collection":[{"href":"https:\/\/denisbarrett.com\/es\/wp-json\/wp\/v2\/pages"}],"about":[{"href":"https:\/\/denisbarrett.com\/es\/wp-json\/wp\/v2\/types\/page"}],"author":[{"embeddable":true,"href":"https:\/\/denisbarrett.com\/es\/wp-json\/wp\/v2\/users\/1"}],"replies":[{"embeddable":true,"href":"https:\/\/denisbarrett.com\/es\/wp-json\/wp\/v2\/comments?post=2565"}],"version-history":[{"count":3,"href":"https:\/\/denisbarrett.com\/es\/wp-json\/wp\/v2\/pages\/2565\/revisions"}],"predecessor-version":[{"id":3440,"href":"https:\/\/denisbarrett.com\/es\/wp-json\/wp\/v2\/pages\/2565\/revisions\/3440"}],"wp:attachment":[{"href":"https:\/\/denisbarrett.com\/es\/wp-json\/wp\/v2\/media?parent=2565"}],"curies":[{"name":"gracias","href":"https:\/\/api.w.org\/{rel}","templated":true}]}}