{"id":2563,"date":"2020-05-28T18:04:34","date_gmt":"2020-05-28T17:04:34","guid":{"rendered":"https:\/\/denisbarrett.com\/?page_id=2563"},"modified":"2020-12-19T19:54:06","modified_gmt":"2020-12-19T19:54:06","slug":"buyer-information","status":"publish","type":"page","link":"https:\/\/denisbarrett.com\/es\/buyer-information\/","title":{"rendered":"Informaci\u00f3n del comprador"},"content":{"rendered":"<p>C\u00f3mo comprar &quot;The DAB Livestock Auction Hub Way&quot;<\/p>\n\n\n\n<p>A trav\u00e9s de su red de marketing nacional, DAB Livestock Auction Hub ofrece lotes de carga y lotes individuales de ganado en subastas y en Internet. Desde productores de toda la isla de Irlanda, Reino Unido y Europa continental hasta compradores de la isla de Irlanda, Reino Unido y Europa continental.<\/p>\n\n\n\n<p>Las subastas se llevan a cabo en vivo, con un subastador, ya que el ganado se vende a compradores que pujan en el sitio de la subasta o en Internet. Los compradores pueden estar presentes en el sitio de la subasta (si corresponde) o ver la subasta o en Internet desde la comodidad de su oficina, hogar o donde sea que se encuentren.<\/p>\n\n\n\n<p>El Centro de subastas de ganado de DAB tambi\u00e9n ofrece listados diarios en Internet de ganado a la venta en la \u201cP\u00e1gina del mercado diario\u201d.<\/p>\n\n\n\n<p>A diferencia de los m\u00e9todos de comercializaci\u00f3n convencionales, los compradores tienen la oportunidad de ver y comprar ganado en su entorno natural. El ganado se env\u00eda directamente desde la finca o explotaci\u00f3n del vendedor al destino del comprador, lo que reduce en gran medida el estr\u00e9s y los posibles problemas de salud.<\/p>\n\n\n\n<p>Para comenzar el proceso, vaya a la&nbsp;<a href=\"https:\/\/livedenisbarrett.com\/register.html\">Reg\u00edstrese para obtener un n\u00famero de comprador<\/a>&nbsp;p\u00e1gina o llame a Laurelcrest House al +353 (0) 410 9848 y el personal lo ayudar\u00e1 a registrarse para obtener un n\u00famero de comprador.<\/p>\n\n\n\n<p>Tienes tres opciones para comprar<\/p>\n\n\n\n<p><strong>&quot;La forma del centro de subastas de ganado de DAB&quot;<\/strong><\/p>\n\n\n\n<ul class=\"wp-block-list\"><li>Nuestras subastas de producci\u00f3n de pedigr\u00ed:<ul><li>Esto es para ganado registrado, no registrado, tanto para ganado lechero como para ganado vacuno y de reemplazo.&nbsp;<\/li><\/ul><\/li><\/ul>\n\n\n\n<ul class=\"wp-block-list\"><li>Subastas de ganado online: (OLA)<\/li><\/ul>\n\n\n\n<ul class=\"wp-block-list\"><li>Esto es m\u00e1s adecuado para no criar ganado: destetes, almacenes, bueyes gordos, vacas de desecho, novillas de destete y carnicero.<\/li><\/ul>\n\n\n\n<ul class=\"wp-block-list\"><li>Se aceptan cargas individuales y grupales.<\/li><\/ul>\n\n\n\n<p>Toda la informaci\u00f3n est\u00e1 relacionada con fuentes confiables; consulte tambi\u00e9n las pautas que utilizan nuestros representantes en las inspecciones de animales.<\/p>\n\n\n\n<p>Importamos los datos de animales de Animal Identification and Movements (AIM), Irish Cattle Breeding Federation (ICBF) a la plataforma DAB Livestock Hub.<\/p>\n\n\n\n<p>Los videos se graban en la granja y se cargan en el sistema DAB Livestock Hub.<\/p>\n\n\n\n<p>Los pesos confirmados se ingresan utilizando las propias b\u00e1sculas de los vendedores, pero los pesos confirmados por un inspector de Livestock Hub, un veterinario, un asesor de Teagasc, etc. tambi\u00e9n podr\u00eda utilizarse.<\/p>\n\n\n\n<p>Se ingresan los pesos estimados, a menos que el vendedor tenga una balanza. Si solo se proporcionaran los pesos estimados, los pesos se determinar\u00edan mediante el sistema anterior o mediante las NIF o similar y el precio por kilo se modificar\u00eda en funci\u00f3n del peso real.<\/p>\n\n\n\n<p>Los compradores luego recolectar\u00edan los animales o se encargar\u00edan de que los animales recolectaran animales en la granja o explotaci\u00f3n. El centro de ganado estar\u00eda presente para la carga o el transportista de ganado de confianza. Los movimientos CMMS \/ AIM se tratar\u00e1n en este punto.<\/p>\n\n\n\n<p>El Centro de subastas de ganado de DAB lleva a cabo subastas de producci\u00f3n durante todo el a\u00f1o y ventas de la granja a la granja: mercado diario \/ Comprar ahora todos los d\u00edas. Las subastas de video se transmiten en vivo por Internet desde la oficina y el estudio de DAB Livestock Auction Hub.<\/p>\n\n\n\n<p>El ganado se ofrece a la venta en la p\u00e1gina Comprar ahora del mercado diario de la granja a la granja todos los d\u00edas de la semana y todas las semanas del a\u00f1o.<\/p>\n\n\n\n<p>Las subastas de video se transmiten en vivo desde la oficina y el estudio de DAB Livestock Auction Hub junto al aeropuerto internacional de Cork.<\/p>\n\n\n\n<p>Cuando se consigna el ganado, un Representante del Centro de Subastas de Ganader\u00eda de DAB va a la finca o explotaci\u00f3n de los productores para filmar el ganado y preparar un contrato de env\u00edo que describe el ganado y establece los t\u00e9rminos y condiciones de la venta. Esto incluye la descripci\u00f3n, ubicaci\u00f3n actual, fecha de entrega, condiciones de pesaje, programas de vacunaci\u00f3n, etc. Esta informaci\u00f3n se recopila en un cat\u00e1logo que se pone a disposici\u00f3n de los compradores potenciales.&nbsp;<\/p>\n\n\n\n<p><strong>La subasta de videos de producci\u00f3n&nbsp;<\/strong>El cat\u00e1logo se env\u00eda por correo o correo electr\u00f3nico (preferencia del comprador) al menos una semana antes de la subasta. Est\u00e1 disponible en Internet una semana antes de la subasta. El video del ganado tambi\u00e9n est\u00e1 disponible en Internet para que los compradores vean el ganado antes de la subasta.<\/p>\n\n\n\n<p>los&nbsp;<strong>Subasta de ganado<\/strong>&nbsp;El cat\u00e1logo y video del ganado est\u00e1 disponible en Internet y por correo electr\u00f3nico dos d\u00edas antes de la subasta.<\/p>\n\n\n\n<p>los&nbsp;<strong>Mercado diario \/ P\u00e1gina Comprar ahora<\/strong>&nbsp;El cat\u00e1logo y el video est\u00e1n disponibles en Internet el d\u00eda en que el ganado se pone a la venta.<\/p>\n\n\n\n<p>Una vez vendido el ganado, un representante del Centro de subastas de ganado de DAB se pone en contacto con todas las partes para organizar el peso final, los pagos y la entrega, etc.<\/p>\n\n\n\n<p>El comprador es responsable de contratar camiones para transportar el ganado a su destino.&nbsp;<\/p>\n\n\n\n<p>Ventajas de comprar<\/p>\n\n\n\n<p>&quot;La forma del centro de subastas de ganado de DAB&quot;<\/p>\n\n\n\n<ul class=\"wp-block-list\"><li>Los compradores est\u00e1n expuestos a una gran cantidad de ganado con poco tiempo y gastos.<\/li><li>Los compradores pueden comprar ganado fresco del campo, por lo tanto, menos estr\u00e9s y problemas de salud.<\/li><li>Los compradores pueden ver las vacas y los toros de los que se producen los terneros.<\/li><li>Los corrales de engorde pueden comprar por contrato para entrega inmediata o futura, para cumplir con el espacio del corral.<\/li><li>Una operaci\u00f3n de un a\u00f1o puede venderse y reemplazarse con terneros en el mismo mercado.<\/li><li>Las condiciones de pesaje est\u00e1n predeterminadas.<\/li><li>Las fechas de entrega se establecen con anticipaci\u00f3n, por lo que el transporte por cami\u00f3n est\u00e1 preestablecido.<\/li><li>Un representante del centro de subastas de ganado de DAB est\u00e1 presente en cada entrega. El comprador es bienvenido, pero no es necesario que est\u00e9 all\u00ed, lo que ahorra tiempo y dinero.<\/li><li>Los compradores pueden ver y comprar una gran cantidad de ganado en los programas de &quot;valor agregado&quot;, como los programas de vacunaci\u00f3n, verificaci\u00f3n de origen y edad y WHPR. \u00a0<\/li><\/ul>\n\n\n\n<p>Registro de comprador<\/p>\n\n\n\n<p>Utilice el formulario de &quot;registro en l\u00ednea&quot; a continuaci\u00f3n para completar una solicitud. Su aceptaci\u00f3n de nuestros t\u00e9rminos y condiciones constituir\u00e1 una firma en l\u00ednea y es posible que se emita un n\u00famero de comprador.<\/p>\n\n\n\n<p>En cualquier caso, notifique a su instituci\u00f3n financiera que Denis A. Barrett Auctions &amp; Pedigree sale o Hub DAB Livestock Auction Hub Livestock llamar\u00e1 para verificar su referencia y, lo que es m\u00e1s importante, autorizar\u00e1 a su persona de contacto a divulgar su informaci\u00f3n al DAB Livestock Auction Hub. Para obtener m\u00e1s informaci\u00f3n, llame al +353 (0) 86410 9848.<\/p>\n\n\n\n<p><strong>Haga clic aqu\u00ed para obtener una copia de nuestros &quot;T\u00e9rminos y condiciones est\u00e1ndar&quot;<\/strong><\/p>\n\n\n\n<p><a rel=\"noreferrer noopener\" href=\"https:\/\/livedenisbarrett.com\/\" target=\"_blank\"><strong>Haga clic aqu\u00ed para registrarse en l\u00ednea<\/strong><\/a><\/p>\n\n\n\n<p>Combinamos un servicio tradicional y profesional con lo \u00faltimo en tecnolog\u00eda moderna y m\u00e9todos de comercializaci\u00f3n, por lo que, sean cuales sean sus necesidades de ganado, podemos ayudarlo.<\/p>\n\n\n\n<p>Denis A. Barrett Auctioneers se dedica al servicio al cliente y la satisfacci\u00f3n del cliente. A trav\u00e9s de nuestras diferentes divisiones ofrecemos una gama completa de servicios para atender a nuestra amplia gama de clientes. Si tiene alguna pregunta o comentario o si desea discutir m\u00e1s detalles sobre alguno de nuestros servicios o c\u00f3mo podemos beneficiarlo, no dude en contactarnos utilizando los detalles a continuaci\u00f3n.<\/p>\n\n\n\n<figure class=\"wp-block-image\"><img loading=\"lazy\" decoding=\"async\" width=\"1024\" height=\"134\" src=\"https:\/\/denisbarrett.com\/wp-content\/uploads\/2019\/09\/Logo-Jpeg-1024x134.jpg\" alt=\"\" class=\"wp-image-1229\"\/><\/figure>\n\n\n\n<p class=\"has-text-align-center\"><strong>Cont\u00e1ctenos:<\/strong><\/p>\n\n\n\n<p class=\"has-text-align-center\">Llame: +353 (0) 86410 9848<\/p>\n\n\n\n<p class=\"has-text-align-center\">Email:&nbsp;<a href=\"mailto:info@denisbarrett.com\">info@denisbarrett.com<\/a><\/p>\n\n\n\n<p class=\"has-text-align-center\">Tambi\u00e9n puede mantenerse en contacto a trav\u00e9s de&nbsp;<a rel=\"noreferrer noopener\" href=\"https:\/\/ie.linkedin.com\/in\/denis-barrett-05675213\" target=\"_blank\">LinkedIn<\/a>,&nbsp;<a rel=\"noreferrer noopener\" href=\"https:\/\/www.facebook.com\/denis.barrett\" target=\"_blank\">Facebook<\/a>&nbsp;y&nbsp;<a rel=\"noreferrer noopener\" href=\"https:\/\/twitter.com\/DenisABarrett\" target=\"_blank\">Gorjeo.<\/a><\/p>","protected":false},"excerpt":{"rendered":"<p>How To Buy\u2028&nbsp;\u201cThe DAB Livestock Auction Hub Way\u201d Through its nationwide marketing network, DAB Livestock Auction Hub offers load lots and individual lots of cattle at auction and on the Internet. From producers throughout the Island of Ireland, The UK and mainland Europe to buyers throughout the Island of Ireland, The UK and mainland Europe. [&hellip;]<\/p>\n","protected":false},"author":1,"featured_media":0,"parent":0,"menu_order":0,"comment_status":"closed","ping_status":"closed","template":"","meta":{"_et_pb_use_builder":"","_et_pb_old_content":"","_et_gb_content_width":"1080","footnotes":""},"class_list":["post-2563","page","type-page","status-publish","hentry"],"brizy_media":[],"_links":{"self":[{"href":"https:\/\/denisbarrett.com\/es\/wp-json\/wp\/v2\/pages\/2563","targetHints":{"allow":["GET"]}}],"collection":[{"href":"https:\/\/denisbarrett.com\/es\/wp-json\/wp\/v2\/pages"}],"about":[{"href":"https:\/\/denisbarrett.com\/es\/wp-json\/wp\/v2\/types\/page"}],"author":[{"embeddable":true,"href":"https:\/\/denisbarrett.com\/es\/wp-json\/wp\/v2\/users\/1"}],"replies":[{"embeddable":true,"href":"https:\/\/denisbarrett.com\/es\/wp-json\/wp\/v2\/comments?post=2563"}],"version-history":[{"count":2,"href":"https:\/\/denisbarrett.com\/es\/wp-json\/wp\/v2\/pages\/2563\/revisions"}],"predecessor-version":[{"id":2941,"href":"https:\/\/denisbarrett.com\/es\/wp-json\/wp\/v2\/pages\/2563\/revisions\/2941"}],"wp:attachment":[{"href":"https:\/\/denisbarrett.com\/es\/wp-json\/wp\/v2\/media?parent=2563"}],"curies":[{"name":"gracias","href":"https:\/\/api.w.org\/{rel}","templated":true}]}}