{"id":235,"date":"2016-11-07T08:13:01","date_gmt":"2016-11-07T08:13:01","guid":{"rendered":"https:\/\/denisbarrett.com\/?page_id=235"},"modified":"2016-11-07T08:13:02","modified_gmt":"2016-11-07T08:13:02","slug":"faq","status":"publish","type":"page","link":"https:\/\/denisbarrett.com\/es\/faq\/","title":{"rendered":"Preguntas frecuentes (FAQ)"},"content":{"rendered":"<p>Aqu\u00ed es donde debe responder las preguntas m\u00e1s comunes que puedan tener los clientes potenciales. Es una buena idea cubrir cosas como su pol\u00edtica de devoluci\u00f3n, informaci\u00f3n de la garant\u00eda del producto, env\u00edo y devoluciones, etc. Consulte los ejemplos a continuaci\u00f3n.<\/p>\n<hr \/>\n<h3>\u00bfCu\u00e1l es su pol\u00edtica de devoluci\u00f3n?<\/h3>\n<p>Devuelva cualquiera de nuestros productos, sin hacer preguntas, dentro de los 30 d\u00edas posteriores a la compra. Incluso pagamos el env\u00edo de devoluci\u00f3n.<\/p>\n<hr \/>\n<h3>\u00bfHacen env\u00edos al extranjero ya apartados de correos?<\/h3>\n<p>S\u00ed, enviaremos su paquete a cualquier lugar que pueda aceptar entregas.<\/p>\n<hr \/>\n<h3>\u00bfTienes servicio al cliente?<\/h3>\n<p>\u00a1Por supuesto! Nuestros amables y expertos representantes de servicio al cliente est\u00e1n disponibles para responder sus preguntas las 24 horas del d\u00eda, los 7 d\u00edas de la semana, los 365 d\u00edas del a\u00f1o.<\/p>","protected":false},"excerpt":{"rendered":"<p>This is where you should answer the most common questions prospective customers might have. It\u2019s a good idea to cover things like your return policy, product warranty info, shipping and returns, etc. Check out the examples below. What\u2019s your return policy? Return any of our products&#8211;no questions asked&#8211;within 30 days of purchase. We even pay [&hellip;]<\/p>\n","protected":false},"author":1,"featured_media":0,"parent":0,"menu_order":0,"comment_status":"closed","ping_status":"closed","template":"","meta":{"_et_pb_use_builder":"","_et_pb_old_content":"","_et_gb_content_width":"","footnotes":""},"class_list":["post-235","page","type-page","status-publish","hentry"],"brizy_media":[],"_links":{"self":[{"href":"https:\/\/denisbarrett.com\/es\/wp-json\/wp\/v2\/pages\/235","targetHints":{"allow":["GET"]}}],"collection":[{"href":"https:\/\/denisbarrett.com\/es\/wp-json\/wp\/v2\/pages"}],"about":[{"href":"https:\/\/denisbarrett.com\/es\/wp-json\/wp\/v2\/types\/page"}],"author":[{"embeddable":true,"href":"https:\/\/denisbarrett.com\/es\/wp-json\/wp\/v2\/users\/1"}],"replies":[{"embeddable":true,"href":"https:\/\/denisbarrett.com\/es\/wp-json\/wp\/v2\/comments?post=235"}],"version-history":[{"count":1,"href":"https:\/\/denisbarrett.com\/es\/wp-json\/wp\/v2\/pages\/235\/revisions"}],"predecessor-version":[{"id":279,"href":"https:\/\/denisbarrett.com\/es\/wp-json\/wp\/v2\/pages\/235\/revisions\/279"}],"wp:attachment":[{"href":"https:\/\/denisbarrett.com\/es\/wp-json\/wp\/v2\/media?parent=235"}],"curies":[{"name":"gracias","href":"https:\/\/api.w.org\/{rel}","templated":true}]}}