{"id":2076,"date":"2020-04-17T08:13:08","date_gmt":"2020-04-17T07:13:08","guid":{"rendered":"https:\/\/denisbarrett.com\/?page_id=2076"},"modified":"2021-01-04T10:50:34","modified_gmt":"2021-01-04T10:50:34","slug":"rural-professional-other-services","status":"publish","type":"page","link":"https:\/\/denisbarrett.com\/es\/rural-professional-other-services\/","title":{"rendered":"Otros servicios de RP"},"content":{"rendered":"<p>La gesti\u00f3n de la tierra es muy variada y creemos que debido a que hemos estado gestionando la tierra en esta regi\u00f3n desde 2003, tenemos un buen conocimiento de lo que se necesita para ayudar a nuestros clientes. Nuestro equipo de profesionales rurales trabaja con clientes que van desde propietarios privados y agricultores hasta tradicionales. Tambi\u00e9n nos ocupamos con regularidad de problemas de propietarios e inquilinos tanto para arrendamientos residenciales como agr\u00edcolas. Identificamos objetivos clave; maximizando los ingresos anuales, las implicaciones fiscales y el flujo de caja.<\/p>\n\n\n\n<figure class=\"wp-block-image size-large\"><img loading=\"lazy\" decoding=\"async\" width=\"1024\" height=\"228\" src=\"https:\/\/denisbarrett.com\/wp-content\/uploads\/2020\/04\/agri-1-1024x228-1.jpg\" alt=\"\" class=\"wp-image-2083\" srcset=\"https:\/\/denisbarrett.com\/wp-content\/uploads\/2020\/04\/agri-1-1024x228-1.jpg 1024w, https:\/\/denisbarrett.com\/wp-content\/uploads\/2020\/04\/agri-1-1024x228-1-300x67.jpg 300w, https:\/\/denisbarrett.com\/wp-content\/uploads\/2020\/04\/agri-1-1024x228-1-768x171.jpg 768w\" sizes=\"(max-width: 1024px) 100vw, 1024px\" \/><\/figure>\n\n\n\n<p>Cualquiera que sea el aspecto de la administraci\u00f3n de la tierra con el que necesite ayuda, el equipo de profesionales rurales de Denis A. Barrett est\u00e1 disponible para ayudarlo a que la administraci\u00f3n de su propiedad sea m\u00e1s f\u00e1cil y m\u00e1s rentable.<\/p>\n\n\n\n<p>Regularmente ofrecemos nuestro asesoramiento especializado a los clientes en temas como:<\/p>\n\n\n\n<ul class=\"wp-block-list\"><li>Renovaciones de arrendamiento<\/li><li>Alquiler de tierras<\/li><li>Orden de compra obligatoria (CPO<\/li><li>Presentaciones de planes de desarrollo del condado para la zonificaci\u00f3n de terrenos<\/li><li>Sindicatos inmobiliarios para comprar tierras, granjas y propiedades<\/li><li>Derechos de pago de finca \u00fanica<\/li><li>Agronegocios<\/li><li>Parques e\u00f3licos<\/li><li>Revisiones de alquiler, incluidos arbitrajes<\/li><li>Gesti\u00f3n y administraci\u00f3n de la propiedad del d\u00eda a d\u00eda<\/li><li>Enlace con inquilinos y resoluci\u00f3n de disputas<\/li><li>Cobro o pago de cargos por alquiler y servicio<\/li><li>Gesti\u00f3n de atrasos, previsi\u00f3n de flujo de caja y contabilidad<\/li><li>Licitaci\u00f3n y supervisi\u00f3n de obras de mantenimiento<\/li><\/ul>\n\n\n\n<p>\u00bfPorque nosotros?<\/p>\n\n\n\n<p>Denis A. Barrett Property Solutions &amp; Auction Marketing Group ha estado lidiando con problemas relacionados con la administraci\u00f3n de tierras durante m\u00e1s de 20 a\u00f1os y nuestro equipo de profesionales rurales tiene d\u00e9cadas de experiencia en la b\u00fasqueda de resultados favorables para nuestros clientes. Trabajamos en estrecha colaboraci\u00f3n con una variedad de profesionales, incluidos abogados y contadores, lo que significa que podemos ayudarlo con cualquier apoyo que necesite.<\/p>\n\n\n\n<p class=\"has-text-align-center has-background\" style=\"background-color:#d2b766\"><strong><a href=\"https:\/\/denisbarrett.com\/es\/contact-us\/\">Solicite una consulta<\/a><\/strong><\/p>\n\n\n\n<p>Denis A. Barrett Property Solutions &amp; Auction Marketing Group se dedica a la comunidad rural. A trav\u00e9s de nuestras diferentes divisiones ofrecemos una gama completa de servicios para servir a nuestra amplia gama de clientes.<\/p>\n\n\n\n<figure class=\"wp-block-image size-large\"><img loading=\"lazy\" decoding=\"async\" width=\"1024\" height=\"120\" src=\"https:\/\/denisbarrett.com\/wp-content\/uploads\/2020\/04\/DAB_GENERAL_LOGO-1-1024x120.png\" alt=\"\" class=\"wp-image-2062\" srcset=\"https:\/\/denisbarrett.com\/wp-content\/uploads\/2020\/04\/DAB_GENERAL_LOGO-1-1024x120.png 1024w, https:\/\/denisbarrett.com\/wp-content\/uploads\/2020\/04\/DAB_GENERAL_LOGO-1-300x35.png 300w, https:\/\/denisbarrett.com\/wp-content\/uploads\/2020\/04\/DAB_GENERAL_LOGO-1-768x90.png 768w, https:\/\/denisbarrett.com\/wp-content\/uploads\/2020\/04\/DAB_GENERAL_LOGO-1-1536x179.png 1536w, https:\/\/denisbarrett.com\/wp-content\/uploads\/2020\/04\/DAB_GENERAL_LOGO-1-2048x239.png 2048w\" sizes=\"(max-width: 1024px) 100vw, 1024px\" \/><\/figure>\n\n\n\n<p class=\"has-text-align-center\"><strong>Cont\u00e1ctenos:<\/strong><\/p>\n\n\n\n<p class=\"has-text-align-center\">Llame: +353 (0) 86410 9848<\/p>\n\n\n\n<p class=\"has-text-align-center\">Email:&nbsp;<a href=\"mailto:info@denisbarrett.com\">info@denisbarrett.com<\/a><\/p>\n\n\n\n<p class=\"has-text-align-center\">Tambi\u00e9n puede mantenerse en contacto a trav\u00e9s de&nbsp;<a rel=\"noreferrer noopener\" href=\"https:\/\/ie.linkedin.com\/in\/denis-barrett-05675213\" target=\"_blank\">LinkedIn<\/a>,&nbsp;<a rel=\"noreferrer noopener\" href=\"https:\/\/www.facebook.com\/denis.barrett\" target=\"_blank\">Facebook<\/a>&nbsp;y&nbsp;<a rel=\"noreferrer noopener\" href=\"https:\/\/twitter.com\/DenisABarrett\" target=\"_blank\">Gorjeo.<\/a><\/p>","protected":false},"excerpt":{"rendered":"<p>Land management is extremely varied and we believe that because we have been managing land in this region since 2003 we have a good understanding of what is needed to help our clients. Our Rural Professional team work with clients ranging from private landowners and farmers to traditional. We also regularly deal with landlord and [&hellip;]<\/p>\n","protected":false},"author":1,"featured_media":2100,"parent":0,"menu_order":0,"comment_status":"closed","ping_status":"closed","template":"","meta":{"_et_pb_use_builder":"off","_et_pb_old_content":"<!-- wp:paragraph -->\n<p>Land management is extremely varied and we believe that because we have been managing land in this region since 2003 we have a good understanding of what is needed to help our clients. Our Rural Professional team work with clients ranging from private landowners and farmers to traditional. We also regularly deal with landlord and tenant issues for both residential and agricultural tenancies. We identify key objectives; maximising annual income, tax implications and cash flow.<\/p>\n<!-- \/wp:paragraph -->\n\n<!-- wp:image {\"id\":2083,\"sizeSlug\":\"large\"} -->\n<figure class=\"wp-block-image size-large\"><img src=\"https:\/\/denisbarrett.com\/wp-content\/uploads\/2020\/04\/agri-1-1024x228-1.jpg\" alt=\"\" class=\"wp-image-2083\"\/><\/figure>\n<!-- \/wp:image -->\n\n<!-- wp:paragraph -->\n<p>Whatever aspect of land management you require assistance with, Denis A. Barrett Rural Professional team are on hand to help make managing your property easier and more profitable.<\/p>\n<!-- \/wp:paragraph -->\n\n<!-- wp:paragraph -->\n<p>We regularly offer our specialist advice to clients on issues such as:<\/p>\n<!-- \/wp:paragraph -->\n\n<!-- wp:list -->\n<ul><li>Tenancy renewals<\/li><li>Land Lettings<\/li><li>Compulsory Purchase Order (CPO<\/li><li>County Development Plan Submissions for Land Zoning<\/li><li>Property Syndicates to purchase land, farms and property<\/li><li>Single Farm Payment Entitlements<\/li><li>Agri-Businesses<\/li><li>Wind Farms<\/li><li>Rent reviews including Arbitrations<\/li><li>Management and day-to-day property administration<\/li><li>Tenant liaison and dispute resolution<\/li><li>Rent and service charge collection or payment<\/li><li>Arrears management, cash flow forecasting and accounting<\/li><li>Tender and supervision of maintenance works<\/li><\/ul>\n<!-- \/wp:list -->\n\n<!-- wp:paragraph -->\n<p>Why Us?<\/p>\n<!-- \/wp:paragraph -->\n\n<!-- wp:paragraph -->\n<p>Denis A. Barrett Property Solutions &amp; Auction Marketing Group has been dealing with issues surrounding land management for over 20 years and our Rural Professional team has decades of experience in finding favourable outcomes for our clients. We work closely with a range of professionals including solicitors and accountants meaning whatever support you need, we can help.<\/p>\n<!-- \/wp:paragraph -->\n\n<!-- wp:paragraph {\"align\":\"center\",\"style\":{\"color\":{\"background\":\"#d2b766\"}}} -->\n<p class=\"has-text-align-center has-background\" style=\"background-color:#d2b766\"><strong><a href=\"https:\/\/denisbarrett.com\/contact-us\/\">Request a Consultation<\/a><\/strong><\/p>\n<!-- \/wp:paragraph -->\n\n<!-- wp:paragraph -->\n<p>Denis A. Barrett Property Solutions &amp; Auction Marketing Group is dedicated to the Rural Community. We through our different&nbsp;divisions&nbsp;offer a full spectrum of services to&nbsp;serve&nbsp;our wide array of clients.<\/p>\n<!-- \/wp:paragraph -->\n\n<!-- wp:image {\"id\":2062,\"sizeSlug\":\"large\"} -->\n<figure class=\"wp-block-image size-large\"><img src=\"https:\/\/denisbarrett.com\/wp-content\/uploads\/2020\/04\/DAB_GENERAL_LOGO-1-1024x120.png\" alt=\"\" class=\"wp-image-2062\"\/><\/figure>\n<!-- \/wp:image -->\n\n<!-- wp:paragraph {\"align\":\"center\"} -->\n<p class=\"has-text-align-center\"><strong>Contact Us:<\/strong><\/p>\n<!-- \/wp:paragraph -->\n\n<!-- wp:paragraph {\"align\":\"center\"} -->\n<p class=\"has-text-align-center\">Call:&nbsp;&nbsp;&nbsp; +353 (0) 86 410 9848<\/p>\n<!-- \/wp:paragraph -->\n\n<!-- wp:paragraph {\"align\":\"center\"} -->\n<p class=\"has-text-align-center\">Email:&nbsp;<a href=\"mailto:info@denisbarrett.com\">info@denisbarrett.com<\/a><\/p>\n<!-- \/wp:paragraph -->\n\n<!-- wp:paragraph {\"align\":\"center\"} -->\n<p class=\"has-text-align-center\">You can also stay in touch via&nbsp;<a rel=\"noreferrer noopener\" href=\"https:\/\/ie.linkedin.com\/in\/denis-barrett-05675213\" target=\"_blank\">LinkedIn<\/a>,&nbsp;<a rel=\"noreferrer noopener\" href=\"https:\/\/www.facebook.com\/denis.barrett\" target=\"_blank\">Facebook<\/a>&nbsp;and&nbsp;<a rel=\"noreferrer noopener\" href=\"https:\/\/twitter.com\/DenisABarrett\" target=\"_blank\">Twitter.<\/a><\/p>\n<!-- \/wp:paragraph -->","_et_gb_content_width":"1080","footnotes":""},"class_list":["post-2076","page","type-page","status-publish","has-post-thumbnail","hentry"],"brizy_media":[],"_links":{"self":[{"href":"https:\/\/denisbarrett.com\/es\/wp-json\/wp\/v2\/pages\/2076","targetHints":{"allow":["GET"]}}],"collection":[{"href":"https:\/\/denisbarrett.com\/es\/wp-json\/wp\/v2\/pages"}],"about":[{"href":"https:\/\/denisbarrett.com\/es\/wp-json\/wp\/v2\/types\/page"}],"author":[{"embeddable":true,"href":"https:\/\/denisbarrett.com\/es\/wp-json\/wp\/v2\/users\/1"}],"replies":[{"embeddable":true,"href":"https:\/\/denisbarrett.com\/es\/wp-json\/wp\/v2\/comments?post=2076"}],"version-history":[{"count":8,"href":"https:\/\/denisbarrett.com\/es\/wp-json\/wp\/v2\/pages\/2076\/revisions"}],"predecessor-version":[{"id":3688,"href":"https:\/\/denisbarrett.com\/es\/wp-json\/wp\/v2\/pages\/2076\/revisions\/3688"}],"wp:featuredmedia":[{"embeddable":true,"href":"https:\/\/denisbarrett.com\/es\/wp-json\/wp\/v2\/media\/2100"}],"wp:attachment":[{"href":"https:\/\/denisbarrett.com\/es\/wp-json\/wp\/v2\/media?parent=2076"}],"curies":[{"name":"gracias","href":"https:\/\/api.w.org\/{rel}","templated":true}]}}