{"id":2073,"date":"2020-04-17T08:09:34","date_gmt":"2020-04-17T07:09:34","guid":{"rendered":"https:\/\/denisbarrett.com\/?page_id=2073"},"modified":"2020-12-19T20:09:30","modified_gmt":"2020-12-19T20:09:30","slug":"rural-professional-services-valautions","status":"publish","type":"page","link":"https:\/\/denisbarrett.com\/es\/rural-professional-services-valautions\/","title":{"rendered":"Valoraciones"},"content":{"rendered":"<p>Denis A. Barrett Rural Professional es un equipo de tasadores registrados de IPAV con cobertura de seguro de indemnizaci\u00f3n profesional v\u00e1lida. Brindamos asesoramiento en valoraci\u00f3n y tasaci\u00f3n a una amplia gama de clientes en Irlanda, Europa y el Reino Unido, que incluyen a particulares, instituciones crediticias, especialistas en recuperaci\u00f3n y reestructuraci\u00f3n de empresas, pymes, empresas multinacionales y bufetes de abogados internacionales.<\/p>\n\n\n\n<figure class=\"wp-block-image size-large\"><img loading=\"lazy\" decoding=\"async\" width=\"800\" height=\"550\" src=\"https:\/\/denisbarrett.com\/wp-content\/uploads\/2020\/04\/IMG_3862.jpg\" alt=\"\" class=\"wp-image-2228\" srcset=\"https:\/\/denisbarrett.com\/wp-content\/uploads\/2020\/04\/IMG_3862.jpg 800w, https:\/\/denisbarrett.com\/wp-content\/uploads\/2020\/04\/IMG_3862-300x206.jpg 300w, https:\/\/denisbarrett.com\/wp-content\/uploads\/2020\/04\/IMG_3862-768x528.jpg 768w\" sizes=\"(max-width: 800px) 100vw, 800px\" \/><\/figure>\n\n\n\n<p>Nuestro experimentado equipo de tasadores registrados opera de acuerdo con los Est\u00e1ndares de Valoraci\u00f3n IPAV (Libro Azul), los Est\u00e1ndares Internacionales de Informaci\u00f3n Financiera (IFRS), junto con las muchas d\u00e9cadas de experiencia en nuestro equipo de Profesionales Rurales, nuestras valoraciones est\u00e1n respaldadas por el \u00faltimo software de valoraci\u00f3n y tasaci\u00f3n. Realizamos valoraciones formales para;<\/p>\n\n\n\n<p>Proporcionamos valoraciones para una variedad de prop\u00f3sitos que incluyen:<\/p>\n\n\n\n<ul class=\"wp-block-list\"><li>Venta y compra<\/li><li>Transferencia de tierra<\/li><li>Orden de compra obligatoria (CPO)<\/li><li>Testigo experto \/ Controversia \/ Matrimonial<\/li><li>Impuestos<\/li><li>Matrimonial<\/li><li>Seguro<\/li><li>Fusiones y adquisiciones<\/li><li>Pr\u00e9stamos garantizados<\/li><li>Privatizaci\u00f3n \/ desnacionalizaci\u00f3n<\/li><li>Derechos e impuestos de importaci\u00f3n \/ exportaci\u00f3n<\/li><li>Transferencia entre empresas<\/li><li>Venta con arrendamiento posterior<\/li><li>Recuperaci\u00f3n \/ insolvencia empresarial<\/li><\/ul>\n\n\n\n<p class=\"has-text-align-center has-background\" style=\"background-color:#d2b766\"><strong>Solicite una valoraci\u00f3n hoy <\/strong><\/p>\n\n\n\n<p>Denis A. Barrett Property Solutions &amp; Auction Marketing Group se dedica a la comunidad rural. A trav\u00e9s de nuestras diferentes divisiones ofrecemos una gama completa de servicios para servir a nuestra amplia gama de clientes.<\/p>\n\n\n\n<div class=\"wp-block-image\"><figure class=\"aligncenter size-large\"><img decoding=\"async\" src=\"https:\/\/denisbarrett.com\/wp-content\/uploads\/2020\/04\/Small-DAB_GENERAL_LOGO-copy.png\" alt=\"\" class=\"wp-image-2107\"\/><\/figure><\/div>\n\n\n\n<p class=\"has-text-align-center\"><strong>Cont\u00e1ctenos:<\/strong><\/p>\n\n\n\n<p class=\"has-text-align-center\">Llame: +353 (0) 86410 9848<\/p>\n\n\n\n<p class=\"has-text-align-center\">Email:&nbsp;<a href=\"mailto:info@denisbarrett.com\">info@denisbarrett.com<\/a><\/p>\n\n\n\n<p class=\"has-text-align-center\">Tambi\u00e9n puede mantenerse en contacto a trav\u00e9s de&nbsp;<a rel=\"noreferrer noopener\" href=\"https:\/\/ie.linkedin.com\/in\/denis-barrett-05675213\" target=\"_blank\">LinkedIn<\/a>,&nbsp;<a rel=\"noreferrer noopener\" href=\"https:\/\/www.facebook.com\/denis.barrett\" target=\"_blank\">Facebook<\/a>&nbsp;y&nbsp;<a rel=\"noreferrer noopener\" href=\"https:\/\/twitter.com\/DenisABarrett\" target=\"_blank\">Gorjeo.<\/a><\/p>","protected":false},"excerpt":{"rendered":"<p>Denis A. Barrett Rural Professional are a team of &nbsp;IPAV Registered Valuers with professional valid indemnity insurance cover. We provide valuation and appraisal advice to a wide range of clients across Ireland, Europe and the UK, to include private individuals, lending institutions, corporate recovery and restructuring specialists, SMEs, multi-national companies and International Law firms. Our [&hellip;]<\/p>\n","protected":false},"author":1,"featured_media":2084,"parent":0,"menu_order":0,"comment_status":"closed","ping_status":"closed","template":"","meta":{"_et_pb_use_builder":"","_et_pb_old_content":"","_et_gb_content_width":"1080","footnotes":""},"class_list":["post-2073","page","type-page","status-publish","has-post-thumbnail","hentry"],"brizy_media":[],"_links":{"self":[{"href":"https:\/\/denisbarrett.com\/es\/wp-json\/wp\/v2\/pages\/2073","targetHints":{"allow":["GET"]}}],"collection":[{"href":"https:\/\/denisbarrett.com\/es\/wp-json\/wp\/v2\/pages"}],"about":[{"href":"https:\/\/denisbarrett.com\/es\/wp-json\/wp\/v2\/types\/page"}],"author":[{"embeddable":true,"href":"https:\/\/denisbarrett.com\/es\/wp-json\/wp\/v2\/users\/1"}],"replies":[{"embeddable":true,"href":"https:\/\/denisbarrett.com\/es\/wp-json\/wp\/v2\/comments?post=2073"}],"version-history":[{"count":5,"href":"https:\/\/denisbarrett.com\/es\/wp-json\/wp\/v2\/pages\/2073\/revisions"}],"predecessor-version":[{"id":2956,"href":"https:\/\/denisbarrett.com\/es\/wp-json\/wp\/v2\/pages\/2073\/revisions\/2956"}],"wp:featuredmedia":[{"embeddable":true,"href":"https:\/\/denisbarrett.com\/es\/wp-json\/wp\/v2\/media\/2084"}],"wp:attachment":[{"href":"https:\/\/denisbarrett.com\/es\/wp-json\/wp\/v2\/media?parent=2073"}],"curies":[{"name":"gracias","href":"https:\/\/api.w.org\/{rel}","templated":true}]}}