{"id":2071,"date":"2020-04-17T08:07:29","date_gmt":"2020-04-17T07:07:29","guid":{"rendered":"https:\/\/denisbarrett.com\/?page_id=2071"},"modified":"2021-09-21T15:02:15","modified_gmt":"2021-09-21T14:02:15","slug":"rural-professional-services-sales","status":"publish","type":"page","link":"https:\/\/denisbarrett.com\/es\/rural-professional-services-sales\/","title":{"rendered":"Venta de terrenos"},"content":{"rendered":"<p>El equipo de Denis A. Barrett Rural Professional ha estado vendiendo y comprando con \u00e9xito todo tipo de fincas, granjas, terrenos y propiedades rurales desde 2003.<\/p>\n\n\n\n<div class=\"wp-block-image\"><figure class=\"aligncenter size-large\"><img loading=\"lazy\" decoding=\"async\" width=\"500\" height=\"332\" src=\"https:\/\/denisbarrett.com\/wp-content\/uploads\/2020\/04\/EQUINE-.jpg\" alt=\"\" class=\"wp-image-2098\" srcset=\"https:\/\/denisbarrett.com\/wp-content\/uploads\/2020\/04\/EQUINE-.jpg 500w, https:\/\/denisbarrett.com\/wp-content\/uploads\/2020\/04\/EQUINE--300x199.jpg 300w\" sizes=\"(max-width: 500px) 100vw, 500px\" \/><\/figure><\/div>\n\n\n\n<p><\/p>\n\n\n\n<p>Nuestro equipo experto de profesionales inmobiliarios ofrece asesoramiento personalizado sobre las mejores formas de vender su propiedad, sean cuales sean sus objetivos. Ofrecemos una gama de opciones, incluida la venta mediante tratado privado, subasta o licitaci\u00f3n, todo respaldado por valoraciones profesionales acreditadas.<\/p>\n\n\n\n<p>Nos comunicamos directamente con los abogados en su nombre desde el principio hasta la finalizaci\u00f3n, haciendo que el proceso sea lo m\u00e1s f\u00e1cil posible para usted y garantizando una transacci\u00f3n sin problemas.<\/p>\n\n\n\n<div class=\"wp-block-columns is-layout-flex wp-container-core-columns-is-layout-9d6595d7 wp-block-columns-is-layout-flex\">\n<div class=\"wp-block-column is-layout-flow wp-block-column-is-layout-flow\">\n<p class=\"has-text-align-center has-background\" style=\"background-color:#d2b766\"><strong><a href=\"https:\/\/denisbarrett.com\/es\/property-auctions\/\">Subastas de propiedades<\/a><\/strong><\/p>\n<\/div>\n\n\n\n<div class=\"wp-block-column is-layout-flow wp-block-column-is-layout-flow\">\n<p class=\"has-text-align-center has-background\" style=\"background-color:#d2b766\"><strong><a href=\"https:\/\/denisbarrett.com\/es\/properties-for-sale-by-private-treaty\/\">Tratado privado<\/a><\/strong><\/p>\n<\/div>\n\n\n\n<div class=\"wp-block-column is-layout-flow wp-block-column-is-layout-flow\">\n<p class=\"has-text-align-center has-background\" style=\"background-color:#d2b766\"><strong>Propiedades<\/strong><\/p>\n<\/div>\n<\/div>\n\n\n\n<p><strong>Compra y venta de propiedad rural<\/strong><\/p>\n\n\n\n<p>Con m\u00e1s de 20 a\u00f1os de experiencia en la compra y venta de propiedades rurales, Denis A. Barrett Auctions tiene un excelente historial en ayudar a los propietarios a encontrar las formas m\u00e1s efectivas de comercializar y vender sus propiedades.<\/p>\n\n\n\n<p>Regularmente celebramos subastas de propiedades colectivas y tenemos un historial exitoso de venta por subasta. Con una extensa lista de correo y el uso de los mejores m\u00e9todos de marketing, nos aseguramos de que la tierra o propiedad de nuestros clientes llegue a una amplia audiencia de compradores potenciales adecuados.<\/p>\n\n\n\n<p>Nuestros a\u00f1os de experiencia nos hacen altamente expertos en encontrar terrenos y propiedades y negociar una compra en nombre de nuestros clientes y actuar en su mejor inter\u00e9s.<\/p>\n\n\n\n<p><strong>\u00bfPor qu\u00e9 Denis A. Barrett Auctions?<\/strong><\/p>\n\n\n\n<p>Contamos con una gama de profesionales de gran experiencia dentro de nuestro equipo de Profesionales Rurales. Nuestro conocimiento superior de las condiciones del mercado local significa que podemos ofrecer las valoraciones m\u00e1s precisas, seleccionar las formas m\u00e1s efectivas de comercializar su terreno o propiedad y ayudar a presentar sus activos de la mejor manera posible para maximizar el precio de venta final.<\/p>\n\n\n\n<p>Denis A. Barrett Auction Group se dedica a la comunidad rural. A trav\u00e9s de nuestras diferentes divisiones ofrecemos una gama completa de servicios para servir a nuestra amplia gama de clientes.<\/p>\n\n\n\n<p class=\"has-text-align-center has-background\" style=\"background-color:#d2b766\"><a href=\"https:\/\/denisbarrett.com\/es\/property-sales-2\/\"><strong>Vaya a nuestro Departamento de Propiedad<\/strong><\/a><\/p>\n\n\n\n<p><\/p>\n\n\n\n<figure class=\"wp-block-image size-large\"><img loading=\"lazy\" decoding=\"async\" width=\"1024\" height=\"120\" src=\"https:\/\/denisbarrett.com\/wp-content\/uploads\/2020\/04\/DAB_GENERAL_LOGO-1-1024x120.png\" alt=\"\" class=\"wp-image-2062\" srcset=\"https:\/\/denisbarrett.com\/wp-content\/uploads\/2020\/04\/DAB_GENERAL_LOGO-1-1024x120.png 1024w, https:\/\/denisbarrett.com\/wp-content\/uploads\/2020\/04\/DAB_GENERAL_LOGO-1-300x35.png 300w, https:\/\/denisbarrett.com\/wp-content\/uploads\/2020\/04\/DAB_GENERAL_LOGO-1-768x90.png 768w, https:\/\/denisbarrett.com\/wp-content\/uploads\/2020\/04\/DAB_GENERAL_LOGO-1-1536x179.png 1536w, https:\/\/denisbarrett.com\/wp-content\/uploads\/2020\/04\/DAB_GENERAL_LOGO-1-2048x239.png 2048w\" sizes=\"(max-width: 1024px) 100vw, 1024px\" \/><\/figure>\n\n\n\n<p class=\"has-text-align-center\"><strong>Cont\u00e1ctenos:<\/strong><\/p>\n\n\n\n<p class=\"has-text-align-center\">Llame: +353 (0) 86410 9848<\/p>\n\n\n\n<p class=\"has-text-align-center\">Email:&nbsp;<a href=\"mailto:info@denisbarrett.com\">info@denisbarrett.com<\/a><\/p>\n\n\n\n<p class=\"has-text-align-center\">Tambi\u00e9n puede mantenerse en contacto a trav\u00e9s de&nbsp;<a rel=\"noreferrer noopener\" href=\"https:\/\/ie.linkedin.com\/in\/denis-barrett-05675213\" target=\"_blank\">LinkedIn<\/a>,&nbsp;<a rel=\"noreferrer noopener\" href=\"https:\/\/www.facebook.com\/denis.barrett\" target=\"_blank\">Facebook<\/a>&nbsp;y&nbsp;<a rel=\"noreferrer noopener\" href=\"https:\/\/twitter.com\/DenisABarrett\" target=\"_blank\">Gorjeo.<\/a><\/p>","protected":false},"excerpt":{"rendered":"<p>The Denis A. Barrett Rural Professional team has been successfully selling and purchasing all types of estates, farms, land and rural properties since 2003. Our expert team of property professionals offer personalised advice on the best ways to sell your property, whatever your objectives. We offer a range of options, including sale by private treaty, [&hellip;]<\/p>\n","protected":false},"author":1,"featured_media":2083,"parent":0,"menu_order":0,"comment_status":"closed","ping_status":"closed","template":"","meta":{"_et_pb_use_builder":"off","_et_pb_old_content":"<!-- wp:paragraph -->\n<p>The Denis A. Barrett Rural Professional team has been successfully selling and purchasing all types of estates, farms, land and rural properties since 2003.<\/p>\n<!-- \/wp:paragraph -->\n\n<!-- wp:image {\"align\":\"center\",\"id\":2098,\"sizeSlug\":\"large\"} -->\n<div class=\"wp-block-image\"><figure class=\"aligncenter size-large\"><img src=\"https:\/\/denisbarrett.com\/wp-content\/uploads\/2020\/04\/EQUINE-.jpg\" alt=\"\" class=\"wp-image-2098\"\/><\/figure><\/div>\n<!-- \/wp:image -->\n\n<!-- wp:paragraph -->\n<p><\/p>\n<!-- \/wp:paragraph -->\n\n<!-- wp:paragraph -->\n<p>Our expert team of property professionals offer personalised advice on the best ways to sell your property, whatever your objectives. We offer a range of options, including sale by private treaty, auction or tender, all supported by accredited, professional valuations.<\/p>\n<!-- \/wp:paragraph -->\n\n<!-- wp:paragraph -->\n<p>We liaise directly with solicitors on your behalf all the way through to completion making the process as easy as possible for you and ensuring a smooth transaction.<\/p>\n<!-- \/wp:paragraph -->\n\n<!-- wp:columns -->\n<div class=\"wp-block-columns\"><!-- wp:column -->\n<div class=\"wp-block-column\"><!-- wp:paragraph {\"align\":\"center\",\"style\":{\"color\":{\"background\":\"#d2b766\"}}} -->\n<p class=\"has-text-align-center has-background\" style=\"background-color:#d2b766\"><strong><a href=\"https:\/\/denisbarrett.com\/property-auctions\/\">Property Auctions<\/a><\/strong><\/p>\n<!-- \/wp:paragraph --><\/div>\n<!-- \/wp:column -->\n\n<!-- wp:column -->\n<div class=\"wp-block-column\"><!-- wp:paragraph {\"align\":\"center\",\"style\":{\"color\":{\"background\":\"#d2b766\"}}} -->\n<p class=\"has-text-align-center has-background\" style=\"background-color:#d2b766\"><strong><a href=\"https:\/\/denisbarrett.com\/properties-for-sale-by-private-treaty\/\">Private Treaty<\/a><\/strong><\/p>\n<!-- \/wp:paragraph --><\/div>\n<!-- \/wp:column -->\n\n<!-- wp:column -->\n<div class=\"wp-block-column\"><!-- wp:paragraph {\"align\":\"center\",\"style\":{\"color\":{\"background\":\"#d2b766\"}}} -->\n<p class=\"has-text-align-center has-background\" style=\"background-color:#d2b766\"><strong><a href=\"https:\/\/denisbarrett.com\/properties-on-the-market\/\">Search Properties<\/a><\/strong><\/p>\n<!-- \/wp:paragraph --><\/div>\n<!-- \/wp:column --><\/div>\n<!-- \/wp:columns -->\n\n<!-- wp:paragraph -->\n<p><strong>Selling &amp; Buying Rural Property<\/strong><\/p>\n<!-- \/wp:paragraph -->\n\n<!-- wp:paragraph -->\n<p>With over 20 years\u2019 experience buying and selling rural property, Denis A. Barrett Auctions has an excellent track record in helping property owners find the most effective ways to market and sell their property.<\/p>\n<!-- \/wp:paragraph -->\n\n<!-- wp:paragraph -->\n<p>We regularly hold collective property auctions and have a successful track record for sale by auction. With an extensive mailing list and use of the very best marketing methods, we ensure our clients\u2019 land or property will reach a wide audience of appropriate potential buyers.<\/p>\n<!-- \/wp:paragraph -->\n\n<!-- wp:paragraph -->\n<p>Our years of experience make us highly adept at finding land and properties and negotiating a purchase on behalf of our clients and acting in their best interests.<\/p>\n<!-- \/wp:paragraph -->\n\n<!-- wp:paragraph -->\n<p><strong>Why Denis A. Barrett Auctions?<\/strong><\/p>\n<!-- \/wp:paragraph -->\n\n<!-- wp:paragraph -->\n<p>We have a range of highly experienced professionals within our Rural Professional team. Our superior knowledge of local market conditions means we can offer the most accurate valuations, select the most effective ways to market your land or property and help present your assets in the best possible way to maximise the final sale price.<\/p>\n<!-- \/wp:paragraph -->\n\n<!-- wp:paragraph -->\n<p>Denis A. Barrett Auction Group is dedicated to the Rural Community. We through our different&nbsp;divisions&nbsp;offer a full spectrum of services to&nbsp;serve&nbsp;our wide array of clients.<\/p>\n<!-- \/wp:paragraph -->\n\n<!-- wp:paragraph {\"align\":\"center\",\"style\":{\"color\":{\"background\":\"#d2b766\"}}} -->\n<p class=\"has-text-align-center has-background\" style=\"background-color:#d2b766\"><a href=\"https:\/\/denisbarrett.com\/property-sales-2\/\"><strong>Go to our Property Department<\/strong><\/a><\/p>\n<!-- \/wp:paragraph -->\n\n<!-- wp:paragraph -->\n<p><\/p>\n<!-- \/wp:paragraph -->\n\n<!-- wp:image {\"id\":2062,\"sizeSlug\":\"large\"} -->\n<figure class=\"wp-block-image size-large\"><img src=\"https:\/\/denisbarrett.com\/wp-content\/uploads\/2020\/04\/DAB_GENERAL_LOGO-1-1024x120.png\" alt=\"\" class=\"wp-image-2062\"\/><\/figure>\n<!-- \/wp:image -->\n\n<!-- wp:paragraph {\"align\":\"center\"} -->\n<p class=\"has-text-align-center\"><strong>Contact Us:<\/strong><\/p>\n<!-- \/wp:paragraph -->\n\n<!-- wp:paragraph {\"align\":\"center\"} -->\n<p class=\"has-text-align-center\">Call:&nbsp;&nbsp;&nbsp; +353 (0) 86 410 9848<\/p>\n<!-- \/wp:paragraph -->\n\n<!-- wp:paragraph {\"align\":\"center\"} -->\n<p class=\"has-text-align-center\">Email:&nbsp;<a href=\"mailto:info@denisbarrett.com\">info@denisbarrett.com<\/a><\/p>\n<!-- \/wp:paragraph -->\n\n<!-- wp:paragraph {\"align\":\"center\"} -->\n<p class=\"has-text-align-center\">You can also stay in touch via&nbsp;<a rel=\"noreferrer noopener\" href=\"https:\/\/ie.linkedin.com\/in\/denis-barrett-05675213\" target=\"_blank\">LinkedIn<\/a>,&nbsp;<a rel=\"noreferrer noopener\" href=\"https:\/\/www.facebook.com\/denis.barrett\" target=\"_blank\">Facebook<\/a>&nbsp;and&nbsp;<a rel=\"noreferrer noopener\" href=\"https:\/\/twitter.com\/DenisABarrett\" target=\"_blank\">Twitter.<\/a><\/p>\n<!-- \/wp:paragraph -->","_et_gb_content_width":"1080","footnotes":""},"class_list":["post-2071","page","type-page","status-publish","has-post-thumbnail","hentry"],"brizy_media":[],"_links":{"self":[{"href":"https:\/\/denisbarrett.com\/es\/wp-json\/wp\/v2\/pages\/2071","targetHints":{"allow":["GET"]}}],"collection":[{"href":"https:\/\/denisbarrett.com\/es\/wp-json\/wp\/v2\/pages"}],"about":[{"href":"https:\/\/denisbarrett.com\/es\/wp-json\/wp\/v2\/types\/page"}],"author":[{"embeddable":true,"href":"https:\/\/denisbarrett.com\/es\/wp-json\/wp\/v2\/users\/1"}],"replies":[{"embeddable":true,"href":"https:\/\/denisbarrett.com\/es\/wp-json\/wp\/v2\/comments?post=2071"}],"version-history":[{"count":10,"href":"https:\/\/denisbarrett.com\/es\/wp-json\/wp\/v2\/pages\/2071\/revisions"}],"predecessor-version":[{"id":4609,"href":"https:\/\/denisbarrett.com\/es\/wp-json\/wp\/v2\/pages\/2071\/revisions\/4609"}],"wp:featuredmedia":[{"embeddable":true,"href":"https:\/\/denisbarrett.com\/es\/wp-json\/wp\/v2\/media\/2083"}],"wp:attachment":[{"href":"https:\/\/denisbarrett.com\/es\/wp-json\/wp\/v2\/media?parent=2071"}],"curies":[{"name":"gracias","href":"https:\/\/api.w.org\/{rel}","templated":true}]}}