{"id":2035,"date":"2020-04-18T12:05:37","date_gmt":"2020-04-18T11:05:37","guid":{"rendered":"https:\/\/denisbarrett.com\/?page_id=2035"},"modified":"2021-01-04T10:56:00","modified_gmt":"2021-01-04T10:56:00","slug":"special-sales-surplus-stock-auctions","status":"publish","type":"page","link":"https:\/\/denisbarrett.com\/es\/special-sales-surplus-stock-auctions\/","title":{"rendered":"Stock especial \/ excedente"},"content":{"rendered":"<p>Denis A. Barrett Auctions son subastadores especializados con una rica trayectoria en la realizaci\u00f3n de subastas. Durante casi dos d\u00e9cadas, hemos trabajado con personas de todo el mundo para ayudarles a obtener el mejor precio para todo, desde su ganado hasta su hogar.<\/p>\n\n\n\n<div class=\"wp-block-image\"><figure class=\"aligncenter size-large\"><img loading=\"lazy\" decoding=\"async\" width=\"230\" height=\"174\" src=\"https:\/\/denisbarrett.com\/wp-content\/uploads\/2020\/04\/Dabbid.jpg\" alt=\"\" class=\"wp-image-1703\"\/><\/figure><\/div>\n\n\n\n<p>Denis Barrett, el fundador de la compa\u00f1\u00eda, es reconocido en todo el mundo y est\u00e1 contratado para llevar a cabo subastas p\u00fablicas, con Euro Auctions, en Europa y Medio Oriente, tambi\u00e9n con UAI Auctioneers Inc. en Subic Bay, Filipinas, y es el subastador principal de KCA Auctions en Kuwait. . Denis es un subastador principal galardonado, constantemente conocido como &quot;maestro subastador vibrante&quot;.&nbsp;<\/p>\n\n\n\n<div class=\"wp-block-image\"><figure class=\"aligncenter size-large\"><img loading=\"lazy\" decoding=\"async\" width=\"302\" height=\"202\" src=\"https:\/\/denisbarrett.com\/wp-content\/uploads\/2020\/04\/Sur-Picture1.jpg\" alt=\"\" class=\"wp-image-2047\" srcset=\"https:\/\/denisbarrett.com\/wp-content\/uploads\/2020\/04\/Sur-Picture1.jpg 302w, https:\/\/denisbarrett.com\/wp-content\/uploads\/2020\/04\/Sur-Picture1-300x201.jpg 300w\" sizes=\"(max-width: 302px) 100vw, 302px\" \/><\/figure><\/div>\n\n\n\n<p>Debido a nuestra red y reputaci\u00f3n globales, nos hemos convertido en el equipo de referencia como proveedor de servicios corporativos que ayuda a las empresas a crear liquidez a partir de los activos excedentes. A trav\u00e9s de este departamento realizamos anualmente una amplia variedad de subastas de excedentes y de activos colectivos especializados.<\/p>\n\n\n\n<p>Si necesita ayuda para comprender el valor de un activo, contamos con una red global de socios golpistas para ayudarlo en la valoraci\u00f3n de cualquier clase de activo. <\/p>\n\n\n\n<p class=\"has-text-align-center has-background\" style=\"background-color:#d2b766\"><strong><a href=\"https:\/\/denisbarrett.com\/es\/strategic-restructuring\/\">Para obtener m\u00e1s informaci\u00f3n, visite nuestra Divisi\u00f3n de Servicios Corporativos<\/a><\/strong>:<\/p>\n\n\n\n<p>Denis A. Barrett Auction Group se dedica al servicio al cliente y la satisfacci\u00f3n del cliente. A trav\u00e9s de nuestras diferentes divisiones ofrecemos una gama completa de servicios para atender a nuestra amplia gama de clientes.<\/p>\n\n\n\n<figure class=\"wp-block-image size-large\"><img decoding=\"async\" src=\"https:\/\/denisbarrett.com\/wp-content\/uploads\/2020\/04\/Small-DAB_GENERAL_LOGO-copy.png\" alt=\"\" class=\"wp-image-2107\"\/><\/figure>\n\n\n\n<p class=\"has-text-align-center\"><strong>Cont\u00e1ctenos:<\/strong><\/p>\n\n\n\n<p class=\"has-text-align-center\">Llame: +353 (0) 86410 9848<\/p>\n\n\n\n<p class=\"has-text-align-center\">Email:&nbsp;<a href=\"mailto:info@denisbarrett.com\">info@denisbarrett.com<\/a><\/p>\n\n\n\n<p class=\"has-text-align-center\">Tambi\u00e9n puede mantenerse en contacto a trav\u00e9s de&nbsp;<a rel=\"noreferrer noopener\" href=\"https:\/\/ie.linkedin.com\/in\/denis-barrett-05675213\" target=\"_blank\">LinkedIn<\/a>,&nbsp;<a rel=\"noreferrer noopener\" href=\"https:\/\/www.facebook.com\/denis.barrett\" target=\"_blank\">Facebook<\/a>&nbsp;y&nbsp;<a rel=\"noreferrer noopener\" href=\"https:\/\/twitter.com\/DenisABarrett\" target=\"_blank\">Gorjeo.<\/a><\/p>","protected":false},"excerpt":{"rendered":"<p>Denis A. Barrett Auctions are specialist auctioneers with a rich history of conducting auctions. Over almost two decades we have worked with the people all over the world to help them realize the best price for everything from their livestock to their home. Denis Barrett the company\u2019s founder is recognized as around the world and [&hellip;]<\/p>\n","protected":false},"author":1,"featured_media":2047,"parent":0,"menu_order":0,"comment_status":"closed","ping_status":"closed","template":"","meta":{"_et_pb_use_builder":"","_et_pb_old_content":"","_et_gb_content_width":"1080","footnotes":""},"class_list":["post-2035","page","type-page","status-publish","has-post-thumbnail","hentry"],"brizy_media":[],"_links":{"self":[{"href":"https:\/\/denisbarrett.com\/es\/wp-json\/wp\/v2\/pages\/2035","targetHints":{"allow":["GET"]}}],"collection":[{"href":"https:\/\/denisbarrett.com\/es\/wp-json\/wp\/v2\/pages"}],"about":[{"href":"https:\/\/denisbarrett.com\/es\/wp-json\/wp\/v2\/types\/page"}],"author":[{"embeddable":true,"href":"https:\/\/denisbarrett.com\/es\/wp-json\/wp\/v2\/users\/1"}],"replies":[{"embeddable":true,"href":"https:\/\/denisbarrett.com\/es\/wp-json\/wp\/v2\/comments?post=2035"}],"version-history":[{"count":5,"href":"https:\/\/denisbarrett.com\/es\/wp-json\/wp\/v2\/pages\/2035\/revisions"}],"predecessor-version":[{"id":3695,"href":"https:\/\/denisbarrett.com\/es\/wp-json\/wp\/v2\/pages\/2035\/revisions\/3695"}],"wp:featuredmedia":[{"embeddable":true,"href":"https:\/\/denisbarrett.com\/es\/wp-json\/wp\/v2\/media\/2047"}],"wp:attachment":[{"href":"https:\/\/denisbarrett.com\/es\/wp-json\/wp\/v2\/media?parent=2035"}],"curies":[{"name":"gracias","href":"https:\/\/api.w.org\/{rel}","templated":true}]}}