{"id":2032,"date":"2020-04-16T21:03:03","date_gmt":"2020-04-16T20:03:03","guid":{"rendered":"https:\/\/denisbarrett.com\/?page_id=2032"},"modified":"2020-12-19T19:57:03","modified_gmt":"2020-12-19T19:57:03","slug":"machinery-auctions","status":"publish","type":"page","link":"https:\/\/denisbarrett.com\/es\/machinery-auctions\/","title":{"rendered":"Subastas de maquinaria"},"content":{"rendered":"<p>Denis A. Barrett Auctions son subastadores especializados con una rica trayectoria en la realizaci\u00f3n de subastas. Durante casi dos d\u00e9cadas, hemos trabajado con personas de todo el mundo para ayudarles a obtener el mejor precio para todo, desde su ganado hasta su hogar.<\/p>\n\n\n\n<figure class=\"wp-block-image size-full\"><img loading=\"lazy\" decoding=\"async\" width=\"960\" height=\"636\" src=\"https:\/\/denisbarrett.com\/wp-content\/uploads\/2020\/04\/IMG_4621.jpg\" alt=\"\" class=\"wp-image-2194\" srcset=\"https:\/\/denisbarrett.com\/wp-content\/uploads\/2020\/04\/IMG_4621.jpg 960w, https:\/\/denisbarrett.com\/wp-content\/uploads\/2020\/04\/IMG_4621-300x199.jpg 300w, https:\/\/denisbarrett.com\/wp-content\/uploads\/2020\/04\/IMG_4621-768x509.jpg 768w\" sizes=\"(max-width: 960px) 100vw, 960px\" \/><\/figure>\n\n\n\n<p>Denis Barrett, el fundador de la compa\u00f1\u00eda, es reconocido en todo el mundo y est\u00e1 contratado para llevar a cabo subastas p\u00fablicas, con Euro Auctions, en Europa y Medio Oriente, tambi\u00e9n con UAI Auctioneers Inc. en Subic Bay, Filipinas, y es el subastador principal de KCA Auctions en Kuwait. . Denis es un subastador principal galardonado, al que constantemente se le conoce como &quot;maestro subastador vibrante&quot;.<\/p>\n\n\n\n<figure class=\"wp-block-image size-large\"><img loading=\"lazy\" decoding=\"async\" width=\"1024\" height=\"567\" src=\"https:\/\/denisbarrett.com\/wp-content\/uploads\/2020\/04\/IMG_4594-1024x567.jpg\" alt=\"\" class=\"wp-image-2195\" srcset=\"https:\/\/denisbarrett.com\/wp-content\/uploads\/2020\/04\/IMG_4594-1024x567.jpg 1024w, https:\/\/denisbarrett.com\/wp-content\/uploads\/2020\/04\/IMG_4594-300x166.jpg 300w, https:\/\/denisbarrett.com\/wp-content\/uploads\/2020\/04\/IMG_4594-768x425.jpg 768w, https:\/\/denisbarrett.com\/wp-content\/uploads\/2020\/04\/IMG_4594.jpg 1242w\" sizes=\"(max-width: 1024px) 100vw, 1024px\" \/><\/figure>\n\n\n\n<p>Mientras trabajamos con agricultores y propietarios de tierras en nuestras otras divisiones, significa que operamos subastas de maquinaria regulares utilizando las instalaciones de un comerciante de maquinaria jubilado. Nuestra reputaci\u00f3n a nivel local tambi\u00e9n nos ha ganado la confianza de los propietarios locales para realizar ventas en sus tierras, incluidas ventas de dispersi\u00f3n, paja en pie, pasto y ensilaje.<\/p>\n\n\n\n<div class=\"wp-block-columns is-layout-flex wp-container-core-columns-is-layout-9d6595d7 wp-block-columns-is-layout-flex\">\n<div class=\"wp-block-column is-layout-flow wp-block-column-is-layout-flow\">\n<div class=\"wp-block-image\"><figure class=\"aligncenter size-medium\"><img loading=\"lazy\" decoding=\"async\" width=\"300\" height=\"225\" src=\"https:\/\/denisbarrett.com\/wp-content\/uploads\/2020\/04\/IMG_3685-300x225.jpg\" alt=\"\" class=\"wp-image-2192\" srcset=\"https:\/\/denisbarrett.com\/wp-content\/uploads\/2020\/04\/IMG_3685-300x225.jpg 300w, https:\/\/denisbarrett.com\/wp-content\/uploads\/2020\/04\/IMG_3685-1024x768.jpg 1024w, https:\/\/denisbarrett.com\/wp-content\/uploads\/2020\/04\/IMG_3685-768x576.jpg 768w, https:\/\/denisbarrett.com\/wp-content\/uploads\/2020\/04\/IMG_3685.jpg 1280w\" sizes=\"(max-width: 300px) 100vw, 300px\" \/><\/figure><\/div>\n<\/div>\n\n\n\n<div class=\"wp-block-column is-layout-flow wp-block-column-is-layout-flow\">\n<div class=\"wp-block-image\"><figure class=\"aligncenter size-medium\"><img loading=\"lazy\" decoding=\"async\" width=\"300\" height=\"225\" src=\"https:\/\/denisbarrett.com\/wp-content\/uploads\/2020\/04\/c9555383-27e4-462f-8880-8db77690fa89-300x225.jpg\" alt=\"\" class=\"wp-image-2193\" srcset=\"https:\/\/denisbarrett.com\/wp-content\/uploads\/2020\/04\/c9555383-27e4-462f-8880-8db77690fa89-300x225.jpg 300w, https:\/\/denisbarrett.com\/wp-content\/uploads\/2020\/04\/c9555383-27e4-462f-8880-8db77690fa89-1024x768.jpg 1024w, https:\/\/denisbarrett.com\/wp-content\/uploads\/2020\/04\/c9555383-27e4-462f-8880-8db77690fa89-768x576.jpg 768w, https:\/\/denisbarrett.com\/wp-content\/uploads\/2020\/04\/c9555383-27e4-462f-8880-8db77690fa89-1536x1152.jpg 1536w, https:\/\/denisbarrett.com\/wp-content\/uploads\/2020\/04\/c9555383-27e4-462f-8880-8db77690fa89.jpg 1600w\" sizes=\"(max-width: 300px) 100vw, 300px\" \/><\/figure><\/div>\n<\/div>\n<\/div>\n\n\n\n<p>Denis A. Barrett Auction Group se dedica al servicio al cliente y la satisfacci\u00f3n del cliente. A trav\u00e9s de nuestras diferentes divisiones ofrecemos una gama completa de servicios para atender a nuestra amplia gama de clientes.<\/p>\n\n\n\n<div class=\"wp-block-image\"><figure class=\"aligncenter size-large\"><img decoding=\"async\" src=\"https:\/\/denisbarrett.com\/wp-content\/uploads\/2020\/04\/DAB_GENERAL_LOGO-1024x120.png\" alt=\"\" class=\"wp-image-1915\"\/><\/figure><\/div>\n\n\n\n<h3 class=\"has-text-align-center wp-block-heading\"><strong>Cont\u00e1ctenos<\/strong>:<\/h3>\n\n\n\n<p class=\"has-text-align-center\">Llame: +353 (0) 86410 9848<\/p>\n\n\n\n<p class=\"has-text-align-center\">Email:&nbsp;<a href=\"mailto:info@denisbarrett.com\">info@denisbarrett.com<\/a><\/p>\n\n\n\n<p class=\"has-text-align-center\">Tambi\u00e9n puede mantenerse en contacto a trav\u00e9s de&nbsp;<a rel=\"noreferrer noopener\" href=\"https:\/\/ie.linkedin.com\/in\/denis-barrett-05675213\" target=\"_blank\">LinkedIn<\/a>,&nbsp;<a rel=\"noreferrer noopener\" href=\"https:\/\/www.facebook.com\/denis.barrett\" target=\"_blank\">Facebook<\/a>&nbsp;y&nbsp;<a rel=\"noreferrer noopener\" href=\"https:\/\/twitter.com\/DenisABarrett\" target=\"_blank\">Gorjeo.<\/a><\/p>","protected":false},"excerpt":{"rendered":"<p>Denis A. Barrett Auctions are specialist auctioneers with a rich history of conducting auctions. Over almost two decades centuries we have worked with people all over the world to help them realize the best price for everything from their livestock to their home. Denis Barrett the company\u2019s founder is recognized as around the world and [&hellip;]<\/p>\n","protected":false},"author":1,"featured_media":2194,"parent":0,"menu_order":0,"comment_status":"closed","ping_status":"closed","template":"","meta":{"_et_pb_use_builder":"","_et_pb_old_content":"","_et_gb_content_width":"1080","footnotes":""},"class_list":["post-2032","page","type-page","status-publish","has-post-thumbnail","hentry"],"brizy_media":[],"_links":{"self":[{"href":"https:\/\/denisbarrett.com\/es\/wp-json\/wp\/v2\/pages\/2032","targetHints":{"allow":["GET"]}}],"collection":[{"href":"https:\/\/denisbarrett.com\/es\/wp-json\/wp\/v2\/pages"}],"about":[{"href":"https:\/\/denisbarrett.com\/es\/wp-json\/wp\/v2\/types\/page"}],"author":[{"embeddable":true,"href":"https:\/\/denisbarrett.com\/es\/wp-json\/wp\/v2\/users\/1"}],"replies":[{"embeddable":true,"href":"https:\/\/denisbarrett.com\/es\/wp-json\/wp\/v2\/comments?post=2032"}],"version-history":[{"count":6,"href":"https:\/\/denisbarrett.com\/es\/wp-json\/wp\/v2\/pages\/2032\/revisions"}],"predecessor-version":[{"id":2946,"href":"https:\/\/denisbarrett.com\/es\/wp-json\/wp\/v2\/pages\/2032\/revisions\/2946"}],"wp:featuredmedia":[{"embeddable":true,"href":"https:\/\/denisbarrett.com\/es\/wp-json\/wp\/v2\/media\/2194"}],"wp:attachment":[{"href":"https:\/\/denisbarrett.com\/es\/wp-json\/wp\/v2\/media?parent=2032"}],"curies":[{"name":"gracias","href":"https:\/\/api.w.org\/{rel}","templated":true}]}}