{"id":2026,"date":"2020-04-16T21:37:12","date_gmt":"2020-04-16T20:37:12","guid":{"rendered":"https:\/\/denisbarrett.com\/?page_id=2026"},"modified":"2021-01-04T10:54:48","modified_gmt":"2021-01-04T10:54:48","slug":"about-our-auction-department","status":"publish","type":"page","link":"https:\/\/denisbarrett.com\/es\/about-our-auction-department\/","title":{"rendered":"Acerca de las subastas DAB"},"content":{"rendered":"<p>Las subastas est\u00e1n en el coraz\u00f3n mismo de Denis A. Barrett Auctions. La firma tiene una pasi\u00f3n inquebrantable por el m\u00e9todo de mercadeo de subasta p\u00fablica. Nuestro equipo maneja una amplia variedad de subastas en todos los sectores de nuestro negocio. Esto incluye subastas de ganado, ventas colectivas de maquinaria, ventas de dispersi\u00f3n en el sitio, subastas de excedentes y subastas de propiedades y terrenos colectivos tanto a nivel nacional como internacional.&nbsp;<\/p>\n\n\n\n<figure class=\"wp-block-image size-full is-resized\"><img loading=\"lazy\" decoding=\"async\" src=\"https:\/\/denisbarrett.com\/wp-content\/uploads\/2020\/04\/auctions.jpg\" alt=\"\" class=\"wp-image-2028\" width=\"676\" height=\"475\"\/><\/figure>\n\n\n\n<p>La firma cree fervientemente que la subasta p\u00fablica es el m\u00e9todo preeminente de marketing para determinar el verdadero valor de mercado de un activo en un d\u00eda determinado cuando se alinea con estrategias de marketing cuidadosamente planificadas.<\/p>\n\n\n\n<div class=\"wp-block-group\"><div class=\"wp-block-group__inner-container is-layout-flow wp-block-group-is-layout-flow\">\n<div class=\"wp-block-columns is-layout-flex wp-container-core-columns-is-layout-9d6595d7 wp-block-columns-is-layout-flex\">\n<div class=\"wp-block-column is-layout-flow wp-block-column-is-layout-flow\">\n<div class=\"wp-block-image\"><figure class=\"aligncenter size-large is-resized\"><img loading=\"lazy\" decoding=\"async\" src=\"https:\/\/denisbarrett.com\/wp-content\/uploads\/2020\/04\/auction-calendar.jpg\" alt=\"\" class=\"wp-image-2029\" width=\"375\" height=\"225\" srcset=\"https:\/\/denisbarrett.com\/wp-content\/uploads\/2020\/04\/auction-calendar.jpg 375w, https:\/\/denisbarrett.com\/wp-content\/uploads\/2020\/04\/auction-calendar-300x180.jpg 300w\" sizes=\"(max-width: 375px) 100vw, 375px\" \/><\/figure><\/div>\n\n\n\n<p class=\"has-text-align-center\"><strong>Calendario de subasta<\/strong> <\/p>\n<\/div>\n\n\n\n<div class=\"wp-block-column is-layout-flow wp-block-column-is-layout-flow\">\n<div class=\"wp-block-image\"><figure class=\"aligncenter size-large is-resized\"><img loading=\"lazy\" decoding=\"async\" src=\"https:\/\/denisbarrett.com\/wp-content\/uploads\/2020\/04\/Val-1-images.jpeg\" alt=\"\" class=\"wp-image-2030\" width=\"375\" height=\"225\"\/><\/figure><\/div>\n\n\n\n<p class=\"has-text-align-center\"><strong>Solicitar una valoraci\u00f3n<\/strong><\/p>\n<\/div>\n<\/div>\n<\/div><\/div>\n\n\n\n<p>Regularmente realizamos los siguientes tipos de subastas:<\/p>\n\n\n\n<p><a href=\"https:\/\/denisbarrett.com\/es\/divisions\/dab-agri-com\/\">Ganado<\/a><\/p>\n\n\n\n<p><a href=\"https:\/\/denisbarrett.com\/es\/machinery-auctions\/\">Maquinaria<\/a><\/p>\n\n\n\n<p><a href=\"https:\/\/denisbarrett.com\/es\/strategic-restructuring\/\">Producto de m\u00e1s<\/a><\/p>\n\n\n\n<p><a href=\"https:\/\/denisbarrett.com\/es\/property-auctions\/\">Terreno, propiedad comercial y residencial<\/a><\/p>\n\n\n\n<p>Dentro de cada uno de estos tipos de subasta hay varias subcategor\u00edas diferentes, cada una de las cuales es el foco de las subastas individuales a lo largo del a\u00f1o.<\/p>\n\n\n\n<figure class=\"wp-block-image size-large\"><img loading=\"lazy\" decoding=\"async\" width=\"1024\" height=\"681\" src=\"https:\/\/denisbarrett.com\/wp-content\/uploads\/2020\/04\/delicia-benefits-1024x681-1.jpg\" alt=\"Text Box: Picture 18\" class=\"wp-image-2041\" srcset=\"https:\/\/denisbarrett.com\/wp-content\/uploads\/2020\/04\/delicia-benefits-1024x681-1.jpg 1024w, https:\/\/denisbarrett.com\/wp-content\/uploads\/2020\/04\/delicia-benefits-1024x681-1-300x200.jpg 300w, https:\/\/denisbarrett.com\/wp-content\/uploads\/2020\/04\/delicia-benefits-1024x681-1-768x511.jpg 768w\" sizes=\"(max-width: 1024px) 100vw, 1024px\" \/><\/figure>\n\n\n\n<p>Nuestro equipo de expertos tiene el conocimiento y la experiencia para colocar sus art\u00edculos frente a los compradores potenciales m\u00e1s apropiados, ayud\u00e1ndole a lograr el mejor precio de venta posible.<\/p>\n\n\n\n<p>El equipo de Denis A. Barrett Auctions est\u00e1 formado por expertos de la industria con una s\u00f3lida reputaci\u00f3n de profesionalismo. Cada miembro de nuestro equipo tiene una pasi\u00f3n genuina por lograr los mejores resultados para nuestros clientes. Nuestro equipo est\u00e1 perfectamente posicionado para comprender y responder a sus necesidades espec\u00edficas y ofrecerle un servicio totalmente personalizado y personalizado.<\/p>\n\n\n\n<p>Trabajamos muy de cerca con especialistas en marketing que dise\u00f1an nuestras estrategias de marketing y planes t\u00e1cticos para cada subasta, asegurando as\u00ed que estamos captando y apuntando a todos los clientes relevantes.<\/p>\n\n\n\n<p>Contamos con una red global de socios junto con una base de datos internacional de compradores de liquidez en efectivo listos para todo tipo de propiedades o activos.<\/p>\n\n\n\n<div class=\"wp-block-group\"><div class=\"wp-block-group__inner-container is-layout-flow wp-block-group-is-layout-flow\">\n<div class=\"wp-block-group has-background\" style=\"background-color:#d2b766\"><div class=\"wp-block-group__inner-container is-layout-flow wp-block-group-is-layout-flow\">\n<p class=\"has-text-align-center has-very-dark-gray-color has-text-color\"><strong>Haz que el mazo viaje <\/strong><\/p>\n\n\n\n<div class=\"wp-block-columns is-layout-flex wp-container-core-columns-is-layout-9d6595d7 wp-block-columns-is-layout-flex\">\n<div class=\"wp-block-column is-layout-flow wp-block-column-is-layout-flow\">\n<p class=\"has-text-align-left\">Denis es un maestro subastador galardonado, con unos 20 a\u00f1os de experiencia en la venta de todo tipo de activos. Cada vez m\u00e1s, Denis se est\u00e1 volviendo conocido como el subastador internacional de referencia en todo el mundo, todo tipo de subastas, incluidas las subastas de beneficios, las subastas de coches cl\u00e1sicos, las subastas de maquinaria y maquinaria pesada, las subastas de ganado y ganado de \u00e9lite, y ha realizado subastas en Kuwait, Dub\u00e1i. , Reino Unido, Alemania, Espa\u00f1a y Filipinas.<\/p>\n<\/div>\n\n\n\n<div class=\"wp-block-column is-layout-flow wp-block-column-is-layout-flow\">\n<div class=\"wp-block-image\"><figure class=\"aligncenter size-medium\"><img loading=\"lazy\" decoding=\"async\" width=\"300\" height=\"300\" src=\"https:\/\/denisbarrett.com\/wp-content\/uploads\/2019\/11\/denis_barrett-300x300.png\" alt=\"\" class=\"wp-image-1313\" srcset=\"https:\/\/denisbarrett.com\/wp-content\/uploads\/2019\/11\/denis_barrett-300x300.png 300w, https:\/\/denisbarrett.com\/wp-content\/uploads\/2019\/11\/denis_barrett-150x150.png 150w, https:\/\/denisbarrett.com\/wp-content\/uploads\/2019\/11\/denis_barrett.png 600w\" sizes=\"(max-width: 300px) 100vw, 300px\" \/><\/figure><\/div>\n\n\n\n<p><\/p>\n<\/div>\n<\/div>\n<\/div><\/div>\n<\/div><\/div>\n\n\n\n<p><\/p>\n\n\n\n<p><strong>Nosotros&nbsp;<\/strong>hemos estado dando resultados desde que abrimos en 2003. Nuestro objetivo es proporcionar una experiencia superior compilada con un valor tremendo para nuestros clientes<\/p>\n\n\n\n<p><strong>Denis Barrett, el fundador de la empresa. <\/strong>tiene m\u00e1s de 22 a\u00f1os de experiencia en el&nbsp;<strong>Industria de subastas&nbsp;<\/strong>y ha realizado<strong>&nbsp;m\u00e1s de 1.100 subastas en todo el mundo.<\/strong><\/p>\n\n\n\n<p>Para comprender mejor la variedad de subastas Denis A. Barrett Auctions, atienda, eche un vistazo a nuestro calendario de subastas que detalla los nombres y fechas de todas nuestras ventas y le informar\u00e1 sobre c\u00f3mo solicitar o descargar un cat\u00e1logo.<\/p>\n\n\n\n<figure class=\"wp-block-image size-large\"><img loading=\"lazy\" decoding=\"async\" width=\"1024\" height=\"134\" src=\"https:\/\/denisbarrett.com\/wp-content\/uploads\/2019\/09\/Logo-Jpeg-1024x134.jpg\" alt=\"\" class=\"wp-image-1229\"\/><\/figure>\n\n\n\n<h3 class=\"has-text-align-center wp-block-heading\"><strong>Cont\u00e1ctenos<\/strong>:<\/h3>\n\n\n\n<p class=\"has-text-align-center\">Llame: +353 (0) 86410 9848<\/p>\n\n\n\n<p class=\"has-text-align-center\">Email:&nbsp;<a href=\"mailto:info@denisbarrett.com\">info@denisbarrett.com<\/a>&nbsp;<\/p>\n\n\n\n<p class=\"has-text-align-center\">Tambi\u00e9n puede mantenerse en contacto a trav\u00e9s de&nbsp;<a href=\"https:\/\/ie.linkedin.com\/in\/denis-barrett-05675213\">LinkedIn<\/a>,&nbsp;<a href=\"https:\/\/www.facebook.com\/DenisBarrettAuctioneers\/?ref=bookmarks\">Facebook<\/a>&nbsp;y&nbsp;<a href=\"https:\/\/twitter.com\/DenisABarrett\">Gorjeo<\/a>.<\/p>","protected":false},"excerpt":{"rendered":"<p>Auctioneering is at the very heart of Denis A. Barrett Auctions. The firm has an unwavering passion for the Public Auction Method of Marketing. Our team handle a wide variety of auctions across every sector of our business. This includes livestock auctions, collective machinery sales, on-site dispersal sales, surplus stock auctions and collective property and [&hellip;]<\/p>\n","protected":false},"author":1,"featured_media":0,"parent":0,"menu_order":0,"comment_status":"closed","ping_status":"closed","template":"","meta":{"_et_pb_use_builder":"","_et_pb_old_content":"","_et_gb_content_width":"1080","footnotes":""},"class_list":["post-2026","page","type-page","status-publish","hentry"],"brizy_media":[],"_links":{"self":[{"href":"https:\/\/denisbarrett.com\/es\/wp-json\/wp\/v2\/pages\/2026","targetHints":{"allow":["GET"]}}],"collection":[{"href":"https:\/\/denisbarrett.com\/es\/wp-json\/wp\/v2\/pages"}],"about":[{"href":"https:\/\/denisbarrett.com\/es\/wp-json\/wp\/v2\/types\/page"}],"author":[{"embeddable":true,"href":"https:\/\/denisbarrett.com\/es\/wp-json\/wp\/v2\/users\/1"}],"replies":[{"embeddable":true,"href":"https:\/\/denisbarrett.com\/es\/wp-json\/wp\/v2\/comments?post=2026"}],"version-history":[{"count":4,"href":"https:\/\/denisbarrett.com\/es\/wp-json\/wp\/v2\/pages\/2026\/revisions"}],"predecessor-version":[{"id":3693,"href":"https:\/\/denisbarrett.com\/es\/wp-json\/wp\/v2\/pages\/2026\/revisions\/3693"}],"wp:attachment":[{"href":"https:\/\/denisbarrett.com\/es\/wp-json\/wp\/v2\/media?parent=2026"}],"curies":[{"name":"gracias","href":"https:\/\/api.w.org\/{rel}","templated":true}]}}