{"id":1786,"date":"2020-04-15T13:55:18","date_gmt":"2020-04-15T12:55:18","guid":{"rendered":"https:\/\/denisbarrett.com\/?page_id=1786"},"modified":"2020-04-17T12:42:04","modified_gmt":"2020-04-17T11:42:04","slug":"have-gavel-will-travel","status":"publish","type":"page","link":"https:\/\/denisbarrett.com\/es\/have-gavel-will-travel\/","title":{"rendered":"Tener mazo - Will Travel"},"content":{"rendered":"<p>Denis es un maestro subastador galardonado, con unos 20 a\u00f1os de experiencia en la venta de todo tipo de activos. Cada vez m\u00e1s, Denis se est\u00e1 volviendo conocido como el subastador internacional de referencia en todo el mundo, todo tipo de subastas, incluidas las subastas de beneficios, las subastas de autom\u00f3viles cl\u00e1sicos, las subastas de maquinaria y maquinaria pesada, las subastas de ganado y ganado de \u00e9lite, y ha realizado subastas en Dubai, The Reino Unido, Alemania, Espa\u00f1a y Filipinas.<\/p>\n\n\n\n<figure class=\"wp-block-image size-large\"><img loading=\"lazy\" decoding=\"async\" width=\"1024\" height=\"682\" src=\"https:\/\/denisbarrett.com\/wp-content\/uploads\/2020\/04\/59e375ec-1f0d-4a4d-9eaf-e74ab9de16bb-1024x682.jpg\" alt=\"\" class=\"wp-image-2114\" srcset=\"https:\/\/denisbarrett.com\/wp-content\/uploads\/2020\/04\/59e375ec-1f0d-4a4d-9eaf-e74ab9de16bb-1024x682.jpg 1024w, https:\/\/denisbarrett.com\/wp-content\/uploads\/2020\/04\/59e375ec-1f0d-4a4d-9eaf-e74ab9de16bb-300x200.jpg 300w, https:\/\/denisbarrett.com\/wp-content\/uploads\/2020\/04\/59e375ec-1f0d-4a4d-9eaf-e74ab9de16bb-768x512.jpg 768w, https:\/\/denisbarrett.com\/wp-content\/uploads\/2020\/04\/59e375ec-1f0d-4a4d-9eaf-e74ab9de16bb-1536x1023.jpg 1536w, https:\/\/denisbarrett.com\/wp-content\/uploads\/2020\/04\/59e375ec-1f0d-4a4d-9eaf-e74ab9de16bb.jpg 1600w\" sizes=\"(max-width: 1024px) 100vw, 1024px\" \/><\/figure>\n\n\n\n<p>Denis, constantemente referido como &quot;vibrante&quot; y un &quot;maestro subastador&quot;, ilumina a la multitud con su energ\u00eda positiva, su precisi\u00f3n y su capacidad para mantener a la audiencia, ya sea grande o peque\u00f1a, completamente comprometida.<\/p>\n\n\n\n<p>Adaptar\u00e1 sus servicios para satisfacer las necesidades de su organizaci\u00f3n, asegur\u00e1ndose de que la presentaci\u00f3n de su subasta sea todo lo que deseaba que fuera. Interesado en agregar a Denis a su equipo de subastas<\/p>\n\n\n\n<p class=\"has-text-align-center\"><a href=\"https:\/\/denisbarrett.com\/es\/contract-auctioneer\/\">M\u00e1s sobre subastas por contrato:<\/a><\/p>\n\n\n\n<figure class=\"wp-block-image size-large\"><img loading=\"lazy\" decoding=\"async\" width=\"1024\" height=\"683\" src=\"https:\/\/denisbarrett.com\/wp-content\/uploads\/2020\/03\/HeavyEquipmentAuctioneer-1024x683.jpg\" alt=\"\" class=\"wp-image-1595\" srcset=\"https:\/\/denisbarrett.com\/wp-content\/uploads\/2020\/03\/HeavyEquipmentAuctioneer-1024x683.jpg 1024w, https:\/\/denisbarrett.com\/wp-content\/uploads\/2020\/03\/HeavyEquipmentAuctioneer-300x200.jpg 300w, https:\/\/denisbarrett.com\/wp-content\/uploads\/2020\/03\/HeavyEquipmentAuctioneer-768x512.jpg 768w, https:\/\/denisbarrett.com\/wp-content\/uploads\/2020\/03\/HeavyEquipmentAuctioneer-1536x1024.jpg 1536w, https:\/\/denisbarrett.com\/wp-content\/uploads\/2020\/03\/HeavyEquipmentAuctioneer-2048x1365.jpg 2048w, https:\/\/denisbarrett.com\/wp-content\/uploads\/2020\/03\/HeavyEquipmentAuctioneer-1600x1067.jpg 1600w\" sizes=\"(max-width: 1024px) 100vw, 1024px\" \/><\/figure>\n\n\n\n<div class=\"wp-block-image\"><figure class=\"aligncenter size-large\"><img loading=\"lazy\" decoding=\"async\" width=\"1024\" height=\"134\" src=\"https:\/\/denisbarrett.com\/wp-content\/uploads\/2019\/09\/Logo-Jpeg-1024x134.jpg\" alt=\"\" class=\"wp-image-1229\"\/><\/figure><\/div>\n\n\n\n<p class=\"has-text-align-center\"><strong>Cont\u00e1ctenos:<\/strong><\/p>\n\n\n\n<p class=\"has-text-align-center\">Llame: +353 (0) 86410 9848<\/p>\n\n\n\n<p class=\"has-text-align-center\">Email:&nbsp;<a href=\"mailto:info@denisbarrett.com\">info@denisbarrett.com<\/a><\/p>\n\n\n\n<p class=\"has-text-align-center\">Tambi\u00e9n puede mantenerse en contacto a trav\u00e9s de\u00a0<a rel=\"noreferrer noopener\" href=\"https:\/\/ie.linkedin.com\/in\/denis-barrett-05675213\" target=\"_blank\">LinkedIn<\/a>,\u00a0<a rel=\"noreferrer noopener\" href=\"https:\/\/www.facebook.com\/denis.barrett\" target=\"_blank\">Facebook<\/a>\u00a0y\u00a0<a rel=\"noreferrer noopener\" href=\"https:\/\/twitter.com\/DenisABarrett\" target=\"_blank\">Gorjeo.<\/a><\/p>","protected":false},"excerpt":{"rendered":"<p>Denis is an award-winning master Auctioneer, with some 20 years of experience selling all types of assets. Increasingly Denis is becoming known as the \u2018go-to\u2019 International Auctioneer around the world all types of auctions including, Benefit Auctions, Classic Car Auctions, Heavy Plant and Machinery Auctions, Elite Bloodstock &amp; Livestock Auctions, and has conducted Auctions in [&hellip;]<\/p>\n","protected":false},"author":1,"featured_media":0,"parent":0,"menu_order":0,"comment_status":"closed","ping_status":"closed","template":"","meta":{"_et_pb_use_builder":"on","_et_pb_old_content":"<!-- wp:heading {\"level\":3} -->\n<h3>Have Gavel Will Travel<\/h3>\n<!-- \/wp:heading -->\n\n<!-- wp:paragraph -->\n<p>Denis is an award-winning master Auctioneer, with some 20 years of experience selling all types of assets. Increasingly Denis is becoming known as the \u2018go-to\u2019 International Auctioneer around the world all types of auctions including, Benefit Auctions, Classic Car Auctions, Heavy Plant and Machinery Auctions, Elite Bloodstock &amp; Livestock Auctions, and has conducted Auctions in Dubai, The UK, Germany, Spain and The Philippines.<\/p>\n<!-- \/wp:paragraph -->\n\n<!-- wp:paragraph -->\n<p>Constantly referred to as \u201cvibrant\u201d and a \u201cmaster auctioneer\u201d, Denis lights up the crowd with his positive energy, his accuracy and his ability to keep the audience whether large or small, completely engaged.<\/p>\n<!-- \/wp:paragraph -->\n\n<!-- wp:paragraph -->\n<p>He will tailor his services to meet your organization\u2019s needs ensuring your auction presentation is everything you wanted it to be. Interested in adding Denis to your auction team? Contact him.<\/p>\n<!-- \/wp:paragraph -->\n\n<!-- wp:paragraph -->\n<p>Contact Us on<\/p>\n<!-- \/wp:paragraph -->\n\n<!-- wp:paragraph -->\n<p>Email:&nbsp;<a href=\"mailto:info@denisbarrett.com\">info@denisbarrett.com<\/a>&nbsp;or Call:&nbsp;&nbsp;&nbsp; +353 (0) 86 410 9848<\/p>\n<!-- \/wp:paragraph -->\n\n<!-- wp:paragraph -->\n<p><a href=\"https:\/\/denisbarrett.com\/contract-auctioneer\/\">More on Contract Auctions:<\/a> <\/p>\n<!-- \/wp:paragraph -->\n\n<!-- wp:paragraph {\"align\":\"center\"} -->\n<p class=\"has-text-align-center\">You can also stay in touch via&nbsp;<a rel=\"noreferrer noopener\" href=\"https:\/\/ie.linkedin.com\/in\/denis-barrett-05675213\" target=\"_blank\">LinkedIn<\/a>,&nbsp;<a rel=\"noreferrer noopener\" href=\"https:\/\/www.facebook.com\/denis.barrett\" target=\"_blank\">Facebook<\/a>&nbsp;and&nbsp;<a rel=\"noreferrer noopener\" href=\"https:\/\/twitter.com\/DenisABarrett\" target=\"_blank\">Twitter.<\/a><\/p>\n<!-- \/wp:paragraph -->","_et_gb_content_width":"","footnotes":""},"class_list":["post-1786","page","type-page","status-publish","hentry"],"brizy_media":[],"_links":{"self":[{"href":"https:\/\/denisbarrett.com\/es\/wp-json\/wp\/v2\/pages\/1786","targetHints":{"allow":["GET"]}}],"collection":[{"href":"https:\/\/denisbarrett.com\/es\/wp-json\/wp\/v2\/pages"}],"about":[{"href":"https:\/\/denisbarrett.com\/es\/wp-json\/wp\/v2\/types\/page"}],"author":[{"embeddable":true,"href":"https:\/\/denisbarrett.com\/es\/wp-json\/wp\/v2\/users\/1"}],"replies":[{"embeddable":true,"href":"https:\/\/denisbarrett.com\/es\/wp-json\/wp\/v2\/comments?post=1786"}],"version-history":[{"count":4,"href":"https:\/\/denisbarrett.com\/es\/wp-json\/wp\/v2\/pages\/1786\/revisions"}],"predecessor-version":[{"id":2115,"href":"https:\/\/denisbarrett.com\/es\/wp-json\/wp\/v2\/pages\/1786\/revisions\/2115"}],"wp:attachment":[{"href":"https:\/\/denisbarrett.com\/es\/wp-json\/wp\/v2\/media?parent=1786"}],"curies":[{"name":"gracias","href":"https:\/\/api.w.org\/{rel}","templated":true}]}}