{"id":1711,"date":"2020-04-07T18:39:59","date_gmt":"2020-04-07T17:39:59","guid":{"rendered":"https:\/\/denisbarrett.com\/?page_id=1711"},"modified":"2020-12-19T20:15:05","modified_gmt":"2020-12-19T20:15:05","slug":"a-sustainable-method-of-clearance","status":"publish","type":"page","link":"https:\/\/denisbarrett.com\/es\/a-sustainable-method-of-clearance\/","title":{"rendered":"Un m\u00e9todo de liquidaci\u00f3n sostenible:"},"content":{"rendered":"<p>La enajenaci\u00f3n y el redespliegue de activos cuestan a las organizaciones importantes ingresos, tiempo y recursos. A menudo, los procesos para hacer frente a estos activos excedentes est\u00e1n fragmentados, no son transparentes y se ejecutan con diversos grados de \u00e9xito. Aqu\u00ed, en Denis A. Barrett Auctions &amp; Dabbid.com, podemos resolver todo el problema de los activos excedentes vendiendo en su nombre y generando ingresos m\u00e1ximos para cada activo para proporcionar un reembolso de los ingresos generados. pero lo m\u00e1s importante es que trabajamos de manera integral para ofrecer ahorros de costos significativos y con el beneficio adicional de ayudar a las organizaciones a lograr los objetivos de sostenibilidad y responsabilidad social corporativa.<\/p>\n\n\n\n<p>DISPOSICI\u00d3N DE ACTIVOS A TRAV\u00c9S DE SUBASTA P\u00daBLICA<\/p>\n\n\n\n<p>Los activos se vuelven excedentes por varias razones dentro de las organizaciones, no necesariamente porque ya no se puedan usar. Vender sus activos a trav\u00e9s de una subasta les ofrece una nueva vida, permitiendo su reutilizaci\u00f3n en lugar de convertirse en basura, apoyando los objetivos de sostenibilidad.<\/p>\n\n\n\n<p>AYUDANDO A HACER EL BIEN<\/p>\n\n\n\n<p>Lo que viene inmediatamente a la mente al considerar la venta de activos mediante subasta son los ingresos generados. Pero en realidad, vender con Denis A. Barrett Auctions y Dabbid.com a trav\u00e9s de una subasta ofrece mucho m\u00e1s que una r\u00e1pida mejora financiera.<\/p>\n\n\n\n<p>Al trabajar con muchas organizaciones grandes, reconocemos la importancia de agregar valor a cada asociaci\u00f3n. Trabajar con nosotros como una forma de deshacerse de sus activos excedentes complementa sus objetivos de sostenibilidad.<\/p>\n\n\n\n<p>Denis a. Barrett Auctions &amp; Dabbid.com priorizan la eficiencia y la sostenibilidad y nos esforzamos por minimizar nuestro impacto ambiental, teniendo en cuenta nuestra huella de carbono y asegurando la eficiencia en el almacenamiento y transporte de activos. Podemos ayudarlo a administrar responsablemente el impacto social, ambiental y econ\u00f3mico del proceso de disposici\u00f3n de activos mediante:<\/p>\n\n\n\n<p>Ofreciendo un m\u00e9todo probado para desviar los desechos del vertedero, mientras alimenta una variedad de cadenas de suministro posteriores<\/p>\n\n\n\n<p>Ayudando a hacer crecer las comunidades empresariales locales y globales.<\/p>\n\n\n\n<p>Apoyar la creaci\u00f3n de empresas<\/p>\n\n\n\n<p>Apoyo a grupos comunitarios, empresas sociales y organizaciones ben\u00e9ficas.<\/p>\n\n\n\n<p>Todo mientras le devuelve el capital no realizado que tiene dentro de sus activos.<\/p>\n\n\n\n<p>Todo mientras ayuda a las organizaciones a lograr sus objetivos de Responsabilidad Social Corporativa y sostenibilidad.<\/p>\n\n\n\n<p>\u00bfNo encuentras lo que buscas? Comun\u00edquese directamente a trav\u00e9s de nuestro&nbsp;<a href=\"https:\/\/denisbarrett.com\/es\/contact-us\/\">Cont\u00e1ctenos<\/a>&nbsp;o Comun\u00edquese con nosotros de manera confidencial para discutir cualquiera de sus requisitos de reestructuraci\u00f3n estrat\u00e9gica y recuperaci\u00f3n corporativa.<\/p>\n\n\n\n<p>Para programar una consulta con nosotros, entonces&nbsp;<a href=\"https:\/\/denisbarrett.com\/es\/contact-us\/\">escr\u00edbanos<\/a>! o por qu\u00e9 no llamar, +353 (0) 86410 9848<\/p>\n\n\n\n<p>Tambi\u00e9n puede mantenerse en contacto a trav\u00e9s de&nbsp;<a href=\"https:\/\/ie.linkedin.com\/in\/denis-barrett-05675213\">LinkedIn<\/a>,&nbsp;<a href=\"https:\/\/www.facebook.com\/DabbidOnlineAuctions\/\">Facebook<\/a>&nbsp;y&nbsp;<a href=\"https:\/\/twitter.com\/dabbidauction\">Gorjeo<\/a>.<\/p>\n\n\n\n<p class=\"has-text-align-center\"><a href=\"https:\/\/denisbarrett.com\/es\/further-information\/\">Volver a la p\u00e1gina de informaci\u00f3n adicional:<\/a><\/p>","protected":false},"excerpt":{"rendered":"<p>Asset disposal and redeployment costs organisations significant revenue, time, and resource. Often the processes for dealing with these surplus assets are fragmented, non-transparent and are executed with varying degrees of success. Here at Denis A. Barrett Auctions &amp; Dabbid.com, we can resolve the entire surplus asset problem by selling on your behalf driving maximum revenue [&hellip;]<\/p>\n","protected":false},"author":1,"featured_media":0,"parent":0,"menu_order":0,"comment_status":"closed","ping_status":"closed","template":"","meta":{"_et_pb_use_builder":"","_et_pb_old_content":"","_et_gb_content_width":"1080","footnotes":""},"class_list":["post-1711","page","type-page","status-publish","hentry"],"brizy_media":[],"_links":{"self":[{"href":"https:\/\/denisbarrett.com\/es\/wp-json\/wp\/v2\/pages\/1711","targetHints":{"allow":["GET"]}}],"collection":[{"href":"https:\/\/denisbarrett.com\/es\/wp-json\/wp\/v2\/pages"}],"about":[{"href":"https:\/\/denisbarrett.com\/es\/wp-json\/wp\/v2\/types\/page"}],"author":[{"embeddable":true,"href":"https:\/\/denisbarrett.com\/es\/wp-json\/wp\/v2\/users\/1"}],"replies":[{"embeddable":true,"href":"https:\/\/denisbarrett.com\/es\/wp-json\/wp\/v2\/comments?post=1711"}],"version-history":[{"count":4,"href":"https:\/\/denisbarrett.com\/es\/wp-json\/wp\/v2\/pages\/1711\/revisions"}],"predecessor-version":[{"id":1802,"href":"https:\/\/denisbarrett.com\/es\/wp-json\/wp\/v2\/pages\/1711\/revisions\/1802"}],"wp:attachment":[{"href":"https:\/\/denisbarrett.com\/es\/wp-json\/wp\/v2\/media?parent=1711"}],"curies":[{"name":"gracias","href":"https:\/\/api.w.org\/{rel}","templated":true}]}}