{"id":162,"date":"2016-11-07T08:13:01","date_gmt":"2016-11-07T08:13:01","guid":{"rendered":"https:\/\/denisbarrett.com\/?page_id=162"},"modified":"2020-12-19T20:15:54","modified_gmt":"2020-12-19T20:15:54","slug":"gallery","status":"publish","type":"page","link":"https:\/\/denisbarrett.com\/es\/gallery\/","title":{"rendered":"Portafolio \/ Galer\u00eda"},"content":{"rendered":"<div class=\"wp-block-image\"><figure class=\"aligncenter\"><img loading=\"lazy\" decoding=\"async\" width=\"1024\" height=\"134\" src=\"https:\/\/denisbarrett.com\/wp-content\/uploads\/2019\/09\/Logo-Jpeg-1024x134.jpg\" alt=\"\" class=\"wp-image-1229\"\/><\/figure><\/div>\n\n\n\n<h4 class=\"wp-block-heading\">El d\u00eda de puertas abiertas de Radney - IHFA 2019 <\/h4>\n\n\n\n<p>Nos sentimos honrados de que se nos pidiera realizar la subasta de celebraci\u00f3n del d\u00eda de puertas abiertas de Radney - IHFA en nombre de la familia O&#039;Keeffe. Nos enfrentamos a un dilema, de que asistieran grandes multitudes y tambi\u00e9n permiti\u00e9ramos que nuestra \u00e1rea de subasta se utilizara para la ceremonia anual de premios que tiene lugar antes de nuestra subasta. Con una planificaci\u00f3n diligente y consultas con los t\u00e9cnicos de audio y sonido, creamos un dise\u00f1o encantador, que condujo a un evento profesional de flujo libre que ayud\u00f3 a una venta s\u00faper exitosa, con todos yendo m\u00e1s all\u00e1 para hacer que suceda lo imposible.<\/p>\n\n\n\n<figure class=\"wp-block-gallery columns-3 is-cropped wp-block-gallery-1 is-layout-flex wp-block-gallery-is-layout-flex\"><ul class=\"blocks-gallery-grid\"><li class=\"blocks-gallery-item\"><figure><img loading=\"lazy\" decoding=\"async\" width=\"1024\" height=\"768\" src=\"https:\/\/denisbarrett.com\/wp-content\/uploads\/2019\/10\/IMG_2906-1024x768.jpg\" alt=\"\" data-id=\"1268\" data-link=\"https:\/\/denisbarrett.com\/portfolio\/img_2906\/\" class=\"wp-image-1268\" srcset=\"https:\/\/denisbarrett.com\/wp-content\/uploads\/2019\/10\/IMG_2906-1024x768.jpg 1024w, https:\/\/denisbarrett.com\/wp-content\/uploads\/2019\/10\/IMG_2906-300x225.jpg 300w, https:\/\/denisbarrett.com\/wp-content\/uploads\/2019\/10\/IMG_2906-768x576.jpg 768w, https:\/\/denisbarrett.com\/wp-content\/uploads\/2019\/10\/IMG_2906-1600x1200.jpg 1600w\" sizes=\"(max-width: 1024px) 100vw, 1024px\" \/><\/figure><\/li><li class=\"blocks-gallery-item\"><figure><img loading=\"lazy\" decoding=\"async\" width=\"1024\" height=\"768\" src=\"https:\/\/denisbarrett.com\/wp-content\/uploads\/2019\/10\/IMG_4028-1024x768.jpg\" alt=\"\" data-id=\"1281\" data-link=\"https:\/\/denisbarrett.com\/portfolio\/img_4028\/\" class=\"wp-image-1281\" srcset=\"https:\/\/denisbarrett.com\/wp-content\/uploads\/2019\/10\/IMG_4028-1024x768.jpg 1024w, https:\/\/denisbarrett.com\/wp-content\/uploads\/2019\/10\/IMG_4028-300x225.jpg 300w, https:\/\/denisbarrett.com\/wp-content\/uploads\/2019\/10\/IMG_4028-768x576.jpg 768w, https:\/\/denisbarrett.com\/wp-content\/uploads\/2019\/10\/IMG_4028-1600x1200.jpg 1600w\" sizes=\"(max-width: 1024px) 100vw, 1024px\" \/><\/figure><\/li><li class=\"blocks-gallery-item\"><figure><img loading=\"lazy\" decoding=\"async\" width=\"1024\" height=\"575\" src=\"https:\/\/denisbarrett.com\/wp-content\/uploads\/2019\/10\/IMG_4116-1024x575.jpg\" alt=\"\" data-id=\"1269\" data-link=\"https:\/\/denisbarrett.com\/portfolio\/img_4116\/\" class=\"wp-image-1269\" srcset=\"https:\/\/denisbarrett.com\/wp-content\/uploads\/2019\/10\/IMG_4116-1024x575.jpg 1024w, https:\/\/denisbarrett.com\/wp-content\/uploads\/2019\/10\/IMG_4116-300x169.jpg 300w, https:\/\/denisbarrett.com\/wp-content\/uploads\/2019\/10\/IMG_4116-768x432.jpg 768w, https:\/\/denisbarrett.com\/wp-content\/uploads\/2019\/10\/IMG_4116.jpg 1600w\" sizes=\"(max-width: 1024px) 100vw, 1024px\" \/><\/figure><\/li><li class=\"blocks-gallery-item\"><figure><img loading=\"lazy\" decoding=\"async\" width=\"1024\" height=\"575\" src=\"https:\/\/denisbarrett.com\/wp-content\/uploads\/2019\/10\/IMG_4117-1024x575.jpg\" alt=\"\" data-id=\"1270\" data-link=\"https:\/\/denisbarrett.com\/portfolio\/img_4117\/\" class=\"wp-image-1270\" srcset=\"https:\/\/denisbarrett.com\/wp-content\/uploads\/2019\/10\/IMG_4117-1024x575.jpg 1024w, https:\/\/denisbarrett.com\/wp-content\/uploads\/2019\/10\/IMG_4117-300x169.jpg 300w, https:\/\/denisbarrett.com\/wp-content\/uploads\/2019\/10\/IMG_4117-768x432.jpg 768w, https:\/\/denisbarrett.com\/wp-content\/uploads\/2019\/10\/IMG_4117.jpg 1600w\" sizes=\"(max-width: 1024px) 100vw, 1024px\" \/><\/figure><\/li><li class=\"blocks-gallery-item\"><figure><img loading=\"lazy\" decoding=\"async\" width=\"1024\" height=\"575\" src=\"https:\/\/denisbarrett.com\/wp-content\/uploads\/2019\/10\/IMG_4118-1024x575.jpg\" alt=\"\" data-id=\"1271\" data-link=\"https:\/\/denisbarrett.com\/portfolio\/img_4118\/\" class=\"wp-image-1271\" srcset=\"https:\/\/denisbarrett.com\/wp-content\/uploads\/2019\/10\/IMG_4118-1024x575.jpg 1024w, https:\/\/denisbarrett.com\/wp-content\/uploads\/2019\/10\/IMG_4118-300x169.jpg 300w, https:\/\/denisbarrett.com\/wp-content\/uploads\/2019\/10\/IMG_4118-768x432.jpg 768w, https:\/\/denisbarrett.com\/wp-content\/uploads\/2019\/10\/IMG_4118.jpg 1600w\" sizes=\"(max-width: 1024px) 100vw, 1024px\" \/><\/figure><\/li><li class=\"blocks-gallery-item\"><figure><img loading=\"lazy\" decoding=\"async\" width=\"1024\" height=\"768\" src=\"https:\/\/denisbarrett.com\/wp-content\/uploads\/2019\/10\/IMG_4096-1024x768.jpg\" alt=\"\" data-id=\"1272\" data-link=\"https:\/\/denisbarrett.com\/portfolio\/img_4096\/\" class=\"wp-image-1272\" srcset=\"https:\/\/denisbarrett.com\/wp-content\/uploads\/2019\/10\/IMG_4096-1024x768.jpg 1024w, https:\/\/denisbarrett.com\/wp-content\/uploads\/2019\/10\/IMG_4096-300x225.jpg 300w, https:\/\/denisbarrett.com\/wp-content\/uploads\/2019\/10\/IMG_4096-768x576.jpg 768w, https:\/\/denisbarrett.com\/wp-content\/uploads\/2019\/10\/IMG_4096-1600x1200.jpg 1600w\" sizes=\"(max-width: 1024px) 100vw, 1024px\" \/><\/figure><\/li><li class=\"blocks-gallery-item\"><figure><img loading=\"lazy\" decoding=\"async\" width=\"1024\" height=\"768\" src=\"https:\/\/denisbarrett.com\/wp-content\/uploads\/2019\/10\/IMG_4090-1024x768.jpg\" alt=\"\" data-id=\"1273\" data-link=\"https:\/\/denisbarrett.com\/portfolio\/img_4090\/\" class=\"wp-image-1273\" srcset=\"https:\/\/denisbarrett.com\/wp-content\/uploads\/2019\/10\/IMG_4090-1024x768.jpg 1024w, https:\/\/denisbarrett.com\/wp-content\/uploads\/2019\/10\/IMG_4090-300x225.jpg 300w, https:\/\/denisbarrett.com\/wp-content\/uploads\/2019\/10\/IMG_4090-768x576.jpg 768w, https:\/\/denisbarrett.com\/wp-content\/uploads\/2019\/10\/IMG_4090-1600x1200.jpg 1600w\" sizes=\"(max-width: 1024px) 100vw, 1024px\" \/><\/figure><\/li><li class=\"blocks-gallery-item\"><figure><img loading=\"lazy\" decoding=\"async\" width=\"1024\" height=\"768\" src=\"https:\/\/denisbarrett.com\/wp-content\/uploads\/2019\/10\/IMG_4089-1024x768.jpg\" alt=\"\" data-id=\"1274\" data-link=\"https:\/\/denisbarrett.com\/portfolio\/img_4089\/\" class=\"wp-image-1274\" srcset=\"https:\/\/denisbarrett.com\/wp-content\/uploads\/2019\/10\/IMG_4089-1024x768.jpg 1024w, https:\/\/denisbarrett.com\/wp-content\/uploads\/2019\/10\/IMG_4089-300x225.jpg 300w, https:\/\/denisbarrett.com\/wp-content\/uploads\/2019\/10\/IMG_4089-768x576.jpg 768w, https:\/\/denisbarrett.com\/wp-content\/uploads\/2019\/10\/IMG_4089-1600x1200.jpg 1600w\" sizes=\"(max-width: 1024px) 100vw, 1024px\" \/><\/figure><\/li><li class=\"blocks-gallery-item\"><figure><img loading=\"lazy\" decoding=\"async\" width=\"1024\" height=\"768\" src=\"https:\/\/denisbarrett.com\/wp-content\/uploads\/2019\/10\/PHOTO-2019-06-28-15-47-52-1024x768.jpg\" alt=\"\" data-id=\"1276\" data-link=\"https:\/\/denisbarrett.com\/portfolio\/photo-2019-06-28-15-47-52\/\" class=\"wp-image-1276\" srcset=\"https:\/\/denisbarrett.com\/wp-content\/uploads\/2019\/10\/PHOTO-2019-06-28-15-47-52-1024x768.jpg 1024w, https:\/\/denisbarrett.com\/wp-content\/uploads\/2019\/10\/PHOTO-2019-06-28-15-47-52-300x225.jpg 300w, https:\/\/denisbarrett.com\/wp-content\/uploads\/2019\/10\/PHOTO-2019-06-28-15-47-52-768x576.jpg 768w, https:\/\/denisbarrett.com\/wp-content\/uploads\/2019\/10\/PHOTO-2019-06-28-15-47-52.jpg 1600w\" sizes=\"(max-width: 1024px) 100vw, 1024px\" \/><\/figure><\/li><li class=\"blocks-gallery-item\"><figure><img loading=\"lazy\" decoding=\"async\" width=\"1024\" height=\"768\" src=\"https:\/\/denisbarrett.com\/wp-content\/uploads\/2019\/10\/PHOTO-2019-06-28-15-47-54-1024x768.jpg\" alt=\"\" data-id=\"1277\" data-link=\"https:\/\/denisbarrett.com\/portfolio\/photo-2019-06-28-15-47-54\/\" class=\"wp-image-1277\" srcset=\"https:\/\/denisbarrett.com\/wp-content\/uploads\/2019\/10\/PHOTO-2019-06-28-15-47-54-1024x768.jpg 1024w, https:\/\/denisbarrett.com\/wp-content\/uploads\/2019\/10\/PHOTO-2019-06-28-15-47-54-300x225.jpg 300w, https:\/\/denisbarrett.com\/wp-content\/uploads\/2019\/10\/PHOTO-2019-06-28-15-47-54-768x576.jpg 768w, https:\/\/denisbarrett.com\/wp-content\/uploads\/2019\/10\/PHOTO-2019-06-28-15-47-54.jpg 1600w\" sizes=\"(max-width: 1024px) 100vw, 1024px\" \/><\/figure><\/li><\/ul><\/figure>\n\n\n\n<h4 class=\"wp-block-heading\">Subastas de maquinaria pesada <\/h4>\n\n\n\n<figure class=\"wp-block-gallery columns-3 is-cropped wp-block-gallery-2 is-layout-flex wp-block-gallery-is-layout-flex\"><ul class=\"blocks-gallery-grid\"><li class=\"blocks-gallery-item\"><figure><img loading=\"lazy\" decoding=\"async\" width=\"473\" height=\"354\" src=\"https:\/\/denisbarrett.com\/wp-content\/uploads\/2018\/11\/Euro-Auctions.png\" alt=\"\" data-id=\"675\" data-link=\"https:\/\/denisbarrett.com\/contract-auctioneer\/euro-auctions\/\" class=\"wp-image-675\" srcset=\"https:\/\/denisbarrett.com\/wp-content\/uploads\/2018\/11\/Euro-Auctions.png 473w, https:\/\/denisbarrett.com\/wp-content\/uploads\/2018\/11\/Euro-Auctions-300x225.png 300w\" sizes=\"(max-width: 473px) 100vw, 473px\" \/><\/figure><\/li><li class=\"blocks-gallery-item\"><figure><img loading=\"lazy\" decoding=\"async\" width=\"1024\" height=\"683\" src=\"https:\/\/denisbarrett.com\/wp-content\/uploads\/2019\/10\/HeavyEquipmentAuctioneer-1024x683.jpg\" alt=\"\" data-id=\"1288\" data-link=\"https:\/\/denisbarrett.com\/gallery\/heavyequipmentauctioneer-3\/\" class=\"wp-image-1288\" srcset=\"https:\/\/denisbarrett.com\/wp-content\/uploads\/2019\/10\/HeavyEquipmentAuctioneer-1024x683.jpg 1024w, https:\/\/denisbarrett.com\/wp-content\/uploads\/2019\/10\/HeavyEquipmentAuctioneer-300x200.jpg 300w, https:\/\/denisbarrett.com\/wp-content\/uploads\/2019\/10\/HeavyEquipmentAuctioneer-768x512.jpg 768w, https:\/\/denisbarrett.com\/wp-content\/uploads\/2019\/10\/HeavyEquipmentAuctioneer-1600x1067.jpg 1600w\" sizes=\"(max-width: 1024px) 100vw, 1024px\" \/><\/figure><\/li><li class=\"blocks-gallery-item\"><figure><img loading=\"lazy\" decoding=\"async\" width=\"275\" height=\"183\" src=\"https:\/\/denisbarrett.com\/wp-content\/uploads\/2018\/11\/UAI-2.jpeg\" alt=\"\" data-id=\"683\" data-link=\"https:\/\/denisbarrett.com\/contract-auctioneer\/uai-2\/\" class=\"wp-image-683\"\/><\/figure><\/li><li class=\"blocks-gallery-item\"><figure><img loading=\"lazy\" decoding=\"async\" width=\"275\" height=\"183\" src=\"https:\/\/denisbarrett.com\/wp-content\/uploads\/2019\/10\/Euro-Auctions-Leeds.jpeg\" alt=\"\" data-id=\"1290\" data-link=\"https:\/\/denisbarrett.com\/gallery\/euro-auctions-leeds\/\" class=\"wp-image-1290\"\/><\/figure><\/li><\/ul><\/figure>","protected":false},"excerpt":{"rendered":"<p>The Radney &#8211; IHFA Open Day 2019 We were honoured to be asked to conduct the Radney \u2013 IHFA Open Day Celebratory Auction on behalf of the O&#8217;Keeffe family. We were faced with a dilemma, of large crowds attending and also allowing our Auction Area to be utilised for the Annual Awards ceremony which takes [&hellip;]<\/p>\n","protected":false},"author":1,"featured_media":0,"parent":0,"menu_order":0,"comment_status":"closed","ping_status":"closed","template":"","meta":{"_et_pb_use_builder":"","_et_pb_old_content":"","_et_gb_content_width":"1080","footnotes":""},"class_list":["post-162","page","type-page","status-publish","hentry"],"brizy_media":[],"_links":{"self":[{"href":"https:\/\/denisbarrett.com\/es\/wp-json\/wp\/v2\/pages\/162","targetHints":{"allow":["GET"]}}],"collection":[{"href":"https:\/\/denisbarrett.com\/es\/wp-json\/wp\/v2\/pages"}],"about":[{"href":"https:\/\/denisbarrett.com\/es\/wp-json\/wp\/v2\/types\/page"}],"author":[{"embeddable":true,"href":"https:\/\/denisbarrett.com\/es\/wp-json\/wp\/v2\/users\/1"}],"replies":[{"embeddable":true,"href":"https:\/\/denisbarrett.com\/es\/wp-json\/wp\/v2\/comments?post=162"}],"version-history":[{"count":11,"href":"https:\/\/denisbarrett.com\/es\/wp-json\/wp\/v2\/pages\/162\/revisions"}],"predecessor-version":[{"id":2963,"href":"https:\/\/denisbarrett.com\/es\/wp-json\/wp\/v2\/pages\/162\/revisions\/2963"}],"wp:attachment":[{"href":"https:\/\/denisbarrett.com\/es\/wp-json\/wp\/v2\/media?parent=162"}],"curies":[{"name":"gracias","href":"https:\/\/api.w.org\/{rel}","templated":true}]}}