{"id":1342,"date":"2019-11-17T15:57:27","date_gmt":"2019-11-17T15:57:27","guid":{"rendered":"https:\/\/denisbarrett.com\/?page_id=1342"},"modified":"2020-12-19T20:20:19","modified_gmt":"2020-12-19T20:20:19","slug":"the-barrett-advantage","status":"publish","type":"page","link":"https:\/\/denisbarrett.com\/es\/the-barrett-advantage\/","title":{"rendered":"La ventaja de Barrett"},"content":{"rendered":"<p><strong>&quot;SUBASTA&quot;<\/strong>&nbsp;es una palabra estimulante. Ninguna palabra iguala su poder para producir instant\u00e1neamente compradores serios con dinero en la mano.<\/p>\n\n\n\n<ul class=\"wp-block-list\"><li><strong>Las subastas no son ventas de socorro.<\/strong>&nbsp;Las subastas son una t\u00e9cnica probada para vender propiedades en un marco de tiempo comprimido a un valor real de mercado.&nbsp;<\/li><li><strong>Las subastas tienen una rica historia de \u00e9xito que se extiende por m\u00e1s de 3 siglos.<\/strong>&nbsp;Cada a\u00f1o se venden m\u00e1s de 150.000 millones de euros en bienes inmuebles en todo el mundo a trav\u00e9s del m\u00e9todo de subasta de marketing.<\/li><\/ul>\n\n\n\n<p>Denis A. Barrett Auctions &amp; Property Marketing Group, con m\u00e1s de 2 d\u00e9cadas de superioridad en subastas y experiencia en m\u00e1s de 1200 subastas p\u00fablicas, ha sido sin\u00f3nimo de excelencia y \u00e9xito en la comercializaci\u00f3n y venta de subastas de todo tipo de activos. <\/p>\n\n\n\n<p><strong>Los vendedores progresistas nos buscan porque <\/strong>Denis A. Barrett Subastas y grupo de marketing inmobiliario<strong>\u00a1\u00a1Las subastas FUNCIONAN !! \u00bfPor qu\u00e9?<\/strong><\/p>\n\n\n\n<ol class=\"wp-block-list\"><li>Servicio, experiencia y atenci\u00f3n incomparables<\/li><li>Servicio con clase, dignidad, integridad y profesionalismo.<\/li><li>La galardonada destreza en marketing de nuestra empresa (\u00a1m\u00e1s de 5,000 compradores visitan nuestro sitio web mensualmente!) Garantiza programas publicitarios completamente individualizados y altamente estructurados que saturan el mercado (campa\u00f1as de redes sociales dirigidas a l\u00e1ser, campa\u00f1as de palabras publicitarias de Google altamente productivas y espec\u00edficas, comunicados de prensa , marketing digital, medios impresos, se\u00f1alizaci\u00f3n, TV, correo electr\u00f3nico masivo dirigido, etc.).<\/li><li>Contratos cuidadosamente elaborados que est\u00e1n orientados al cierre, que equivalen a una tasa de cierre cercana a 100%.<\/li><li>Nuestra estructura le permite a usted, el vendedor, el control total de toda la transacci\u00f3n.<\/li><\/ol>\n\n\n\n<p>En pocas palabras, Denis A. Barrett Auctions &amp; Property Marketing Group tiene est\u00e1ndares impecables y una reputaci\u00f3n de excelencia. Producimos eventos emocionantes donde los postores ofertan competitivamente para comprar su propiedad.<\/p>\n\n\n\n<p>CLIENTES SATISFECHOS son el resultado directo de nuestro COMPROMISO con la EXCELENCIA.<\/p>\n\n\n\n<p>Esta es nuestra promesa para ti.<\/p>\n\n\n\n<p>Denis A. Barrett<\/p>\n\n\n\n<p>Propietario \/ Director Gerente <br><\/p>","protected":false},"excerpt":{"rendered":"<p>\u201cAUCTION\u201d&nbsp;is a stimulating word. No word equals its power to instantly produce serious buyers with money in hand. Auctions are not distress sales.&nbsp;Auctions are a proven technique for selling property in a&nbsp;compressed time frame&nbsp;at&nbsp;true market value.&nbsp; Auctions have a rich history of success that spans over 3 centuries.&nbsp;Over \u20ac150 billion of real estate is sold [&hellip;]<\/p>\n","protected":false},"author":1,"featured_media":0,"parent":0,"menu_order":0,"comment_status":"closed","ping_status":"closed","template":"","meta":{"_et_pb_use_builder":"","_et_pb_old_content":"","_et_gb_content_width":"1080","footnotes":""},"class_list":["post-1342","page","type-page","status-publish","hentry"],"brizy_media":[],"_links":{"self":[{"href":"https:\/\/denisbarrett.com\/es\/wp-json\/wp\/v2\/pages\/1342","targetHints":{"allow":["GET"]}}],"collection":[{"href":"https:\/\/denisbarrett.com\/es\/wp-json\/wp\/v2\/pages"}],"about":[{"href":"https:\/\/denisbarrett.com\/es\/wp-json\/wp\/v2\/types\/page"}],"author":[{"embeddable":true,"href":"https:\/\/denisbarrett.com\/es\/wp-json\/wp\/v2\/users\/1"}],"replies":[{"embeddable":true,"href":"https:\/\/denisbarrett.com\/es\/wp-json\/wp\/v2\/comments?post=1342"}],"version-history":[{"count":2,"href":"https:\/\/denisbarrett.com\/es\/wp-json\/wp\/v2\/pages\/1342\/revisions"}],"predecessor-version":[{"id":1424,"href":"https:\/\/denisbarrett.com\/es\/wp-json\/wp\/v2\/pages\/1342\/revisions\/1424"}],"wp:attachment":[{"href":"https:\/\/denisbarrett.com\/es\/wp-json\/wp\/v2\/media?parent=1342"}],"curies":[{"name":"gracias","href":"https:\/\/api.w.org\/{rel}","templated":true}]}}