{"id":929,"date":"2019-04-13T19:06:18","date_gmt":"2019-04-13T18:06:18","guid":{"rendered":"https:\/\/denisbarrett.com\/?page_id=929"},"modified":"2020-12-19T20:16:25","modified_gmt":"2020-12-19T20:16:25","slug":"further-information","status":"publish","type":"page","link":"https:\/\/denisbarrett.com\/de\/further-information\/","title":{"rendered":"Weitere Informationen:"},"content":{"rendered":"<p>Wir haben weiter erl\u00e4utert, welche Auktionsservices wir anbieten und warum Sie DABAuctions f\u00fcr alle Ihre privaten, kommerziellen oder gesch\u00e4ftlichen Anforderungen zur Maximierung von Verm\u00f6genswerten verwenden sollten.  <\/p>\n\n\n\n<p><a href=\"https:\/\/denisbarrett.com\/de\/a-sustainable-method-of-clearance\/\">Eine nachhaltige Clearance-Methode:<\/a><\/p>\n\n\n\n<p><a href=\"https:\/\/denisbarrett.com\/de\/questions-answered\/\">Wenig bekannte Fakten<\/a>:<\/p>\n\n\n\n<p><a href=\"https:\/\/denisbarrett.com\/de\/what-we-do\/\">Was wir tun<\/a>:<\/p>\n\n\n\n<p><a href=\"https:\/\/denisbarrett.com\/de\/off-site-auction\/\">OffSite-Auktionen<\/a>:<\/p>\n\n\n\n<p><a href=\"https:\/\/denisbarrett.com\/de\/benefits-of-using-dabauction\/\">Vorteile der Verwendung von DAB-Auktionen<\/a>:<\/p>\n\n\n\n<p><a href=\"https:\/\/denisbarrett.com\/de\/selling-process\/\">Verkaufsprozess<\/a>:<\/p>\n\n\n\n<p><a href=\"https:\/\/denisbarrett.com\/de\/selling-with-dabauction-is-a-simple-and-straightforward-process\/\">Verkaufen mit DAB Auktionen<\/a>:<\/p>\n\n\n\n<p><a href=\"https:\/\/denisbarrett.com\/de\/whats-the-best-way-to-sell-stock-10-questions-to-help-you-decide\/\">Beste Weg, um Aktien zu verkaufen? 10 Fragen beantwortet<\/a>:<\/p>\n\n\n\n<div class=\"wp-block-image\"><figure class=\"aligncenter\"><img loading=\"lazy\" decoding=\"async\" width=\"1024\" height=\"134\" src=\"https:\/\/denisbarrett.com\/wp-content\/uploads\/2019\/09\/Logo-Jpeg-1024x134.jpg\" alt=\"\" class=\"wp-image-1229\"\/><\/figure><\/div>\n\n\n\n<p class=\"has-text-align-left\">Denis A. Barrett Auctioneers widmet sich dem Kundenservice und der Kundenzufriedenheit. Wir bieten durch unsere verschiedenen Abteilungen ein umfassendes Spektrum an Dienstleistungen an, um unsere breite Palette von Kunden zu bedienen. Wenn Sie Fragen oder Kommentare haben oder weitere Informationen zu unseren Dienstleistungen oder zu unseren Vorteilen w\u00fcnschen, wenden Sie sich bitte an uns.<\/p>\n\n\n\n<h6 class=\"wp-block-heading\">Kontaktiere uns:<\/h6>\n\n\n\n<p><strong>Kontaktieren Sie uns noch heute!<\/strong><\/p>\n\n\n\n<p>Um Denis f\u00fcr Ihre n\u00e4chste Auktion oder Veranstaltung zu planen, schreiben Sie ihm eine E-Mail an info@denisbarrett.com oder rufen Sie unter +353 (0) 21 427 8455 an<\/p>\n\n\n\n<p>Sie k\u00f6nnen auch \u00fcber in Kontakt bleiben&nbsp;<a href=\"https:\/\/ie.linkedin.com\/in\/denis-barrett-05675213\">LinkedIn<\/a>,&nbsp;<a href=\"https:\/\/www.facebook.com\/DenisBarrettAuctioneers\/?ref=bookmarks\">Facebook<\/a>&nbsp;und&nbsp;<a href=\"https:\/\/twitter.com\/DenisABarrett\">Twitter<\/a>.<\/p>","protected":false},"excerpt":{"rendered":"<p>We have outlined further on the Auction Services we provide and why you should consider using DABAuctions for all your Private, Commercial or Corporate Requirements for Asset Maximisation. A Sustainable Method of Clearance: Little Known Facts: What We Do: OffSite Auctions: Benefits of using DAB Auctions: Selling Process: Selling With DAB Auctions: Best Way To [&hellip;]<\/p>\n","protected":false},"author":1,"featured_media":0,"parent":0,"menu_order":0,"comment_status":"closed","ping_status":"closed","template":"","meta":{"_et_pb_use_builder":"","_et_pb_old_content":"","_et_gb_content_width":"1080","footnotes":""},"class_list":["post-929","page","type-page","status-publish","hentry"],"brizy_media":[],"_links":{"self":[{"href":"https:\/\/denisbarrett.com\/de\/wp-json\/wp\/v2\/pages\/929","targetHints":{"allow":["GET"]}}],"collection":[{"href":"https:\/\/denisbarrett.com\/de\/wp-json\/wp\/v2\/pages"}],"about":[{"href":"https:\/\/denisbarrett.com\/de\/wp-json\/wp\/v2\/types\/page"}],"author":[{"embeddable":true,"href":"https:\/\/denisbarrett.com\/de\/wp-json\/wp\/v2\/users\/1"}],"replies":[{"embeddable":true,"href":"https:\/\/denisbarrett.com\/de\/wp-json\/wp\/v2\/comments?post=929"}],"version-history":[{"count":5,"href":"https:\/\/denisbarrett.com\/de\/wp-json\/wp\/v2\/pages\/929\/revisions"}],"predecessor-version":[{"id":1713,"href":"https:\/\/denisbarrett.com\/de\/wp-json\/wp\/v2\/pages\/929\/revisions\/1713"}],"wp:attachment":[{"href":"https:\/\/denisbarrett.com\/de\/wp-json\/wp\/v2\/media?parent=929"}],"curies":[{"name":"wp","href":"https:\/\/api.w.org\/{rel}","templated":true}]}}