{"id":820,"date":"2019-04-12T11:00:39","date_gmt":"2019-04-12T10:00:39","guid":{"rendered":"https:\/\/denisbarrett.com\/?page_id=820"},"modified":"2019-07-22T14:27:28","modified_gmt":"2019-07-22T13:27:28","slug":"agri-experience","status":"publish","type":"page","link":"https:\/\/denisbarrett.com\/de\/agri-experience\/","title":{"rendered":"Unsere Erfahrung:"},"content":{"rendered":"<ul class=\"wp-block-list\"><li>Denis Barrett ist ein beruflich qualifizierter Auktionator und Gutachter mit rund 20 Jahren Erfahrung, der f\u00fcr seine Arbeit als professioneller Auktionator auf der ganzen Welt bekannt ist. Er hat Elite Livestock Sales in Irland und Deutschland durchgef\u00fchrt. Er ist offiziell als Auktionator der \u201eIrish Holstein Friesian Association\u201c, der \u201eIrish Limousin Society\u201c, der \u201eIrish Charolais Cattle Society\u201c und der \u201eIrish Simmental Society\u201c anerkannt. Denis hat auch Auktionen im Auftrag der \u201eIrish Belgian Blue Cattle Society\u201c durchgef\u00fchrt.<\/li><li>Wir verwenden \u201eLive-Webcast-Auktionen\u201c und \u201eNur-Online-Auktionen\u201c, um die Pr\u00e4senz der Nutztiere, landwirtschaftlichen Pflanzen und Ger\u00e4te oder schweren Pflanzen und Maschinen, \u00fcber die wir vermarkten, zu maximieren\u00a0<a href=\"http:\/\/www.dabbid.com\/\">www.dabbid.com<\/a> Das ist unser Online-Auktionsmedium.<\/li><li>Denis ist seit der Einf\u00fchrung des \u201eOn-Farm Market Valuation Scheme\u201c im Jahr 2001 ein vom Landwirtschaftsministerium zugelassener Gutachter. Er ist Berater der \u201eLivestock Claims Division\u201c von FBD Insurance. Er hat zahlreiche All-Ireland Showmanship- und Stock Judging-Wettbewerbe gewonnen und Irland bei internationalen Wettbewerben f\u00fcr beides vertreten.<\/li><li>Denis ist ein lebendiger Auktionsprofi, der von den Kunden lebt, die ihn binden. Sein Interesse an der Auktionsmethode des Marketings begann schon in jungen Jahren und bl\u00fchte w\u00e4hrend seiner beruflichen Laufbahn weiter auf.<\/li><li>Als Absolvent des World Wide College of Auctioneering hat Denis seine Liebe, \u00fcber alles und jedes zu sprechen, zu einem voll verwirklichten Beruf gemacht. Mit Leidenschaft f\u00fcr jeden Kunden, mit dem er zusammenarbeitet, bietet er un\u00fcbertroffenen Service und Wissen \u00fcber die Artikel und Organisationen.<\/li><li>Denis wird st\u00e4ndig als \u201elebendig\u201c und als \u201eAuktionsmeister\u201c bezeichnet und erleuchtet die Menge mit seiner positiven Energie, Genauigkeit und seiner F\u00e4higkeit, das Publikum, ob gro\u00df oder klein, vollst\u00e4ndig zu besch\u00e4ftigen.<\/li><\/ul>\n\n\n\n<div class=\"wp-block-image\"><figure class=\"aligncenter\"><img loading=\"lazy\" decoding=\"async\" width=\"300\" height=\"169\" src=\"https:\/\/denisbarrett.com\/wp-content\/uploads\/2016\/11\/dabagri2-300x169.png\" alt=\"dabagri2\" class=\"wp-image-355\" srcset=\"https:\/\/denisbarrett.com\/wp-content\/uploads\/2016\/11\/dabagri2-300x169.png 300w, https:\/\/denisbarrett.com\/wp-content\/uploads\/2016\/11\/dabagri2.png 525w\" sizes=\"(max-width: 300px) 100vw, 300px\" \/><\/figure><\/div>\n\n\n\n<p>Er passt seine Dienstleistungen an Ihre Bed\u00fcrfnisse an und stellt sicher, dass Ihre Auktion so ist, wie Sie es sich vorgestellt haben. Sind Sie daran interessiert, Denis in Ihr Auktionsteam aufzunehmen? Kontaktieren Sie ihn jetzt.<\/p>\n\n\n\n<div class=\"wp-block-image\"><figure class=\"aligncenter\"><img loading=\"lazy\" decoding=\"async\" width=\"300\" height=\"200\" src=\"https:\/\/denisbarrett.com\/wp-content\/uploads\/2016\/11\/IMG_2148-300x200.jpg\" alt=\"img_2148\" class=\"wp-image-356\" srcset=\"https:\/\/denisbarrett.com\/wp-content\/uploads\/2016\/11\/IMG_2148-300x200.jpg 300w, https:\/\/denisbarrett.com\/wp-content\/uploads\/2016\/11\/IMG_2148-768x512.jpg 768w, https:\/\/denisbarrett.com\/wp-content\/uploads\/2016\/11\/IMG_2148-1024x683.jpg 1024w, https:\/\/denisbarrett.com\/wp-content\/uploads\/2016\/11\/IMG_2148.jpg 1800w\" sizes=\"(max-width: 300px) 100vw, 300px\" \/><\/figure><\/div>\n\n\n\n<p><strong><em>IN VERBINDUNG ZU TRETEN:<\/em><\/strong><\/p>\n\n\n\n<p>Um Denis f\u00fcr Ihre n\u00e4chste Auktion oder Veranstaltung zu vereinbaren, schreiben Sie ihm eine E-Mail an info@denisbarrett.com oder rufen Sie ihn an unter +353 (0)86 4109848.<\/p>\n\n\n\n<p>Sie k\u00f6nnen auch \u00fcber in Kontakt bleiben&nbsp;<a href=\"https:\/\/ie.linkedin.com\/in\/denis-barrett-05675213\">LinkedIn<\/a>,&nbsp;<a href=\"https:\/\/www.facebook.com\/DenisBarrettAuctioneers\/?ref=bookmarks\">Facebook<\/a>&nbsp;und&nbsp;<a href=\"https:\/\/twitter.com\/DenisABarrett\">Twitter<\/a>.<\/p>","protected":false},"excerpt":{"rendered":"<p>Denis Barrett is a professionally qualified Auctioneer and Valuer of some 20 years standing well-known for his work as a professional Auctioneer throughout the world. He has conducted Elite Livestock Sales in Ireland and Germany. He is officially recognized as an Auctioneer for the \u201cIrish Holstein Friesian Association\u201d, \u00a0\u201cIrish Limousin Society\u201d, \u00a0\u201cIrish Charolais Cattle Society\u201d [&hellip;]<\/p>\n","protected":false},"author":1,"featured_media":0,"parent":0,"menu_order":0,"comment_status":"closed","ping_status":"closed","template":"","meta":{"_et_pb_use_builder":"","_et_pb_old_content":"","_et_gb_content_width":"","footnotes":""},"class_list":["post-820","page","type-page","status-publish","hentry"],"brizy_media":[],"_links":{"self":[{"href":"https:\/\/denisbarrett.com\/de\/wp-json\/wp\/v2\/pages\/820","targetHints":{"allow":["GET"]}}],"collection":[{"href":"https:\/\/denisbarrett.com\/de\/wp-json\/wp\/v2\/pages"}],"about":[{"href":"https:\/\/denisbarrett.com\/de\/wp-json\/wp\/v2\/types\/page"}],"author":[{"embeddable":true,"href":"https:\/\/denisbarrett.com\/de\/wp-json\/wp\/v2\/users\/1"}],"replies":[{"embeddable":true,"href":"https:\/\/denisbarrett.com\/de\/wp-json\/wp\/v2\/comments?post=820"}],"version-history":[{"count":4,"href":"https:\/\/denisbarrett.com\/de\/wp-json\/wp\/v2\/pages\/820\/revisions"}],"predecessor-version":[{"id":1062,"href":"https:\/\/denisbarrett.com\/de\/wp-json\/wp\/v2\/pages\/820\/revisions\/1062"}],"wp:attachment":[{"href":"https:\/\/denisbarrett.com\/de\/wp-json\/wp\/v2\/media?parent=820"}],"curies":[{"name":"wp","href":"https:\/\/api.w.org\/{rel}","templated":true}]}}