{"id":577,"date":"2018-11-17T18:28:08","date_gmt":"2018-11-17T18:28:08","guid":{"rendered":"https:\/\/denisbarrett.com\/?page_id=577"},"modified":"2020-12-19T20:19:11","modified_gmt":"2020-12-19T20:19:11","slug":"selling-with-dabauction-is-a-simple-and-straightforward-process","status":"publish","type":"page","link":"https:\/\/denisbarrett.com\/de\/selling-with-dabauction-is-a-simple-and-straightforward-process\/","title":{"rendered":"Der Verkauf mit DABauction ist ein einfacher und unkomplizierter Prozess"},"content":{"rendered":"<p>Ein Dabbid.com-Vertriebsmitarbeiter f\u00fchrt eine Inspektion und Bewertung Ihres Lagerbestands durch.<\/p>\n<ul>\n<li>Nach Unterzeichnung Ihres Vertrags k\u00fcmmert sich Dabbid.com um alles, einschlie\u00dflich Transport, Aufarbeitung und Reparatur des Lagerbestands.<\/li>\n<li>Wir bewerben Ihre Aktien weltweit auf spezialisierten Handelswebsites, Auktionsbrosch\u00fcren und auf unserer Website.<\/li>\n<li>Eine durchschnittliche Auktion zieht K\u00e4ufer aus ganz Irland und dem europ\u00e4ischen Festland an, um sicherzustellen, dass Ihre Aktie den tats\u00e4chlichen Marktwert erzielt.<\/li>\n<\/ul>\n<p>Wir sammeln Auktionserl\u00f6se und zahlen Sie innerhalb von 14 Tagen.<\/p>\n<p>Wenn Sie eine betr\u00e4chtliche Menge an Aktien zum Verkauf haben, bietet Dabbid.com einen Offsite-Auktionsservice aus Gr\u00fcnden wie der Einstellung des Handels oder der Auktion im Ruhestand an.<\/p>\n<p>Durch den Verkauf Ihrer Aktien mit Dabbid.com erreichen Sie ein globales Publikum.<\/p>\n<p>Sie finden nicht, was Sie wollen? Kontaktieren Sie uns direkt \u00fcber unsere Kontaktseite oder kontaktieren Sie uns vertraulich, um Ihre strategischen Restrukturierungs- und Unternehmenswiederherstellungsanforderungen zu besprechen. Dann vereinbaren Sie einen Termin mit uns&nbsp;<a href=\"http:\/\/www.dabbid.com\/contact\/\">Melde dich<\/a>! an info@denisbarrett.com oder rufen Sie +353 (0) 86 410 9848 an.<\/p>\n<p>Sie k\u00f6nnen auch \u00fcber in Kontakt bleiben&nbsp;<a href=\"https:\/\/ie.linkedin.com\/in\/denis-barrett-05675213\">LinkedIn<\/a>,&nbsp;<a href=\"http:\/\/dabbid%20auction%20specialists\/\">Facebook<\/a>&nbsp;und&nbsp;<a href=\"https:\/\/twitter.com\/dabbidauction\">Twitter<\/a>.<\/p>","protected":false},"excerpt":{"rendered":"<p>A Dabbid.com Sales Representative will conduct an inspection and appraisal of your stock. Upon signature of your contract, Dabbid.com will take care of everything including transportation, refurbishment and repair of stock. We advertise your stock around the world in specialised trade websites, auction brochures and on our website. An average auction attracts Buyers from over [&hellip;]<\/p>\n","protected":false},"author":1,"featured_media":0,"parent":0,"menu_order":0,"comment_status":"closed","ping_status":"closed","template":"","meta":{"_et_pb_use_builder":"","_et_pb_old_content":"","_et_gb_content_width":"1080","footnotes":""},"class_list":["post-577","page","type-page","status-publish","hentry"],"brizy_media":[],"_links":{"self":[{"href":"https:\/\/denisbarrett.com\/de\/wp-json\/wp\/v2\/pages\/577","targetHints":{"allow":["GET"]}}],"collection":[{"href":"https:\/\/denisbarrett.com\/de\/wp-json\/wp\/v2\/pages"}],"about":[{"href":"https:\/\/denisbarrett.com\/de\/wp-json\/wp\/v2\/types\/page"}],"author":[{"embeddable":true,"href":"https:\/\/denisbarrett.com\/de\/wp-json\/wp\/v2\/users\/1"}],"replies":[{"embeddable":true,"href":"https:\/\/denisbarrett.com\/de\/wp-json\/wp\/v2\/comments?post=577"}],"version-history":[{"count":5,"href":"https:\/\/denisbarrett.com\/de\/wp-json\/wp\/v2\/pages\/577\/revisions"}],"predecessor-version":[{"id":2966,"href":"https:\/\/denisbarrett.com\/de\/wp-json\/wp\/v2\/pages\/577\/revisions\/2966"}],"wp:attachment":[{"href":"https:\/\/denisbarrett.com\/de\/wp-json\/wp\/v2\/media?parent=577"}],"curies":[{"name":"wp","href":"https:\/\/api.w.org\/{rel}","templated":true}]}}