{"id":575,"date":"2018-11-17T18:26:42","date_gmt":"2018-11-17T18:26:42","guid":{"rendered":"https:\/\/denisbarrett.com\/?page_id=575"},"modified":"2020-12-19T20:19:47","modified_gmt":"2020-12-19T20:19:47","slug":"whats-the-best-way-to-sell-stock-10-questions-to-help-you-decide","status":"publish","type":"page","link":"https:\/\/denisbarrett.com\/de\/whats-the-best-way-to-sell-stock-10-questions-to-help-you-decide\/","title":{"rendered":"Wie verkauft man Aktien am besten? 10 Fragen, die Ihnen bei der Entscheidung helfen."},"content":{"rendered":"<p>Wenn Sie Aktien verkaufen m\u00fcssen, stehen Ihnen viele M\u00f6glichkeiten zur Verf\u00fcgung:<\/p>\n<p>Auktionen, Online-Auflistungsdienste, Privatverkauf, H\u00e4ndler, Makler und mehr. Es kann die Entscheidung \u00fcber den Verkauf zu einer \u00fcberw\u00e4ltigenden Aufgabe machen. Wenn Sie diese Fragen stellen, k\u00f6nnen Sie entscheiden, welche Option f\u00fcr Sie am einfachsten ist und Ihnen die bestm\u00f6glichen Ergebnisse liefert:<\/p>\n<ol>\n<li><strong>Was ist der Hauptgrund, warum ich diese Verkaufsmethode verwenden sollte?&nbsp;&nbsp;<\/strong>Verschiedene Verkaufsmethoden haben unterschiedliche Vorteile: schnell, einfach, geringe Vorlaufkosten, maximale Rendite. Stellen Sie diese Frage, um sicherzustellen, dass Sie eine Methode finden, die zu Ihren Gesch\u00e4ftszielen passt, und ein Unternehmen, das Ihnen hilft, einen Plan zu erstellen, um diese zu erreichen.<\/li>\n<li><strong>Was ist in Ihrer Geb\u00fchr oder Provision enthalten?&nbsp;<\/strong>Der mit dem Verkauf verbundene Kosten- und Zeitaufwand kann sich schnell summieren und Ihre Nettorendite \u2013 Lagerung, Lagerhaltung \u2013 schm\u00e4lern. Inspektionen, Fotos, Werbung, Inkasso und mehr. Finden Sie genau heraus, was Sie f\u00fcr Ihr Geld bekommen und ob es versteckte oder zus\u00e4tzliche Kosten gibt. Mit einer Full-Service-L\u00f6sung k\u00f6nnen Sie Geld und Zeit sparen. Wenn Sie bereit sind, Zeit zu investieren und die Kontrolle \u00fcber den Verkaufsprozess haben m\u00f6chten, kann auch eine reine Online-Selbstbedienungsplattform oder eine Kombination aus beidem gut funktionieren.<\/li>\n<li><strong>K\u00f6nnen Sie mir bei Dingen wie Lagerversand, Versicherung, Reparatur usw. helfen?&nbsp;<\/strong>Finden Sie heraus, welche anderen Dienstleistungen angeboten werden, die den Prozess vereinfachen und Ihnen bessere Renditen f\u00fcr Ihre Best\u00e4nde verschaffen.<\/li>\n<li><strong>Wie erhalten Sie den bestm\u00f6glichen Preis f\u00fcr meine Aktie?<\/strong>Marketing ist der Schl\u00fcssel zu einem erfolgreichen Verkauf. Wenn Sie die beste Rendite f\u00fcr Ihre wertvollen Verm\u00f6genswerte erzielen m\u00f6chten, stellen Sie durch einen durchdachten, zielgerichteten Marketing- und Werbeplan sicher, dass Ihre Aktie den richtigen Leuten in den richtigen Branchen pr\u00e4sentiert wird. Oder wenn Sie privat verkaufen, stellen Sie sicher, dass Sie eine Service-Plattform verwenden, die auf Ihre Branche ausgerichtet ist und diese bedient \u2013 im Gegensatz zu allgemeinen Kleinanzeigen.<\/li>\n<li><strong>K\u00f6nnen potenzielle K\u00e4ufer meine Best\u00e4nde besichtigen und testen?<\/strong>K\u00e4ufer, die Ihre Aktie nach Belieben anfassen, f\u00fchlen, inspizieren und testen k\u00f6nnen, haben mehr Vertrauen in Ihre Verk\u00e4ufe und kaufen eher n\u00e4her zu dem von Ihnen gesuchten Preis. Wenn Sie sich entscheiden, privat zu verkaufen, versuchen Sie, sich verf\u00fcgbar zu machen und stellen Sie sicher, dass Sie detaillierte Beschreibungen zusammen mit vielen hochaufl\u00f6senden Fotos f\u00fcr potenzielle K\u00e4ufer ver\u00f6ffentlichen. Alle unsere Auktionen haben 3 Tage offene Besichtigungen, aber wir machen auch Afterhours und Wochenendtermine, um die Leute zu erleichtern.<\/li>\n<li><strong>Wie viele K\u00e4ufer ziehen Sie normalerweise an?<\/strong>Mehr interessierte K\u00e4ufer bedeuten bessere Renditen f\u00fcr Ihren Bestand. Gerne zeigen wir Ihnen unsere Zahlen und unsere tats\u00e4chlichen Verkaufsergebnisse und konkrete Zahlen aktiver K\u00e4ufer und\/oder Unique Website-Besucher etc.<\/li>\n<li><strong>Ist es f\u00fcr Leute einfach, meine Aktien zu kaufen?&nbsp;<\/strong>Sie erreichen mehr K\u00e4ufer, indem Sie Ihre Aktien an ein globales Publikum verkaufen und eine Auswahl an einfachen Kaufmethoden anbieten (einschlie\u00dflich Kauf an einem physischen Standort oder online sowie einfache Zahlungsoptionen wie Bargeld, Debit-\/Kreditkarten oder zertifizierter Scheck sowie andere Dienstleistungen wie Versand). Wenn Sie den Menschen verschiedene Optionen bieten, erh\u00f6ht sich die Nachfrage und K\u00e4ufer aus verschiedenen Regionen k\u00f6nnen Ihre Aktien kaufen.<\/li>\n<li><strong>K\u00f6nnen Sie mir sagen, wann mein Lagerbestand ist. wird verkauft und wann werde ich bezahlt?<\/strong><br \/>\nLeere Lagerbest\u00e4nde bringen Ihnen kein Geld, und es kann Sie auch Geld f\u00fcr Lagerung, Versicherung und sogar Abschreibung kosten. Finden Sie heraus, ob Ihr Bestand bis zu einem vereinbarten harten Datum verkauft wird und ob Sie den Erl\u00f6s in einem angemessenen Zeitrahmen erhalten. Wenn Zeit f\u00fcr Sie kein Problem darstellt, sind Sie mit unserer Online-Selbstbedienungsplattform gesch\u00fctzt, wenn ein K\u00e4ufer beim Verkauf Ihrer Aktien in Zahlungsverzug ger\u00e4t.<\/li>\n<li><strong>K\u00f6nnen Sie mir zeigen, welche Ergebnisse Sie in der Vergangenheit in der Vergangenheit erzielt haben?<\/strong>Erfolg wird an Zahlen gemessen, also fragen Sie nach ihnen. Aber auch der Ruf z\u00e4hlt, daher sollten Ihnen Referenzen und Namen fr\u00fcherer Kunden zur Verf\u00fcgung stehen. Sehen Sie sich auch unseren Abschnitt Fallstudien an.<\/li>\n<li><strong>Wie viel Erfahrung haben Sie mit der Branche, in der ich t\u00e4tig bin?&nbsp;<\/strong>Wenn Sie ein erfahrenes und sachkundiges Unternehmen suchen, das Ihr Gesch\u00e4ft versteht, viele Ihrer Aktien verkauft und gute Beziehungen zur Branche hat, machen Sie den Unterschied, wenn es darum geht, die gew\u00fcnschten und ben\u00f6tigten Renditen zu erzielen ausf\u00fchrlich.<\/li>\n<\/ol>\n<p>Sie finden nicht, was Sie wollen? Erreichen Sie direkt \u00fcber unsere&nbsp;<a title=\"Kontaktiere uns\" href=\"http:\/\/www.dabbid.com\/contact\/\">Kontaktiere uns <\/a>Seite oder kontaktieren Sie uns vertraulich, um Ihre strategischen Restrukturierungs- und Unternehmenssanierungsanforderungen zu besprechen. Um einen Beratungstermin mit uns zu vereinbaren, dann&nbsp;<a href=\"http:\/\/www.dabbid.com\/contact\/\">Melde dich<\/a>! an info@denisbarrettcom oder rufen Sie uns unter +353 (0) 86 410 9848 an.<\/p>\n<p>Sie k\u00f6nnen auch \u00fcber in Kontakt bleiben&nbsp;<a href=\"https:\/\/ie.linkedin.com\/in\/denis-barrett-05675213\">LinkedIn<\/a>,&nbsp;<a href=\"http:\/\/dabbid%20auction%20specialists\/\">Facebook<\/a>&nbsp;und&nbsp;<a href=\"https:\/\/twitter.com\/dabbidauction\">Twitter<\/a>.<\/p>","protected":false},"excerpt":{"rendered":"<p>If you need to sell stock, there are a lot of options out there for disposal: auctions, online listing services, private sale, dealers, brokers and more. It can make deciding how to sell an overwhelming task. Asking these questions will help you decide which option will make it easiest for you, and get you the [&hellip;]<\/p>\n","protected":false},"author":1,"featured_media":0,"parent":0,"menu_order":0,"comment_status":"closed","ping_status":"closed","template":"","meta":{"_et_pb_use_builder":"","_et_pb_old_content":"","_et_gb_content_width":"1080","footnotes":""},"class_list":["post-575","page","type-page","status-publish","hentry"],"brizy_media":[],"_links":{"self":[{"href":"https:\/\/denisbarrett.com\/de\/wp-json\/wp\/v2\/pages\/575","targetHints":{"allow":["GET"]}}],"collection":[{"href":"https:\/\/denisbarrett.com\/de\/wp-json\/wp\/v2\/pages"}],"about":[{"href":"https:\/\/denisbarrett.com\/de\/wp-json\/wp\/v2\/types\/page"}],"author":[{"embeddable":true,"href":"https:\/\/denisbarrett.com\/de\/wp-json\/wp\/v2\/users\/1"}],"replies":[{"embeddable":true,"href":"https:\/\/denisbarrett.com\/de\/wp-json\/wp\/v2\/comments?post=575"}],"version-history":[{"count":3,"href":"https:\/\/denisbarrett.com\/de\/wp-json\/wp\/v2\/pages\/575\/revisions"}],"predecessor-version":[{"id":1433,"href":"https:\/\/denisbarrett.com\/de\/wp-json\/wp\/v2\/pages\/575\/revisions\/1433"}],"wp:attachment":[{"href":"https:\/\/denisbarrett.com\/de\/wp-json\/wp\/v2\/media?parent=575"}],"curies":[{"name":"wp","href":"https:\/\/api.w.org\/{rel}","templated":true}]}}