{"id":573,"date":"2018-11-17T18:24:52","date_gmt":"2018-11-17T18:24:52","guid":{"rendered":"https:\/\/denisbarrett.com\/?page_id=573"},"modified":"2020-12-19T20:18:43","modified_gmt":"2020-12-19T20:18:43","slug":"selling-process","status":"publish","type":"page","link":"https:\/\/denisbarrett.com\/de\/selling-process\/","title":{"rendered":"Verkaufsprozess"},"content":{"rendered":"<p>Prozess \u2013 Wie wir verkaufen &amp; Die Schritte:<\/p>\n<p>Von der Baustelle \u00fcber die Auktion zur Baustelle! Wie Dabbid.com Aktien verkauft.<\/p>\n<p>Hinter jeder Aktie, die wir verkaufen, steckt eine Geschichte und wahrscheinlich noch viel mehr. Das Durchlaufen unserer uneingeschr\u00e4nkten Auktionen ist nur ein kurzes Kapitel im Leben einer Aktie. Wenn Sie sich jemals gefragt haben, was in diesem Kapitel passiert, sehen Sie sich hier den Pfadbestand an. von der \u00dcbergabe durch einen Verk\u00e4ufer bis zur Inbetriebnahme durch einen neuen Eigent\u00fcmer.<\/p>\n<p>Es ist Zeit zu verkaufen<\/p>\n<p>Irgendwann treffen Sie die Entscheidung, Aktien zu verkaufen, anstatt sie unt\u00e4tig zu lassen, ohne Ihnen Geld zu verdienen. Vielleicht haben Sie einen gro\u00dfen Job abgeschlossen, ein anderes Projekt gestartet oder planen, in Rente zu gehen und Ihr Gesch\u00e4ft einzustellen. Was auch immer Ihre Gr\u00fcnde sind, nachdem Sie Ihre Optionen f\u00fcr den Verkauf von Aktien abgewogen haben, entscheiden Sie, dass eine uneingeschr\u00e4nkte Dabbid.com-Auktion mit vollem Serviceangebot die beste L\u00f6sung ist.<\/p>\n<p>Besprechen Sie Ihre Verkaufsoptionen.<\/p>\n<p>Ihr Dabbid.com-Vertreter wird sich mit Ihnen treffen, um zu besprechen, was Sie verkaufen und wann Sie es verkaufen m\u00f6chten. Sie sind erfahrene Mitarbeiter, die \u00fcber einzigartige Kenntnisse und Perspektiven sowohl f\u00fcr Ihr Unternehmen als auch f\u00fcr den globalen Markt verf\u00fcgen. Sie bewerten den Wert Ihres Verm\u00f6gens, besprechen Ihre verschiedenen Optionen und geben Empfehlungen, die Ihren spezifischen Bed\u00fcrfnissen und Ihrer Situation entsprechen. Sobald Sie eine Vereinbarung getroffen haben, geht es zu den Rennen.<\/p>\n<p>Marketing f\u00fcr die Welt.<\/p>\n<p>Wir sind ein Full-Service-Auktionshaus \u2013 das hei\u00dft, wir \u00fcbernehmen alles f\u00fcr Sie: Lagerhaltung, Vermarktung, Abwicklung aller K\u00e4uferanfragen und -besichtigungen, Versteigerung Ihrer Best\u00e4nde am Auktionstag und Abholung des Erl\u00f6ses f\u00fcr Sie.<\/p>\n<p>Das Marketing beginnt sofort und geht schnell auf Hochtouren. Der Verkauf von Lagerbest\u00e4nden wird auf unserer mehrsprachigen Website ver\u00f6ffentlicht. Printanzeigen, Direktwerbung, E-Mail und andere Medien machen Ihre Best\u00e4nde potenziellen K\u00e4ufern auf der ganzen Welt zug\u00e4nglich und konzentrieren sich darauf, wo Ihre Best\u00e4nde nachgefragt werden.<\/p>\n<p>Bereiten Sie Ihre Aktien zum Verkauf vor.<\/p>\n<p>Je fr\u00fcher Sie Ihre Lagerbest\u00e4nde auf unseren sicheren Auktionsseiten bereitstellen, desto weniger m\u00fcssen Sie sich Sorgen machen. Der Bestand wird im Hofb\u00fcro eingecheckt. Sollten Sie sich entschieden haben, Reinigungs-, Reparatur- oder Lackierarbeiten vor dem Auktionstag durchf\u00fchren zu lassen, kein Problem, wir k\u00fcmmern uns darum.<\/p>\n<p>Wir sammeln dann hochaufl\u00f6sende Fotos und detaillierte Lagerinformationen \u2013 alle Details, die potenziellen K\u00e4ufern helfen \u2013 und laden diese Informationen auf unsere Website hoch (normalerweise innerhalb von 24-48 Stunden). F\u00fcr die meisten K\u00e4ufer ist es wichtig zu wissen, dass Aktien einen klaren Titel haben. Daher \u00fcberpr\u00fcfen wir dies auch, wo wir k\u00f6nnen.<\/p>\n<p>Lagerkontrollen beginnen.<\/p>\n<p>Der Bestand wird dann in die \u201eBereitschaft\u201c in der Hauptauktionshalle verschoben, wo Sie \u00e4hnliche Best\u00e4nde ordentlich aufgereiht und nach Kategorien gruppiert sehen. Das macht es potenziellen K\u00e4ufern leicht, \u00e4hnliche Artikel an einem bequemen Ort zu testen, zu inspizieren und zu vergleichen.<\/p>\n<p>Die meisten Leute entscheiden sich, die Aktie zu testen, bevor sie bieten \u2013 insbesondere bei hochwertigen Artikeln. Diesen offenen, transparenten Zugang zuzulassen, kommt beiden Seiten zugute \u2013 es gibt K\u00e4ufern Vertrauen in das, worauf sie bieten, und Verk\u00e4ufer profitieren von mehr Interesse und Nachfrage nach ihren Artikeln.<\/p>\n<p>Auktionstag.<\/p>\n<p>Unsere Auktionen sind gro\u00dfe, aufregende Veranstaltungen, die Hunderte aus dem ganzen Land anziehen. Wir haben die Lagerbest\u00e4nde, die die Leute brauchen \u2013 und wir verkaufen alles in einer vorbehaltlosen \u00f6ffentlichen Auktion, ohne Mindestgebote oder Mindestpreise. Dieses Engagement macht am Auktionstag den Unterschied, wie Sie in diesem Video sehen k\u00f6nnen:<\/p>\n<p>Videoclip von John Berry und vielleicht ein paar Interviews:<\/p>\n<p>Unsere Auktionen werden auch live durchgef\u00fchrt, sowohl vor Ort als auch online. Es ist ein hochorganisierter Betrieb, und unser engagiertes Team aus Kundendienstmitarbeitern, Auktionatoren, Bietern, Internetdiensten und Supportmitarbeitern hat ein Ziel vor Augen: Menschen beim Kauf und Verkauf der ben\u00f6tigten Ausr\u00fcstung so einfach und effizient wie m\u00f6glich zu unterst\u00fctzen.<\/p>\n<p>Station\u00e4re Best\u00e4nde werden in der Haupthalle \u00fcber Bildschirme verkauft, um zus\u00e4tzliche Fotos und die Online-Gebote live anzuzeigen. Das Ziel besteht darin, sicherzustellen, dass sich die K\u00e4ufer wohl f\u00fchlen und genau sehen k\u00f6nnen, worauf sie bieten \u2013 ob sie vor Ort oder online bieten.<\/p>\n<p>Verkauft!<\/p>\n<p>Bieter konkurrieren, indem sie f\u00fcr jeden Artikel immer h\u00f6here Gebote abgeben. Nach Abgabe des H\u00f6chstgebotes meldet der Auktionator \u201eVerkauft!\u201c. und Ihre Aktie hat offiziell einen neuen Besitzer. Die Bieternummer und der Verkaufspreis des K\u00e4ufers werden erfasst und mit der Losnummer abgeglichen, damit nach der Auktion abgerechnet und auf den n\u00e4chsten Artikel \u00fcbertragen werden kann.<\/p>\n<p>Auf in ein neues Kapitel.<\/p>\n<p>Nach der Auktion bezahlen die K\u00e4ufer ihre Eink\u00e4ufe und veranlassen die Abholung oder den Versand ihrer neuen Best\u00e4nde bei uns und dorthin, wo sie sie ben\u00f6tigen, und Verk\u00e4ufer erhalten den Verkaufserl\u00f6s innerhalb von drei Wochen nach der Auktion.<\/p>\n<p>Wenn Sie Lagerbest\u00e4nde verkaufen m\u00fcssen, wenden Sie sich an Ihren lokalen Dabbid.com-Vertreter und erfahren Sie, wie wir Ihnen helfen k\u00f6nnen.<\/p>\n<p>Sie finden nicht, was Sie wollen? Erreichen Sie direkt \u00fcber unsere&nbsp;<a title=\"Kontaktiere uns\" href=\"http:\/\/www.dabbid.com\/contact\/\">Kontaktiere uns <\/a>Seite oder kontaktieren Sie uns vertraulich, um Ihre strategischen Restrukturierungs- und Unternehmenssanierungsanforderungen zu besprechen. Um einen Beratungstermin mit uns zu vereinbaren, dann&nbsp;<a href=\"http:\/\/www.dabbid.com\/contact\/\">Melde dich<\/a>! an info@denisbarrett.com oder rufen Sie uns an +353 (0) 86 410 9848<\/p>\n<p>Sie k\u00f6nnen auch \u00fcber in Kontakt bleiben&nbsp;<a href=\"https:\/\/ie.linkedin.com\/in\/denis-barrett-05675213\">LinkedIn<\/a>,&nbsp;<a href=\"http:\/\/dabbid%20auction%20specialists\/\">Facebook<\/a>&nbsp;und&nbsp;<a href=\"https:\/\/twitter.com\/dabbidauction\">Twitter<\/a>.<\/p>","protected":false},"excerpt":{"rendered":"<p>Process \u2013 How we sell &amp; The Steps: From job site to auction to job site! How Dabbid.com sells stock. Every piece of stock that we sell has a story behind it, and probably plenty more ahead of it. Passing through our unreserved auctions is just one short chapter in the life of a piece [&hellip;]<\/p>\n","protected":false},"author":1,"featured_media":0,"parent":0,"menu_order":0,"comment_status":"closed","ping_status":"closed","template":"","meta":{"_et_pb_use_builder":"","_et_pb_old_content":"","_et_gb_content_width":"1080","footnotes":""},"class_list":["post-573","page","type-page","status-publish","hentry"],"brizy_media":[],"_links":{"self":[{"href":"https:\/\/denisbarrett.com\/de\/wp-json\/wp\/v2\/pages\/573","targetHints":{"allow":["GET"]}}],"collection":[{"href":"https:\/\/denisbarrett.com\/de\/wp-json\/wp\/v2\/pages"}],"about":[{"href":"https:\/\/denisbarrett.com\/de\/wp-json\/wp\/v2\/types\/page"}],"author":[{"embeddable":true,"href":"https:\/\/denisbarrett.com\/de\/wp-json\/wp\/v2\/users\/1"}],"replies":[{"embeddable":true,"href":"https:\/\/denisbarrett.com\/de\/wp-json\/wp\/v2\/comments?post=573"}],"version-history":[{"count":3,"href":"https:\/\/denisbarrett.com\/de\/wp-json\/wp\/v2\/pages\/573\/revisions"}],"predecessor-version":[{"id":1431,"href":"https:\/\/denisbarrett.com\/de\/wp-json\/wp\/v2\/pages\/573\/revisions\/1431"}],"wp:attachment":[{"href":"https:\/\/denisbarrett.com\/de\/wp-json\/wp\/v2\/media?parent=573"}],"curies":[{"name":"wp","href":"https:\/\/api.w.org\/{rel}","templated":true}]}}