{"id":569,"date":"2018-11-17T18:22:01","date_gmt":"2018-11-17T18:22:01","guid":{"rendered":"https:\/\/denisbarrett.com\/?page_id=569"},"modified":"2020-12-19T20:17:50","modified_gmt":"2020-12-19T20:17:50","slug":"off-site-auction","status":"publish","type":"page","link":"https:\/\/denisbarrett.com\/de\/off-site-auction\/","title":{"rendered":"Off-Site-Auktion"},"content":{"rendered":"<p>Lassen Sie uns die Auktion zu Ihnen bringen ...<\/p>\n<p>Dies ist eine unserer Spezialit\u00e4ten.<\/p>\n<p>Wenn Sie nicht gl\u00fccklich sind, die Auktion in Ihrem Haus abzuhalten, m\u00f6chten Sie keine auf unsere permanente Auktionsseite stellen. Kein Problem, wir k\u00f6nnen eine Immobilie leasen, die f\u00fcr die Abfertigung von Lagerbest\u00e4nden geeignet ist. Nichts ist ein Problem und wir sind Experten darin, praktikable L\u00f6sungen f\u00fcr Sie zu finden.<\/p>\n<p>Wir k\u00fcmmern uns von Anfang bis Ende um alles. Unabh\u00e4ngig davon, ob Sie in den Ruhestand gehen, insolvent sind oder die Handelsauktion einstellen, k\u00f6nnen wir eine L\u00f6sung zusammenstellen, die Ihren Anforderungen entspricht.<\/p>\n<p>Vorteile des externen Auktionsdienstes von Dabbid.com:<\/p>\n<ul>\n<li>Weltweite Werbung f\u00fcr Ihre Aktie. in einer Reihe von Medien, einschlie\u00dflich Fachpublikationen, Magazinen, Zeitungen, Webportalen, Handelswebsites sowie Auktionsbrosch\u00fcren, die an unsere umfangreiche Mailingliste von Kunden auf der ganzen Welt gesendet werden.<\/li>\n<li>Ein professioneller Auktionsservice, der Auktionatoren, Gebotsf\u00e4nger, Verwaltungsmitarbeiter von Dabbid.com, Auktionskatalog und kostenlose Internet-Gebote umfasst.<\/li>\n<li>Alle Ihre Aktien wurden in kurzer Zeit verkauft.<\/li>\n<li>Sparen Sie Transportkosten, da Ihre Maschinen nicht zum Dabbid.com-Hof transportiert werden m\u00fcssen.<\/li>\n<\/ul>\n<p>Wenn Sie daran interessiert sind, Ihre Aktien \u00fcber den Off-Site-Service von Dabbid.com zu verkaufen<br \/>\nRufen Sie +353 (0) 86 410 9848 an.<\/p>\n<p>Sie k\u00f6nnen auch \u00fcber in Kontakt bleiben&nbsp;<a href=\"https:\/\/ie.linkedin.com\/in\/denis-barrett-05675213\">LinkedIn<\/a>,&nbsp;<a href=\"http:\/\/dabbid%20auction%20specialists\/\">Facebook<\/a>&nbsp;und&nbsp;<a href=\"https:\/\/twitter.com\/dabbidauction\">Twitter<\/a>.<\/p>\n<p><strong>&nbsp;<\/strong><strong>Kein Ereignis zu gro\u00df oder zu klein<\/strong><\/p>","protected":false},"excerpt":{"rendered":"<p>Let us bring the auction to you\u2026 This is one of our specialities. If you\u2019re not happy to hold the auction on your premises, any don\u2019t want to put into our permanent auction site, no problem, we can lease a property suitable for type off stock. Nothing is a problem and we are experts at [&hellip;]<\/p>\n","protected":false},"author":1,"featured_media":0,"parent":0,"menu_order":0,"comment_status":"closed","ping_status":"closed","template":"","meta":{"_et_pb_use_builder":"","_et_pb_old_content":"","_et_gb_content_width":"1080","footnotes":""},"class_list":["post-569","page","type-page","status-publish","hentry"],"brizy_media":[],"_links":{"self":[{"href":"https:\/\/denisbarrett.com\/de\/wp-json\/wp\/v2\/pages\/569","targetHints":{"allow":["GET"]}}],"collection":[{"href":"https:\/\/denisbarrett.com\/de\/wp-json\/wp\/v2\/pages"}],"about":[{"href":"https:\/\/denisbarrett.com\/de\/wp-json\/wp\/v2\/types\/page"}],"author":[{"embeddable":true,"href":"https:\/\/denisbarrett.com\/de\/wp-json\/wp\/v2\/users\/1"}],"replies":[{"embeddable":true,"href":"https:\/\/denisbarrett.com\/de\/wp-json\/wp\/v2\/comments?post=569"}],"version-history":[{"count":4,"href":"https:\/\/denisbarrett.com\/de\/wp-json\/wp\/v2\/pages\/569\/revisions"}],"predecessor-version":[{"id":2965,"href":"https:\/\/denisbarrett.com\/de\/wp-json\/wp\/v2\/pages\/569\/revisions\/2965"}],"wp:attachment":[{"href":"https:\/\/denisbarrett.com\/de\/wp-json\/wp\/v2\/media?parent=569"}],"curies":[{"name":"wp","href":"https:\/\/api.w.org\/{rel}","templated":true}]}}