{"id":565,"date":"2018-11-17T18:20:26","date_gmt":"2018-11-17T18:20:26","guid":{"rendered":"https:\/\/denisbarrett.com\/?page_id=565"},"modified":"2020-12-19T20:16:59","modified_gmt":"2020-12-19T20:16:59","slug":"questions-answered","status":"publish","type":"page","link":"https:\/\/denisbarrett.com\/de\/questions-answered\/","title":{"rendered":"Beantwortete Fragen"},"content":{"rendered":"<p>Egal, ob Ihr Unternehmen gro\u00df oder klein ist oder Sie einen Bulldozer einer LKW-Flotte haben - Sie k\u00f6nnen mit Dabbid.com verkaufen. Wir f\u00fchren seit 1998 uneingeschr\u00e4nkte \u00f6ffentliche Live-Auktionen durch und sind weltweit als f\u00fchrendes industrielles Schwerwerk anerkannt. Auktionator f\u00fcr Maschinen, Immobilien und Vieh - jedes Jahr Tausenden von Verk\u00e4ufern auf der ganzen Welt helfen.<\/p>\n<p>6 Fakten zu unseren Auktionen<\/p>\n<p>1. Wir verkaufen Aktien f\u00fcr jede Branche.<\/p>\n<p>Wir verkaufen mehr gebrauchte Lagerbest\u00e4nde als jedes andere Unternehmen, und ein Gro\u00dfteil davon sind traditionelle landwirtschaftliche Maschinen und Lagerbest\u00e4nde. Wir verkaufen aber auch Tausende von Artikeln, die in anderen Sektoren verwendet werden - sowie Ackerland, Entwicklungsland, Forstwirtschaft, Haus und Vieh.<\/p>\n<p>Wenn Sie es sehen k\u00f6nnen, k\u00f6nnen wir es f\u00fcr Sie verkaufen.<\/p>\n<p>2. Wir f\u00fchren sowohl Live- als auch nur online reservierte und nicht reservierte \u00f6ffentliche Auktionen durch.<\/p>\n<p>Wir f\u00fchren reservierte und nicht reservierte \u00f6ffentliche Live-Auktionen mit Vor-Ort- und Online-Geboten durch. Jede Auktion von Denis A. Barrett Auctions &amp; Dabbid.com wird streng separat behandelt.<\/p>\n<p>Die meisten Auktionen, die \u00fcber Denis A. Barrett Auctions abgewickelt werden, sind &quot;On the Market&quot; -Auktionen. Dies bedeutet, dass der Artikel nur an den Meistbietenden verkauft wird, der Verk\u00e4ufer jedoch das endg\u00fcltige Ja \/ Nein-Wort zum &quot;erzielten Preis&quot; im Herbst hat des Hammers.&nbsp;<\/p>\n<p>Die meisten Auktionen, die \u00fcber Dabbid.com Auctions abgewickelt werden, sind jedoch nicht vorbehalten. Das hei\u00dft, es gibt keine Mindestgebote oder Mindestpreise, und jeder Artikel wird am Auktionstag an den H\u00f6chstbietenden verkauft.<\/p>\n<p><strong>Nicht reservierte Auktionen sind besser f\u00fcr K\u00e4ufer und Verk\u00e4ufer:<\/strong><\/p>\n<ul>\n<li>Zieht mehr Bieter an<\/li>\n<li>Schafft einen globalen fairen Marktwert<\/li>\n<li>Gibt interessierten K\u00e4ufern Vertrauen<\/li>\n<li>Schafft mehr Wettbewerb um Aktien.<\/li>\n<li>F\u00fchrt zu besseren Renditen<\/li>\n<li>Liefert Verkaufssicherheit<\/li>\n<\/ul>\n<p>3. Wir haben Technologie vor allen anderen eingesetzt.<\/p>\n<p>Denis A. Barrett Auctions und Dabbid.com verwenden seit 2004 Online-Gebotstechnologie und seit 2013 Online-Gebote f\u00fcr alle unsere reinrassigen Viehverk\u00e4ufe. - traditionell, online oder das Beste von beiden.<\/p>\n<p>4. Wir helfen Unternehmen jeder Gr\u00f6\u00dfe.<\/p>\n<p>Denis A. Barrett Auctions und Dabbid.com k\u00f6nnen Ihnen helfen, ein oder 100 St\u00fcck Aktien zu verkaufen. Wir helfen Unternehmen jeder Gr\u00f6\u00dfe und behandeln jeden Kunden gleich - vom Ein-Personen-Eigent\u00fcmer bis zum gro\u00dfen multinationalen Unternehmen.<\/p>\n<p>5. Auktionen sind f\u00fcr viele Verk\u00e4ufer die erste Wahl.<\/p>\n<p>Die meisten Kunden von Denis A. Barrett Auctions und Dabbid.com repr\u00e4sentieren fortlaufende, florierende Unternehmen - sie verkaufen auf unseren Auktionen, wenn sie dort Lagerartikel oder Flotten erneuern m\u00fcssen oder wenn sie den Schwerpunkt ihres Gesch\u00e4fts wechseln.<\/p>\n<p>6. Wir haben auf der ganzen Welt operiert.<\/p>\n<p>Denis A. Barrett Auctions und Dabbid.com Auctions, \u00fcber deren Gr\u00fcnder Denis Barrett Auktionen auf der ganzen Welt durchgef\u00fchrt hat - einschlie\u00dflich Irland und Gro\u00dfbritannien, dem europ\u00e4ischen Festland, dem Nahen Osten, China, The Philphinesndia und Kuwait. Wir f\u00fchren auch Auktionen auf Farmen vor Ort durch oder vermieten ein Grundst\u00fcck f\u00fcr Ihre Auktion.<\/p>\n<p>Sie finden nicht, was Sie wollen? Erreichen Sie direkt \u00fcber unsere&nbsp;<a href=\"https:\/\/denisbarrett.com\/de\/contact-us\/\">Kontaktiere uns<\/a>&nbsp;Seite oder Kontaktieren Sie uns vertraulich, um Ihre strategischen Anforderungen an Restrukturierung und Unternehmenswiederherstellung zu besprechen.<\/p>\n<p>Dann vereinbaren Sie einen Termin mit uns&nbsp;<a href=\"https:\/\/denisbarrett.com\/de\/contact-us\/\">Melde dich<\/a>! oder warum nicht anrufen, +353 (0) 86 410 9848<\/p>\n<p>Sie k\u00f6nnen auch \u00fcber in Kontakt bleiben&nbsp;<a href=\"https:\/\/ie.linkedin.com\/in\/denis-barrett-05675213\">LinkedIn<\/a>,&nbsp;<a href=\"https:\/\/www.facebook.com\/DabbidOnlineAuctions\/\">Facebook<\/a>&nbsp;und&nbsp;<a href=\"https:\/\/twitter.com\/dabbidauction\">Twitter<\/a>.<\/p>\n<p style=\"text-align: center;\"><a href=\"https:\/\/denisbarrett.com\/de\/further-information\/\">Zur\u00fcck zur Seite mit weiteren Informationen:<\/a><\/p>\n\n\n<p><\/p>","protected":false},"excerpt":{"rendered":"<p>Whether your company is big or small, or you have one dozer of a fleet of trucks \u2013 you can sell with Dabbid.com We\u2019ve been conducting live unreserved public auctions since 1998 and are recognised&nbsp;around the world as a leading industrial heavy plant &amp; machinery, property and livestock auctioneer \u2013 helping thousands of sellers around [&hellip;]<\/p>\n","protected":false},"author":1,"featured_media":0,"parent":0,"menu_order":0,"comment_status":"closed","ping_status":"closed","template":"","meta":{"_et_pb_use_builder":"","_et_pb_old_content":"","_et_gb_content_width":"1080","footnotes":""},"class_list":["post-565","page","type-page","status-publish","hentry"],"brizy_media":[],"_links":{"self":[{"href":"https:\/\/denisbarrett.com\/de\/wp-json\/wp\/v2\/pages\/565","targetHints":{"allow":["GET"]}}],"collection":[{"href":"https:\/\/denisbarrett.com\/de\/wp-json\/wp\/v2\/pages"}],"about":[{"href":"https:\/\/denisbarrett.com\/de\/wp-json\/wp\/v2\/types\/page"}],"author":[{"embeddable":true,"href":"https:\/\/denisbarrett.com\/de\/wp-json\/wp\/v2\/users\/1"}],"replies":[{"embeddable":true,"href":"https:\/\/denisbarrett.com\/de\/wp-json\/wp\/v2\/comments?post=565"}],"version-history":[{"count":5,"href":"https:\/\/denisbarrett.com\/de\/wp-json\/wp\/v2\/pages\/565\/revisions"}],"predecessor-version":[{"id":1714,"href":"https:\/\/denisbarrett.com\/de\/wp-json\/wp\/v2\/pages\/565\/revisions\/1714"}],"wp:attachment":[{"href":"https:\/\/denisbarrett.com\/de\/wp-json\/wp\/v2\/media?parent=565"}],"curies":[{"name":"wp","href":"https:\/\/api.w.org\/{rel}","templated":true}]}}