{"id":558,"date":"2018-11-17T18:10:11","date_gmt":"2018-11-17T18:10:11","guid":{"rendered":"https:\/\/denisbarrett.com\/?page_id=558"},"modified":"2020-12-19T20:18:15","modified_gmt":"2020-12-19T20:18:15","slug":"benefits-of-using-dabauction","status":"publish","type":"page","link":"https:\/\/denisbarrett.com\/de\/benefits-of-using-dabauction\/","title":{"rendered":"Vorteile der Verwendung von DABauction:"},"content":{"rendered":"<p>Vorteile des Verkaufens mit DABauction:<\/p>\n<p>Weltweite K\u00e4ufer: Auktionen ziehen K\u00e4ufer aus der ganzen Welt an.<\/p>\n<p>Live-Internet-Gebote:&nbsp;<a href=\"http:\/\/live.dabbid.com\/\" target=\"_blank\" rel=\"noopener noreferrer\">live.dabbid.com<\/a>&nbsp;bietet Zugriff auf eine globale Datenbank mit Tausenden von Online-Kunden. Dieser kostenlose Internet-Gebotsservice erm\u00f6glicht es K\u00e4ufern, bei jedem Verkauf auf Dabbid.com in Echtzeit mitzubieten. Im Durchschnitt machen Online-K\u00e4ufer bei jeder Auktion \u00fcber 151 TP1T Verk\u00e4ufe aus. Bei so vielen interessierten Online-Kunden k\u00f6nnen Verk\u00e4ufer darauf vertrauen, dass ihre Lagerbest\u00e4nde einen echten globalen Marktwert erzielen.<\/p>\n<p>Umfangreiche Werbung: Jede Auktion wird fachm\u00e4nnisch vermarktet und alle Lose werden dem relevanten Publikum in Fachzeitschriften und Magazinen sowie auf verschiedenen relevanten 3<sup>rd<\/sup>&nbsp;Parteien-Websites.<\/p>\n<p>Dabbid.com konzentriert sich nicht auf lokale\/nationale K\u00e4ufer. Unser umfassendes Branchenwissen stellt sicher, dass die Artikel der Verk\u00e4ufer auf den globalen M\u00e4rkten mit der h\u00f6chsten Nachfrage beworben werden. E-Mail-Benachrichtigungen an Tausende von K\u00e4ufern und alle Lagerbest\u00e4nde werden auf der Website Dabbid.com angezeigt. Dies schafft eine optimale Nachfrage nach allen angebotenen Losen.<\/p>\n<p>Fachkundige Au\u00dfendienstmitarbeiter: Die Au\u00dfendienstmitarbeiter stehen f\u00fcr die Beratung zu Sendungen zur Verf\u00fcgung, da sie die Nachfrage nach den verschiedenen Lagerarten aus erster Hand kennen und die aktuellen M\u00e4rkte leicht antizipieren k\u00f6nnen.<\/p>\n<p>Ausgezeichnete Einrichtungen: Beheizte, saubere, komfortable Einrichtungen.<\/p>\n<p>Export mit hohen Verkaufszahlen: Die internationalen K\u00e4ufer von Dabbid.com garantieren, dass nach jeder Auktion \u00fcber 151 TP1T Lose von jedem Standort exportiert werden, wodurch die Nachteile des Verkaufs nur auf lokalen M\u00e4rkten beseitigt werden.<\/p>\n<p>K\u00e4ufer, nicht Browser: Die Dabbid.com-Richtlinie ohne Vorbehalte zieht echte K\u00e4ufer an, im Gegensatz zu reservierten Auktionen, die K\u00e4ufer davon abhalten, innerhalb eines Budgets zu arbeiten.<\/p>\n<p>Wettbewerbsf\u00e4hige Preise: Dabbid.com ist bestrebt, die wettbewerbsf\u00e4higsten Verk\u00e4ufergeb\u00fchren zu haben, um es f\u00fcr Verk\u00e4ufer erschwinglich zu machen, jede Art von Lagerbestand oder Lagerbestand zu liefern. immer wieder zu versteigern.<\/p>\n<p>Logistikservice: Der Logistikservice von Dabbid.com kann eine schnelle und kosteng\u00fcnstige Abholung und den Transport direkt zum Auktionsgel\u00e4nde arrangieren.<\/p>\n<p>Reinigungs-\/Reparaturservice: Dabbid.com bietet an jedem Auktionsstandort einen Reparatur- und Aufarbeitungsservice an. Viele Verk\u00e4ufer nehmen diesen Service in Anspruch, da qualitativ hochwertige Maschinen h\u00f6here Hammerpreise erzielen k\u00f6nnen.<\/p>\n<p>Schnelle Zahlung: Dabbid.com kann Pflanzen und Lager umdrehen. schnell und mit minimalem Aufwand von Verk\u00e4ufern in Bargeld umwandeln.<\/p>\n<p>Sie finden nicht, was Sie wollen? Erreichen Sie direkt \u00fcber unsere&nbsp;<a title=\"Kontaktiere uns\" href=\"http:\/\/www.dabbid.com\/contact\/\">Kontaktiere uns<\/a>Seite oder kontaktieren Sie uns vertraulich, um Ihre strategischen Restrukturierungs- und Unternehmenssanierungsanforderungen zu besprechen. Um einen Beratungstermin mit uns zu vereinbaren, dann&nbsp;<a href=\"http:\/\/www.dabbid.com\/contact\/\">Melde dich<\/a>! oder warum nicht anrufen, +353 (0) 86 410 9848<\/p>\n<p>Verbinden Sie sich mit uns \u00fcber&nbsp;<a href=\"https:\/\/ie.linkedin.com\/in\/denis-barrett-05675213\">LinkedIn<\/a>,&nbsp;<a href=\"https:\/\/www.facebook.com\/DabbidOnlineAuctions\/\">Facebook<\/a>&nbsp;und&nbsp;<a href=\"https:\/\/twitter.com\/dabbidauction\">Twitter<\/a>.<\/p>","protected":false},"excerpt":{"rendered":"<p>Benefits of Selling with DABauction: Worldwide Buyers: Auctions attracts Buyers from around the globe. Live Internet Bidding:&nbsp;live.dabbid.com&nbsp;provides access to a global database of thousands of online customers. This Free Internet Bidding Service allows buyers to bid, in real-time, during any Dabbid.com sale. On average, online buyers account for over 15% of sales at each Auction. [&hellip;]<\/p>\n","protected":false},"author":1,"featured_media":0,"parent":0,"menu_order":0,"comment_status":"closed","ping_status":"closed","template":"","meta":{"_et_pb_use_builder":"","_et_pb_old_content":"","_et_gb_content_width":"1080","footnotes":""},"class_list":["post-558","page","type-page","status-publish","hentry"],"brizy_media":[],"_links":{"self":[{"href":"https:\/\/denisbarrett.com\/de\/wp-json\/wp\/v2\/pages\/558","targetHints":{"allow":["GET"]}}],"collection":[{"href":"https:\/\/denisbarrett.com\/de\/wp-json\/wp\/v2\/pages"}],"about":[{"href":"https:\/\/denisbarrett.com\/de\/wp-json\/wp\/v2\/types\/page"}],"author":[{"embeddable":true,"href":"https:\/\/denisbarrett.com\/de\/wp-json\/wp\/v2\/users\/1"}],"replies":[{"embeddable":true,"href":"https:\/\/denisbarrett.com\/de\/wp-json\/wp\/v2\/comments?post=558"}],"version-history":[{"count":2,"href":"https:\/\/denisbarrett.com\/de\/wp-json\/wp\/v2\/pages\/558\/revisions"}],"predecessor-version":[{"id":1430,"href":"https:\/\/denisbarrett.com\/de\/wp-json\/wp\/v2\/pages\/558\/revisions\/1430"}],"wp:attachment":[{"href":"https:\/\/denisbarrett.com\/de\/wp-json\/wp\/v2\/media?parent=558"}],"curies":[{"name":"wp","href":"https:\/\/api.w.org\/{rel}","templated":true}]}}