{"id":552,"date":"2018-11-17T18:02:59","date_gmt":"2018-11-17T18:02:59","guid":{"rendered":"https:\/\/denisbarrett.com\/?page_id=552"},"modified":"2020-12-19T20:17:25","modified_gmt":"2020-12-19T20:17:25","slug":"what-we-do","status":"publish","type":"page","link":"https:\/\/denisbarrett.com\/de\/what-we-do\/","title":{"rendered":"Was wir tun"},"content":{"rendered":"<p>Unser Auktionsprozess:<\/p>\n<p>Denis A. Barrett Auctions &amp; Dabbid.com verkauft mehr gebrauchte Lagerbest\u00e4nde als jedes andere Unternehmen, darunter Baubest\u00e4nde, landwirtschaftliche Lagerbest\u00e4nde, Maschinen und vieles mehr. Wir f\u00fchren jedes Jahr Hunderte von uneingeschr\u00e4nkten \u00f6ffentlichen Auktionen durch, bei denen schwere Aktien in Milliardenh\u00f6he f\u00fcr Privatpersonen und Unternehmen jeder Gr\u00f6\u00dfe verkauft werden; Wir betreiben auch einen sicheren Online-Marktplatz namens Dabbid.com f\u00fcr Leute, die lieber privat kaufen und verkaufen.<\/p>\n<p><img loading=\"lazy\" decoding=\"async\" class=\"size-full wp-image-1703 aligncenter\" src=\"https:\/\/denisbarrett.com\/wp-content\/uploads\/2020\/04\/Dabbid.jpg\" alt=\"\" width=\"230\" height=\"174\"><\/p>\n<p><span style=\"font-size: inherit;\">Erfahren Sie mehr \u00fcber den Verkauf Ihres <a href=\"https:\/\/denisbarrett.com\/de\/selling-process\/\">Aktie<\/a> \u00fcber Denis A. Barrett Auctions und Dabbid.com-Auktionen oder kontaktieren Sie uns, um Ihre Optionen zu besprechen.<\/span><\/p>\n<div class=\"entry-content\">\n<p><em><span style=\"color: #ff0000;\">Nur eine Notiz: <\/span><\/em><\/p>\n<p><em><span style=\"color: #ff0000;\"><span style=\"color: #000000;\">W\u00e4hrend das Unternehmen seit 2003 gegr\u00fcndet wurde, ist der Gr\u00fcnder des Unternehmens Denis Barrett seit \u00fcber 22 Jahren im Auktionsgesch\u00e4ft und hat \u00fcber 1.100 Auktionen weltweit durchgef\u00fchrt und versteht Ihr Gesch\u00e4ft. Wir haben Erfahrung im Verkauf aller Arten von Verm\u00f6genswerten\/Aktien und haben au\u00dfergew\u00f6hnlich gute Branchenbeziehungen auf der ganzen Welt, die den Unterschied ausmachen, wenn es darum geht, die gew\u00fcnschten und ben\u00f6tigten Renditen zu erzielen \u2013<\/span> Bitte interviewen Sie uns daher ausf\u00fchrlich.<\/span><\/em><\/p>\n<p><strong>Wir k\u00fcmmern uns um alles.<\/strong><\/p>\n<p>Wenn Ihr Haus neu verkabelt oder Ihre Steuern erledigt werden m\u00fcssen, wenden Sie sich an einen Fachmann \u2013 denn das spart Ihnen auf lange Sicht Zeit und Geld und bringt Ihnen das beste Ergebnis.<\/p>\n<p>Gleiches gilt f\u00fcr den Verkauf von Lagerbest\u00e4nden. Wir machen das seit \u00fcber 22 Jahren. Wir sind als Experten bekannt \u2013 und liefern Full-Service-L\u00f6sungen, die Menschen wie Ihnen helfen.<\/p>\n<p style=\"text-align: center;\">Weniger Aufwand, bessere Rendite.<\/p>\n<p>Wenn Sie Ihre Aktien verkaufen mit <span style=\"font-size: inherit;\">Denis A. Barrett Auktionen und Dabbid<\/span>.com haben Sie ein ganzes Team von Experten f\u00fcr Sie im Einsatz \u2013 Vertrieb, Marketing, Internetdienste, Kundenservice, Buchhaltung und mehr.<\/p>\n<p>Unser All-Inclusive-Service spart Ihnen Zeit und Geld, sodass Sie sich auf Ihr Gesch\u00e4ft konzentrieren k\u00f6nnen, w\u00e4hrend wir daran arbeiten, Ihnen maximale Renditen zu erwirtschaften.<\/p>\n<p>Problemloser, zeit- und geldsparender Service beinhaltet:<\/p>\n<ul>\n<li>Kostenloser sicherer Speicher<\/li>\n<li>Hochaufl\u00f6sende Fotos und detaillierte Online-Angebote<\/li>\n<li>Umfassendes Multi-Channel-Marketing in mehreren Sprachen<\/li>\n<li>Betreuung, Obhut und Kontrolle<\/li>\n<li>K\u00e4uferanfragen und Inspektionen<\/li>\n<li>Organisation und Durchf\u00fchrung der Auktion<\/li>\n<li>Nachverkaufsabrechnungen<\/li>\n<\/ul>\n<p>Jeder Kunde \u2013 egal ob er einen oder hundert Artikel verkauft \u2013 wird mit dem gleichen zuvorkommenden, professionellen Service von Leuten behandelt, die Ihre Branche und Ihr Gesch\u00e4ft verstehen.<\/p>\n<p><strong>Wie wir Ihre Aktie vermarkten.<\/strong><\/p>\n<p>Es gibt einen gro\u00dfen Unterschied zwischen einem einfachen Online-Eintrag und aktivem Marketing. Wenn Sie mit verkaufen <span style=\"font-size: inherit;\">Denis A. Barrett Auktionen und Dabbid<\/span>.com erreichen Sie jeden potenziellen K\u00e4ufer \u2013 lokal und international, online versiert und eher traditionell \u2013 und erzielen so die besten Ergebnisse.<\/p>\n<p>Wir verf\u00fcgen \u00fcber eine riesige Datenbank mit qualifizierten K\u00e4ufern, und wir zielen auf sie mit mehrsprachigem Multi-Channel-Marketing ab, einschlie\u00dflich:<\/p>\n<ul>\n<li>Detaillierte Auflistungen auf dabbid.com \u2013 unserer branchenf\u00fchrenden, mehrsprachigen Website<\/li>\n<li>Internet-Werbung<\/li>\n<li>E-Mail und Direktwerbung<\/li>\n<li>Vollfarbige Auktionsbrosch\u00fcren<\/li>\n<li>Werbung in Fachpublikationen \u2013 Print und Online<\/li>\n<li>Lokale Werbung \u2013 Zeitungen und Radio<\/li>\n<li>PR und soziale Medien<\/li>\n<\/ul>\n<p><strong>Lassen Sie Denis A. Barrett Auctions &amp; Dabbid.com die K\u00e4ufer zu Ihnen bringen<\/strong><\/p>\n<p>Wenn Sie bei Denis A. Barrett Auctions und Dabbid.com verkaufen, profitieren Sie von den Dienstleistungen einer der gr\u00f6\u00dften und erfahrensten Marketingabteilungen der Branche, die Ihre Aktien weltweit bei K\u00e4ufern pr\u00e4sentieren.<\/p>\n<p>Sie profitieren auch von allem anderen, was wir tun, um K\u00e4ufer zu gewinnen:<\/p>\n<ul>\n<li>Streng uneingeschr\u00e4nkte Auktionen<\/li>\n<li>Suchmaschinenoptimierte, mehrsprachige Website mit detaillierten Bestandsinformationen<\/li>\n<li>Erstklassige Auktionsseiten mit Lagerbestand. zum Testen und Besichtigen verf\u00fcgbar available<\/li>\n<li>Branchenf\u00fchrendes, benutzerfreundliches Online-Angebot <a href=\"https:\/\/dabbid.hibid.com\/auctions\/\" target=\"_blank\" rel=\"noopener noreferrer\">Bieterplattform<\/a><\/li>\n<li>Klarer Titel, oder wir bieten dem K\u00e4ufer eine R\u00fcckerstattung an<\/li>\n<li>Bis zu 100% Auktionsfinanzierung verf\u00fcgbar<\/li>\n<li>Finanzierung, Versand, Versicherung und andere Dienstleistungen<\/li>\n<\/ul>\n<p>Sie finden nicht, was Sie wollen? Erreichen Sie direkt \u00fcber unsere&nbsp;<a href=\"https:\/\/denisbarrett.com\/de\/contact-us\/\">Kontaktiere uns<\/a> Seite oder Kontaktieren Sie uns vertraulich, um Ihre strategischen Anforderungen an Restrukturierung und Unternehmenswiederherstellung zu besprechen.<\/p>\n<p>Dann vereinbaren Sie einen Termin mit uns <a href=\"https:\/\/denisbarrett.com\/de\/contact-us\/\">Melde dich<\/a>! oder warum nicht anrufen, +353 (0) 86 410 9848<\/p>\n<p>Sie k\u00f6nnen auch \u00fcber in Kontakt bleiben&nbsp;<a href=\"https:\/\/ie.linkedin.com\/in\/denis-barrett-05675213\">LinkedIn<\/a>,&nbsp;<a href=\"https:\/\/www.facebook.com\/DabbidOnlineAuctions\/\">Facebook<\/a>&nbsp;und&nbsp;<a href=\"https:\/\/twitter.com\/dabbidauction\">Twitter<\/a>.<\/p>\n<p style=\"text-align: center;\"><a href=\"https:\/\/denisbarrett.com\/de\/further-information\/\">Zur\u00fcck zur Seite mit weiteren Informationen:<\/a><\/p>\n<\/div>","protected":false},"excerpt":{"rendered":"<p>Our Auction Process: Denis A. Barrett Auctions &amp; Dabbid.com sells more used stock than any other company, including construction stock, farm stock, machinery and much more. We conduct hundreds of unreserved public auctions each year, selling billions of dollars of heavy stock for private individuals and companies of all sizes; we also operate a secure [&hellip;]<\/p>\n","protected":false},"author":1,"featured_media":0,"parent":0,"menu_order":0,"comment_status":"closed","ping_status":"closed","template":"","meta":{"_et_pb_use_builder":"","_et_pb_old_content":"","_et_gb_content_width":"1080","footnotes":""},"class_list":["post-552","page","type-page","status-publish","hentry"],"brizy_media":[],"_links":{"self":[{"href":"https:\/\/denisbarrett.com\/de\/wp-json\/wp\/v2\/pages\/552","targetHints":{"allow":["GET"]}}],"collection":[{"href":"https:\/\/denisbarrett.com\/de\/wp-json\/wp\/v2\/pages"}],"about":[{"href":"https:\/\/denisbarrett.com\/de\/wp-json\/wp\/v2\/types\/page"}],"author":[{"embeddable":true,"href":"https:\/\/denisbarrett.com\/de\/wp-json\/wp\/v2\/users\/1"}],"replies":[{"embeddable":true,"href":"https:\/\/denisbarrett.com\/de\/wp-json\/wp\/v2\/comments?post=552"}],"version-history":[{"count":9,"href":"https:\/\/denisbarrett.com\/de\/wp-json\/wp\/v2\/pages\/552\/revisions"}],"predecessor-version":[{"id":2964,"href":"https:\/\/denisbarrett.com\/de\/wp-json\/wp\/v2\/pages\/552\/revisions\/2964"}],"wp:attachment":[{"href":"https:\/\/denisbarrett.com\/de\/wp-json\/wp\/v2\/media?parent=552"}],"curies":[{"name":"wp","href":"https:\/\/api.w.org\/{rel}","templated":true}]}}