{"id":477,"date":"2018-02-20T08:23:34","date_gmt":"2018-02-20T08:23:34","guid":{"rendered":"https:\/\/denisbarrett.com\/?page_id=477"},"modified":"2020-12-19T20:13:30","modified_gmt":"2020-12-19T20:13:30","slug":"delicia-philanthropic-auctions","status":"publish","type":"page","link":"https:\/\/denisbarrett.com\/de\/delicia-philanthropic-auctions\/","title":{"rendered":"Philanthropisch"},"content":{"rendered":"<p>Delicia Philanthropic ist unsere Abteilung f\u00fcr Leistungsberatung und Auktion<\/p>\n\n\n\n<p>Delicia Philanthropic ist die Abteilung Benefits Consulting &amp; Auction der Denis A. Barrett Auction Group. Hier geben wir etwas zur\u00fcck, indem wir sicherstellen, dass die Organisationen, f\u00fcr die wir arbeiten, so viel Umsatz wie m\u00f6glich generieren, um sicherzustellen, dass die dortigen Bed\u00fcrfnisse und W\u00fcnsche finanziert werden.<\/p>\n\n\n\n<p>Sind Sie bereit, mehr f\u00fcr Ihren gemeinn\u00fctzigen Verein zu sammeln?&nbsp;<\/p>\n\n\n\n<p>Sehen Sie, wie Delicia Philanthropic Services Ihnen helfen kann!<\/p>\n\n\n\n<p>Wir k\u00f6nnen jederzeit Beratung und Unterst\u00fctzung anbieten, stellen jedoch fest, dass je fr\u00fcher wir involviert sind, desto gr\u00f6\u00dfer der Nutzen sein kann.<\/p>\n\n\n\n<p class=\"has-text-align-center has-background\" style=\"background-color:#d2b766\">\u00dcber:<\/p>\n\n\n\n<p>Wenn Sie ein Event abhalten, f\u00fcr das ein Auktionator erforderlich ist, k\u00f6nnen Sie manchmal mit Hilfe wohlmeinender Personen Gold schlagen. Denken Sie jedoch daran, dass Sie nur einen Schuss erhalten, Ihr Ruf auf dem Spiel steht und es sich niemals lohnt, ehrlich zu sein.<\/p>\n\n\n\n<p>Lassen Sie mich mit \u00fcber 22 Jahren Erfahrung auf diesem Gebiet die Unsicherheit und Sorge von Ihren Schultern nehmen und Sie einer erfolgreichen Auktion \u00fcberlassen. Wenn Sie jemanden brauchen, der in einem \u00fcberf\u00fcllten Raum aufsteht und (auf die sch\u00f6nste Art und Weise) Geld aus der versammelten Menge herausholt\u2026 Denis Barrett ist Ihr Mann. \u201c<\/p>\n\n\n\n<p>Denis Barrett, ein lebhafter Auktionsprofi, lebt von den Kunden und Wohlt\u00e4tigkeitsorganisationen, die er unterst\u00fctzt, dem Publikum und dem Nervenkitzel beim Sammeln von Spenden. Denis ist ein dynamischer Mann, dessen Leidenschaft es ist, das Leben in vollen Z\u00fcgen zu leben und jedem, den er trifft, positive Gef\u00fchle zu vermitteln. Sein Interesse an Spendenaktionen begann schon in jungen Jahren und bl\u00fchte w\u00e4hrend seiner beruflichen Laufbahn weiter auf.<\/p>\n\n\n\n<p>Als Absolvent des World Wide College of Auctioneering hat Denis seine Liebe zum Reden \u00fcber alles und jedes zu einem voll verwirklichten Beruf gemacht. Mit Leidenschaft f\u00fcr jeden Kunden und jede Wohlt\u00e4tigkeitsorganisation, mit der er zusammenarbeitet, bietet er un\u00fcbertroffenen Service und Wissen \u00fcber die Artikel und die Organisationen.<\/p>\n\n\n\n<p>Denis wird st\u00e4ndig als \u201elebendig\u201c und als wahrer Entertainer bezeichnet und erleuchtet die Menge mit seiner positiven Energie, seiner Genauigkeit und seiner F\u00e4higkeit, das Publikum, ob gro\u00df oder klein, voll und ganz zu besch\u00e4ftigen.&nbsp;&nbsp;<\/p>\n\n\n\n<div class=\"wp-block-group is-layout-flow wp-block-group-is-layout-flow\"><div class=\"wp-block-group__inner-container\"><\/div><\/div>\n\n\n\n<div class=\"wp-block-group\"><div class=\"wp-block-group__inner-container is-layout-flow wp-block-group-is-layout-flow\">\n<div class=\"wp-block-group\"><div class=\"wp-block-group__inner-container is-layout-flow wp-block-group-is-layout-flow\">\n<div class=\"wp-block-group\"><div class=\"wp-block-group__inner-container is-layout-flow wp-block-group-is-layout-flow\">\n<div class=\"wp-block-group has-background\" style=\"background-color:#d2b766\"><div class=\"wp-block-group__inner-container is-layout-flow wp-block-group-is-layout-flow\">\n<p class=\"has-text-align-center\">Warum?<\/p>\n\n\n\n<ul class=\"wp-block-list\"><li>Bei Delicia lieben wir, was wir tun und wir machen es gut!<\/li><li>Delicia f\u00fchrt Benefizauktionen aller Art durch - auch online.<\/li><li>Delicia macht Ihre Auktionen Spa\u00df!<\/li><li>Delicia glaubt an den Wert von Spendenauktionen.<\/li><li>Delicia ehrt Ihre Organisation und vertritt sie professionell.<\/li><li>Delicia verh\u00e4lt sich als Profis.<\/li><li>Delicia nimmt an der Weiterbildung teil.<\/li><\/ul>\n\n\n\n<p>Als professioneller Fundraising-Auktionator generiert Denis mehr Einnahmen und macht den Abend f\u00fcr Ihre G\u00e4ste angenehm und unvergesslich.<\/p>\n\n\n\n<p class=\"has-text-align-center\">Lassen Sie sich von ihm helfen, Ihre n\u00e4chste Auktion zur profitabelsten aller Zeiten zu machen!<\/p>\n<\/div><\/div>\n<\/div><\/div>\n<\/div><\/div>\n\n\n\n<div class=\"wp-block-group is-layout-flow wp-block-group-is-layout-flow\"><div class=\"wp-block-group__inner-container\"><\/div><\/div>\n<\/div><\/div>\n\n\n\n<p><\/p>\n\n\n\n<p>Benefit Auction Consulting:<\/p>\n\n\n\n<p class=\"has-text-align-center\"><em>Ihre Planung sollte Ihrem gemeinn\u00fctzigen Verein gewidmet sein.<\/em> <em>Lassen Sie sich von uns zeigen, wie wir mit dem Rest umgehen.<\/em><\/p>\n\n\n\n<p>Prozess:<\/p>\n\n\n\n<p>Wenn Sie sich fragen: &quot;Wo fangen wir an?&quot;<\/p>\n\n\n\n<p>Es ist genau hier.<\/p>\n\n\n\n<p>Die Planung einer Spendenaktion oder einer stillen Wohlt\u00e4tigkeitsauktion kann \u00fcberw\u00e4ltigend sein, und es ist einfach, sich kaum mit der Organisation zu befassen, bevor Sie das Gef\u00fchl haben, mehr zu jonglieren, als ein Tintenfisch bew\u00e4ltigen k\u00f6nnte. Klingt bekannt? Vielleicht nicht der Oktopus-Teil, sondern der Rest?<\/p>\n\n\n\n<p>Gl\u00fccklicherweise gibt es jemanden da drau\u00dfen, der Ihnen den Stress nehmen kann, eine Spendenauktion zu planen, und Sie haben ihn gefunden. Delicia ist mehr als eine Spendenauktion oder eine Planerin f\u00fcr Wohlt\u00e4tigkeitsveranstaltungen, sondern auch eine Ressource. Wir kombinieren das Beste aus Live- und Stummauktionen und der Planung von Spendenaktionen, um High-End-Veranstaltungen und eine Umgebung zu schaffen, in der Ihre G\u00e4ste jedes Jahr begeistert sind, Ihre Sache zu unterst\u00fctzen.<\/p>\n\n\n\n<p>Fundraising Auction Night<\/p>\n\n\n\n<p>Mit dem Wissen, wie Sie die G\u00e4steliste Ihrer Wohlt\u00e4tigkeitsleistungen erstellen k\u00f6nnen, schulen Sie Ihre Freiwilligen und treten Sie mit den gro\u00dfz\u00fcgigsten Spendern in Kontakt. Delicia bietet preisgekr\u00f6nte Fundraising-Auktionatoren und Assistenten, um Ihre G\u00e4ste f\u00fcr die gesamte Wohlt\u00e4tigkeitsaktion zu unterhalten. Hier k\u00f6nnten wir so etwas sagen, als w\u00fcrden wir den SPASS in das Sammeln von Spenden stecken, aber wir werden es unterlassen, weil das kitschig sein k\u00f6nnte. Stattdessen versprechen wir nur, Ihre G\u00e4ste zu bezaubern und zu unterhalten, indem wir unsere strategischen F\u00e4higkeiten einsetzen, um die Stimmung f\u00fcr die gro\u00dfz\u00fcgigsten Spenden zu schaffen.<\/p>\n\n\n\n<p>Mieten Sie Delicia f\u00fcr Ihre n\u00e4chste Auktion. Wir w\u00fcrden gerne mit Ihnen zusammenarbeiten.<\/p>\n\n\n\n<p>Beratung:<\/p>\n\n\n\n<p>Wir sind Delicia, Ihre Erstberatung ist kostenlos. Fundraising kann manchmal verwirrend oder sogar be\u00e4ngstigend wirken\u2026 muss es aber nicht sein. Kontaktieren Sie das Delicia-Team, um sich mit Ihnen zu treffen und Ihre Veranstaltung und Ihre spezifischen Bed\u00fcrfnisse zu besprechen. Sie erfahren, wie Sie mit unseren Dienstleistungen Ihre Ziele erreichen.<\/p>\n\n\n\n<p>Machen Sie es nicht alleine - nutzen Sie Delicias Erfahrung und Fachwissen. Sie sorgen f\u00fcr einen reibungslosen Ablauf Ihrer Veranstaltung und steigern Ihren Gewinn.<\/p>\n\n\n\n<p>Wenn Sie Delicia f\u00fcr die Durchf\u00fchrung Ihrer Spendenauktion beauftragen, erhalten Sie eine umfassende Beratung vor der Auktion. Unabh\u00e4ngig davon, ob es sich bei Ihrer Veranstaltung um ein neues Unterfangen oder um eine Gemeinschaftstradition handelt, arbeiten sie mit Ihnen zusammen, um das Einkommenspotenzial Ihrer Veranstaltung zu maximieren und gleichzeitig eine unterhaltsame, unterhaltsame und aufregende Veranstaltung zu gew\u00e4hrleisten.<\/p>\n\n\n\n<p>Sie k\u00f6nnen kreative L\u00f6sungen f\u00fcr die Herausforderungen erwarten, denen sich Ihr Planungsausschuss gegen\u00fcbersieht. Ihre Organisation erh\u00e4lt Anleitung von der ersten Planung bis zum Abschluss der Veranstaltung. Sie arbeiten ausschlie\u00dflich mit Vereinen, Stiftungen, Wohlt\u00e4tigkeitsorganisationen und anderen gemeinn\u00fctzigen Organisationen zusammen. Sie arbeiten mit Ihnen zusammen, um sicherzustellen, dass Ihre n\u00e4chste Auktion die erfolgreichste aller Zeiten ist!<\/p>\n\n\n\n<p>Es dauert zwischen 6 und 12 Monaten harter Arbeit und Planung, um eine erfolgreiche Leistungsauktion durchzuf\u00fchren. Ist es nicht sinnvoll, ein professionelles Benefit-Auktionsteam zu engagieren, das Sie bei der Planung der Veranstaltung und der Durchf\u00fchrung der Live-Auktion unterst\u00fctzt?<\/p>\n\n\n\n<p>Viele Organisationen arbeiten ein ganzes Jahr daran, einen magischen Abend zu gestalten. Sie erhalten fantastische Auktionsgegenst\u00e4nde, \u00fcberzeugen prominente Personen, an ihrer Veranstaltung teilzunehmen, und \u00fcbergeben den Abend dann an jemanden, der nicht f\u00fcr die Durchf\u00fchrung der Auktion qualifiziert ist.<\/p>\n\n\n\n<p>Mach diesen Fehler nicht !! Ihre Organisation - und die Kunden, denen sie dient - h\u00e4ngen vom Erfolg Ihrer Auktion ab. Warten Sie nicht bis zur letzten Minute, um das Delicia-Team zu kontaktieren! Das Timing, die Struktur und der Ablauf Ihrer Veranstaltung sind \u00e4u\u00dferst wichtig. Jedes Ereignis ist eine Gratwanderung zwischen einer \u201eParty\u201c und einer \u201eSpendenaktion\u201c. Durch das richtige Gleichgewicht k\u00f6nnen sich Ihre G\u00e4ste am\u00fcsieren, w\u00e4hrend Sie die Euro generieren, die Ihr Unternehmen ben\u00f6tigt.<\/p>\n\n\n\n<p>Beratungsbereiche:<\/p>\n\n\n\n<ul class=\"wp-block-list\"><li>Auktionsplanungskalender \/ Zeitpl\u00e4ne<\/li><li>Entwickeln Sie Ihr Thema<\/li><li>Auktionsort und wie viel Platz ben\u00f6tigen Sie f\u00fcr Ihre Veranstaltung?<\/li><li>Richtige Anzahl von Live- und Stummauktionsgegenst\u00e4nden<\/li><li>Auktionsspiele und andere umsatzsteigernde Ideen<\/li><li>Artikelakquisitionsideen - was verkauft - Akquisitionspartei - Wow-Faktor-Artikel<\/li><li>Publikumsentwicklung<\/li><li>Stille Auktion<\/li><li>Artikel<\/li><li>Anzeige<\/li><li>Platz ben\u00f6tigt<\/li><li>Richtige Schlie\u00dfzeit und Bestellung<\/li><li>Big Board<\/li><li>Raumaufbau<\/li><\/ul>\n\n\n\n<p>Zus\u00e4tzliche Dienste:<\/p>\n\n\n\n<p class=\"has-text-align-center\">&quot;LIVE FUNDRAISING AUKTIONEN SIND NICHT WIE ANDERE CHARITABLE EVENT&quot;<\/p>\n\n\n\n<p>Sie bieten einzigartige Herausforderungen, da das Ziel nicht nur darin besteht, Artikel zu verkaufen, sondern auch das Publikum f\u00fcr die Mission Ihres Unternehmens zu begeistern. Wir inspirieren das Publikum, damit es hoch und oft bietet!<\/p>\n\n\n\n<p>Die Auswahl des richtigen Teams, um Ihre G\u00e4ste zum \u00d6ffnen ihrer Scheckb\u00fccher zu motivieren, zahlt sich aus! Als professionelle Auktionatoren generieren wir mehr Einnahmen, kommunizieren Ihre Mission und machen den Abend f\u00fcr Ihre G\u00e4ste angenehmer. Unternehmen glauben, dass sie Geld sparen werden, indem sie einen Freiwilligen oder eine lokale Ber\u00fchmtheit f\u00fcr die Durchf\u00fchrung der Auktion einsetzen. Die Verwendung eines Freiwilligen anstelle eines bezahlten Auktionators scheint zwar eine kosteng\u00fcnstigere Option zu sein, Ihre Organisation verliert jedoch Einnahmen. Anf\u00e4nger lassen Geld auf dem Tisch, weil sie nicht in der Lage sind, das Gebot zu maximieren.<\/p>\n\n\n\n<p>In \u00e4hnlicher Weise bietet Delicia auch professionelle Ringm\u00e4nner (Auktionatorassistenten) an, anstatt sich auf Freiwillige zu verlassen. Professionelle Ringm\u00e4nner werden darin geschult, wie Sie Ihre G\u00e4ste w\u00e4hrend der Live-Auktion richtig unterst\u00fctzen und mit ihnen kommunizieren k\u00f6nnen. Sie sind Auktionsstimulatoren und wertvolle Mitglieder des Auktionsteams. Sie wissen, wie sie den Gast dazu verleiten k\u00f6nnen, noch ein paar Mal auf einen Gegenstand zu bieten, was das w\u00e4hrend der Live-Auktion gesammelte Geld erheblich erh\u00f6ht. Aus diesen Gr\u00fcnden sind die Beitr\u00e4ge von professionellen Ringm\u00e4nnern bei einer Benefizauktion f\u00fcr die Spendenaktion wertvoller als die freiwilligen Mitarbeiter von Bid Spottern bei Ihrer Veranstaltung.<\/p>\n\n\n\n<p>Die Mitarbeiter von Delicia sind effektive Auktionatoren und Ringm\u00e4nner. Wir verstehen das Fundraising-Umfeld besser als ein Freiwilliger oder eine Ber\u00fchmtheit. <\/p>\n\n\n\n<p>Wenn Sie Ihre Spendenaktion auf eine andere Ebene heben m\u00f6chten, sollten Sie dem Live-Event eine Online-Auktion hinzuf\u00fcgen.<\/p>\n\n\n\n<p>Online-Gebote:<\/p>\n\n\n\n<p>Vorteile des Hinzuf\u00fcgens einer Online-Auktion zu Ihrer Veranstaltung!<\/p>\n\n\n\n<p>Wenn Sie Ihrem Live-Event eine Online-Auktion hinzuf\u00fcgen, k\u00f6nnen Sie f\u00fcr das Event werben, Ihre Sponsoren ehren und Wochen vor Ihrer Gala Abwesenheitsgebote abgeben. Dies erh\u00f6ht das Bewusstsein f\u00fcr Ihre Organisation und erh\u00f6ht das Geld! Die meisten Bieter betrachten ihre Online-Auktionsk\u00e4ufe als au\u00dferhalb ihrer \u00fcblichen j\u00e4hrlichen Spenden.<\/p>\n\n\n\n<p>Online-Spendenauktionen kommen Wohlt\u00e4tigkeitsorganisationen, Bietern und Sponsoren zugute:<\/p>\n\n\n\n<p>\u2022 Gemeinn\u00fctzige Organisationen profitieren davon, dass sie ein breiteres Publikum erreichen und mehr Geld und Bewusstsein f\u00fcr Ihre Sache schaffen.<\/p>\n\n\n\n<p>\u2022 Bieter profitieren davon, dass sie Artikel nach Belieben bieten und kaufen k\u00f6nnen und gleichzeitig ihre bevorzugten Anliegen unterst\u00fctzen. Die Online-Auktion verbindet sie mit Ihrer Auktion, auch wenn sie nicht an Ihrer Party teilnehmen k\u00f6nnen!<\/p>\n\n\n\n<p>\u2022 Sponsoren profitieren von Werbung auf Ihrer Website. Eine Online-Auktion generiert viel Verkehr auf der Website und Unternehmen profitieren von der positiven Online-Pr\u00e4senz.<\/p>\n\n\n\n<p>Nur Online-Events<\/p>\n\n\n\n<p>Wenn Ihrer Organisation die Ressourcen fehlen, die sie f\u00fcr die Durchf\u00fchrung einer Galaveranstaltung ben\u00f6tigt, sollten Sie eine reine Online-Auktion in Betracht ziehen. Die Durchf\u00fchrung einer Online-Auktion mit Delicia kann ein eigenst\u00e4ndiger Spendenmechanismus sein, der K\u00e4ufer aus der ganzen Welt anzieht und ein breites Publikum \u00fcber Ihre Sache informiert.<\/p>","protected":false},"excerpt":{"rendered":"<p>Delicia Philanthropic is our Benefits Consulting &amp; Auction Division Delicia Philanthropic is the Benefits Consulting &amp; Auction Division of the Denis A. Barrett Auction Group. This is where we give back through ensuring the organisations we work for generate as much Revenue as possible to ensure fund there needs and desires. Are you ready to [&hellip;]<\/p>\n","protected":false},"author":1,"featured_media":0,"parent":0,"menu_order":0,"comment_status":"closed","ping_status":"closed","template":"","meta":{"_et_pb_use_builder":"","_et_pb_old_content":"","_et_gb_content_width":"1080","footnotes":""},"class_list":["post-477","page","type-page","status-publish","hentry"],"brizy_media":[],"_links":{"self":[{"href":"https:\/\/denisbarrett.com\/de\/wp-json\/wp\/v2\/pages\/477","targetHints":{"allow":["GET"]}}],"collection":[{"href":"https:\/\/denisbarrett.com\/de\/wp-json\/wp\/v2\/pages"}],"about":[{"href":"https:\/\/denisbarrett.com\/de\/wp-json\/wp\/v2\/types\/page"}],"author":[{"embeddable":true,"href":"https:\/\/denisbarrett.com\/de\/wp-json\/wp\/v2\/users\/1"}],"replies":[{"embeddable":true,"href":"https:\/\/denisbarrett.com\/de\/wp-json\/wp\/v2\/comments?post=477"}],"version-history":[{"count":13,"href":"https:\/\/denisbarrett.com\/de\/wp-json\/wp\/v2\/pages\/477\/revisions"}],"predecessor-version":[{"id":2962,"href":"https:\/\/denisbarrett.com\/de\/wp-json\/wp\/v2\/pages\/477\/revisions\/2962"}],"wp:attachment":[{"href":"https:\/\/denisbarrett.com\/de\/wp-json\/wp\/v2\/media?parent=477"}],"curies":[{"name":"wp","href":"https:\/\/api.w.org\/{rel}","templated":true}]}}