{"id":295,"date":"2016-11-07T10:50:31","date_gmt":"2016-11-07T10:50:31","guid":{"rendered":"https:\/\/denisbarrett.com\/?page_id=295"},"modified":"2020-12-19T20:20:55","modified_gmt":"2020-12-19T20:20:55","slug":"dabbid-com","status":"publish","type":"page","link":"https:\/\/denisbarrett.com\/de\/dabbid-com\/","title":{"rendered":"Dabbid.com"},"content":{"rendered":"<div class=\"wp-block-image\"><figure class=\"aligncenter size-large\"><img loading=\"lazy\" decoding=\"async\" width=\"1024\" height=\"224\" src=\"https:\/\/denisbarrett.com\/wp-content\/uploads\/2020\/04\/Dabbid-online-1-1024x224.png\" alt=\"new-dabbid-logo\" class=\"wp-image-1678\" srcset=\"https:\/\/denisbarrett.com\/wp-content\/uploads\/2020\/04\/Dabbid-online-1-1024x224.png 1024w, https:\/\/denisbarrett.com\/wp-content\/uploads\/2020\/04\/Dabbid-online-1-300x66.png 300w, https:\/\/denisbarrett.com\/wp-content\/uploads\/2020\/04\/Dabbid-online-1-768x168.png 768w, https:\/\/denisbarrett.com\/wp-content\/uploads\/2020\/04\/Dabbid-online-1-1536x336.png 1536w, https:\/\/denisbarrett.com\/wp-content\/uploads\/2020\/04\/Dabbid-online-1-2048x448.png 2048w, https:\/\/denisbarrett.com\/wp-content\/uploads\/2020\/04\/Dabbid-online-1-1600x350.png 1600w\" sizes=\"(max-width: 1024px) 100vw, 1024px\" \/><\/figure><\/div>\n\n\n\n<p><strong>Dabbid.com<\/strong> ist ein Handelsname der Denis A. Barrett Property Solutions &amp; Auction Marketing Group. <strong>Dabbid.com <\/strong>liefert seit unserer Er\u00f6ffnung im Jahr 2003 Ergebnisse. Unser Ziel ist es, unseren Kunden sowohl ein \u00fcberlegenes Kundenerlebnis als auch einen enormen Mehrwert zu bieten.<\/p>\n\n\n\n<p><strong>Dabbid.com&nbsp;<\/strong>ist ein Auktionshaus, das daran glaubt, Auktionen richtig zu machen. Wir verwenden eine Kombination von Marketing-Tools, um Ihnen den bestm\u00f6glichen Preis f\u00fcr Ihre Artikel zu bieten, einschlie\u00dflich Einzelhandels-, Online- und Live-Simulcast-Auktionen. <\/p>\n\n\n\n<p><strong>Dabbid.com<\/strong> Gr\u00fcnder Denis Barrett verf\u00fcgt \u00fcber mehr als 22 Jahre Erfahrung in <strong>Die Auktionsindustrie <\/strong>und hatte durchgef\u00fchrt<strong> \u00dcber 1.100 Auktionen weltweit <\/strong>und ist leidenschaftlich daran interessiert, Ihre Erwartungen zu \u00fcbertreffen.<\/p>\n\n\n\n<p>Wir sind vollst\u00e4ndig von der PSRA-Lizenznummer (Property Services Regulatory Authority) 004098 lizenziert. Wir sind vollst\u00e4ndig steuerkonform und vollst\u00e4ndig haftpflichtig und versichert.<\/p>\n\n\n\n<p class=\"has-text-align-center\"><strong><em>Rendite f\u00fcr \u00fcbersch\u00fcssige Verm\u00f6genswerte: Unser Leistungsspektrum bietet eine professionelle und effektive Methode zur Ver\u00e4u\u00dferung von Verm\u00f6genswerten und zur Realisierung von Bargeld:<\/em><\/strong><\/p>\n\n\n\n<p>Wir lieben unsere Kunden und freuen uns \u00fcber Ihr Feedback und Ihre Vorschl\u00e4ge. Kontaktieren Sie uns vertraulich, um Ihre strategischen Anforderungen in Bezug auf Restrukturierung und Unternehmenswiederherstellung zu besprechen. <\/p>\n\n\n\n<figure class=\"wp-block-image size-large\"><img loading=\"lazy\" decoding=\"async\" width=\"1024\" height=\"224\" src=\"https:\/\/denisbarrett.com\/wp-content\/uploads\/2020\/04\/Dabbid-online-1-1024x224.png\" alt=\"\" class=\"wp-image-1678\" srcset=\"https:\/\/denisbarrett.com\/wp-content\/uploads\/2020\/04\/Dabbid-online-1-1024x224.png 1024w, https:\/\/denisbarrett.com\/wp-content\/uploads\/2020\/04\/Dabbid-online-1-300x66.png 300w, https:\/\/denisbarrett.com\/wp-content\/uploads\/2020\/04\/Dabbid-online-1-768x168.png 768w, https:\/\/denisbarrett.com\/wp-content\/uploads\/2020\/04\/Dabbid-online-1-1536x336.png 1536w, https:\/\/denisbarrett.com\/wp-content\/uploads\/2020\/04\/Dabbid-online-1-2048x448.png 2048w, https:\/\/denisbarrett.com\/wp-content\/uploads\/2020\/04\/Dabbid-online-1-1600x350.png 1600w\" sizes=\"(max-width: 1024px) 100vw, 1024px\" \/><\/figure>\n\n\n\n<p class=\"has-text-align-center\"><strong>Kontaktiere uns:<\/strong><\/p>\n\n\n\n<p class=\"has-text-align-center\">Rufen Sie an: +353 (0) 86 410 9848<\/p>\n\n\n\n<p class=\"has-text-align-center\">Email:&nbsp;<a href=\"mailto:info@dabbid.com\">info@dabbid.com<\/a><\/p>\n\n\n\n<p class=\"has-text-align-center\">Sie k\u00f6nnen auch \u00fcber in Kontakt bleiben <a href=\"https:\/\/ie.linkedin.com\/in\/denis-barrett-05675213\">LinkedIn<\/a>, <a href=\"https:\/\/www.facebook.com\/DabbidOnlineAuctions\/\">Facebook<\/a> und <a href=\"https:\/\/twitter.com\/dabbidauction\">Twitter<\/a>.<\/p>\n\n\n\n<p>Lerne mehr \u00fcber <a href=\"\/de\/about-dabbid-com\/\">DABBID.com<\/a><\/p>","protected":false},"excerpt":{"rendered":"<p>Dabbid.com is a trading name of Denis A. Barrett Property Solutions &amp; Auction Marketing Group. Dabbid.com has been delivering results since we opened in 2003. Our goal is to provide both superior customer experience and tremendous value for our customers. Dabbid.com&nbsp;is an auction house that&nbsp;believes&nbsp;in doing auctions right. We use a combination of marketing tools, [&hellip;]<\/p>\n","protected":false},"author":1,"featured_media":0,"parent":0,"menu_order":3,"comment_status":"closed","ping_status":"closed","template":"","meta":{"_et_pb_use_builder":"","_et_pb_old_content":"","_et_gb_content_width":"1080","footnotes":""},"class_list":["post-295","page","type-page","status-publish","hentry"],"brizy_media":[],"_links":{"self":[{"href":"https:\/\/denisbarrett.com\/de\/wp-json\/wp\/v2\/pages\/295","targetHints":{"allow":["GET"]}}],"collection":[{"href":"https:\/\/denisbarrett.com\/de\/wp-json\/wp\/v2\/pages"}],"about":[{"href":"https:\/\/denisbarrett.com\/de\/wp-json\/wp\/v2\/types\/page"}],"author":[{"embeddable":true,"href":"https:\/\/denisbarrett.com\/de\/wp-json\/wp\/v2\/users\/1"}],"replies":[{"embeddable":true,"href":"https:\/\/denisbarrett.com\/de\/wp-json\/wp\/v2\/comments?post=295"}],"version-history":[{"count":19,"href":"https:\/\/denisbarrett.com\/de\/wp-json\/wp\/v2\/pages\/295\/revisions"}],"predecessor-version":[{"id":2967,"href":"https:\/\/denisbarrett.com\/de\/wp-json\/wp\/v2\/pages\/295\/revisions\/2967"}],"wp:attachment":[{"href":"https:\/\/denisbarrett.com\/de\/wp-json\/wp\/v2\/media?parent=295"}],"curies":[{"name":"wp","href":"https:\/\/api.w.org\/{rel}","templated":true}]}}