{"id":2565,"date":"2020-05-28T18:10:06","date_gmt":"2020-05-28T17:10:06","guid":{"rendered":"https:\/\/denisbarrett.com\/?page_id=2565"},"modified":"2020-12-25T14:07:27","modified_gmt":"2020-12-25T14:07:27","slug":"seller-information","status":"publish","type":"page","link":"https:\/\/denisbarrett.com\/de\/seller-information\/","title":{"rendered":"Angaben zum Verk\u00e4ufer"},"content":{"rendered":"<p>Wie man &quot;The DAB Livestock Auction Hub Way&quot; verkauft<\/p>\n\n\n\n<p>Der DAB Livestock Auction Hub hat einen nationalen Viehmarkt geschaffen, auf dem die Preise durch Ausschreibungen unabh\u00e4ngig von den \u00f6rtlichen Klimabedingungen oder der Nachfrage ermittelt werden. \u00dcber sein landesweites Marketing-Netzwerk kann DAB Livestock Auction Hub Verk\u00e4ufer und K\u00e4ufer in den USA bedienen.<\/p>\n\n\n\n<p>Rinder werden vertraglich f\u00fcr eine sofortige bis zuk\u00fcnftige Lieferung verkauft, je nachdem, was Ihren Bed\u00fcrfnissen und Markterwartungen entspricht. Im Gegensatz zu herk\u00f6mmlichen Vermarktungsmethoden haben Sie die M\u00f6glichkeit, Ihr Vieh \u00fcber 2.500 registrierten K\u00e4ufern auf einer Auktion anzubieten, w\u00e4hrend Sie sich noch auf Ihrem Bauernhof oder in Ihrem Betrieb befinden und in ihrer nat\u00fcrlichen Umgebung gezeigt werden.<\/p>\n\n\n\n<p>Um den Vorgang zu starten, besuchen Sie unsere&nbsp;<a href=\"https:\/\/denisbarrett.com\/de\/find-a-representative\/\">Suchen Sie eine Seite f\u00fcr Repr\u00e4sentanten<\/a> und suchen Sie nach dem Vertreter oder den Vertretern in Ihrer N\u00e4he. Oder Sie k\u00f6nnen uns anrufen und wir helfen Ihnen bei der Suche nach einem Vertreter in Ihrer N\u00e4he.<\/p>\n\n\n\n<p>Sie haben drei Optionen im Marketing durch Denis A. Barrett Auctions &amp; Pedigree Sales.<\/p>\n\n\n\n<ul class=\"wp-block-list\"><li>Unsere Stammbaum-Produktionsauktionen:<ul><li>Dies gilt f\u00fcr registrierte, nicht registrierte Milch- und Rindfleischzucht- und Ersatzbest\u00e4nde.&nbsp;<\/li><\/ul><\/li><\/ul>\n\n\n\n<ul class=\"wp-block-list\"><li>Online-Viehauktion: (OLA)<\/li><\/ul>\n\n\n\n<ul class=\"wp-block-list\"><li>Dies ist besser geeignet, um keine Rinder zu z\u00fcchten - Entw\u00f6hnungen, Gesch\u00e4fte, fette Ochsen, Schlachtk\u00fche, Entw\u00f6hnungs- und Metzgerf\u00e4rsen.<\/li><\/ul>\n\n\n\n<ul class=\"wp-block-list\"><li>Einzel- und Gruppenladungen werden akzeptiert.<\/li><\/ul>\n\n\n\n<p>Alle Informationen stammen aus zuverl\u00e4ssigen Quellen - siehe auch Richtlinien, die unsere Vertreter bei ihren Tierinspektionen anwenden.<\/p>\n\n\n\n<p>Wir importieren die Tierdaten von Animal Identification and Movements (AIM) der Irish Cattle Breeding Federation (ICBF) in die DAB Livestock Hub-Plattform.<\/p>\n\n\n\n<p>Videos werden auf der Farm aufgezeichnet und auf das DAB Livestock Hub-System hochgeladen.<\/p>\n\n\n\n<p>Best\u00e4tigte Gewichte werden unter Verwendung der Waage des Verk\u00e4ufers eingegeben, die Gewichte werden jedoch von einem Inspektor des Livestock Hub, einem Tierarzt, einem Teagasc-Berater usw. best\u00e4tigt. Wenn auf dem Bauernhof keine Waage verf\u00fcgbar ist, werden zertifizierte Gewichte in Verbindung mit lokalen Genossenschaften und anerkannten lizenzierten Spediteuren verwendet k\u00f6nnte auch verwendet werden.<\/p>\n\n\n\n<p>Gesch\u00e4tzte Gewichte werden eingegeben, es sei denn, der Verk\u00e4ufer verf\u00fcgt \u00fcber eine Waage. Wenn nur gesch\u00e4tzte Gewichte angegeben w\u00fcrden, w\u00fcrden die Gewichte \u00fcber das obige System oder \u00fcber die FRS oder \u00e4hnliches ermittelt und der Preis pro Kilo basierend auf dem tats\u00e4chlichen Gewicht ge\u00e4ndert.<\/p>\n\n\n\n<p>Die K\u00e4ufer w\u00fcrden dann die Tiere abholen oder veranlassen, dass die Tiere Tiere auf dem Bauernhof oder im Betrieb abholen. Der Livestock Hub w\u00e4re f\u00fcr die Verladung oder den Trusted Livestock Haulier anwesend. CMMS \/ AIM-Bewegungen w\u00fcrden an dieser Stelle behandelt.<\/p>\n\n\n\n<p>DAB Livestock Auction Hub veranstaltet das ganze Jahr \u00fcber Produktionsauktionen und Farm to Farm - Daily Marketplace \/ Buy Now-Verk\u00e4ufe t\u00e4glich. Die Videoauktionen werden live im Internet vom B\u00fcro und Studio des DAB Livestock Auction Hub \u00fcbertragen.<\/p>\n\n\n\n<p>Rinder werden jeden Tag der Woche und jede Woche des Jahres auf der Farm to Farm - Daily Marketplace Buy Now-Seite zum Verkauf angeboten.<\/p>\n\n\n\n<p>Wenn Sie Ihr Vieh versenden, kommt ein Vertreter des DAB Livestock Auction Hub zu Ihrer Farm oder Holding, um Ihr Vieh zu filmen und einen Sendungsvertrag zu erstellen, in dem das Vieh beschrieben und die Verkaufsbedingungen angegeben werden.<\/p>\n\n\n\n<p>Sie unterschreiben auch ein Autorisierungsformular, damit wir die Tierdaten von Animal Identification and Movements (AIM) der Irish Cattle Breeding Federation (ICBF) in die DAB Livestock Hub-Plattform importieren k\u00f6nnen. Alle relevanten Informationen werden in einem Verkaufskatalog abgedruckt, den K\u00e4ufer in gedruckter Form oder online einsehen k\u00f6nnen.&nbsp;<\/p>\n\n\n\n<p>Wenn Sie sich f\u00fcr den Verkauf einer katalogisierten Produktions-Live- und Video-Auktion entscheiden, wird der Katalog mindestens eine Woche vor der Auktion per Post oder E-Mail an potenzielle K\u00e4ufer gesendet. Es ist auch eine Woche vor der Auktion im Internet verf\u00fcgbar. Der Film wird am Verkaufstag f\u00fcr die Ausstrahlung bearbeitet und steht den K\u00e4ufern auch im Internet zur Verf\u00fcgung, um das Vieh vor der Auktion anzusehen.&nbsp;<\/p>\n\n\n\n<p>Wenn Sie sich entscheiden, auf unserer zu verkaufen <u><strong><a rel=\"noreferrer noopener\" href=\"https:\/\/livedenisbarrett.com\/\" target=\"_blank\">Plattform f\u00fcr Viehauktionen<\/a><\/strong><\/u> Der Katalog und das Video sind zwei Tage vor der Auktion im Internet oder per E-Mail verf\u00fcgbar.&nbsp;<\/p>\n\n\n\n<p>Wenn Sie Ihr Vieh auf der Farm to Farm - T\u00e4glicher Marktplatz \/ Jetzt kaufen-Seite verkaufen m\u00f6chten, stehen der Katalog und das Video den K\u00e4ufern an dem Tag im Internet zur Verf\u00fcgung, an dem Sie sie zum Verkauf anbieten.<\/p>\n\n\n\n<p>Nach dem Verkauf Ihres Viehs koordiniert der Vertreter des DAB Livestock Auction Hub die Lieferdetails zwischen Ihnen und dem K\u00e4ufer. Der Vertreter des DAB Livestock Auction Hub wird vor Ort sein, um das Sortieren und Laden der Rinder zu \u00fcberwachen.<\/p>\n\n\n\n<p>Sobald die Zahlung eingegangen ist, \u00fcberweisen wir ETF-Gelder sofort auf das Verk\u00e4uferkonto.&nbsp;<\/p>\n\n\n\n<p>Vorteile des Verkaufs von \u201eThe DAB Livestock Auction Hub Way\u201c<\/p>\n\n\n\n<ul class=\"wp-block-list\"><li>Rinder werden noch auf dem Bauernhof oder im Betrieb verkauft.<\/li><li>Rinder werden den K\u00e4ufern in ihrer nat\u00fcrlichen Umgebung gezeigt.<\/li><li>Das Vieh wird nicht zus\u00e4tzlich belastet, daher schrumpft es weniger.<\/li><li>Rinder werden \u00fcber 8.500 registrierten K\u00e4ufern pr\u00e4sentiert.<\/li><li>Verk\u00e4ufer k\u00f6nnen sich auf einem nationalen Markt einen Namen f\u00fcr ihr Vieh machen.<\/li><li>Verk\u00e4ufer k\u00f6nnen von Mehrwertprogrammen profitieren, die Pr\u00e4mien f\u00fcr ihr Vieh generieren.<\/li><li>Verk\u00e4ufer haben nicht die Kosten f\u00fcr den Transport.<\/li><li>Verk\u00e4ufer bestimmen die W\u00e4gebedingungen.<\/li><li>Verk\u00e4ufer k\u00f6nnen f\u00fcr zuk\u00fcnftige Lieferungen vertraglich verkaufen und die aktuellen Marktbedingungen nutzen.<\/li><li>Verk\u00e4ufer wenden sich direkt an den Vertreter des DAB Livestock Auction Hub.&nbsp;<\/li><li>Verk\u00e4ufer werden f\u00fcr ihr Vieh vom DAB Livestock Auction Hub \u00fcber ein Bonded Clients-Konto bezahlt.<\/li><\/ul>\n\n\n\n<p>Wir kombinieren einen traditionellen, professionellen Service mit modernster Technologie und Marketingmethoden, sodass wir Ihnen unabh\u00e4ngig von Ihren Anforderungen an das Vieh helfen k\u00f6nnen.<\/p>\n\n\n\n<p>Denis A. Barrett Auctioneers widmet sich dem Kundenservice und der Kundenzufriedenheit. Wir bieten durch unsere verschiedenen Abteilungen ein umfassendes Spektrum an Dienstleistungen an, um unsere breite Palette von Kunden zu bedienen. Wenn Sie Fragen oder Kommentare haben oder weitere Informationen zu unseren Dienstleistungen oder zu unseren Vorteilen w\u00fcnschen, wenden Sie sich bitte an uns.<\/p>\n\n\n\n<figure class=\"wp-block-image\"><img loading=\"lazy\" decoding=\"async\" width=\"1024\" height=\"134\" src=\"https:\/\/denisbarrett.com\/wp-content\/uploads\/2019\/09\/Logo-Jpeg-1024x134.jpg\" alt=\"\" class=\"wp-image-1229\"\/><\/figure>\n\n\n\n<p class=\"has-text-align-center\"><strong>Kontaktiere uns:<\/strong><\/p>\n\n\n\n<p class=\"has-text-align-center\">Rufen Sie an: +353 (0) 86 410 9848<\/p>\n\n\n\n<p class=\"has-text-align-center\">Email:&nbsp;<a href=\"mailto:info@denisbarrett.com\">info@denisbarrett.com<\/a><\/p>\n\n\n\n<p class=\"has-text-align-center\">Sie k\u00f6nnen auch \u00fcber in Kontakt bleiben&nbsp;<a rel=\"noreferrer noopener\" href=\"https:\/\/ie.linkedin.com\/in\/denis-barrett-05675213\" target=\"_blank\">LinkedIn<\/a>,&nbsp;<a rel=\"noreferrer noopener\" href=\"https:\/\/www.facebook.com\/denis.barrett\" target=\"_blank\">Facebook<\/a>&nbsp;und&nbsp;<a rel=\"noreferrer noopener\" href=\"https:\/\/twitter.com\/DenisABarrett\" target=\"_blank\">Twitter.<\/a><\/p>","protected":false},"excerpt":{"rendered":"<p>How To Sell\u2028\u201cThe DAB Livestock Auction Hub Way\u201d DAB Livestock Auction Hub has created a national livestock market where prices are discovered, through competitive bidding, without regard to local climate conditions or demand. Through its nationwide marketing network, DAB Livestock Auction Hub can serve sellers and buyers throughout the United States. Cattle are sold on [&hellip;]<\/p>\n","protected":false},"author":1,"featured_media":0,"parent":0,"menu_order":0,"comment_status":"closed","ping_status":"closed","template":"","meta":{"_et_pb_use_builder":"","_et_pb_old_content":"","_et_gb_content_width":"1080","footnotes":""},"class_list":["post-2565","page","type-page","status-publish","hentry"],"brizy_media":[],"_links":{"self":[{"href":"https:\/\/denisbarrett.com\/de\/wp-json\/wp\/v2\/pages\/2565","targetHints":{"allow":["GET"]}}],"collection":[{"href":"https:\/\/denisbarrett.com\/de\/wp-json\/wp\/v2\/pages"}],"about":[{"href":"https:\/\/denisbarrett.com\/de\/wp-json\/wp\/v2\/types\/page"}],"author":[{"embeddable":true,"href":"https:\/\/denisbarrett.com\/de\/wp-json\/wp\/v2\/users\/1"}],"replies":[{"embeddable":true,"href":"https:\/\/denisbarrett.com\/de\/wp-json\/wp\/v2\/comments?post=2565"}],"version-history":[{"count":3,"href":"https:\/\/denisbarrett.com\/de\/wp-json\/wp\/v2\/pages\/2565\/revisions"}],"predecessor-version":[{"id":3440,"href":"https:\/\/denisbarrett.com\/de\/wp-json\/wp\/v2\/pages\/2565\/revisions\/3440"}],"wp:attachment":[{"href":"https:\/\/denisbarrett.com\/de\/wp-json\/wp\/v2\/media?parent=2565"}],"curies":[{"name":"wp","href":"https:\/\/api.w.org\/{rel}","templated":true}]}}