{"id":2563,"date":"2020-05-28T18:04:34","date_gmt":"2020-05-28T17:04:34","guid":{"rendered":"https:\/\/denisbarrett.com\/?page_id=2563"},"modified":"2020-12-19T19:54:06","modified_gmt":"2020-12-19T19:54:06","slug":"buyer-information","status":"publish","type":"page","link":"https:\/\/denisbarrett.com\/de\/buyer-information\/","title":{"rendered":"K\u00e4uferinformationen"},"content":{"rendered":"<p>So kaufen Sie &quot;The DAB Livestock Auction Hub Way&quot;<\/p>\n\n\n\n<p>\u00dcber sein landesweites Marketing-Netzwerk bietet DAB Livestock Auction Hub Ladungslose und einzelne Rinder auf Auktionen und im Internet an. Von Produzenten auf der ganzen Insel Irland, Gro\u00dfbritannien und dem europ\u00e4ischen Festland bis hin zu K\u00e4ufern auf der ganzen Insel Irland, Gro\u00dfbritannien und dem europ\u00e4ischen Festland.<\/p>\n\n\n\n<p>Die Auktionen werden live mit einem Auktionator durchgef\u00fchrt, da Rinder an K\u00e4ufer verkauft werden, die auf der Auktionsseite oder im Internet bieten. K\u00e4ufer k\u00f6nnen entweder auf dem Auktionsgel\u00e4nde anwesend sein (falls zutreffend) oder die Auktion oder das Internet bequem von ihrem B\u00fcro, zu Hause oder von jedem Ort aus ansehen.<\/p>\n\n\n\n<p>Der DAB Livestock Auction Hub bietet auch t\u00e4gliche Internetlisten von Rindern zum Verkauf auf der \u201eDaily Market Place Page\u201c an.<\/p>\n\n\n\n<p>Im Gegensatz zu herk\u00f6mmlichen Vermarktungsmethoden haben K\u00e4ufer die M\u00f6glichkeit, Rinder zu sehen und zu kaufen, die in ihrer nat\u00fcrlichen Umgebung gezeigt werden. Das Vieh wird direkt von der Farm des Verk\u00e4ufers oder vom Bestand zum Bestimmungsort des K\u00e4ufers transportiert, wodurch Stress und potenzielle Gesundheitsprobleme erheblich reduziert werden.<\/p>\n\n\n\n<p>Um den Vorgang zu starten, gehen Sie zu&nbsp;<a href=\"https:\/\/livedenisbarrett.com\/register.html\">Registrieren Sie sich f\u00fcr eine K\u00e4ufernummer<\/a>&nbsp;Seite oder rufen Sie Laurelcrest House unter +353 (0) 410 9848 an und das Personal hilft Ihnen bei der Registrierung f\u00fcr eine K\u00e4ufernummer.<\/p>\n\n\n\n<p>Sie haben drei Kaufoptionen<\/p>\n\n\n\n<p><strong>&quot;Der DAB Livestock Auction Hub Way&quot;<\/strong><\/p>\n\n\n\n<ul class=\"wp-block-list\"><li>Unsere Stammbaum-Produktionsauktionen:<ul><li>Dies gilt f\u00fcr registrierte, nicht registrierte Milch- und Rindfleischzucht- und Ersatzbest\u00e4nde.&nbsp;<\/li><\/ul><\/li><\/ul>\n\n\n\n<ul class=\"wp-block-list\"><li>Online-Viehauktion: (OLA)<\/li><\/ul>\n\n\n\n<ul class=\"wp-block-list\"><li>Dies ist besser geeignet, um keine Rinder zu z\u00fcchten - Entw\u00f6hnungen, Gesch\u00e4fte, fette Ochsen, Schlachtk\u00fche, Entw\u00f6hnungs- und Metzgerf\u00e4rsen.<\/li><\/ul>\n\n\n\n<ul class=\"wp-block-list\"><li>Einzel- und Gruppenladungen werden akzeptiert.<\/li><\/ul>\n\n\n\n<p>Alle Informationen stammen aus zuverl\u00e4ssigen Quellen - siehe auch Richtlinien, die unsere Vertreter bei ihren Tierinspektionen anwenden.<\/p>\n\n\n\n<p>Wir importieren die Tierdaten von Animal Identification and Movements (AIM) der Irish Cattle Breeding Federation (ICBF) in die DAB Livestock Hub-Plattform.<\/p>\n\n\n\n<p>Videos werden auf der Farm aufgezeichnet und auf das DAB Livestock Hub-System hochgeladen.<\/p>\n\n\n\n<p>Best\u00e4tigte Gewichte werden unter Verwendung der Waage des Verk\u00e4ufers eingegeben, die Gewichte werden jedoch von einem Inspektor des Livestock Hub, einem Tierarzt, einem Teagasc-Berater usw. best\u00e4tigt. Wenn auf dem Bauernhof keine Waage verf\u00fcgbar ist, werden zertifizierte Gewichte in Verbindung mit lokalen Genossenschaften und anerkannten lizenzierten Spediteuren verwendet k\u00f6nnte auch verwendet werden.<\/p>\n\n\n\n<p>Gesch\u00e4tzte Gewichte werden eingegeben, es sei denn, der Verk\u00e4ufer verf\u00fcgt \u00fcber eine Waage. Wenn nur gesch\u00e4tzte Gewichte angegeben w\u00fcrden, w\u00fcrden die Gewichte \u00fcber das obige System oder \u00fcber die FRS oder \u00e4hnliches ermittelt und der Preis pro Kilo basierend auf dem tats\u00e4chlichen Gewicht ge\u00e4ndert.<\/p>\n\n\n\n<p>Die K\u00e4ufer w\u00fcrden dann die Tiere abholen oder veranlassen, dass die Tiere Tiere auf dem Bauernhof oder im Betrieb abholen. Der Livestock Hub w\u00e4re f\u00fcr die Verladung oder den Trusted Livestock Haulier anwesend. CMMS \/ AIM-Bewegungen w\u00fcrden an dieser Stelle behandelt.<\/p>\n\n\n\n<p>DAB Livestock Auction Hub veranstaltet das ganze Jahr \u00fcber Produktionsauktionen und Farm to Farm - Daily Marketplace \/ Buy Now-Verk\u00e4ufe t\u00e4glich. Die Videoauktionen werden live im Internet vom B\u00fcro und Studio des DAB Livestock Auction Hub \u00fcbertragen.<\/p>\n\n\n\n<p>Rinder werden jeden Tag der Woche und jede Woche des Jahres auf der Farm to Farm - Daily Marketplace Buy Now-Seite zum Verkauf angeboten.<\/p>\n\n\n\n<p>Die Videoauktionen werden live vom B\u00fcro und Studio des DAB Livestock Auction Hub neben dem internationalen Flughafen Cork \u00fcbertragen.<\/p>\n\n\n\n<p>Wenn Rinder versandt werden, geht ein Vertreter des DAB Livestock Auction Hub zur Erzeugerfarm oder zum Betrieb, um das Vieh zu filmen und einen Sendungsvertrag zu erstellen, in dem das Vieh beschrieben und die Verkaufsbedingungen angegeben werden. Dies umfasst die Beschreibung, den aktuellen Standort, das Lieferdatum, die W\u00e4gebedingungen, Impfprogramme usw. Diese Informationen werden in einem Katalog zusammengefasst, der potenziellen K\u00e4ufern zur Verf\u00fcgung gestellt wird.&nbsp;<\/p>\n\n\n\n<p><strong>Die Produktionsvideo-Auktion&nbsp;<\/strong>Der Katalog wird mindestens eine Woche vor der Auktion per Post oder E-Mail verschickt (vom K\u00e4ufer bevorzugt). Es ist eine Woche vor der Auktion im Internet verf\u00fcgbar. Das Video des Viehs ist auch im Internet verf\u00fcgbar, damit K\u00e4ufer das Vieh vor der Auktion ansehen k\u00f6nnen.<\/p>\n\n\n\n<p>Das&nbsp;<strong>Lizenzauktion<\/strong>&nbsp;Katalog und Video des Viehs sind zwei Tage vor der Auktion im Internet und per E-Mail verf\u00fcgbar.<\/p>\n\n\n\n<p>Das&nbsp;<strong>T\u00e4glicher Marktplatz \/ Jetzt kaufen Seite<\/strong>&nbsp;Katalog und Video sind an dem Tag im Internet verf\u00fcgbar, an dem die Rinder zum Verkauf angeboten werden.<\/p>\n\n\n\n<p>Nach dem Verkauf des Viehs kontaktiert ein Vertreter des DAB Livestock Auction Hub alle Parteien, um die endg\u00fcltige Gewichtung, Zahlung und Lieferung usw. zu arrangieren.<\/p>\n\n\n\n<p>Der K\u00e4ufer ist daf\u00fcr verantwortlich, Lastwagen zu mieten, um das Vieh an seinen Bestimmungsort zu bringen.&nbsp;<\/p>\n\n\n\n<p>Vorteile des Kaufens<\/p>\n\n\n\n<p>&quot;Der DAB Livestock Auction Hub Way&quot;<\/p>\n\n\n\n<ul class=\"wp-block-list\"><li>K\u00e4ufer sind einer gro\u00dfen Anzahl von Rindern ausgesetzt, ohne dass Zeit und Kosten anfallen.<\/li><li>K\u00e4ufer k\u00f6nnen landfrisches Vieh kaufen, daher weniger Stress und Gesundheitsprobleme.<\/li><li>K\u00e4ufer k\u00f6nnen die K\u00fche und Bullen sehen, aus denen die K\u00e4lber hergestellt werden.<\/li><li>Feedlots k\u00f6nnen vertraglich f\u00fcr eine sofortige oder zuk\u00fcnftige Lieferung gekauft werden, um den Platz im Stift zu nutzen.<\/li><li>Ein J\u00e4hrlingsbetrieb kann K\u00e4lber auf demselben Markt verkaufen und durch K\u00e4lber ersetzen.<\/li><li>Die W\u00e4gebedingungen sind vorbestimmt.<\/li><li>Die Liefertermine werden im Voraus festgelegt, sodass der Transport im Voraus vereinbart wird.<\/li><li>Bei jeder Lieferung ist ein Vertreter des DAB Livestock Auction Hub anwesend. Der K\u00e4ufer ist willkommen, muss aber nicht da sein, was Zeit und Kosten spart.<\/li><li>K\u00e4ufer k\u00f6nnen eine gro\u00dfe Anzahl von Rindern in \u201eMehrwert\u201c -Programmen wie Impf-, Quellen- und Alters\u00fcberpr\u00fcfungs- und WHPR-Programmen anzeigen und kaufen. \u00a0<\/li><\/ul>\n\n\n\n<p>K\u00e4uferregistrierung<\/p>\n\n\n\n<p>Verwenden Sie das unten stehende Formular \u201eOnline registrieren\u201c, um einen Antrag auszuf\u00fcllen. Ihre Annahme unserer Allgemeinen Gesch\u00e4ftsbedingungen stellt eine Online-Signatur dar und es kann eine K\u00e4ufernummer ausgestellt werden.<\/p>\n\n\n\n<p>Informieren Sie in beiden F\u00e4llen Ihr Finanzinstitut dar\u00fcber, dass Denis A. Barrett Auctions &amp; Pedigree Sale oder Hub DAB Livestock Auction Hub Livestock anrufen, um Ihre Referenz zu \u00fcberpr\u00fcfen, und autorisieren Sie vor allem Ihre Kontaktperson, Ihre Informationen an DAB Livestock Auction Hub weiterzugeben. Weitere Informationen erhalten Sie unter +353 (0) 86 410 9848.<\/p>\n\n\n\n<p><strong>Klicken Sie hier, um eine Kopie unserer \u201eAllgemeinen Gesch\u00e4ftsbedingungen\u201c zu erhalten.<\/strong><\/p>\n\n\n\n<p><a rel=\"noreferrer noopener\" href=\"https:\/\/livedenisbarrett.com\/\" target=\"_blank\"><strong>Klicken Sie hier, um sich online zu registrieren<\/strong><\/a><\/p>\n\n\n\n<p>Wir kombinieren einen traditionellen, professionellen Service mit modernster Technologie und Marketingmethoden, sodass wir Ihnen unabh\u00e4ngig von Ihren Anforderungen an das Vieh helfen k\u00f6nnen.<\/p>\n\n\n\n<p>Denis A. Barrett Auctioneers widmet sich dem Kundenservice und der Kundenzufriedenheit. Wir bieten durch unsere verschiedenen Abteilungen ein umfassendes Spektrum an Dienstleistungen an, um unsere breite Palette von Kunden zu bedienen. Wenn Sie Fragen oder Kommentare haben oder weitere Informationen zu unseren Dienstleistungen oder zu unseren Vorteilen w\u00fcnschen, wenden Sie sich bitte an uns.<\/p>\n\n\n\n<figure class=\"wp-block-image\"><img loading=\"lazy\" decoding=\"async\" width=\"1024\" height=\"134\" src=\"https:\/\/denisbarrett.com\/wp-content\/uploads\/2019\/09\/Logo-Jpeg-1024x134.jpg\" alt=\"\" class=\"wp-image-1229\"\/><\/figure>\n\n\n\n<p class=\"has-text-align-center\"><strong>Kontaktiere uns:<\/strong><\/p>\n\n\n\n<p class=\"has-text-align-center\">Rufen Sie an: +353 (0) 86 410 9848<\/p>\n\n\n\n<p class=\"has-text-align-center\">Email:&nbsp;<a href=\"mailto:info@denisbarrett.com\">info@denisbarrett.com<\/a><\/p>\n\n\n\n<p class=\"has-text-align-center\">Sie k\u00f6nnen auch \u00fcber in Kontakt bleiben&nbsp;<a rel=\"noreferrer noopener\" href=\"https:\/\/ie.linkedin.com\/in\/denis-barrett-05675213\" target=\"_blank\">LinkedIn<\/a>,&nbsp;<a rel=\"noreferrer noopener\" href=\"https:\/\/www.facebook.com\/denis.barrett\" target=\"_blank\">Facebook<\/a>&nbsp;und&nbsp;<a rel=\"noreferrer noopener\" href=\"https:\/\/twitter.com\/DenisABarrett\" target=\"_blank\">Twitter.<\/a><\/p>","protected":false},"excerpt":{"rendered":"<p>How To Buy\u2028&nbsp;\u201cThe DAB Livestock Auction Hub Way\u201d Through its nationwide marketing network, DAB Livestock Auction Hub offers load lots and individual lots of cattle at auction and on the Internet. From producers throughout the Island of Ireland, The UK and mainland Europe to buyers throughout the Island of Ireland, The UK and mainland Europe. [&hellip;]<\/p>\n","protected":false},"author":1,"featured_media":0,"parent":0,"menu_order":0,"comment_status":"closed","ping_status":"closed","template":"","meta":{"_et_pb_use_builder":"","_et_pb_old_content":"","_et_gb_content_width":"1080","footnotes":""},"class_list":["post-2563","page","type-page","status-publish","hentry"],"brizy_media":[],"_links":{"self":[{"href":"https:\/\/denisbarrett.com\/de\/wp-json\/wp\/v2\/pages\/2563","targetHints":{"allow":["GET"]}}],"collection":[{"href":"https:\/\/denisbarrett.com\/de\/wp-json\/wp\/v2\/pages"}],"about":[{"href":"https:\/\/denisbarrett.com\/de\/wp-json\/wp\/v2\/types\/page"}],"author":[{"embeddable":true,"href":"https:\/\/denisbarrett.com\/de\/wp-json\/wp\/v2\/users\/1"}],"replies":[{"embeddable":true,"href":"https:\/\/denisbarrett.com\/de\/wp-json\/wp\/v2\/comments?post=2563"}],"version-history":[{"count":2,"href":"https:\/\/denisbarrett.com\/de\/wp-json\/wp\/v2\/pages\/2563\/revisions"}],"predecessor-version":[{"id":2941,"href":"https:\/\/denisbarrett.com\/de\/wp-json\/wp\/v2\/pages\/2563\/revisions\/2941"}],"wp:attachment":[{"href":"https:\/\/denisbarrett.com\/de\/wp-json\/wp\/v2\/media?parent=2563"}],"curies":[{"name":"wp","href":"https:\/\/api.w.org\/{rel}","templated":true}]}}