{"id":235,"date":"2016-11-07T08:13:01","date_gmt":"2016-11-07T08:13:01","guid":{"rendered":"https:\/\/denisbarrett.com\/?page_id=235"},"modified":"2016-11-07T08:13:02","modified_gmt":"2016-11-07T08:13:02","slug":"faq","status":"publish","type":"page","link":"https:\/\/denisbarrett.com\/de\/faq\/","title":{"rendered":"H\u00e4ufig gestellte Fragen (FAQ)"},"content":{"rendered":"<p>Hier sollten Sie die h\u00e4ufigsten Fragen potenzieller Kunden beantworten. Es ist eine gute Idee, Dinge wie Ihre R\u00fcckgaberichtlinien, Produktgarantieinformationen, Versand und R\u00fccksendungen usw. abzudecken. Sehen Sie sich die Beispiele unten an.<\/p>\n<hr \/>\n<h3>Was ist Ihre R\u00fcckgaberichtlinie?<\/h3>\n<p>Senden Sie eines unserer Produkte ohne weitere Fragen innerhalb von 30 Tagen nach dem Kauf zur\u00fcck. Wir \u00fcbernehmen sogar den R\u00fcckversand.<\/p>\n<hr \/>\n<h3>Versenden Sie ins Ausland und an Postf\u00e4cher?<\/h3>\n<p>Ja, wir versenden Ihr Paket \u00fcberall hin, wo Lieferungen angenommen werden k\u00f6nnen.<\/p>\n<hr \/>\n<h3>Haben Sie einen Kundendienst?<\/h3>\n<p>Na sicher! Unsere freundlichen und sachkundigen Kundendienstmitarbeiter stehen Ihnen rund um die Uhr zur Verf\u00fcgung, um Ihre Fragen zu beantworten.<\/p>","protected":false},"excerpt":{"rendered":"<p>This is where you should answer the most common questions prospective customers might have. It\u2019s a good idea to cover things like your return policy, product warranty info, shipping and returns, etc. Check out the examples below. What\u2019s your return policy? Return any of our products&#8211;no questions asked&#8211;within 30 days of purchase. We even pay [&hellip;]<\/p>\n","protected":false},"author":1,"featured_media":0,"parent":0,"menu_order":0,"comment_status":"closed","ping_status":"closed","template":"","meta":{"_et_pb_use_builder":"","_et_pb_old_content":"","_et_gb_content_width":"","footnotes":""},"class_list":["post-235","page","type-page","status-publish","hentry"],"brizy_media":[],"_links":{"self":[{"href":"https:\/\/denisbarrett.com\/de\/wp-json\/wp\/v2\/pages\/235","targetHints":{"allow":["GET"]}}],"collection":[{"href":"https:\/\/denisbarrett.com\/de\/wp-json\/wp\/v2\/pages"}],"about":[{"href":"https:\/\/denisbarrett.com\/de\/wp-json\/wp\/v2\/types\/page"}],"author":[{"embeddable":true,"href":"https:\/\/denisbarrett.com\/de\/wp-json\/wp\/v2\/users\/1"}],"replies":[{"embeddable":true,"href":"https:\/\/denisbarrett.com\/de\/wp-json\/wp\/v2\/comments?post=235"}],"version-history":[{"count":1,"href":"https:\/\/denisbarrett.com\/de\/wp-json\/wp\/v2\/pages\/235\/revisions"}],"predecessor-version":[{"id":279,"href":"https:\/\/denisbarrett.com\/de\/wp-json\/wp\/v2\/pages\/235\/revisions\/279"}],"wp:attachment":[{"href":"https:\/\/denisbarrett.com\/de\/wp-json\/wp\/v2\/media?parent=235"}],"curies":[{"name":"wp","href":"https:\/\/api.w.org\/{rel}","templated":true}]}}