{"id":2078,"date":"2020-04-17T08:15:55","date_gmt":"2020-04-17T07:15:55","guid":{"rendered":"https:\/\/denisbarrett.com\/?page_id=2078"},"modified":"2021-01-04T10:51:15","modified_gmt":"2021-01-04T10:51:15","slug":"about-our-rural-professional-services-department","status":"publish","type":"page","link":"https:\/\/denisbarrett.com\/de\/about-our-rural-professional-services-department\/","title":{"rendered":"\u00dcber DAB RPS"},"content":{"rendered":"<p>Das Team von Denis A. Barrett Auctions Rural Professional verf\u00fcgt \u00fcber das Wissen und die Erfahrung, um Sie bei allen Fragen im Zusammenhang mit Ihrem l\u00e4ndlichen Eigentum zu unterst\u00fctzen.<\/p>\n\n\n\n<div class=\"wp-block-image\"><figure class=\"aligncenter size-large\"><img loading=\"lazy\" decoding=\"async\" width=\"1024\" height=\"228\" src=\"https:\/\/denisbarrett.com\/wp-content\/uploads\/2020\/04\/agri-1-1024x228-1.jpg\" alt=\"Text Box: Picture\" class=\"wp-image-2083\" srcset=\"https:\/\/denisbarrett.com\/wp-content\/uploads\/2020\/04\/agri-1-1024x228-1.jpg 1024w, https:\/\/denisbarrett.com\/wp-content\/uploads\/2020\/04\/agri-1-1024x228-1-300x67.jpg 300w, https:\/\/denisbarrett.com\/wp-content\/uploads\/2020\/04\/agri-1-1024x228-1-768x171.jpg 768w\" sizes=\"(max-width: 1024px) 100vw, 1024px\" \/><\/figure><\/div>\n\n\n\n<p>Unser Leistungsspektrum umfasst:<\/p>\n\n\n\n<p>Der Umsatz<\/p>\n\n\n\n<p>Vermietungen<\/p>\n\n\n\n<p>L\u00e4ndliches Eigentum \/ Landmanagement<\/p>\n\n\n\n<p>Wohnungsmieten<\/p>\n\n\n\n<p>Vertragslandwirtschaftsvereinbarungen<\/p>\n\n\n\n<p>Bewertungen f\u00fcr alle Arten von l\u00e4ndlichen Immobilien<\/p>\n\n\n\n<p>Planungs- und Entwicklungsfragen<\/p>\n\n\n\n<p>Erneuerbare Energien<\/p>\n\n\n\n<p>Die Abteilung f\u00fcr l\u00e4ndliche Fachkr\u00e4fte von Denis A. Barrett verf\u00fcgt \u00fcber die Erfahrung und das Fachwissen, die Sie f\u00fcr alle Fragen im Zusammenhang mit l\u00e4ndlichen Immobilien ben\u00f6tigen. Wir sind stolz darauf, einen un\u00fcbertroffenen Kundenservice zu bieten, der ein wesentlicher Bestandteil unseres beneidenswerten Rufs f\u00fcr hervorragende Leistungen ist.<\/p>\n\n\n\n<p>Unser Team von Rural Professional verf\u00fcgt \u00fcber eine nachgewiesene Erfolgsbilanz und setzt sich aus echten Experten auf ihren jeweiligen Gebieten zusammen. Jedes Mitglied unseres Teams ist hochqualifiziert darin, Ihre Bed\u00fcrfnisse zu verstehen und die besten Wege zu finden, um Ihre Ziele zu erreichen. Wir bieten einen ma\u00dfgeschneiderten und pers\u00f6nlichen Service von einer Qualit\u00e4t, die Sie sonst nirgendwo finden.<\/p>\n\n\n\n<div class=\"wp-block-columns is-layout-flex wp-container-core-columns-is-layout-9d6595d7 wp-block-columns-is-layout-flex\">\n<div class=\"wp-block-column is-layout-flow wp-block-column-is-layout-flow\">\n<p class=\"has-text-align-center has-background\" style=\"background-color:#d2b766\"><strong><a href=\"https:\/\/denisbarrett.com\/wp-admin\/post.php?post=941&amp;action=edit\">Sucheigenschaften<\/a><\/strong><\/p>\n<\/div>\n\n\n\n<div class=\"wp-block-column is-layout-flow wp-block-column-is-layout-flow\">\n<p class=\"has-text-align-center has-background\" style=\"background-color:#d2b766\"><strong><a href=\"https:\/\/denisbarrett.com\/de\/contact-us\/\">Fordern Sie eine Bewertung an<\/a><\/strong><\/p>\n<\/div>\n<\/div>\n\n\n\n<p><\/p>\n\n\n\n<p>Die Denis A. Barrett Auction Group widmet sich der l\u00e4ndlichen Gemeinschaft. Wir bieten durch unsere verschiedenen Abteilungen ein umfassendes Spektrum an Dienstleistungen an, um unsere breite Palette von Kunden zu bedienen.<\/p>\n\n\n\n<div class=\"wp-block-image\"><figure class=\"aligncenter size-large\"><img loading=\"lazy\" decoding=\"async\" width=\"1024\" height=\"134\" src=\"https:\/\/denisbarrett.com\/wp-content\/uploads\/2019\/09\/Logo-Jpeg-1024x134.jpg\" alt=\"\" class=\"wp-image-1229\"\/><\/figure><\/div>\n\n\n\n<p class=\"has-text-align-center\"><strong>Kontaktiere uns:<\/strong><\/p>\n\n\n\n<p class=\"has-text-align-center\">Rufen Sie an: +353 (0) 86 410 9848<\/p>\n\n\n\n<p class=\"has-text-align-center\">Email:&nbsp;<a href=\"mailto:info@denisbarrett.com\">info@denisbarrett.com<\/a><\/p>\n\n\n\n<p class=\"has-text-align-center\">Sie k\u00f6nnen auch \u00fcber in Kontakt bleiben&nbsp;<a rel=\"noreferrer noopener\" href=\"https:\/\/ie.linkedin.com\/in\/denis-barrett-05675213\" target=\"_blank\">LinkedIn<\/a>,&nbsp;<a rel=\"noreferrer noopener\" href=\"https:\/\/www.facebook.com\/denis.barrett\" target=\"_blank\">Facebook<\/a>&nbsp;und&nbsp;<a rel=\"noreferrer noopener\" href=\"https:\/\/twitter.com\/DenisABarrett\" target=\"_blank\">Twitter.<\/a><\/p>","protected":false},"excerpt":{"rendered":"<p>Denis A. Barrett Auctions Rural Professional team has the knowledge and experience to assist you with any and all issues relating to your rural property. Our ranges of services include: Sales Lettings Rural Property \/ Land management Residential Tenancies Contract Farming Agreements Valuations for all types of rural properties Planning &amp; development matters Renewables Denis [&hellip;]<\/p>\n","protected":false},"author":1,"featured_media":1001,"parent":0,"menu_order":0,"comment_status":"closed","ping_status":"closed","template":"","meta":{"_et_pb_use_builder":"","_et_pb_old_content":"","_et_gb_content_width":"1080","footnotes":""},"class_list":["post-2078","page","type-page","status-publish","has-post-thumbnail","hentry"],"brizy_media":[],"_links":{"self":[{"href":"https:\/\/denisbarrett.com\/de\/wp-json\/wp\/v2\/pages\/2078","targetHints":{"allow":["GET"]}}],"collection":[{"href":"https:\/\/denisbarrett.com\/de\/wp-json\/wp\/v2\/pages"}],"about":[{"href":"https:\/\/denisbarrett.com\/de\/wp-json\/wp\/v2\/types\/page"}],"author":[{"embeddable":true,"href":"https:\/\/denisbarrett.com\/de\/wp-json\/wp\/v2\/users\/1"}],"replies":[{"embeddable":true,"href":"https:\/\/denisbarrett.com\/de\/wp-json\/wp\/v2\/comments?post=2078"}],"version-history":[{"count":6,"href":"https:\/\/denisbarrett.com\/de\/wp-json\/wp\/v2\/pages\/2078\/revisions"}],"predecessor-version":[{"id":3689,"href":"https:\/\/denisbarrett.com\/de\/wp-json\/wp\/v2\/pages\/2078\/revisions\/3689"}],"wp:featuredmedia":[{"embeddable":true,"href":"https:\/\/denisbarrett.com\/de\/wp-json\/wp\/v2\/media\/1001"}],"wp:attachment":[{"href":"https:\/\/denisbarrett.com\/de\/wp-json\/wp\/v2\/media?parent=2078"}],"curies":[{"name":"wp","href":"https:\/\/api.w.org\/{rel}","templated":true}]}}