{"id":2076,"date":"2020-04-17T08:13:08","date_gmt":"2020-04-17T07:13:08","guid":{"rendered":"https:\/\/denisbarrett.com\/?page_id=2076"},"modified":"2021-01-04T10:50:34","modified_gmt":"2021-01-04T10:50:34","slug":"rural-professional-other-services","status":"publish","type":"page","link":"https:\/\/denisbarrett.com\/de\/rural-professional-other-services\/","title":{"rendered":"Andere RP-Dienste"},"content":{"rendered":"<p>Das Landmanagement ist \u00e4u\u00dferst vielf\u00e4ltig und wir glauben, dass wir, da wir seit 2003 Land in dieser Region verwalten, ein gutes Verst\u00e4ndnis daf\u00fcr haben, was erforderlich ist, um unseren Kunden zu helfen. Unser Team von Rural Professional arbeitet mit Kunden zusammen, die von privaten Landbesitzern und Landwirten bis hin zu traditionellen Kunden reichen. Wir besch\u00e4ftigen uns auch regelm\u00e4\u00dfig mit Vermieter- und Mieterfragen sowohl f\u00fcr Wohn- als auch f\u00fcr landwirtschaftliche Mietvertr\u00e4ge. Wir identifizieren Schl\u00fcsselziele; Maximierung des Jahreseinkommens, der steuerlichen Auswirkungen und des Cashflows.<\/p>\n\n\n\n<figure class=\"wp-block-image size-large\"><img loading=\"lazy\" decoding=\"async\" width=\"1024\" height=\"228\" src=\"https:\/\/denisbarrett.com\/wp-content\/uploads\/2020\/04\/agri-1-1024x228-1.jpg\" alt=\"\" class=\"wp-image-2083\" srcset=\"https:\/\/denisbarrett.com\/wp-content\/uploads\/2020\/04\/agri-1-1024x228-1.jpg 1024w, https:\/\/denisbarrett.com\/wp-content\/uploads\/2020\/04\/agri-1-1024x228-1-300x67.jpg 300w, https:\/\/denisbarrett.com\/wp-content\/uploads\/2020\/04\/agri-1-1024x228-1-768x171.jpg 768w\" sizes=\"(max-width: 1024px) 100vw, 1024px\" \/><\/figure>\n\n\n\n<p>Unabh\u00e4ngig von den Aspekten der Landbewirtschaftung, bei denen Sie Unterst\u00fctzung ben\u00f6tigen, steht Ihnen das Team von Denis A. Barrett Rural Professional zur Verf\u00fcgung, um die Verwaltung Ihrer Immobilie einfacher und rentabler zu gestalten.<\/p>\n\n\n\n<p>Wir bieten unseren Kunden regelm\u00e4\u00dfig unsere fachliche Beratung zu folgenden Themen an:<\/p>\n\n\n\n<ul class=\"wp-block-list\"><li>Mietvertragsverl\u00e4ngerungen<\/li><li>Landvermietung<\/li><li>Obligatorische Bestellung (CPO)<\/li><li>Einreichung des County Development Plan f\u00fcr Land Zoning<\/li><li>Immobilien-Syndikate zum Erwerb von Grundst\u00fccken, Farmen und Grundst\u00fccken<\/li><li>Zahlungsanspr\u00fcche f\u00fcr einzelne landwirtschaftliche Betriebe<\/li><li>Agrarunternehmen<\/li><li>Windparks<\/li><li>Mietbewertungen einschlie\u00dflich Schiedsverfahren<\/li><li>Verwaltung und t\u00e4gliche Immobilienverwaltung<\/li><li>Mieterverbindung und Streitbeilegung<\/li><li>Erhebung oder Zahlung von Miet- und Servicegeb\u00fchren<\/li><li>R\u00fcckstandsmanagement, Cashflow-Prognose und Buchhaltung<\/li><li>Ausschreibung und \u00dcberwachung von Wartungsarbeiten<\/li><\/ul>\n\n\n\n<p>Warum wir?<\/p>\n\n\n\n<p>Die Marketinggruppe Denis A. Barrett Property Solutions &amp; Auction befasst sich seit \u00fcber 20 Jahren mit Fragen der Landbewirtschaftung. Unser Team von Rural Professional verf\u00fcgt \u00fcber jahrzehntelange Erfahrung darin, g\u00fcnstige Ergebnisse f\u00fcr unsere Kunden zu erzielen. Wir arbeiten eng mit einer Reihe von Fachleuten zusammen, einschlie\u00dflich Anw\u00e4lten und Buchhaltern. Wir helfen Ihnen bei der Unterst\u00fctzung, die Sie ben\u00f6tigen.<\/p>\n\n\n\n<p class=\"has-text-align-center has-background\" style=\"background-color:#d2b766\"><strong><a href=\"https:\/\/denisbarrett.com\/de\/contact-us\/\">Fordern Sie eine Beratung an<\/a><\/strong><\/p>\n\n\n\n<p>Die Denis A. Barrett Immobilienl\u00f6sungs- und Auktionsmarketinggruppe widmet sich der l\u00e4ndlichen Gemeinschaft. Wir bieten durch unsere verschiedenen Abteilungen ein umfassendes Spektrum an Dienstleistungen an, um unsere breite Palette von Kunden zu bedienen.<\/p>\n\n\n\n<figure class=\"wp-block-image size-large\"><img loading=\"lazy\" decoding=\"async\" width=\"1024\" height=\"120\" src=\"https:\/\/denisbarrett.com\/wp-content\/uploads\/2020\/04\/DAB_GENERAL_LOGO-1-1024x120.png\" alt=\"\" class=\"wp-image-2062\" srcset=\"https:\/\/denisbarrett.com\/wp-content\/uploads\/2020\/04\/DAB_GENERAL_LOGO-1-1024x120.png 1024w, https:\/\/denisbarrett.com\/wp-content\/uploads\/2020\/04\/DAB_GENERAL_LOGO-1-300x35.png 300w, https:\/\/denisbarrett.com\/wp-content\/uploads\/2020\/04\/DAB_GENERAL_LOGO-1-768x90.png 768w, https:\/\/denisbarrett.com\/wp-content\/uploads\/2020\/04\/DAB_GENERAL_LOGO-1-1536x179.png 1536w, https:\/\/denisbarrett.com\/wp-content\/uploads\/2020\/04\/DAB_GENERAL_LOGO-1-2048x239.png 2048w\" sizes=\"(max-width: 1024px) 100vw, 1024px\" \/><\/figure>\n\n\n\n<p class=\"has-text-align-center\"><strong>Kontaktiere uns:<\/strong><\/p>\n\n\n\n<p class=\"has-text-align-center\">Rufen Sie an: +353 (0) 86 410 9848<\/p>\n\n\n\n<p class=\"has-text-align-center\">Email:&nbsp;<a href=\"mailto:info@denisbarrett.com\">info@denisbarrett.com<\/a><\/p>\n\n\n\n<p class=\"has-text-align-center\">Sie k\u00f6nnen auch \u00fcber in Kontakt bleiben&nbsp;<a rel=\"noreferrer noopener\" href=\"https:\/\/ie.linkedin.com\/in\/denis-barrett-05675213\" target=\"_blank\">LinkedIn<\/a>,&nbsp;<a rel=\"noreferrer noopener\" href=\"https:\/\/www.facebook.com\/denis.barrett\" target=\"_blank\">Facebook<\/a>&nbsp;und&nbsp;<a rel=\"noreferrer noopener\" href=\"https:\/\/twitter.com\/DenisABarrett\" target=\"_blank\">Twitter.<\/a><\/p>","protected":false},"excerpt":{"rendered":"<p>Land management is extremely varied and we believe that because we have been managing land in this region since 2003 we have a good understanding of what is needed to help our clients. Our Rural Professional team work with clients ranging from private landowners and farmers to traditional. We also regularly deal with landlord and [&hellip;]<\/p>\n","protected":false},"author":1,"featured_media":2100,"parent":0,"menu_order":0,"comment_status":"closed","ping_status":"closed","template":"","meta":{"_et_pb_use_builder":"off","_et_pb_old_content":"<!-- wp:paragraph -->\n<p>Land management is extremely varied and we believe that because we have been managing land in this region since 2003 we have a good understanding of what is needed to help our clients. Our Rural Professional team work with clients ranging from private landowners and farmers to traditional. We also regularly deal with landlord and tenant issues for both residential and agricultural tenancies. We identify key objectives; maximising annual income, tax implications and cash flow.<\/p>\n<!-- \/wp:paragraph -->\n\n<!-- wp:image {\"id\":2083,\"sizeSlug\":\"large\"} -->\n<figure class=\"wp-block-image size-large\"><img src=\"https:\/\/denisbarrett.com\/wp-content\/uploads\/2020\/04\/agri-1-1024x228-1.jpg\" alt=\"\" class=\"wp-image-2083\"\/><\/figure>\n<!-- \/wp:image -->\n\n<!-- wp:paragraph -->\n<p>Whatever aspect of land management you require assistance with, Denis A. Barrett Rural Professional team are on hand to help make managing your property easier and more profitable.<\/p>\n<!-- \/wp:paragraph -->\n\n<!-- wp:paragraph -->\n<p>We regularly offer our specialist advice to clients on issues such as:<\/p>\n<!-- \/wp:paragraph -->\n\n<!-- wp:list -->\n<ul><li>Tenancy renewals<\/li><li>Land Lettings<\/li><li>Compulsory Purchase Order (CPO<\/li><li>County Development Plan Submissions for Land Zoning<\/li><li>Property Syndicates to purchase land, farms and property<\/li><li>Single Farm Payment Entitlements<\/li><li>Agri-Businesses<\/li><li>Wind Farms<\/li><li>Rent reviews including Arbitrations<\/li><li>Management and day-to-day property administration<\/li><li>Tenant liaison and dispute resolution<\/li><li>Rent and service charge collection or payment<\/li><li>Arrears management, cash flow forecasting and accounting<\/li><li>Tender and supervision of maintenance works<\/li><\/ul>\n<!-- \/wp:list -->\n\n<!-- wp:paragraph -->\n<p>Why Us?<\/p>\n<!-- \/wp:paragraph -->\n\n<!-- wp:paragraph -->\n<p>Denis A. Barrett Property Solutions &amp; Auction Marketing Group has been dealing with issues surrounding land management for over 20 years and our Rural Professional team has decades of experience in finding favourable outcomes for our clients. We work closely with a range of professionals including solicitors and accountants meaning whatever support you need, we can help.<\/p>\n<!-- \/wp:paragraph -->\n\n<!-- wp:paragraph {\"align\":\"center\",\"style\":{\"color\":{\"background\":\"#d2b766\"}}} -->\n<p class=\"has-text-align-center has-background\" style=\"background-color:#d2b766\"><strong><a href=\"https:\/\/denisbarrett.com\/contact-us\/\">Request a Consultation<\/a><\/strong><\/p>\n<!-- \/wp:paragraph -->\n\n<!-- wp:paragraph -->\n<p>Denis A. Barrett Property Solutions &amp; Auction Marketing Group is dedicated to the Rural Community. We through our different&nbsp;divisions&nbsp;offer a full spectrum of services to&nbsp;serve&nbsp;our wide array of clients.<\/p>\n<!-- \/wp:paragraph -->\n\n<!-- wp:image {\"id\":2062,\"sizeSlug\":\"large\"} -->\n<figure class=\"wp-block-image size-large\"><img src=\"https:\/\/denisbarrett.com\/wp-content\/uploads\/2020\/04\/DAB_GENERAL_LOGO-1-1024x120.png\" alt=\"\" class=\"wp-image-2062\"\/><\/figure>\n<!-- \/wp:image -->\n\n<!-- wp:paragraph {\"align\":\"center\"} -->\n<p class=\"has-text-align-center\"><strong>Contact Us:<\/strong><\/p>\n<!-- \/wp:paragraph -->\n\n<!-- wp:paragraph {\"align\":\"center\"} -->\n<p class=\"has-text-align-center\">Call:&nbsp;&nbsp;&nbsp; +353 (0) 86 410 9848<\/p>\n<!-- \/wp:paragraph -->\n\n<!-- wp:paragraph {\"align\":\"center\"} -->\n<p class=\"has-text-align-center\">Email:&nbsp;<a href=\"mailto:info@denisbarrett.com\">info@denisbarrett.com<\/a><\/p>\n<!-- \/wp:paragraph -->\n\n<!-- wp:paragraph {\"align\":\"center\"} -->\n<p class=\"has-text-align-center\">You can also stay in touch via&nbsp;<a rel=\"noreferrer noopener\" href=\"https:\/\/ie.linkedin.com\/in\/denis-barrett-05675213\" target=\"_blank\">LinkedIn<\/a>,&nbsp;<a rel=\"noreferrer noopener\" href=\"https:\/\/www.facebook.com\/denis.barrett\" target=\"_blank\">Facebook<\/a>&nbsp;and&nbsp;<a rel=\"noreferrer noopener\" href=\"https:\/\/twitter.com\/DenisABarrett\" target=\"_blank\">Twitter.<\/a><\/p>\n<!-- \/wp:paragraph -->","_et_gb_content_width":"1080","footnotes":""},"class_list":["post-2076","page","type-page","status-publish","has-post-thumbnail","hentry"],"brizy_media":[],"_links":{"self":[{"href":"https:\/\/denisbarrett.com\/de\/wp-json\/wp\/v2\/pages\/2076","targetHints":{"allow":["GET"]}}],"collection":[{"href":"https:\/\/denisbarrett.com\/de\/wp-json\/wp\/v2\/pages"}],"about":[{"href":"https:\/\/denisbarrett.com\/de\/wp-json\/wp\/v2\/types\/page"}],"author":[{"embeddable":true,"href":"https:\/\/denisbarrett.com\/de\/wp-json\/wp\/v2\/users\/1"}],"replies":[{"embeddable":true,"href":"https:\/\/denisbarrett.com\/de\/wp-json\/wp\/v2\/comments?post=2076"}],"version-history":[{"count":8,"href":"https:\/\/denisbarrett.com\/de\/wp-json\/wp\/v2\/pages\/2076\/revisions"}],"predecessor-version":[{"id":3688,"href":"https:\/\/denisbarrett.com\/de\/wp-json\/wp\/v2\/pages\/2076\/revisions\/3688"}],"wp:featuredmedia":[{"embeddable":true,"href":"https:\/\/denisbarrett.com\/de\/wp-json\/wp\/v2\/media\/2100"}],"wp:attachment":[{"href":"https:\/\/denisbarrett.com\/de\/wp-json\/wp\/v2\/media?parent=2076"}],"curies":[{"name":"wp","href":"https:\/\/api.w.org\/{rel}","templated":true}]}}