{"id":2073,"date":"2020-04-17T08:09:34","date_gmt":"2020-04-17T07:09:34","guid":{"rendered":"https:\/\/denisbarrett.com\/?page_id=2073"},"modified":"2020-12-19T20:09:30","modified_gmt":"2020-12-19T20:09:30","slug":"rural-professional-services-valautions","status":"publish","type":"page","link":"https:\/\/denisbarrett.com\/de\/rural-professional-services-valautions\/","title":{"rendered":"Bewertungen"},"content":{"rendered":"<p>Denis A. Barrett Rural Professional ist ein Team von IPAV-registrierten Wertsch\u00e4tzern mit einem professionell g\u00fcltigen Haftpflichtversicherungsschutz. Wir bieten Bewertungs- und Bewertungsberatung f\u00fcr eine breite Palette von Mandanten in Irland, Europa und Gro\u00dfbritannien, darunter Privatpersonen, Kreditinstitute, Spezialisten f\u00fcr Unternehmenswiederherstellung und -umstrukturierung, KMU, multinationale Unternehmen und internationale Anwaltskanzleien.<\/p>\n\n\n\n<figure class=\"wp-block-image size-large\"><img loading=\"lazy\" decoding=\"async\" width=\"800\" height=\"550\" src=\"https:\/\/denisbarrett.com\/wp-content\/uploads\/2020\/04\/IMG_3862.jpg\" alt=\"\" class=\"wp-image-2228\" srcset=\"https:\/\/denisbarrett.com\/wp-content\/uploads\/2020\/04\/IMG_3862.jpg 800w, https:\/\/denisbarrett.com\/wp-content\/uploads\/2020\/04\/IMG_3862-300x206.jpg 300w, https:\/\/denisbarrett.com\/wp-content\/uploads\/2020\/04\/IMG_3862-768x528.jpg 768w\" sizes=\"(max-width: 800px) 100vw, 800px\" \/><\/figure>\n\n\n\n<p>Unser erfahrenes Team von registrierten Gutachtern arbeitet gem\u00e4\u00df den IPAV-Bewertungsstandards (Blue Book) und den International Financial Reporting Standards (IFRS). Unsere jahrzehntelange Erfahrung in unserem Team von Rural Professional basiert auf der neuesten Bewertungs- und Bewertungssoftware. Wir f\u00fchren formelle Bewertungen durch f\u00fcr;<\/p>\n\n\n\n<p>Wir bieten Bewertungen f\u00fcr eine Vielzahl von Zwecken an, einschlie\u00dflich:<\/p>\n\n\n\n<ul class=\"wp-block-list\"><li>Verkauf und Einkauf<\/li><li>Landtransfer<\/li><li>Obligatorische Bestellung (CPO)<\/li><li>Sachverst\u00e4ndiger \/ Streit \/ Ehe<\/li><li>Besteuerung<\/li><li>Ehe<\/li><li>Versicherung<\/li><li>Fusionen und \u00dcbernahmen<\/li><li>Gesicherte Kreditvergabe<\/li><li>Privatisierung \/ Denationalisierung<\/li><li>Einfuhr- \/ Ausfuhrz\u00f6lle und Steuern<\/li><li>Konzerninterner Transfer<\/li><li>Sale and Leaseback<\/li><li>Corporate Recovery \/ Insolvenz<\/li><\/ul>\n\n\n\n<p class=\"has-text-align-center has-background\" style=\"background-color:#d2b766\"><strong>Fordern Sie noch heute eine Bewertung an <\/strong><\/p>\n\n\n\n<p>Die Denis A. Barrett Immobilienl\u00f6sungs- und Auktionsmarketinggruppe widmet sich der l\u00e4ndlichen Gemeinschaft. Wir bieten durch unsere verschiedenen Abteilungen ein umfassendes Spektrum an Dienstleistungen an, um unsere breite Palette von Kunden zu bedienen.<\/p>\n\n\n\n<div class=\"wp-block-image\"><figure class=\"aligncenter size-large\"><img decoding=\"async\" src=\"https:\/\/denisbarrett.com\/wp-content\/uploads\/2020\/04\/Small-DAB_GENERAL_LOGO-copy.png\" alt=\"\" class=\"wp-image-2107\"\/><\/figure><\/div>\n\n\n\n<p class=\"has-text-align-center\"><strong>Kontaktiere uns:<\/strong><\/p>\n\n\n\n<p class=\"has-text-align-center\">Rufen Sie an: +353 (0) 86 410 9848<\/p>\n\n\n\n<p class=\"has-text-align-center\">Email:&nbsp;<a href=\"mailto:info@denisbarrett.com\">info@denisbarrett.com<\/a><\/p>\n\n\n\n<p class=\"has-text-align-center\">Sie k\u00f6nnen auch \u00fcber in Kontakt bleiben&nbsp;<a rel=\"noreferrer noopener\" href=\"https:\/\/ie.linkedin.com\/in\/denis-barrett-05675213\" target=\"_blank\">LinkedIn<\/a>,&nbsp;<a rel=\"noreferrer noopener\" href=\"https:\/\/www.facebook.com\/denis.barrett\" target=\"_blank\">Facebook<\/a>&nbsp;und&nbsp;<a rel=\"noreferrer noopener\" href=\"https:\/\/twitter.com\/DenisABarrett\" target=\"_blank\">Twitter.<\/a><\/p>","protected":false},"excerpt":{"rendered":"<p>Denis A. Barrett Rural Professional are a team of &nbsp;IPAV Registered Valuers with professional valid indemnity insurance cover. We provide valuation and appraisal advice to a wide range of clients across Ireland, Europe and the UK, to include private individuals, lending institutions, corporate recovery and restructuring specialists, SMEs, multi-national companies and International Law firms. Our [&hellip;]<\/p>\n","protected":false},"author":1,"featured_media":2084,"parent":0,"menu_order":0,"comment_status":"closed","ping_status":"closed","template":"","meta":{"_et_pb_use_builder":"","_et_pb_old_content":"","_et_gb_content_width":"1080","footnotes":""},"class_list":["post-2073","page","type-page","status-publish","has-post-thumbnail","hentry"],"brizy_media":[],"_links":{"self":[{"href":"https:\/\/denisbarrett.com\/de\/wp-json\/wp\/v2\/pages\/2073","targetHints":{"allow":["GET"]}}],"collection":[{"href":"https:\/\/denisbarrett.com\/de\/wp-json\/wp\/v2\/pages"}],"about":[{"href":"https:\/\/denisbarrett.com\/de\/wp-json\/wp\/v2\/types\/page"}],"author":[{"embeddable":true,"href":"https:\/\/denisbarrett.com\/de\/wp-json\/wp\/v2\/users\/1"}],"replies":[{"embeddable":true,"href":"https:\/\/denisbarrett.com\/de\/wp-json\/wp\/v2\/comments?post=2073"}],"version-history":[{"count":5,"href":"https:\/\/denisbarrett.com\/de\/wp-json\/wp\/v2\/pages\/2073\/revisions"}],"predecessor-version":[{"id":2956,"href":"https:\/\/denisbarrett.com\/de\/wp-json\/wp\/v2\/pages\/2073\/revisions\/2956"}],"wp:featuredmedia":[{"embeddable":true,"href":"https:\/\/denisbarrett.com\/de\/wp-json\/wp\/v2\/media\/2084"}],"wp:attachment":[{"href":"https:\/\/denisbarrett.com\/de\/wp-json\/wp\/v2\/media?parent=2073"}],"curies":[{"name":"wp","href":"https:\/\/api.w.org\/{rel}","templated":true}]}}