{"id":2035,"date":"2020-04-18T12:05:37","date_gmt":"2020-04-18T11:05:37","guid":{"rendered":"https:\/\/denisbarrett.com\/?page_id=2035"},"modified":"2021-01-04T10:56:00","modified_gmt":"2021-01-04T10:56:00","slug":"special-sales-surplus-stock-auctions","status":"publish","type":"page","link":"https:\/\/denisbarrett.com\/de\/special-sales-surplus-stock-auctions\/","title":{"rendered":"Sonder- \/ \u00dcberbest\u00e4nde"},"content":{"rendered":"<p>Denis A. Barrett Auctions sind spezialisierte Auktionatoren mit einer reichen Geschichte in der Durchf\u00fchrung von Auktionen. In fast zwei Jahrzehnten haben wir mit Menschen auf der ganzen Welt zusammengearbeitet, um ihnen zu helfen, den besten Preis f\u00fcr alles zu erzielen, von ihrem Vieh bis zu ihrem Zuhause.<\/p>\n\n\n\n<div class=\"wp-block-image\"><figure class=\"aligncenter size-large\"><img loading=\"lazy\" decoding=\"async\" width=\"230\" height=\"174\" src=\"https:\/\/denisbarrett.com\/wp-content\/uploads\/2020\/04\/Dabbid.jpg\" alt=\"\" class=\"wp-image-1703\"\/><\/figure><\/div>\n\n\n\n<p>Denis Barrett, der Gr\u00fcnder des Unternehmens, ist weltweit anerkannt und mit der Durchf\u00fchrung \u00f6ffentlicher Auktionen bei Euro Auctions in Europa und im Nahen Osten sowie bei UAI Auctioneers Inc. in Subic Bay auf den Philippinen beauftragt. Er ist Hauptauktion\u00e4r f\u00fcr KCA-Auktionen in Kuwait . Denis ist ein preisgekr\u00f6nter Hauptauktion\u00e4r, der st\u00e4ndig als \u201elebendiger Meisterauktion\u00e4r\u201c bezeichnet wird.&nbsp;<\/p>\n\n\n\n<div class=\"wp-block-image\"><figure class=\"aligncenter size-large\"><img loading=\"lazy\" decoding=\"async\" width=\"302\" height=\"202\" src=\"https:\/\/denisbarrett.com\/wp-content\/uploads\/2020\/04\/Sur-Picture1.jpg\" alt=\"\" class=\"wp-image-2047\" srcset=\"https:\/\/denisbarrett.com\/wp-content\/uploads\/2020\/04\/Sur-Picture1.jpg 302w, https:\/\/denisbarrett.com\/wp-content\/uploads\/2020\/04\/Sur-Picture1-300x201.jpg 300w\" sizes=\"(max-width: 302px) 100vw, 302px\" \/><\/figure><\/div>\n\n\n\n<p>Aufgrund unseres globalen Netzwerks und unseres guten Rufs haben wir uns als Corporate Services zum Team entwickelt, das Unternehmen dabei unterst\u00fctzt, aus \u00fcbersch\u00fcssigen Verm\u00f6genswerten Liquidit\u00e4t zu schaffen. \u00dcber diese Abteilung f\u00fchren wir jedes Jahr eine Vielzahl von Auktionen f\u00fcr \u00fcbersch\u00fcssige Aktien und kollektive Spezialanlagen durch.<\/p>\n\n\n\n<p>Wenn Sie Hilfe ben\u00f6tigen, um den Wert eines Verm\u00f6genswerts zu verstehen, verf\u00fcgen wir \u00fcber ein globales Netzwerk von Partnercoup, um die Bewertung einer Anlageklasse zu unterst\u00fctzen. <\/p>\n\n\n\n<p class=\"has-text-align-center has-background\" style=\"background-color:#d2b766\"><strong><a href=\"https:\/\/denisbarrett.com\/de\/strategic-restructuring\/\">Weitere Informationen erhalten Sie in unserer Abteilung Corporate Services<\/a><\/strong>:<\/p>\n\n\n\n<p>Die Denis A. Barrett Auction Group widmet sich dem Kundenservice und der Kundenzufriedenheit. Wir bieten in unseren verschiedenen Gesch\u00e4ftsbereichen ein umfassendes Leistungsspektrum f\u00fcr unsere breite Palette von Kunden.<\/p>\n\n\n\n<figure class=\"wp-block-image size-large\"><img decoding=\"async\" src=\"https:\/\/denisbarrett.com\/wp-content\/uploads\/2020\/04\/Small-DAB_GENERAL_LOGO-copy.png\" alt=\"\" class=\"wp-image-2107\"\/><\/figure>\n\n\n\n<p class=\"has-text-align-center\"><strong>Kontaktiere uns:<\/strong><\/p>\n\n\n\n<p class=\"has-text-align-center\">Rufen Sie an: +353 (0) 86 410 9848<\/p>\n\n\n\n<p class=\"has-text-align-center\">Email:&nbsp;<a href=\"mailto:info@denisbarrett.com\">info@denisbarrett.com<\/a><\/p>\n\n\n\n<p class=\"has-text-align-center\">Sie k\u00f6nnen auch \u00fcber in Kontakt bleiben&nbsp;<a rel=\"noreferrer noopener\" href=\"https:\/\/ie.linkedin.com\/in\/denis-barrett-05675213\" target=\"_blank\">LinkedIn<\/a>,&nbsp;<a rel=\"noreferrer noopener\" href=\"https:\/\/www.facebook.com\/denis.barrett\" target=\"_blank\">Facebook<\/a>&nbsp;und&nbsp;<a rel=\"noreferrer noopener\" href=\"https:\/\/twitter.com\/DenisABarrett\" target=\"_blank\">Twitter.<\/a><\/p>","protected":false},"excerpt":{"rendered":"<p>Denis A. Barrett Auctions are specialist auctioneers with a rich history of conducting auctions. Over almost two decades we have worked with the people all over the world to help them realize the best price for everything from their livestock to their home. Denis Barrett the company\u2019s founder is recognized as around the world and [&hellip;]<\/p>\n","protected":false},"author":1,"featured_media":2047,"parent":0,"menu_order":0,"comment_status":"closed","ping_status":"closed","template":"","meta":{"_et_pb_use_builder":"","_et_pb_old_content":"","_et_gb_content_width":"1080","footnotes":""},"class_list":["post-2035","page","type-page","status-publish","has-post-thumbnail","hentry"],"brizy_media":[],"_links":{"self":[{"href":"https:\/\/denisbarrett.com\/de\/wp-json\/wp\/v2\/pages\/2035","targetHints":{"allow":["GET"]}}],"collection":[{"href":"https:\/\/denisbarrett.com\/de\/wp-json\/wp\/v2\/pages"}],"about":[{"href":"https:\/\/denisbarrett.com\/de\/wp-json\/wp\/v2\/types\/page"}],"author":[{"embeddable":true,"href":"https:\/\/denisbarrett.com\/de\/wp-json\/wp\/v2\/users\/1"}],"replies":[{"embeddable":true,"href":"https:\/\/denisbarrett.com\/de\/wp-json\/wp\/v2\/comments?post=2035"}],"version-history":[{"count":5,"href":"https:\/\/denisbarrett.com\/de\/wp-json\/wp\/v2\/pages\/2035\/revisions"}],"predecessor-version":[{"id":3695,"href":"https:\/\/denisbarrett.com\/de\/wp-json\/wp\/v2\/pages\/2035\/revisions\/3695"}],"wp:featuredmedia":[{"embeddable":true,"href":"https:\/\/denisbarrett.com\/de\/wp-json\/wp\/v2\/media\/2047"}],"wp:attachment":[{"href":"https:\/\/denisbarrett.com\/de\/wp-json\/wp\/v2\/media?parent=2035"}],"curies":[{"name":"wp","href":"https:\/\/api.w.org\/{rel}","templated":true}]}}